{"id":1798,"date":"2026-02-28T13:55:57","date_gmt":"2026-02-28T11:55:57","guid":{"rendered":"https:\/\/www.transtoyou.com\/et\/product\/oestrogel\/"},"modified":"2026-02-28T13:56:32","modified_gmt":"2026-02-28T11:56:32","slug":"oestrogel","status":"publish","type":"product","link":"https:\/\/www.transtoyou.com\/et\/product\/oestrogel\/","title":{"rendered":"Oestrogel"},"content":{"rendered":"<p>Oestrogel on transdermaalne geel, mis toimetab estradiooli l\u00e4bi naha, et taastada \u00f6strogeeni tasemed kehas. Seda kasutatakse hormoonasendusravis inimestele, kes kogevad menopausiga seotud s\u00fcmptomeid, ja seda saab kasutada ka feminiseeriva hormoonravi kontekstis transnaiste jaoks.<\/p>\n<p>Menopausi ajal v\u00f5ib \u00f6strogeeni langus p\u00f5hjustada s\u00fcmptomeid nagu kuumahood, \u00f6ised higistamised, uneprobleemid ja tupekuivus. Oestrogel aitab leevendada neid s\u00fcmptomeid, taastades estradiooli tasemed l\u00e4bi naha, v\u00e4ltides seedes\u00fcsteemi ja pakkudes mitte-oraalset raviv\u00f5imalust. Geeli kantakse tavaliselt \u00fcks kord p\u00e4evas puhtale, kuivale nahale k\u00e4sivartel v\u00f5i reitel.<\/p>\n<p>Soolise kinnitamise hoolduses pakub Oestrogel j\u00e4rkj\u00e4rgulist ja kontrollitud estradiooli vabanemist, mis toetab f\u00fc\u00fcsilisi muutusi, nagu rinna areng, pehmem nahk ja rasva jaotumine transnaiste seas. Selle kasutusmugavus ja reguleeritav annustamine muudavad selle sobivaks valikuks neile, kes otsivad paindlikkust oma feminiseerivas ravire\u017eiimis.<\/p>\n<p>Geel kuivab kiiresti, ei j\u00e4ta j\u00e4\u00e4ke ja v\u00f5imaldab annustamist kohandada vastavalt individuaalsetele vajadustele. Olgu see menopausi s\u00fcmptomite leevendamiseks v\u00f5i osana soolise \u00fclemineku plaanist, pakub Oestrogel mugavat ja j\u00e4rjepidevat hormoonide manustamise meetodit, mis integreerub h\u00f5lpsasti igap\u00e4evastesse rutiinidesse.<\/p>\n","protected":false},"excerpt":{"rendered":"<ul>\n<li>Transdermaalne \u00f6stroge geeli<\/li>\n<li>Kasutatakse menopausi ja \u00fclemineku ajal<\/li>\n<li>Isikup\u00e4rastatav p\u00e4evane annus<\/li>\n<\/ul>\n","protected":false},"featured_media":1802,"comment_status":"open","ping_status":"closed","template":"","meta":[],"product_brand":[],"product_cat":[156,133],"product_tag":[],"expert":[16],"class_list":{"0":"post-1798","1":"product","2":"type-product","3":"status-publish","4":"has-post-thumbnail","6":"product_cat-hormoonasendusravi-hrt","7":"product_cat-ostrogeen-ja-feminiinne-teraapia","8":"expert-dr-c-alexandru","10":"first","11":"instock","12":"shipping-taxable","13":"product-type-variable"},"yoast_head":"<!-- This site is optimized with the Yoast SEO plugin v27.0 - https:\/\/yoast.com\/product\/yoast-seo-wordpress\/ -->\n<title>Oestrogel | Hormonaalne Tasakaalu Tugi - Transtoyou<\/title>\n<meta name=\"description\" content=\"Avasta Oestrogel Transtoyou&#039;s, mis pakub eksklusiivset ligip\u00e4\u00e4su sinu hormoonravi vajadustele. Kindlusta oma ost t\u00e4na t\u00f5husate tulemuste ja mugavuse nimel.\" \/>\n<meta name=\"robots\" content=\"noindex, follow, max-snippet:-1, max-image-preview:large, max-video-preview:-1\" \/>\n<meta property=\"og:locale\" content=\"et_EE\" \/>\n<meta property=\"og:type\" content=\"article\" \/>\n<meta property=\"og:title\" content=\"Oestrogel | Hormonaalne Tasakaalu Tugi - Transtoyou\" \/>\n<meta property=\"og:description\" content=\"Avasta Oestrogel Transtoyou&#039;s, mis pakub eksklusiivset ligip\u00e4\u00e4su sinu hormoonravi vajadustele. Kindlusta oma ost t\u00e4na t\u00f5husate tulemuste ja mugavuse nimel.\" \/>\n<meta property=\"og:url\" content=\"https:\/\/www.transtoyou.com\/et\/product\/oestrogel\/\" \/>\n<meta property=\"og:site_name\" content=\"Transtoyou - ET\" \/>\n<meta property=\"article:modified_time\" content=\"2026-02-28T11:56:32+00:00\" \/>\n<meta name=\"twitter:card\" content=\"summary_large_image\" \/>\n<meta name=\"twitter:label1\" content=\"Est. reading time\" \/>\n\t<meta name=\"twitter:data1\" content=\"1 minut\" \/>\n<script type=\"application\/ld+json\" class=\"yoast-schema-graph\">{\"@context\":\"https:\/\/schema.org\",\"@graph\":[{\"@type\":\"WebPage\",\"@id\":\"https:\/\/www.transtoyou.com\/et\/product\/oestrogel\/\",\"url\":\"https:\/\/www.transtoyou.com\/et\/product\/oestrogel\/\",\"name\":\"Oestrogel | Hormonaalne Tasakaalu Tugi - Transtoyou\",\"isPartOf\":{\"@id\":\"https:\/\/www.transtoyou.com\/et\/#website\"},\"primaryImageOfPage\":{\"@id\":\"https:\/\/www.transtoyou.com\/et\/product\/oestrogel\/#primaryimage\"},\"image\":{\"@id\":\"https:\/\/www.transtoyou.com\/et\/product\/oestrogel\/#primaryimage\"},\"thumbnailUrl\":\"https:\/\/www.transtoyou.com\/et\/wp-content\/uploads\/sites\/7\/2026\/02\/tty-no-product-image-17.webp\",\"datePublished\":\"2026-02-28T11:55:57+00:00\",\"dateModified\":\"2026-02-28T11:56:32+00:00\",\"description\":\"Avasta Oestrogel Transtoyou's, mis pakub eksklusiivset ligip\u00e4\u00e4su sinu hormoonravi vajadustele. Kindlusta oma ost t\u00e4na t\u00f5husate tulemuste ja mugavuse nimel.\",\"breadcrumb\":{\"@id\":\"https:\/\/www.transtoyou.com\/et\/product\/oestrogel\/#breadcrumb\"},\"inLanguage\":\"et\",\"potentialAction\":[{\"@type\":\"ReadAction\",\"target\":[\"https:\/\/www.transtoyou.com\/et\/product\/oestrogel\/\"]}]},{\"@type\":\"ImageObject\",\"inLanguage\":\"et\",\"@id\":\"https:\/\/www.transtoyou.com\/et\/product\/oestrogel\/#primaryimage\",\"url\":\"https:\/\/www.transtoyou.com\/et\/wp-content\/uploads\/sites\/7\/2026\/02\/tty-no-product-image-17.webp\",\"contentUrl\":\"https:\/\/www.transtoyou.com\/et\/wp-content\/uploads\/sites\/7\/2026\/02\/tty-no-product-image-17.webp\",\"width\":1000,\"height\":1000,\"caption\":\"Vaikimisi toote pilt\"},{\"@type\":\"WebSite\",\"@id\":\"https:\/\/www.transtoyou.com\/et\/#website\",\"url\":\"https:\/\/www.transtoyou.com\/et\/\",\"name\":\"Transtoyou - ET\",\"description\":\"\",\"publisher\":{\"@id\":\"https:\/\/www.transtoyou.com\/et\/#organization\"},\"potentialAction\":[{\"@type\":\"SearchAction\",\"target\":{\"@type\":\"EntryPoint\",\"urlTemplate\":\"https:\/\/www.transtoyou.com\/et\/?s={search_term_string}\"},\"query-input\":{\"@type\":\"PropertyValueSpecification\",\"valueRequired\":true,\"valueName\":\"search_term_string\"}}],\"inLanguage\":\"et\"},{\"@type\":\"Organization\",\"@id\":\"https:\/\/www.transtoyou.com\/et\/#organization\",\"name\":\"Transtoyou - ET\",\"url\":\"https:\/\/www.transtoyou.com\/et\/\",\"logo\":{\"@type\":\"ImageObject\",\"inLanguage\":\"et\",\"@id\":\"https:\/\/www.transtoyou.com\/et\/#\/schema\/logo\/image\/\",\"url\":\"https:\/\/www.transtoyou.com\/et\/wp-content\/uploads\/sites\/7\/2026\/01\/logo-tty-menu-bar-300x87-1.webp\",\"contentUrl\":\"https:\/\/www.transtoyou.com\/et\/wp-content\/uploads\/sites\/7\/2026\/01\/logo-tty-menu-bar-300x87-1.webp\",\"width\":300,\"height\":87,\"caption\":\"Transtoyou - ET\"},\"image\":{\"@id\":\"https:\/\/www.transtoyou.com\/et\/#\/schema\/logo\/image\/\"}}]}<\/script>\n<!-- \/ Yoast SEO plugin. -->","yoast_head_json":{"title":"Oestrogel | Hormonaalne Tasakaalu Tugi - Transtoyou","description":"Avasta Oestrogel Transtoyou's, mis pakub eksklusiivset ligip\u00e4\u00e4su sinu hormoonravi vajadustele. Kindlusta oma ost t\u00e4na t\u00f5husate tulemuste ja mugavuse nimel.","robots":{"index":"noindex","follow":"follow","max-snippet":"max-snippet:-1","max-image-preview":"max-image-preview:large","max-video-preview":"max-video-preview:-1"},"og_locale":"et_EE","og_type":"article","og_title":"Oestrogel | Hormonaalne Tasakaalu Tugi - Transtoyou","og_description":"Avasta Oestrogel Transtoyou's, mis pakub eksklusiivset ligip\u00e4\u00e4su sinu hormoonravi vajadustele. Kindlusta oma ost t\u00e4na t\u00f5husate tulemuste ja mugavuse nimel.","og_url":"https:\/\/www.transtoyou.com\/et\/product\/oestrogel\/","og_site_name":"Transtoyou - ET","article_modified_time":"2026-02-28T11:56:32+00:00","twitter_card":"summary_large_image","twitter_misc":{"Est. reading time":"1 minut"},"schema":{"@context":"https:\/\/schema.org","@graph":[{"@type":"WebPage","@id":"https:\/\/www.transtoyou.com\/et\/product\/oestrogel\/","url":"https:\/\/www.transtoyou.com\/et\/product\/oestrogel\/","name":"Oestrogel | Hormonaalne Tasakaalu Tugi - Transtoyou","isPartOf":{"@id":"https:\/\/www.transtoyou.com\/et\/#website"},"primaryImageOfPage":{"@id":"https:\/\/www.transtoyou.com\/et\/product\/oestrogel\/#primaryimage"},"image":{"@id":"https:\/\/www.transtoyou.com\/et\/product\/oestrogel\/#primaryimage"},"thumbnailUrl":"https:\/\/www.transtoyou.com\/et\/wp-content\/uploads\/sites\/7\/2026\/02\/tty-no-product-image-17.webp","datePublished":"2026-02-28T11:55:57+00:00","dateModified":"2026-02-28T11:56:32+00:00","description":"Avasta Oestrogel Transtoyou's, mis pakub eksklusiivset ligip\u00e4\u00e4su sinu hormoonravi vajadustele. Kindlusta oma ost t\u00e4na t\u00f5husate tulemuste ja mugavuse nimel.","breadcrumb":{"@id":"https:\/\/www.transtoyou.com\/et\/product\/oestrogel\/#breadcrumb"},"inLanguage":"et","potentialAction":[{"@type":"ReadAction","target":["https:\/\/www.transtoyou.com\/et\/product\/oestrogel\/"]}]},{"@type":"ImageObject","inLanguage":"et","@id":"https:\/\/www.transtoyou.com\/et\/product\/oestrogel\/#primaryimage","url":"https:\/\/www.transtoyou.com\/et\/wp-content\/uploads\/sites\/7\/2026\/02\/tty-no-product-image-17.webp","contentUrl":"https:\/\/www.transtoyou.com\/et\/wp-content\/uploads\/sites\/7\/2026\/02\/tty-no-product-image-17.webp","width":1000,"height":1000,"caption":"Vaikimisi toote pilt"},{"@type":"WebSite","@id":"https:\/\/www.transtoyou.com\/et\/#website","url":"https:\/\/www.transtoyou.com\/et\/","name":"Transtoyou - ET","description":"","publisher":{"@id":"https:\/\/www.transtoyou.com\/et\/#organization"},"potentialAction":[{"@type":"SearchAction","target":{"@type":"EntryPoint","urlTemplate":"https:\/\/www.transtoyou.com\/et\/?s={search_term_string}"},"query-input":{"@type":"PropertyValueSpecification","valueRequired":true,"valueName":"search_term_string"}}],"inLanguage":"et"},{"@type":"Organization","@id":"https:\/\/www.transtoyou.com\/et\/#organization","name":"Transtoyou - ET","url":"https:\/\/www.transtoyou.com\/et\/","logo":{"@type":"ImageObject","inLanguage":"et","@id":"https:\/\/www.transtoyou.com\/et\/#\/schema\/logo\/image\/","url":"https:\/\/www.transtoyou.com\/et\/wp-content\/uploads\/sites\/7\/2026\/01\/logo-tty-menu-bar-300x87-1.webp","contentUrl":"https:\/\/www.transtoyou.com\/et\/wp-content\/uploads\/sites\/7\/2026\/01\/logo-tty-menu-bar-300x87-1.webp","width":300,"height":87,"caption":"Transtoyou - ET"},"image":{"@id":"https:\/\/www.transtoyou.com\/et\/#\/schema\/logo\/image\/"}}]}},"_links":{"self":[{"href":"https:\/\/www.transtoyou.com\/et\/wp-json\/wp\/v2\/product\/1798","targetHints":{"allow":["GET"]}}],"collection":[{"href":"https:\/\/www.transtoyou.com\/et\/wp-json\/wp\/v2\/product"}],"about":[{"href":"https:\/\/www.transtoyou.com\/et\/wp-json\/wp\/v2\/types\/product"}],"replies":[{"embeddable":true,"href":"https:\/\/www.transtoyou.com\/et\/wp-json\/wp\/v2\/comments?post=1798"}],"wp:featuredmedia":[{"embeddable":true,"href":"https:\/\/www.transtoyou.com\/et\/wp-json\/wp\/v2\/media\/1802"}],"wp:attachment":[{"href":"https:\/\/www.transtoyou.com\/et\/wp-json\/wp\/v2\/media?parent=1798"}],"wp:term":[{"taxonomy":"product_brand","embeddable":true,"href":"https:\/\/www.transtoyou.com\/et\/wp-json\/wp\/v2\/product_brand?post=1798"},{"taxonomy":"product_cat","embeddable":true,"href":"https:\/\/www.transtoyou.com\/et\/wp-json\/wp\/v2\/product_cat?post=1798"},{"taxonomy":"product_tag","embeddable":true,"href":"https:\/\/www.transtoyou.com\/et\/wp-json\/wp\/v2\/product_tag?post=1798"},{"taxonomy":"expert","embeddable":true,"href":"https:\/\/www.transtoyou.com\/et\/wp-json\/wp\/v2\/expert?post=1798"}],"curies":[{"name":"wp","href":"https:\/\/api.w.org\/{rel}","templated":true}]}}