{"id":2154,"date":"2026-03-07T17:09:36","date_gmt":"2026-03-07T15:09:36","guid":{"rendered":"https:\/\/www.transtoyou.com\/et\/product\/ed-trial-pack\/"},"modified":"2026-03-07T17:32:16","modified_gmt":"2026-03-07T15:32:16","slug":"ed-katsesari","status":"publish","type":"product","link":"https:\/\/www.transtoyou.com\/et\/product\/ed-katsesari\/","title":{"rendered":"ED proovipakett"},"content":{"rendered":"<p>ED proovikomplekt on retseptiravimite kombinatsioonipakett, mida kasutatakse erektsioonih\u00e4irete raviks, sealhulgas nii kaubam\u00e4rgiga kui ka geneerilisi valikuid.<\/p>\n<p>ED proovikomplekt on m\u00f5eldud meestele, kes soovivad uurida, milline erektsioonih\u00e4irete ravi neile k\u00f5ige paremini sobib. Erektsioonih\u00e4ired v\u00f5ivad olla p\u00f5hjustatud erinevatest f\u00fc\u00fcsilistest v\u00f5i ps\u00fchholoogilistest teguritest ning individuaalsed reaktsioonid ravimitele v\u00f5ivad erineda. Seet\u00f5ttu ei pruugi \u00fcksik ravi olla k\u00f5igile v\u00f5rdselt t\u00f5hus. See proovikomplekt v\u00f5imaldab patsientidel tutvuda mitmete tavaliselt v\u00e4lja kirjutatud erektsioonih\u00e4irete ravimitega, nagu sildenafil (sealhulgas kaubam\u00e4rgiga Viagra), tadalafil (sealhulgas kaubam\u00e4rgiga Cialis) ja vardenafil, arsti j\u00e4relevalve all.<\/p>\n<p>K\u00f5ik sisaldatud ravimid kuuluvad PDE5 inhibiitorite r\u00fchma. Need toetavad erektsioonifunktsiooni, parandades verevoolu peenisesse seksuaalse stimuleerimise ajal. Need ravimid ei p\u00f5hjusta iseenesest erektsiooni ja toimivad ainult siis, kui seksuaalne erutus on olemas. Kuigi neil on sama toimeviis, erinevad sildenafil, tadalafil ja vardenafil toime alguse, toime kestuse ja talutavuse poolest erinevate isikute seas.<\/p>\n<p>ED proovikomplekt on m\u00f5eldud l\u00fchiajalisteks hindamiseks ja nende raviv\u00f5imaluste v\u00f5rdlemiseks. P\u00e4rast prooviperioodi l\u00f5petamist saavad patsiendid ja arstid kasutada kogemust, et m\u00e4\u00e4rata, milline ravim v\u00f5ib olla k\u00f5ige sobivam j\u00e4tkuvaks kasutamiseks, kui see on asjakohane.<\/p>\n","protected":false},"excerpt":{"rendered":"<ul>\n<li>V\u00f5imaldab v\u00f5rrelda erinevaid erektsioonih\u00e4irete ravimeetodeid<\/li>\n<li>Sisaldab mitmeid PDE5 inhibiitorite ravimeid<\/li>\n<li>Saadaval erinevates pakendites<\/li>\n<\/ul>\n","protected":false},"featured_media":2158,"comment_status":"open","ping_status":"closed","template":"","meta":[],"product_brand":[],"product_cat":[132],"product_tag":[],"expert":[16],"class_list":{"0":"post-2154","1":"product","2":"type-product","3":"status-publish","4":"has-post-thumbnail","6":"product_cat-erektsioonihairete-ravimid","7":"expert-dr-c-alexandru","9":"first","10":"instock","11":"shipping-taxable","12":"product-type-variable"},"yoast_head":"<!-- This site is optimized with the Yoast SEO plugin v27.0 - https:\/\/yoast.com\/product\/yoast-seo-wordpress\/ -->\n<title>ED proovikomplekt | Uuri v\u00f5imalusi sinu jaoks - Transtoyou<\/title>\n<meta name=\"description\" content=\"ED proovipakett Transtoyou&#039;s, v\u00f5rrelge tuntud ED tablette \u00fches pakis ja leidke endale sobivaim, koos selge meditsiinilise juhendiga.\" \/>\n<meta name=\"robots\" content=\"noindex, follow, max-snippet:-1, max-image-preview:large, max-video-preview:-1\" \/>\n<meta property=\"og:locale\" content=\"et_EE\" \/>\n<meta property=\"og:type\" content=\"article\" \/>\n<meta property=\"og:title\" content=\"ED proovikomplekt | Uuri v\u00f5imalusi sinu jaoks - Transtoyou\" \/>\n<meta property=\"og:description\" content=\"ED proovipakett Transtoyou&#039;s, v\u00f5rrelge tuntud ED tablette \u00fches pakis ja leidke endale sobivaim, koos selge meditsiinilise juhendiga.\" \/>\n<meta property=\"og:url\" content=\"https:\/\/www.transtoyou.com\/et\/product\/ed-trial-pack\/\" \/>\n<meta property=\"og:site_name\" content=\"Transtoyou - ET\" \/>\n<meta property=\"article:modified_time\" content=\"2026-03-07T15:32:16+00:00\" \/>\n<meta name=\"twitter:card\" content=\"summary_large_image\" \/>\n<meta name=\"twitter:label1\" content=\"Est. reading time\" \/>\n\t<meta name=\"twitter:data1\" content=\"1 minut\" \/>\n<script type=\"application\/ld+json\" class=\"yoast-schema-graph\">{\"@context\":\"https:\/\/schema.org\",\"@graph\":[{\"@type\":\"WebPage\",\"@id\":\"https:\/\/www.transtoyou.com\/et\/product\/ed-trial-pack\/\",\"url\":\"https:\/\/www.transtoyou.com\/et\/product\/ed-trial-pack\/\",\"name\":\"ED proovikomplekt | Uuri v\u00f5imalusi sinu jaoks - Transtoyou\",\"isPartOf\":{\"@id\":\"https:\/\/www.transtoyou.com\/et\/#website\"},\"primaryImageOfPage\":{\"@id\":\"https:\/\/www.transtoyou.com\/et\/product\/ed-trial-pack\/#primaryimage\"},\"image\":{\"@id\":\"https:\/\/www.transtoyou.com\/et\/product\/ed-trial-pack\/#primaryimage\"},\"thumbnailUrl\":\"https:\/\/www.transtoyou.com\/et\/wp-content\/uploads\/sites\/7\/2026\/03\/tty-no-product-image-10.webp\",\"datePublished\":\"2026-03-07T15:09:36+00:00\",\"dateModified\":\"2026-03-07T15:32:16+00:00\",\"description\":\"ED proovipakett Transtoyou's, v\u00f5rrelge tuntud ED tablette \u00fches pakis ja leidke endale sobivaim, koos selge meditsiinilise juhendiga.\",\"breadcrumb\":{\"@id\":\"https:\/\/www.transtoyou.com\/et\/product\/ed-trial-pack\/#breadcrumb\"},\"inLanguage\":\"et\",\"potentialAction\":[{\"@type\":\"ReadAction\",\"target\":[\"https:\/\/www.transtoyou.com\/et\/product\/ed-trial-pack\/\"]}]},{\"@type\":\"ImageObject\",\"inLanguage\":\"et\",\"@id\":\"https:\/\/www.transtoyou.com\/et\/product\/ed-trial-pack\/#primaryimage\",\"url\":\"https:\/\/www.transtoyou.com\/et\/wp-content\/uploads\/sites\/7\/2026\/03\/tty-no-product-image-10.webp\",\"contentUrl\":\"https:\/\/www.transtoyou.com\/et\/wp-content\/uploads\/sites\/7\/2026\/03\/tty-no-product-image-10.webp\",\"width\":1000,\"height\":1000,\"caption\":\"Vaikimisi toote pilt\"},{\"@type\":\"WebSite\",\"@id\":\"https:\/\/www.transtoyou.com\/et\/#website\",\"url\":\"https:\/\/www.transtoyou.com\/et\/\",\"name\":\"Transtoyou - ET\",\"description\":\"\",\"publisher\":{\"@id\":\"https:\/\/www.transtoyou.com\/et\/#organization\"},\"potentialAction\":[{\"@type\":\"SearchAction\",\"target\":{\"@type\":\"EntryPoint\",\"urlTemplate\":\"https:\/\/www.transtoyou.com\/et\/?s={search_term_string}\"},\"query-input\":{\"@type\":\"PropertyValueSpecification\",\"valueRequired\":true,\"valueName\":\"search_term_string\"}}],\"inLanguage\":\"et\"},{\"@type\":\"Organization\",\"@id\":\"https:\/\/www.transtoyou.com\/et\/#organization\",\"name\":\"Transtoyou - ET\",\"url\":\"https:\/\/www.transtoyou.com\/et\/\",\"logo\":{\"@type\":\"ImageObject\",\"inLanguage\":\"et\",\"@id\":\"https:\/\/www.transtoyou.com\/et\/#\/schema\/logo\/image\/\",\"url\":\"https:\/\/www.transtoyou.com\/et\/wp-content\/uploads\/sites\/7\/2026\/01\/logo-tty-menu-bar-300x87-1.webp\",\"contentUrl\":\"https:\/\/www.transtoyou.com\/et\/wp-content\/uploads\/sites\/7\/2026\/01\/logo-tty-menu-bar-300x87-1.webp\",\"width\":300,\"height\":87,\"caption\":\"Transtoyou - ET\"},\"image\":{\"@id\":\"https:\/\/www.transtoyou.com\/et\/#\/schema\/logo\/image\/\"}}]}<\/script>\n<!-- \/ Yoast SEO plugin. -->","yoast_head_json":{"title":"ED proovikomplekt | Uuri v\u00f5imalusi sinu jaoks - Transtoyou","description":"ED proovipakett Transtoyou's, v\u00f5rrelge tuntud ED tablette \u00fches pakis ja leidke endale sobivaim, koos selge meditsiinilise juhendiga.","robots":{"index":"noindex","follow":"follow","max-snippet":"max-snippet:-1","max-image-preview":"max-image-preview:large","max-video-preview":"max-video-preview:-1"},"og_locale":"et_EE","og_type":"article","og_title":"ED proovikomplekt | Uuri v\u00f5imalusi sinu jaoks - Transtoyou","og_description":"ED proovipakett Transtoyou's, v\u00f5rrelge tuntud ED tablette \u00fches pakis ja leidke endale sobivaim, koos selge meditsiinilise juhendiga.","og_url":"https:\/\/www.transtoyou.com\/et\/product\/ed-trial-pack\/","og_site_name":"Transtoyou - ET","article_modified_time":"2026-03-07T15:32:16+00:00","twitter_card":"summary_large_image","twitter_misc":{"Est. reading time":"1 minut"},"schema":{"@context":"https:\/\/schema.org","@graph":[{"@type":"WebPage","@id":"https:\/\/www.transtoyou.com\/et\/product\/ed-trial-pack\/","url":"https:\/\/www.transtoyou.com\/et\/product\/ed-trial-pack\/","name":"ED proovikomplekt | Uuri v\u00f5imalusi sinu jaoks - Transtoyou","isPartOf":{"@id":"https:\/\/www.transtoyou.com\/et\/#website"},"primaryImageOfPage":{"@id":"https:\/\/www.transtoyou.com\/et\/product\/ed-trial-pack\/#primaryimage"},"image":{"@id":"https:\/\/www.transtoyou.com\/et\/product\/ed-trial-pack\/#primaryimage"},"thumbnailUrl":"https:\/\/www.transtoyou.com\/et\/wp-content\/uploads\/sites\/7\/2026\/03\/tty-no-product-image-10.webp","datePublished":"2026-03-07T15:09:36+00:00","dateModified":"2026-03-07T15:32:16+00:00","description":"ED proovipakett Transtoyou's, v\u00f5rrelge tuntud ED tablette \u00fches pakis ja leidke endale sobivaim, koos selge meditsiinilise juhendiga.","breadcrumb":{"@id":"https:\/\/www.transtoyou.com\/et\/product\/ed-trial-pack\/#breadcrumb"},"inLanguage":"et","potentialAction":[{"@type":"ReadAction","target":["https:\/\/www.transtoyou.com\/et\/product\/ed-trial-pack\/"]}]},{"@type":"ImageObject","inLanguage":"et","@id":"https:\/\/www.transtoyou.com\/et\/product\/ed-trial-pack\/#primaryimage","url":"https:\/\/www.transtoyou.com\/et\/wp-content\/uploads\/sites\/7\/2026\/03\/tty-no-product-image-10.webp","contentUrl":"https:\/\/www.transtoyou.com\/et\/wp-content\/uploads\/sites\/7\/2026\/03\/tty-no-product-image-10.webp","width":1000,"height":1000,"caption":"Vaikimisi toote pilt"},{"@type":"WebSite","@id":"https:\/\/www.transtoyou.com\/et\/#website","url":"https:\/\/www.transtoyou.com\/et\/","name":"Transtoyou - ET","description":"","publisher":{"@id":"https:\/\/www.transtoyou.com\/et\/#organization"},"potentialAction":[{"@type":"SearchAction","target":{"@type":"EntryPoint","urlTemplate":"https:\/\/www.transtoyou.com\/et\/?s={search_term_string}"},"query-input":{"@type":"PropertyValueSpecification","valueRequired":true,"valueName":"search_term_string"}}],"inLanguage":"et"},{"@type":"Organization","@id":"https:\/\/www.transtoyou.com\/et\/#organization","name":"Transtoyou - ET","url":"https:\/\/www.transtoyou.com\/et\/","logo":{"@type":"ImageObject","inLanguage":"et","@id":"https:\/\/www.transtoyou.com\/et\/#\/schema\/logo\/image\/","url":"https:\/\/www.transtoyou.com\/et\/wp-content\/uploads\/sites\/7\/2026\/01\/logo-tty-menu-bar-300x87-1.webp","contentUrl":"https:\/\/www.transtoyou.com\/et\/wp-content\/uploads\/sites\/7\/2026\/01\/logo-tty-menu-bar-300x87-1.webp","width":300,"height":87,"caption":"Transtoyou - ET"},"image":{"@id":"https:\/\/www.transtoyou.com\/et\/#\/schema\/logo\/image\/"}}]}},"_links":{"self":[{"href":"https:\/\/www.transtoyou.com\/et\/wp-json\/wp\/v2\/product\/2154","targetHints":{"allow":["GET"]}}],"collection":[{"href":"https:\/\/www.transtoyou.com\/et\/wp-json\/wp\/v2\/product"}],"about":[{"href":"https:\/\/www.transtoyou.com\/et\/wp-json\/wp\/v2\/types\/product"}],"replies":[{"embeddable":true,"href":"https:\/\/www.transtoyou.com\/et\/wp-json\/wp\/v2\/comments?post=2154"}],"wp:featuredmedia":[{"embeddable":true,"href":"https:\/\/www.transtoyou.com\/et\/wp-json\/wp\/v2\/media\/2158"}],"wp:attachment":[{"href":"https:\/\/www.transtoyou.com\/et\/wp-json\/wp\/v2\/media?parent=2154"}],"wp:term":[{"taxonomy":"product_brand","embeddable":true,"href":"https:\/\/www.transtoyou.com\/et\/wp-json\/wp\/v2\/product_brand?post=2154"},{"taxonomy":"product_cat","embeddable":true,"href":"https:\/\/www.transtoyou.com\/et\/wp-json\/wp\/v2\/product_cat?post=2154"},{"taxonomy":"product_tag","embeddable":true,"href":"https:\/\/www.transtoyou.com\/et\/wp-json\/wp\/v2\/product_tag?post=2154"},{"taxonomy":"expert","embeddable":true,"href":"https:\/\/www.transtoyou.com\/et\/wp-json\/wp\/v2\/expert?post=2154"}],"curies":[{"name":"wp","href":"https:\/\/api.w.org\/{rel}","templated":true}]}}