{"id":2162,"date":"2026-03-07T17:39:38","date_gmt":"2026-03-07T15:39:38","guid":{"rendered":"https:\/\/www.transtoyou.com\/et\/product\/varenicline\/"},"modified":"2026-03-07T17:52:41","modified_gmt":"2026-03-07T15:52:41","slug":"vareniikliin","status":"publish","type":"product","link":"https:\/\/www.transtoyou.com\/et\/product\/vareniikliin\/","title":{"rendered":"Varenikliin"},"content":{"rendered":"<h2>Mis on Varenikliin?<\/h2>\n<p>Varenikliin on retseptiravim, mida kasutatakse t\u00e4iskasvanute <a href=\"\/et\/treatment\/stop-smoking-aids\/\">suitsetamise l\u00f5petamiseks.<\/a> See toimib, sihtides nikotiini retseptoreid ajus, mis on seotud s\u00f5ltuvusega.<\/p>\n<p>Suitsetamine tekitab s\u00f5ltuvust, kuna nikotiin stimuleerib teatud retseptoreid ajus, mis vabastavad dopamiini, kemikaali, mis on seotud naudingu ja tasuga. Aja jooksul muutub aju nikotiini suhtes s\u00f5ltuvaks, et s\u00e4ilitada neid signaale.<\/p>\n<p>Varenikliin aitab seda ts\u00fcklit katkestada, aktiveerides osaliselt neid nikotiini retseptoreid. See v\u00e4hendab isu ja v\u00f5\u00f5rutusn\u00e4hte, samal ajal kui see v\u00e4hendab ka sigarettide tasuefekte, kui suitsetate ravi ajal.<\/p>\n<p>Varenikliini kasutatakse tavaliselt struktureeritud suitsetamisest loobumise plaani osana ja see toimib k\u00f5ige paremini koos k\u00e4itumise toe ja motivatsiooniga suitsetamisest loobumiseks.<\/p>\n<h2>Milliseks see on m\u00f5eldud?<\/h2>\n<p>Varenikliini kasutatakse t\u00e4iskasvanute suitsetamisest loobumise abistamiseks.<\/p>\n<p>Kui l\u00f5petate suitsetamise, v\u00f5ib teie keha kogeda v\u00f5\u00f5rutusn\u00e4hte, nagu:<\/p>\n<ul>\n<li>Intensiivne nikotiini isu<\/li>\n<li>\u00c4rrituvus<\/li>\n<li>\u00c4revus<\/li>\n<li>Raskused keskendumisel<\/li>\n<li>Suurenenud isu<\/li>\n<li>Uneh\u00e4ired<\/li>\n<\/ul>\n<p>Varenikliin aitab neid s\u00fcmptomeid v\u00e4hendada, stimuleerides osaliselt nikotiini retseptoreid ajus.<\/p>\n<p>See blokeerib ka nikotiini sigarettidest, takistades nende retseptorite t\u00e4ielikku aktiveerimist. See t\u00e4hendab, et kui suitsetate varenekliini v\u00f5tmise ajal, tundub sigarett v\u00e4hem rahuldust pakkuv.<\/p>\n<p>V\u00e4hendades isu ja nikotiini tasuefekte, suurendab varenekliin eduka suitsetamisest loobumise v\u00f5imalusi.<\/p>\n<h2>Kuidas toode toimib?<\/h2>\n<p>Varenikliin toimib, suheldes nikotiinsete atset\u00fc\u00fclkoliini retseptoritega ajus.<\/p>\n<p>Need retseptorid reageerivad tavaliselt sigarettidest saadud nikotiinile.<\/p>\n<p>Varenikliin toimib osalise agonistina, mis t\u00e4hendab, et see stimuleerib ja blokeerib neid retseptoreid.<\/p>\n<p>See tekitab kaks olulist toimet:<\/p>\n<p><strong>1. Isu ja v\u00f5\u00f5rutusn\u00e4htude v\u00e4henemine<\/strong><br \/>\nVarenikliin stimuleerib osaliselt retseptoreid, aidates s\u00e4ilitada dopamiini vabanemist madalamal tasemel. See v\u00e4hendab v\u00f5\u00f5rutusn\u00e4hte, kui l\u00f5petate suitsetamise.<\/p>\n<p><strong>2. Sigarettide tasu v\u00e4henemine<\/strong><br \/>\nKui suitsetate varenekliini v\u00f5tmise ajal, blokeerib ravim nikotiini t\u00e4ieliku aktiveerimise retseptorites. See v\u00e4hendab suitsetamise nauditavaid efekte.<\/p>\n<p>Selle kahepoolsuse t\u00f5ttu v\u00f5ib varenekliin aidata teil j\u00e4rk-j\u00e4rgult katkestada nikotiinis\u00f5ltuvuse.<\/p>\n<h2>Kes ei tohiks toodet kasutada?<\/h2>\n<p>Te ei tohiks varenekliini kasutada, kui:<\/p>\n<ul>\n<li>Olete allergiline varenekliini v\u00f5i m\u00f5ne ravimi koostisosade suhtes<\/li>\n<li>Olete varem kogenud t\u00f5sist allergilist reaktsiooni varenekliinile<\/li>\n<\/ul>\n<p>Varenikliini tuleks kasutada ettevaatlikult, kui:<\/p>\n<ul>\n<li>Teil on neeruhaigus<\/li>\n<li>Teil on olnud depressiooni v\u00f5i muid vaimse tervise h\u00e4irete ajalugu<\/li>\n<li>Olete varem kogenud k\u00e4itumismuutusi suitsetamisest loobumise ravimite kasutamise ajal<\/li>\n<\/ul>\n<p>Alati informeerige oma arsti oma t\u00e4ielikust meditsiinilisest ajaloost enne ravi alustamist.<\/p>\n<h2>Rasedus ja imetamine<\/h2>\n<p>Kui olete rase v\u00f5i plaanite rasedust, r\u00e4\u00e4kige arstiga enne varenekliini kasutamist.<\/p>\n<p>Kuigi suitsetamise l\u00f5petamine raseduse ajal on tugevalt soovitatav, ei pruugi varenekliin alati olla eelistatud valik. Teie arst aitab m\u00e4\u00e4rata ohutuma l\u00e4henemise.<\/p>\n<p>Varenikliin v\u00f5ib j\u00f5uda rinnapiima. Kui imetate, arutage riske ja kasu oma arstiga enne ravi alustamist.<\/p>\n<h2>Kuidas kasutada ja annustamine<\/h2>\n<p>V\u00f5tke varenekliini alati t\u00e4pselt nagu arst on m\u00e4\u00e4ranud.<\/p>\n<p>Ravi algab tavaliselt n\u00e4dal enne teie planeeritud loobumiskuup\u00e4eva.<\/p>\n<p>Annust suurendatakse j\u00e4rk-j\u00e4rgult esimesel n\u00e4dalal, et aidata teie kehal kohaneda:<\/p>\n<ul>\n<li>P\u00e4evad 1\u20133: madal algannus \u00fcks kord p\u00e4evas<\/li>\n<li>P\u00e4evad 4\u20137: madal annus kaks korda p\u00e4evas<\/li>\n<li>Alates p\u00e4evast 8: s\u00e4ilitamisannus kaks korda p\u00e4evas<\/li>\n<\/ul>\n<p>Tavaliselt kestab standardne ravikuur 12 n\u00e4dalat. M\u00f5nel juhul v\u00f5ib ravi pikendada, et aidata s\u00e4ilitada suitsetamisest loobumist.<\/p>\n<p>V\u00f5tke tablette:<\/p>\n<ul>\n<li>P\u00e4rast s\u00f6\u00f6ki<\/li>\n<li>T\u00e4is klaasi veega<\/li>\n<\/ul>\n<p>\u00c4rge l\u00f5petage varenekliini v\u00f5tmist ilma arsti n\u00f5uandeta, v\u00e4lja arvatud juhul, kui kogete t\u00f5siseid k\u00f5rvaltoimeid.<\/p>\n<h2>V\u00f5imalikud k\u00f5rvaltoimed<\/h2>\n<p>Nagu k\u00f5ik ravimid, v\u00f5ib varenekliin p\u00f5hjustada k\u00f5rvaltoimeid, kuigi mitte k\u00f5ik ei koge neid.<\/p>\n<p>Levinud k\u00f5rvaltoimed on:<\/p>\n<ul>\n<li>Iiveldus<\/li>\n<li>Uneh\u00e4ired<\/li>\n<li>Elavad unen\u00e4od<\/li>\n<li>Peavalu<\/li>\n<li>Uneh\u00e4ired<\/li>\n<\/ul>\n<p>Teised v\u00f5imalikud k\u00f5rvaltoimed on:<\/p>\n<ul>\n<li>Pearinglus<\/li>\n<li>Sooleprobleemid<\/li>\n<li>K\u00f5hugaasid v\u00f5i seedeh\u00e4ired<\/li>\n<li>Isu muutused<\/li>\n<\/ul>\n<p>M\u00f5ned inimesed v\u00f5ivad ravi ajal kogeda meeleolumuutusi v\u00f5i k\u00e4itumismuutusi.<\/p>\n<p>Kui teie v\u00f5i teie \u00fcmber olevad inimesed m\u00e4rkavad ebatavalisi meeleolu, k\u00e4itumise v\u00f5i m\u00f5tlemise muutusi, v\u00f5tke \u00fchendust oma arstiga.<\/p>\n<h2>Oluline ohutusteave<\/h2>\n<p>Enne varenekliini alustamist r\u00e4\u00e4kige oma arstile, kui:<\/p>\n<ul>\n<li>Teil on neeruhaigus<\/li>\n<li>Teil on olnud depressiooni v\u00f5i \u00e4revuse ajalugu<\/li>\n<li>Olete varem kogenud krampide<\/li>\n<li>V\u00f5tate teisi ravimeid, mis m\u00f5jutavad n\u00e4rvis\u00fcsteemi<\/li>\n<\/ul>\n<p>Varenikliin v\u00f5ib p\u00f5hjustada m\u00f5nel inimesel pearinglust v\u00f5i unisust. Kui see juhtub, v\u00e4ltige s\u00f5itmist v\u00f5i masinate kasutamist.<\/p>\n<p>Alkoholi taluvus v\u00f5ib ravi ajal muutuda, seega on soovitatav piirata alkoholi tarbimist, kuni teate, kuidas ravim teid m\u00f5jutab.<\/p>\n<p>Toetavad programmid, n\u00f5ustamine v\u00f5i k\u00e4itumisteraapia v\u00f5ivad veelgi suurendada teie v\u00f5imalusi suitsetamisest edukalt loobuda.<\/p>\n<h2>Millal otsida meditsiinilist abi<\/h2>\n<p>Otsige kiiret meditsiinilist abi, kui kogete:<\/p>\n<ul>\n<li>T\u00f5sine allergiline reaktsioon (n\u00e4o, huulte v\u00f5i kurgu turse)<\/li>\n<li>Raskused hingamisel<\/li>\n<li>Rindkerevalu<\/li>\n<li>Krambid<\/li>\n<\/ul>\n<p>V\u00f5tke \u00fchendust oma arstiga, kui:<\/p>\n<ul>\n<li>Kogete tugevat iiveldust v\u00f5i p\u00fcsivat oksendamist<\/li>\n<li>M\u00e4rkate olulisi meeleolumuutusi<\/li>\n<li>Teie meeleolu muutub, tekib \u00e4revus v\u00f5i ebatavaline k\u00e4itumine<\/li>\n<li>Kogete p\u00fcsivaid k\u00f5rvaltoimeid<\/li>\n<\/ul>\n<p>Kui te pole kindel, kas teie s\u00fcmptomid on seotud teie ravimiga v\u00f5i nikotiini v\u00f5\u00f5rutusn\u00e4htudega, saate Transtoyou kaudu broneerida turvalise videokonsultatsiooni litsentseeritud arstiga isiklike n\u00f5uannete saamiseks. Kui s\u00fcmptomid on t\u00f5sised v\u00f5i \u00e4kilised, otsige kohe kiiret meditsiinilist abi.<\/p>\n","protected":false},"excerpt":{"rendered":"<ul>\n<li>Varenikliin: Retseptiravim, mis aitab sul suitsetamisest loobuda, v\u00e4hendades nikotiini isu ja v\u00f5\u00f5rutusn\u00e4hte.<\/li>\n<li>Toimeaine: Varenikliin<\/li>\n<li>Kasutatakse: Suitsetamise l\u00f5petamiseks<\/li>\n<\/ul>\n","protected":false},"featured_media":2164,"comment_status":"open","ping_status":"closed","template":"","meta":[],"product_brand":[],"product_cat":[183],"product_tag":[],"expert":[16],"class_list":{"0":"post-2162","1":"product","2":"type-product","3":"status-publish","4":"has-post-thumbnail","6":"product_cat-suitsetamise-lopetamise-abivahendid","7":"expert-dr-c-alexandru","9":"first","10":"instock","11":"shipping-taxable","12":"product-type-variable"},"yoast_head":"<!-- This site is optimized with the Yoast SEO plugin v27.0 - https:\/\/yoast.com\/product\/yoast-seo-wordpress\/ -->\n<title>Varenikliin | Toeta oma loobumisplaani - Transtoyou<\/title>\n<meta name=\"description\" content=\"Varenikliiniga seotud teave ja juhised Transtoyou&#039;lt, avasta, kuidas see retseptiravim aitab suitsetamisest loobuda. Leia rohkem siit.\" \/>\n<meta name=\"robots\" content=\"noindex, follow, max-snippet:-1, max-image-preview:large, max-video-preview:-1\" \/>\n<meta property=\"og:locale\" content=\"et_EE\" \/>\n<meta property=\"og:type\" content=\"article\" \/>\n<meta property=\"og:title\" content=\"Varenikliin | Toeta oma loobumisplaani - Transtoyou\" \/>\n<meta property=\"og:description\" content=\"Varenikliiniga seotud teave ja juhised Transtoyou&#039;lt, avasta, kuidas see retseptiravim aitab suitsetamisest loobuda. Leia rohkem siit.\" \/>\n<meta property=\"og:url\" content=\"https:\/\/www.transtoyou.com\/et\/product\/varenicline\/\" \/>\n<meta property=\"og:site_name\" content=\"Transtoyou - ET\" \/>\n<meta property=\"article:modified_time\" content=\"2026-03-07T15:52:41+00:00\" \/>\n<meta name=\"twitter:card\" content=\"summary_large_image\" \/>\n<meta name=\"twitter:label1\" content=\"Est. reading time\" \/>\n\t<meta name=\"twitter:data1\" content=\"4 minutit\" \/>\n<script type=\"application\/ld+json\" class=\"yoast-schema-graph\">{\"@context\":\"https:\/\/schema.org\",\"@graph\":[{\"@type\":\"WebPage\",\"@id\":\"https:\/\/www.transtoyou.com\/et\/product\/varenicline\/\",\"url\":\"https:\/\/www.transtoyou.com\/et\/product\/varenicline\/\",\"name\":\"Varenikliin | Toeta oma loobumisplaani - Transtoyou\",\"isPartOf\":{\"@id\":\"https:\/\/www.transtoyou.com\/et\/#website\"},\"primaryImageOfPage\":{\"@id\":\"https:\/\/www.transtoyou.com\/et\/product\/varenicline\/#primaryimage\"},\"image\":{\"@id\":\"https:\/\/www.transtoyou.com\/et\/product\/varenicline\/#primaryimage\"},\"thumbnailUrl\":\"https:\/\/www.transtoyou.com\/et\/wp-content\/uploads\/sites\/7\/2026\/03\/tty-no-product-image-11.webp\",\"datePublished\":\"2026-03-07T15:39:38+00:00\",\"dateModified\":\"2026-03-07T15:52:41+00:00\",\"description\":\"Varenikliiniga seotud teave ja juhised Transtoyou'lt, avasta, kuidas see retseptiravim aitab suitsetamisest loobuda. Leia rohkem siit.\",\"breadcrumb\":{\"@id\":\"https:\/\/www.transtoyou.com\/et\/product\/varenicline\/#breadcrumb\"},\"inLanguage\":\"et\",\"potentialAction\":[{\"@type\":\"ReadAction\",\"target\":[\"https:\/\/www.transtoyou.com\/et\/product\/varenicline\/\"]}]},{\"@type\":\"ImageObject\",\"inLanguage\":\"et\",\"@id\":\"https:\/\/www.transtoyou.com\/et\/product\/varenicline\/#primaryimage\",\"url\":\"https:\/\/www.transtoyou.com\/et\/wp-content\/uploads\/sites\/7\/2026\/03\/tty-no-product-image-11.webp\",\"contentUrl\":\"https:\/\/www.transtoyou.com\/et\/wp-content\/uploads\/sites\/7\/2026\/03\/tty-no-product-image-11.webp\",\"width\":1000,\"height\":1000,\"caption\":\"Vaikimisi toote pilt\"},{\"@type\":\"WebSite\",\"@id\":\"https:\/\/www.transtoyou.com\/et\/#website\",\"url\":\"https:\/\/www.transtoyou.com\/et\/\",\"name\":\"Transtoyou - ET\",\"description\":\"\",\"publisher\":{\"@id\":\"https:\/\/www.transtoyou.com\/et\/#organization\"},\"potentialAction\":[{\"@type\":\"SearchAction\",\"target\":{\"@type\":\"EntryPoint\",\"urlTemplate\":\"https:\/\/www.transtoyou.com\/et\/?s={search_term_string}\"},\"query-input\":{\"@type\":\"PropertyValueSpecification\",\"valueRequired\":true,\"valueName\":\"search_term_string\"}}],\"inLanguage\":\"et\"},{\"@type\":\"Organization\",\"@id\":\"https:\/\/www.transtoyou.com\/et\/#organization\",\"name\":\"Transtoyou - ET\",\"url\":\"https:\/\/www.transtoyou.com\/et\/\",\"logo\":{\"@type\":\"ImageObject\",\"inLanguage\":\"et\",\"@id\":\"https:\/\/www.transtoyou.com\/et\/#\/schema\/logo\/image\/\",\"url\":\"https:\/\/www.transtoyou.com\/et\/wp-content\/uploads\/sites\/7\/2026\/01\/logo-tty-menu-bar-300x87-1.webp\",\"contentUrl\":\"https:\/\/www.transtoyou.com\/et\/wp-content\/uploads\/sites\/7\/2026\/01\/logo-tty-menu-bar-300x87-1.webp\",\"width\":300,\"height\":87,\"caption\":\"Transtoyou - ET\"},\"image\":{\"@id\":\"https:\/\/www.transtoyou.com\/et\/#\/schema\/logo\/image\/\"}}]}<\/script>\n<!-- \/ Yoast SEO plugin. -->","yoast_head_json":{"title":"Varenikliin | Toeta oma loobumisplaani - Transtoyou","description":"Varenikliiniga seotud teave ja juhised Transtoyou'lt, avasta, kuidas see retseptiravim aitab suitsetamisest loobuda. Leia rohkem siit.","robots":{"index":"noindex","follow":"follow","max-snippet":"max-snippet:-1","max-image-preview":"max-image-preview:large","max-video-preview":"max-video-preview:-1"},"og_locale":"et_EE","og_type":"article","og_title":"Varenikliin | Toeta oma loobumisplaani - Transtoyou","og_description":"Varenikliiniga seotud teave ja juhised Transtoyou'lt, avasta, kuidas see retseptiravim aitab suitsetamisest loobuda. Leia rohkem siit.","og_url":"https:\/\/www.transtoyou.com\/et\/product\/varenicline\/","og_site_name":"Transtoyou - ET","article_modified_time":"2026-03-07T15:52:41+00:00","twitter_card":"summary_large_image","twitter_misc":{"Est. reading time":"4 minutit"},"schema":{"@context":"https:\/\/schema.org","@graph":[{"@type":"WebPage","@id":"https:\/\/www.transtoyou.com\/et\/product\/varenicline\/","url":"https:\/\/www.transtoyou.com\/et\/product\/varenicline\/","name":"Varenikliin | Toeta oma loobumisplaani - Transtoyou","isPartOf":{"@id":"https:\/\/www.transtoyou.com\/et\/#website"},"primaryImageOfPage":{"@id":"https:\/\/www.transtoyou.com\/et\/product\/varenicline\/#primaryimage"},"image":{"@id":"https:\/\/www.transtoyou.com\/et\/product\/varenicline\/#primaryimage"},"thumbnailUrl":"https:\/\/www.transtoyou.com\/et\/wp-content\/uploads\/sites\/7\/2026\/03\/tty-no-product-image-11.webp","datePublished":"2026-03-07T15:39:38+00:00","dateModified":"2026-03-07T15:52:41+00:00","description":"Varenikliiniga seotud teave ja juhised Transtoyou'lt, avasta, kuidas see retseptiravim aitab suitsetamisest loobuda. Leia rohkem siit.","breadcrumb":{"@id":"https:\/\/www.transtoyou.com\/et\/product\/varenicline\/#breadcrumb"},"inLanguage":"et","potentialAction":[{"@type":"ReadAction","target":["https:\/\/www.transtoyou.com\/et\/product\/varenicline\/"]}]},{"@type":"ImageObject","inLanguage":"et","@id":"https:\/\/www.transtoyou.com\/et\/product\/varenicline\/#primaryimage","url":"https:\/\/www.transtoyou.com\/et\/wp-content\/uploads\/sites\/7\/2026\/03\/tty-no-product-image-11.webp","contentUrl":"https:\/\/www.transtoyou.com\/et\/wp-content\/uploads\/sites\/7\/2026\/03\/tty-no-product-image-11.webp","width":1000,"height":1000,"caption":"Vaikimisi toote pilt"},{"@type":"WebSite","@id":"https:\/\/www.transtoyou.com\/et\/#website","url":"https:\/\/www.transtoyou.com\/et\/","name":"Transtoyou - ET","description":"","publisher":{"@id":"https:\/\/www.transtoyou.com\/et\/#organization"},"potentialAction":[{"@type":"SearchAction","target":{"@type":"EntryPoint","urlTemplate":"https:\/\/www.transtoyou.com\/et\/?s={search_term_string}"},"query-input":{"@type":"PropertyValueSpecification","valueRequired":true,"valueName":"search_term_string"}}],"inLanguage":"et"},{"@type":"Organization","@id":"https:\/\/www.transtoyou.com\/et\/#organization","name":"Transtoyou - ET","url":"https:\/\/www.transtoyou.com\/et\/","logo":{"@type":"ImageObject","inLanguage":"et","@id":"https:\/\/www.transtoyou.com\/et\/#\/schema\/logo\/image\/","url":"https:\/\/www.transtoyou.com\/et\/wp-content\/uploads\/sites\/7\/2026\/01\/logo-tty-menu-bar-300x87-1.webp","contentUrl":"https:\/\/www.transtoyou.com\/et\/wp-content\/uploads\/sites\/7\/2026\/01\/logo-tty-menu-bar-300x87-1.webp","width":300,"height":87,"caption":"Transtoyou - ET"},"image":{"@id":"https:\/\/www.transtoyou.com\/et\/#\/schema\/logo\/image\/"}}]}},"_links":{"self":[{"href":"https:\/\/www.transtoyou.com\/et\/wp-json\/wp\/v2\/product\/2162","targetHints":{"allow":["GET"]}}],"collection":[{"href":"https:\/\/www.transtoyou.com\/et\/wp-json\/wp\/v2\/product"}],"about":[{"href":"https:\/\/www.transtoyou.com\/et\/wp-json\/wp\/v2\/types\/product"}],"replies":[{"embeddable":true,"href":"https:\/\/www.transtoyou.com\/et\/wp-json\/wp\/v2\/comments?post=2162"}],"wp:featuredmedia":[{"embeddable":true,"href":"https:\/\/www.transtoyou.com\/et\/wp-json\/wp\/v2\/media\/2164"}],"wp:attachment":[{"href":"https:\/\/www.transtoyou.com\/et\/wp-json\/wp\/v2\/media?parent=2162"}],"wp:term":[{"taxonomy":"product_brand","embeddable":true,"href":"https:\/\/www.transtoyou.com\/et\/wp-json\/wp\/v2\/product_brand?post=2162"},{"taxonomy":"product_cat","embeddable":true,"href":"https:\/\/www.transtoyou.com\/et\/wp-json\/wp\/v2\/product_cat?post=2162"},{"taxonomy":"product_tag","embeddable":true,"href":"https:\/\/www.transtoyou.com\/et\/wp-json\/wp\/v2\/product_tag?post=2162"},{"taxonomy":"expert","embeddable":true,"href":"https:\/\/www.transtoyou.com\/et\/wp-json\/wp\/v2\/expert?post=2162"}],"curies":[{"name":"wp","href":"https:\/\/api.w.org\/{rel}","templated":true}]}}