{"id":738,"date":"2026-01-22T15:19:55","date_gmt":"2026-01-22T13:19:55","guid":{"rendered":"https:\/\/www.transtoyou.com\/et\/product\/permethrin\/"},"modified":"2026-03-09T09:24:34","modified_gmt":"2026-03-09T07:24:34","slug":"permethriin","status":"publish","type":"product","link":"https:\/\/www.transtoyou.com\/et\/product\/permethriin\/","title":{"rendered":"Permetriin"},"content":{"rendered":"<p>Permetriin on paikne ravim, mis on v\u00e4lja t\u00f6\u00f6tatud s\u00fcgeliste ravimiseks. S\u00fcgelised on v\u00e4ga nakkav nahainfektsioon, mille p\u00f5hjustab puuk Sarcoptes scabiei. See levib peamiselt pikaajalise naha-\u00fche naha kontaktiga ja sellega kaasnevad intensiivne s\u00fcgelus (eriti \u00f6\u00f6sel) ning punane, muhklik l\u00f6\u00f6ve sellistes piirkondades nagu s\u00f5rmed, randmed, k\u00fc\u00fcnarnukid ja kubemes.<\/p>\n<p>Permetriin kuulub s\u00fcnteetiliste p\u00fcretroidide klassi ja toimib, segades puukide n\u00e4rvis\u00fcsteemi naatriumikanaleid, mis viib paral\u00fc\u00fcsi ja surmani. See sihib nii t\u00e4iskasvanud puuke kui ka nende mune, aidates k\u00f5rvaldada nakkuse ja v\u00e4hendada p\u00f5letikku, mis on p\u00f5hjustatud immuunvastusest puukide suhtes.<\/p>\n<p>Kreemi kantakse puhtale, kuivale nahale kaelast allapoole, sealhulgas s\u00f5rmede\/jalgade vahel, k\u00fc\u00fcnte all ja nahavoltide \u00fcmber (nt randmed, tuharad, suguelundid). Kreemi tuleks nahal hoida 8 kuni 14 tundi, seej\u00e4rel tuleb see p\u00f5hjalikult maha pesta. Teine rakendus v\u00f5ib olla vajalik 7 kuni 14 p\u00e4eva p\u00e4rast arsti j\u00e4relevalve all, kui s\u00fcmptomid p\u00fcsivad.<\/p>\n<p>P\u00e4rast ravi esinev s\u00fcgelus on tavaline ja v\u00f5ib kesta mitu n\u00e4dalat isegi p\u00e4rast puukide edukat k\u00f5rvaldamist. See on osa keha immuunvastusest ja ei t\u00e4henda tingimata ravi eba\u00f5nnestumist.<\/p>\n<p>Permetriin on enamiku patsientide jaoks ohutu ja h\u00e4sti talutav. Kerged k\u00f5rvaltoimed, nagu punetus, kipitus v\u00f5i ajutine s\u00fcgelus, v\u00f5ivad esineda ja tavaliselt lahenevad need ilma sekkumiseta.<\/p>\n","protected":false},"excerpt":{"rendered":"<ul>\n<li>Tapab puuke ja nende mune<\/li>\n<li>Pakkub esmast ravi s\u00fcgelistele<\/li>\n<li>Aitab leevendada p\u00fcsivat s\u00fcgelemist<\/li>\n<\/ul>\n","protected":false},"featured_media":739,"comment_status":"open","ping_status":"closed","template":"","meta":[],"product_brand":[],"product_cat":[172,178],"product_tag":[],"expert":[19],"class_list":{"0":"post-738","1":"product","2":"type-product","3":"status-publish","4":"has-post-thumbnail","6":"product_cat-parasiidid","7":"product_cat-sugelised","8":"expert-dr-j-vazquez","10":"first","11":"outofstock","12":"shipping-taxable","13":"product-type-simple"},"yoast_head":"<!-- This site is optimized with the Yoast SEO plugin v27.0 - https:\/\/yoast.com\/product\/yoast-seo-wordpress\/ -->\n<title>Permetriin | Mugavus Sinu Nahale T\u00e4na - Transtoyou<\/title>\n<meta name=\"description\" content=\"Avasta Permethrin, usaldusv\u00e4\u00e4rne lahendus s\u00fcgeliste raviks. Saadaval n\u00fc\u00fcd Transtoyou&#039;s kiireks ja lihtsaks ostmiseks.\" \/>\n<meta name=\"robots\" content=\"noindex, follow, max-snippet:-1, max-image-preview:large, max-video-preview:-1\" \/>\n<meta property=\"og:locale\" content=\"et_EE\" \/>\n<meta property=\"og:type\" content=\"article\" \/>\n<meta property=\"og:title\" content=\"Permetriin | Mugavus Sinu Nahale T\u00e4na - Transtoyou\" \/>\n<meta property=\"og:description\" content=\"Avasta Permethrin, usaldusv\u00e4\u00e4rne lahendus s\u00fcgeliste raviks. Saadaval n\u00fc\u00fcd Transtoyou&#039;s kiireks ja lihtsaks ostmiseks.\" \/>\n<meta property=\"og:url\" content=\"https:\/\/www.transtoyou.com\/et\/product\/permethrin\/\" \/>\n<meta property=\"og:site_name\" content=\"Transtoyou - ET\" \/>\n<meta property=\"article:modified_time\" content=\"2026-03-09T07:24:34+00:00\" \/>\n<meta name=\"twitter:card\" content=\"summary_large_image\" \/>\n<meta name=\"twitter:label1\" content=\"Est. reading time\" \/>\n\t<meta name=\"twitter:data1\" content=\"1 minut\" \/>\n<script type=\"application\/ld+json\" class=\"yoast-schema-graph\">{\"@context\":\"https:\/\/schema.org\",\"@graph\":[{\"@type\":\"WebPage\",\"@id\":\"https:\/\/www.transtoyou.com\/et\/product\/permethrin\/\",\"url\":\"https:\/\/www.transtoyou.com\/et\/product\/permethrin\/\",\"name\":\"Permetriin | Mugavus Sinu Nahale T\u00e4na - Transtoyou\",\"isPartOf\":{\"@id\":\"https:\/\/www.transtoyou.com\/et\/#website\"},\"primaryImageOfPage\":{\"@id\":\"https:\/\/www.transtoyou.com\/et\/product\/permethrin\/#primaryimage\"},\"image\":{\"@id\":\"https:\/\/www.transtoyou.com\/et\/product\/permethrin\/#primaryimage\"},\"thumbnailUrl\":\"https:\/\/www.transtoyou.com\/et\/wp-content\/uploads\/sites\/7\/2026\/01\/tty-no-product-image-5.webp\",\"datePublished\":\"2026-01-22T13:19:55+00:00\",\"dateModified\":\"2026-03-09T07:24:34+00:00\",\"description\":\"Avasta Permethrin, usaldusv\u00e4\u00e4rne lahendus s\u00fcgeliste raviks. Saadaval n\u00fc\u00fcd Transtoyou's kiireks ja lihtsaks ostmiseks.\",\"breadcrumb\":{\"@id\":\"https:\/\/www.transtoyou.com\/et\/product\/permethrin\/#breadcrumb\"},\"inLanguage\":\"et\",\"potentialAction\":[{\"@type\":\"ReadAction\",\"target\":[\"https:\/\/www.transtoyou.com\/et\/product\/permethrin\/\"]}]},{\"@type\":\"ImageObject\",\"inLanguage\":\"et\",\"@id\":\"https:\/\/www.transtoyou.com\/et\/product\/permethrin\/#primaryimage\",\"url\":\"https:\/\/www.transtoyou.com\/et\/wp-content\/uploads\/sites\/7\/2026\/01\/tty-no-product-image-5.webp\",\"contentUrl\":\"https:\/\/www.transtoyou.com\/et\/wp-content\/uploads\/sites\/7\/2026\/01\/tty-no-product-image-5.webp\",\"width\":1000,\"height\":1000,\"caption\":\"Vaikimisi toote pilt\"},{\"@type\":\"WebSite\",\"@id\":\"https:\/\/www.transtoyou.com\/et\/#website\",\"url\":\"https:\/\/www.transtoyou.com\/et\/\",\"name\":\"Transtoyou - ET\",\"description\":\"\",\"publisher\":{\"@id\":\"https:\/\/www.transtoyou.com\/et\/#organization\"},\"potentialAction\":[{\"@type\":\"SearchAction\",\"target\":{\"@type\":\"EntryPoint\",\"urlTemplate\":\"https:\/\/www.transtoyou.com\/et\/?s={search_term_string}\"},\"query-input\":{\"@type\":\"PropertyValueSpecification\",\"valueRequired\":true,\"valueName\":\"search_term_string\"}}],\"inLanguage\":\"et\"},{\"@type\":\"Organization\",\"@id\":\"https:\/\/www.transtoyou.com\/et\/#organization\",\"name\":\"Transtoyou - ET\",\"url\":\"https:\/\/www.transtoyou.com\/et\/\",\"logo\":{\"@type\":\"ImageObject\",\"inLanguage\":\"et\",\"@id\":\"https:\/\/www.transtoyou.com\/et\/#\/schema\/logo\/image\/\",\"url\":\"https:\/\/www.transtoyou.com\/et\/wp-content\/uploads\/sites\/7\/2026\/01\/logo-tty-menu-bar-300x87-1.webp\",\"contentUrl\":\"https:\/\/www.transtoyou.com\/et\/wp-content\/uploads\/sites\/7\/2026\/01\/logo-tty-menu-bar-300x87-1.webp\",\"width\":300,\"height\":87,\"caption\":\"Transtoyou - ET\"},\"image\":{\"@id\":\"https:\/\/www.transtoyou.com\/et\/#\/schema\/logo\/image\/\"}}]}<\/script>\n<!-- \/ Yoast SEO plugin. -->","yoast_head_json":{"title":"Permetriin | Mugavus Sinu Nahale T\u00e4na - Transtoyou","description":"Avasta Permethrin, usaldusv\u00e4\u00e4rne lahendus s\u00fcgeliste raviks. Saadaval n\u00fc\u00fcd Transtoyou's kiireks ja lihtsaks ostmiseks.","robots":{"index":"noindex","follow":"follow","max-snippet":"max-snippet:-1","max-image-preview":"max-image-preview:large","max-video-preview":"max-video-preview:-1"},"og_locale":"et_EE","og_type":"article","og_title":"Permetriin | Mugavus Sinu Nahale T\u00e4na - Transtoyou","og_description":"Avasta Permethrin, usaldusv\u00e4\u00e4rne lahendus s\u00fcgeliste raviks. Saadaval n\u00fc\u00fcd Transtoyou's kiireks ja lihtsaks ostmiseks.","og_url":"https:\/\/www.transtoyou.com\/et\/product\/permethrin\/","og_site_name":"Transtoyou - ET","article_modified_time":"2026-03-09T07:24:34+00:00","twitter_card":"summary_large_image","twitter_misc":{"Est. reading time":"1 minut"},"schema":{"@context":"https:\/\/schema.org","@graph":[{"@type":"WebPage","@id":"https:\/\/www.transtoyou.com\/et\/product\/permethrin\/","url":"https:\/\/www.transtoyou.com\/et\/product\/permethrin\/","name":"Permetriin | Mugavus Sinu Nahale T\u00e4na - Transtoyou","isPartOf":{"@id":"https:\/\/www.transtoyou.com\/et\/#website"},"primaryImageOfPage":{"@id":"https:\/\/www.transtoyou.com\/et\/product\/permethrin\/#primaryimage"},"image":{"@id":"https:\/\/www.transtoyou.com\/et\/product\/permethrin\/#primaryimage"},"thumbnailUrl":"https:\/\/www.transtoyou.com\/et\/wp-content\/uploads\/sites\/7\/2026\/01\/tty-no-product-image-5.webp","datePublished":"2026-01-22T13:19:55+00:00","dateModified":"2026-03-09T07:24:34+00:00","description":"Avasta Permethrin, usaldusv\u00e4\u00e4rne lahendus s\u00fcgeliste raviks. Saadaval n\u00fc\u00fcd Transtoyou's kiireks ja lihtsaks ostmiseks.","breadcrumb":{"@id":"https:\/\/www.transtoyou.com\/et\/product\/permethrin\/#breadcrumb"},"inLanguage":"et","potentialAction":[{"@type":"ReadAction","target":["https:\/\/www.transtoyou.com\/et\/product\/permethrin\/"]}]},{"@type":"ImageObject","inLanguage":"et","@id":"https:\/\/www.transtoyou.com\/et\/product\/permethrin\/#primaryimage","url":"https:\/\/www.transtoyou.com\/et\/wp-content\/uploads\/sites\/7\/2026\/01\/tty-no-product-image-5.webp","contentUrl":"https:\/\/www.transtoyou.com\/et\/wp-content\/uploads\/sites\/7\/2026\/01\/tty-no-product-image-5.webp","width":1000,"height":1000,"caption":"Vaikimisi toote pilt"},{"@type":"WebSite","@id":"https:\/\/www.transtoyou.com\/et\/#website","url":"https:\/\/www.transtoyou.com\/et\/","name":"Transtoyou - ET","description":"","publisher":{"@id":"https:\/\/www.transtoyou.com\/et\/#organization"},"potentialAction":[{"@type":"SearchAction","target":{"@type":"EntryPoint","urlTemplate":"https:\/\/www.transtoyou.com\/et\/?s={search_term_string}"},"query-input":{"@type":"PropertyValueSpecification","valueRequired":true,"valueName":"search_term_string"}}],"inLanguage":"et"},{"@type":"Organization","@id":"https:\/\/www.transtoyou.com\/et\/#organization","name":"Transtoyou - ET","url":"https:\/\/www.transtoyou.com\/et\/","logo":{"@type":"ImageObject","inLanguage":"et","@id":"https:\/\/www.transtoyou.com\/et\/#\/schema\/logo\/image\/","url":"https:\/\/www.transtoyou.com\/et\/wp-content\/uploads\/sites\/7\/2026\/01\/logo-tty-menu-bar-300x87-1.webp","contentUrl":"https:\/\/www.transtoyou.com\/et\/wp-content\/uploads\/sites\/7\/2026\/01\/logo-tty-menu-bar-300x87-1.webp","width":300,"height":87,"caption":"Transtoyou - ET"},"image":{"@id":"https:\/\/www.transtoyou.com\/et\/#\/schema\/logo\/image\/"}}]}},"_links":{"self":[{"href":"https:\/\/www.transtoyou.com\/et\/wp-json\/wp\/v2\/product\/738","targetHints":{"allow":["GET"]}}],"collection":[{"href":"https:\/\/www.transtoyou.com\/et\/wp-json\/wp\/v2\/product"}],"about":[{"href":"https:\/\/www.transtoyou.com\/et\/wp-json\/wp\/v2\/types\/product"}],"replies":[{"embeddable":true,"href":"https:\/\/www.transtoyou.com\/et\/wp-json\/wp\/v2\/comments?post=738"}],"wp:featuredmedia":[{"embeddable":true,"href":"https:\/\/www.transtoyou.com\/et\/wp-json\/wp\/v2\/media\/739"}],"wp:attachment":[{"href":"https:\/\/www.transtoyou.com\/et\/wp-json\/wp\/v2\/media?parent=738"}],"wp:term":[{"taxonomy":"product_brand","embeddable":true,"href":"https:\/\/www.transtoyou.com\/et\/wp-json\/wp\/v2\/product_brand?post=738"},{"taxonomy":"product_cat","embeddable":true,"href":"https:\/\/www.transtoyou.com\/et\/wp-json\/wp\/v2\/product_cat?post=738"},{"taxonomy":"product_tag","embeddable":true,"href":"https:\/\/www.transtoyou.com\/et\/wp-json\/wp\/v2\/product_tag?post=738"},{"taxonomy":"expert","embeddable":true,"href":"https:\/\/www.transtoyou.com\/et\/wp-json\/wp\/v2\/expert?post=738"}],"curies":[{"name":"wp","href":"https:\/\/api.w.org\/{rel}","templated":true}]}}