{"id":740,"date":"2026-01-22T15:35:47","date_gmt":"2026-01-22T13:35:47","guid":{"rendered":"https:\/\/www.transtoyou.com\/et\/product\/vermox\/"},"modified":"2026-03-07T16:05:02","modified_gmt":"2026-03-07T14:05:02","slug":"vermox","status":"publish","type":"product","link":"https:\/\/www.transtoyou.com\/et\/product\/vermox\/","title":{"rendered":"Vermox"},"content":{"rendered":"<p>Vermox on laialdaselt kasutatav ravim sooleusside nakkuste raviks, eriti efektiivne pinwormide, \u00fcmarusside, kiilusside ja konksusside vastu. See sisaldab toimeainet mebendazooli, mis h\u00e4irib usside v\u00f5imet gl\u00fckoosi, nende peamise energiaallika, imada. Selle tulemusena kaotavad parasiidid energiat, surevad ja eemaldatakse looduslikult kehast seedes\u00fcsteemi kaudu.<\/p>\n<p>Usside nakkused v\u00f5ivad p\u00f5hjustada s\u00fcmptomeid nagu p\u00e4raku s\u00fcgelus, rahutustunne, k\u00f5huvalu ja toitumispuuduj\u00e4\u00e4gid. Vermox pakub lihtsat ja t\u00f5husat viisi nende s\u00fcmptomite leevendamiseks ja nakkuse k\u00f5rvaldamiseks. Seda manustatakse tavaliselt \u00fche annusena ning m\u00f5nel juhul soovitatakse kaks n\u00e4dalat hiljem teist annust, et v\u00e4ltida uuesti nakatumist.<\/p>\n<p>See ravim talub \u00fcldiselt h\u00e4sti, k\u00f5rvaltoimed on haruldased ja tavaliselt kerged. Kui need esinevad, v\u00f5ivad need h\u00f5lmata ajutist seedetrakti ebamugavust. Vermox j\u00e4\u00e4b seedetrakti ja imendub vereringesse minimaalselt, mis v\u00e4hendab s\u00fcsteemsete k\u00f5rvaltoimete riski.<\/p>\n<p>Usside leviku v\u00e4ltimiseks soovitatakse h\u00fcgieenimeetmeid, nagu regulaarne k\u00e4tepesu, l\u00fchikesed k\u00fc\u00fcned ja voodipesu ning riiete sagedane pesemine. K\u00f5ikide pereliikmete samaaegne ravimine v\u00f5ib aidata nakkuse kordumist peatada.<\/p>\n","protected":false},"excerpt":{"rendered":"<ul>\n<li>T\u00f5hus mitmete usside t\u00fc\u00fcpide vastu<\/li>\n<li>\u00dcksik v\u00f5i kahekordne ravi<\/li>\n<li>Perele sobivad valikud<\/li>\n<\/ul>\n","protected":false},"featured_media":742,"comment_status":"open","ping_status":"closed","template":"","meta":[],"product_brand":[],"product_cat":[197],"product_tag":[],"expert":[],"class_list":{"0":"post-740","1":"product","2":"type-product","3":"status-publish","4":"has-post-thumbnail","6":"product_cat-karbsed","8":"first","9":"instock","10":"shipping-taxable","11":"product-type-variable"},"yoast_head":"<!-- This site is optimized with the Yoast SEO plugin v27.0 - https:\/\/yoast.com\/product\/yoast-seo-wordpress\/ -->\n<title>Vermox | T\u00f5hus Parasiidi Behandling - Transtoyou<\/title>\n<meta name=\"description\" content=\"Vermox saadaval Transtoyou&#039;s, usaldusv\u00e4\u00e4rses terviseplatvormis. Osta n\u00fc\u00fcd efektiivseks parasiitinfektsioonide raviks. Mugav ja usaldusv\u00e4\u00e4rne juurdep\u00e4\u00e4s.\" \/>\n<meta name=\"robots\" content=\"noindex, follow, max-snippet:-1, max-image-preview:large, max-video-preview:-1\" \/>\n<meta property=\"og:locale\" content=\"et_EE\" \/>\n<meta property=\"og:type\" content=\"article\" \/>\n<meta property=\"og:title\" content=\"Vermox | T\u00f5hus Parasiidi Behandling - Transtoyou\" \/>\n<meta property=\"og:description\" content=\"Vermox saadaval Transtoyou&#039;s, usaldusv\u00e4\u00e4rses terviseplatvormis. Osta n\u00fc\u00fcd efektiivseks parasiitinfektsioonide raviks. Mugav ja usaldusv\u00e4\u00e4rne juurdep\u00e4\u00e4s.\" \/>\n<meta property=\"og:url\" content=\"https:\/\/www.transtoyou.com\/et\/product\/vermox\/\" \/>\n<meta property=\"og:site_name\" content=\"Transtoyou - ET\" \/>\n<meta property=\"article:modified_time\" content=\"2026-03-07T14:05:02+00:00\" \/>\n<meta name=\"twitter:card\" content=\"summary_large_image\" \/>\n<meta name=\"twitter:label1\" content=\"Est. reading time\" \/>\n\t<meta name=\"twitter:data1\" content=\"1 minut\" \/>\n<script type=\"application\/ld+json\" class=\"yoast-schema-graph\">{\"@context\":\"https:\/\/schema.org\",\"@graph\":[{\"@type\":\"WebPage\",\"@id\":\"https:\/\/www.transtoyou.com\/et\/product\/vermox\/\",\"url\":\"https:\/\/www.transtoyou.com\/et\/product\/vermox\/\",\"name\":\"Vermox | T\u00f5hus Parasiidi Behandling - Transtoyou\",\"isPartOf\":{\"@id\":\"https:\/\/www.transtoyou.com\/et\/#website\"},\"primaryImageOfPage\":{\"@id\":\"https:\/\/www.transtoyou.com\/et\/product\/vermox\/#primaryimage\"},\"image\":{\"@id\":\"https:\/\/www.transtoyou.com\/et\/product\/vermox\/#primaryimage\"},\"thumbnailUrl\":\"https:\/\/www.transtoyou.com\/et\/wp-content\/uploads\/sites\/7\/2026\/01\/tty-no-product-image-6.webp\",\"datePublished\":\"2026-01-22T13:35:47+00:00\",\"dateModified\":\"2026-03-07T14:05:02+00:00\",\"description\":\"Vermox saadaval Transtoyou's, usaldusv\u00e4\u00e4rses terviseplatvormis. Osta n\u00fc\u00fcd efektiivseks parasiitinfektsioonide raviks. Mugav ja usaldusv\u00e4\u00e4rne juurdep\u00e4\u00e4s.\",\"breadcrumb\":{\"@id\":\"https:\/\/www.transtoyou.com\/et\/product\/vermox\/#breadcrumb\"},\"inLanguage\":\"et\",\"potentialAction\":[{\"@type\":\"ReadAction\",\"target\":[\"https:\/\/www.transtoyou.com\/et\/product\/vermox\/\"]}]},{\"@type\":\"ImageObject\",\"inLanguage\":\"et\",\"@id\":\"https:\/\/www.transtoyou.com\/et\/product\/vermox\/#primaryimage\",\"url\":\"https:\/\/www.transtoyou.com\/et\/wp-content\/uploads\/sites\/7\/2026\/01\/tty-no-product-image-6.webp\",\"contentUrl\":\"https:\/\/www.transtoyou.com\/et\/wp-content\/uploads\/sites\/7\/2026\/01\/tty-no-product-image-6.webp\",\"width\":1000,\"height\":1000,\"caption\":\"Vaikimisi toote pilt\"},{\"@type\":\"WebSite\",\"@id\":\"https:\/\/www.transtoyou.com\/et\/#website\",\"url\":\"https:\/\/www.transtoyou.com\/et\/\",\"name\":\"Transtoyou - ET\",\"description\":\"\",\"publisher\":{\"@id\":\"https:\/\/www.transtoyou.com\/et\/#organization\"},\"potentialAction\":[{\"@type\":\"SearchAction\",\"target\":{\"@type\":\"EntryPoint\",\"urlTemplate\":\"https:\/\/www.transtoyou.com\/et\/?s={search_term_string}\"},\"query-input\":{\"@type\":\"PropertyValueSpecification\",\"valueRequired\":true,\"valueName\":\"search_term_string\"}}],\"inLanguage\":\"et\"},{\"@type\":\"Organization\",\"@id\":\"https:\/\/www.transtoyou.com\/et\/#organization\",\"name\":\"Transtoyou - ET\",\"url\":\"https:\/\/www.transtoyou.com\/et\/\",\"logo\":{\"@type\":\"ImageObject\",\"inLanguage\":\"et\",\"@id\":\"https:\/\/www.transtoyou.com\/et\/#\/schema\/logo\/image\/\",\"url\":\"https:\/\/www.transtoyou.com\/et\/wp-content\/uploads\/sites\/7\/2026\/01\/logo-tty-menu-bar-300x87-1.webp\",\"contentUrl\":\"https:\/\/www.transtoyou.com\/et\/wp-content\/uploads\/sites\/7\/2026\/01\/logo-tty-menu-bar-300x87-1.webp\",\"width\":300,\"height\":87,\"caption\":\"Transtoyou - ET\"},\"image\":{\"@id\":\"https:\/\/www.transtoyou.com\/et\/#\/schema\/logo\/image\/\"}}]}<\/script>\n<!-- \/ Yoast SEO plugin. -->","yoast_head_json":{"title":"Vermox | T\u00f5hus Parasiidi Behandling - Transtoyou","description":"Vermox saadaval Transtoyou's, usaldusv\u00e4\u00e4rses terviseplatvormis. Osta n\u00fc\u00fcd efektiivseks parasiitinfektsioonide raviks. Mugav ja usaldusv\u00e4\u00e4rne juurdep\u00e4\u00e4s.","robots":{"index":"noindex","follow":"follow","max-snippet":"max-snippet:-1","max-image-preview":"max-image-preview:large","max-video-preview":"max-video-preview:-1"},"og_locale":"et_EE","og_type":"article","og_title":"Vermox | T\u00f5hus Parasiidi Behandling - Transtoyou","og_description":"Vermox saadaval Transtoyou's, usaldusv\u00e4\u00e4rses terviseplatvormis. Osta n\u00fc\u00fcd efektiivseks parasiitinfektsioonide raviks. Mugav ja usaldusv\u00e4\u00e4rne juurdep\u00e4\u00e4s.","og_url":"https:\/\/www.transtoyou.com\/et\/product\/vermox\/","og_site_name":"Transtoyou - ET","article_modified_time":"2026-03-07T14:05:02+00:00","twitter_card":"summary_large_image","twitter_misc":{"Est. reading time":"1 minut"},"schema":{"@context":"https:\/\/schema.org","@graph":[{"@type":"WebPage","@id":"https:\/\/www.transtoyou.com\/et\/product\/vermox\/","url":"https:\/\/www.transtoyou.com\/et\/product\/vermox\/","name":"Vermox | T\u00f5hus Parasiidi Behandling - Transtoyou","isPartOf":{"@id":"https:\/\/www.transtoyou.com\/et\/#website"},"primaryImageOfPage":{"@id":"https:\/\/www.transtoyou.com\/et\/product\/vermox\/#primaryimage"},"image":{"@id":"https:\/\/www.transtoyou.com\/et\/product\/vermox\/#primaryimage"},"thumbnailUrl":"https:\/\/www.transtoyou.com\/et\/wp-content\/uploads\/sites\/7\/2026\/01\/tty-no-product-image-6.webp","datePublished":"2026-01-22T13:35:47+00:00","dateModified":"2026-03-07T14:05:02+00:00","description":"Vermox saadaval Transtoyou's, usaldusv\u00e4\u00e4rses terviseplatvormis. Osta n\u00fc\u00fcd efektiivseks parasiitinfektsioonide raviks. Mugav ja usaldusv\u00e4\u00e4rne juurdep\u00e4\u00e4s.","breadcrumb":{"@id":"https:\/\/www.transtoyou.com\/et\/product\/vermox\/#breadcrumb"},"inLanguage":"et","potentialAction":[{"@type":"ReadAction","target":["https:\/\/www.transtoyou.com\/et\/product\/vermox\/"]}]},{"@type":"ImageObject","inLanguage":"et","@id":"https:\/\/www.transtoyou.com\/et\/product\/vermox\/#primaryimage","url":"https:\/\/www.transtoyou.com\/et\/wp-content\/uploads\/sites\/7\/2026\/01\/tty-no-product-image-6.webp","contentUrl":"https:\/\/www.transtoyou.com\/et\/wp-content\/uploads\/sites\/7\/2026\/01\/tty-no-product-image-6.webp","width":1000,"height":1000,"caption":"Vaikimisi toote pilt"},{"@type":"WebSite","@id":"https:\/\/www.transtoyou.com\/et\/#website","url":"https:\/\/www.transtoyou.com\/et\/","name":"Transtoyou - ET","description":"","publisher":{"@id":"https:\/\/www.transtoyou.com\/et\/#organization"},"potentialAction":[{"@type":"SearchAction","target":{"@type":"EntryPoint","urlTemplate":"https:\/\/www.transtoyou.com\/et\/?s={search_term_string}"},"query-input":{"@type":"PropertyValueSpecification","valueRequired":true,"valueName":"search_term_string"}}],"inLanguage":"et"},{"@type":"Organization","@id":"https:\/\/www.transtoyou.com\/et\/#organization","name":"Transtoyou - ET","url":"https:\/\/www.transtoyou.com\/et\/","logo":{"@type":"ImageObject","inLanguage":"et","@id":"https:\/\/www.transtoyou.com\/et\/#\/schema\/logo\/image\/","url":"https:\/\/www.transtoyou.com\/et\/wp-content\/uploads\/sites\/7\/2026\/01\/logo-tty-menu-bar-300x87-1.webp","contentUrl":"https:\/\/www.transtoyou.com\/et\/wp-content\/uploads\/sites\/7\/2026\/01\/logo-tty-menu-bar-300x87-1.webp","width":300,"height":87,"caption":"Transtoyou - ET"},"image":{"@id":"https:\/\/www.transtoyou.com\/et\/#\/schema\/logo\/image\/"}}]}},"_links":{"self":[{"href":"https:\/\/www.transtoyou.com\/et\/wp-json\/wp\/v2\/product\/740","targetHints":{"allow":["GET"]}}],"collection":[{"href":"https:\/\/www.transtoyou.com\/et\/wp-json\/wp\/v2\/product"}],"about":[{"href":"https:\/\/www.transtoyou.com\/et\/wp-json\/wp\/v2\/types\/product"}],"replies":[{"embeddable":true,"href":"https:\/\/www.transtoyou.com\/et\/wp-json\/wp\/v2\/comments?post=740"}],"wp:featuredmedia":[{"embeddable":true,"href":"https:\/\/www.transtoyou.com\/et\/wp-json\/wp\/v2\/media\/742"}],"wp:attachment":[{"href":"https:\/\/www.transtoyou.com\/et\/wp-json\/wp\/v2\/media?parent=740"}],"wp:term":[{"taxonomy":"product_brand","embeddable":true,"href":"https:\/\/www.transtoyou.com\/et\/wp-json\/wp\/v2\/product_brand?post=740"},{"taxonomy":"product_cat","embeddable":true,"href":"https:\/\/www.transtoyou.com\/et\/wp-json\/wp\/v2\/product_cat?post=740"},{"taxonomy":"product_tag","embeddable":true,"href":"https:\/\/www.transtoyou.com\/et\/wp-json\/wp\/v2\/product_tag?post=740"},{"taxonomy":"expert","embeddable":true,"href":"https:\/\/www.transtoyou.com\/et\/wp-json\/wp\/v2\/expert?post=740"}],"curies":[{"name":"wp","href":"https:\/\/api.w.org\/{rel}","templated":true}]}}