{"id":743,"date":"2026-01-22T15:51:18","date_gmt":"2026-01-22T13:51:18","guid":{"rendered":"https:\/\/www.transtoyou.com\/et\/product\/molevac\/"},"modified":"2026-02-28T12:27:05","modified_gmt":"2026-02-28T10:27:05","slug":"molevac","status":"publish","type":"product","link":"https:\/\/www.transtoyou.com\/et\/product\/molevac\/","title":{"rendered":"Molevac"},"content":{"rendered":"<p>Molevac on ravim, mida kasutatakse sooleusside, eriti pinusside, p\u00f5hjustatud infektsioonide raviks. Pinussi infektsioonid on levinud, eriti lastel, ja need v\u00f5ivad p\u00f5hjustada s\u00fcmptomeid nagu s\u00fcgelus (rahutus) anaalse piirkonna \u00fcmber, rahutus ja kerge k\u00f5huvalu. Molevac sisaldab toimeainet p\u00fcrviniumi embonaati, mis toimib usside paral\u00fcseerimise teel, et need saaksid loomulikult v\u00e4ljaheidete kaudu eemalduda.<\/p>\n<p>Seda ravi antakse tavaliselt \u00fchekordse suukaudse annusena, kordusannus on soovitatav kahe n\u00e4dala p\u00e4rast, et v\u00e4ltida uuesti nakatumist. Kuna pinussid levivad kergesti kontakti ja saastunud pindade kaudu, on soovitatav ravida k\u00f5iki pereliikmeid samal ajal, et v\u00e4ltida uuesti nakatumist.<\/p>\n<p>Molevac on h\u00e4sti talutav, v\u00e4ga v\u00e4heste k\u00f5rvaltoimetega. M\u00f5ned inimesed v\u00f5ivad m\u00e4rgata kergeid seedetrakti s\u00fcmptomeid, nagu iiveldus v\u00f5i krambid, kuid need on tavaliselt l\u00fchiajalised. Hea h\u00fcgieen on ravi ajal ja p\u00e4rast seda h\u00e4davajalik, et v\u00e4ltida usside edasist levikut. See h\u00f5lmab regulaarset k\u00e4tepesu, voodipesu ja riiete puhastamist ning k\u00fc\u00fcnte l\u00fchemaks l\u00f5ikamist.<\/p>\n","protected":false},"excerpt":{"rendered":"<ul>\n<li>\u00dchekordne ravi<\/li>\n<li>Sihtm\u00e4rgiks on pinworms<\/li>\n<li>Sobib paljudele inimestele<\/li>\n<\/ul>\n","protected":false},"featured_media":744,"comment_status":"open","ping_status":"closed","template":"","meta":[],"product_brand":[],"product_cat":[197],"product_tag":[],"expert":[21],"class_list":{"0":"post-743","1":"product","2":"type-product","3":"status-publish","4":"has-post-thumbnail","6":"product_cat-karbsed","7":"expert-dr-m-sharoyko","9":"first","10":"outofstock","11":"shipping-taxable","12":"product-type-simple"},"yoast_head":"<!-- This site is optimized with the Yoast SEO plugin v27.0 - https:\/\/yoast.com\/product\/yoast-seo-wordpress\/ -->\n<title>Molevac | T\u00f5hus Parasiitide Lahendus - Transtoyou<\/title>\n<meta name=\"description\" content=\"Avasta Molevac t\u00f5husaks parasiitide k\u00f5rvaldamiseks Transtoyou&#039;s. Toeta oma soolestiku tervist meie t\u00f5estatud valemiga. Tellige juba t\u00e4na!\" \/>\n<meta name=\"robots\" content=\"noindex, follow, max-snippet:-1, max-image-preview:large, max-video-preview:-1\" \/>\n<meta property=\"og:locale\" content=\"et_EE\" \/>\n<meta property=\"og:type\" content=\"article\" \/>\n<meta property=\"og:title\" content=\"Molevac | T\u00f5hus Parasiitide Lahendus - Transtoyou\" \/>\n<meta property=\"og:description\" content=\"Avasta Molevac t\u00f5husaks parasiitide k\u00f5rvaldamiseks Transtoyou&#039;s. Toeta oma soolestiku tervist meie t\u00f5estatud valemiga. Tellige juba t\u00e4na!\" \/>\n<meta property=\"og:url\" content=\"https:\/\/www.transtoyou.com\/et\/product\/molevac\/\" \/>\n<meta property=\"og:site_name\" content=\"Transtoyou - ET\" \/>\n<meta property=\"article:modified_time\" content=\"2026-02-28T10:27:05+00:00\" \/>\n<meta name=\"twitter:card\" content=\"summary_large_image\" \/>\n<meta name=\"twitter:label1\" content=\"Est. reading time\" \/>\n\t<meta name=\"twitter:data1\" content=\"1 minut\" \/>\n<script type=\"application\/ld+json\" class=\"yoast-schema-graph\">{\"@context\":\"https:\/\/schema.org\",\"@graph\":[{\"@type\":\"WebPage\",\"@id\":\"https:\/\/www.transtoyou.com\/et\/product\/molevac\/\",\"url\":\"https:\/\/www.transtoyou.com\/et\/product\/molevac\/\",\"name\":\"Molevac | T\u00f5hus Parasiitide Lahendus - Transtoyou\",\"isPartOf\":{\"@id\":\"https:\/\/www.transtoyou.com\/et\/#website\"},\"primaryImageOfPage\":{\"@id\":\"https:\/\/www.transtoyou.com\/et\/product\/molevac\/#primaryimage\"},\"image\":{\"@id\":\"https:\/\/www.transtoyou.com\/et\/product\/molevac\/#primaryimage\"},\"thumbnailUrl\":\"https:\/\/www.transtoyou.com\/et\/wp-content\/uploads\/sites\/7\/2026\/01\/tty-no-product-image-7.webp\",\"datePublished\":\"2026-01-22T13:51:18+00:00\",\"dateModified\":\"2026-02-28T10:27:05+00:00\",\"description\":\"Avasta Molevac t\u00f5husaks parasiitide k\u00f5rvaldamiseks Transtoyou's. Toeta oma soolestiku tervist meie t\u00f5estatud valemiga. Tellige juba t\u00e4na!\",\"breadcrumb\":{\"@id\":\"https:\/\/www.transtoyou.com\/et\/product\/molevac\/#breadcrumb\"},\"inLanguage\":\"et\",\"potentialAction\":[{\"@type\":\"ReadAction\",\"target\":[\"https:\/\/www.transtoyou.com\/et\/product\/molevac\/\"]}]},{\"@type\":\"ImageObject\",\"inLanguage\":\"et\",\"@id\":\"https:\/\/www.transtoyou.com\/et\/product\/molevac\/#primaryimage\",\"url\":\"https:\/\/www.transtoyou.com\/et\/wp-content\/uploads\/sites\/7\/2026\/01\/tty-no-product-image-7.webp\",\"contentUrl\":\"https:\/\/www.transtoyou.com\/et\/wp-content\/uploads\/sites\/7\/2026\/01\/tty-no-product-image-7.webp\",\"width\":1000,\"height\":1000,\"caption\":\"Vaikimisi toote pilt\"},{\"@type\":\"WebSite\",\"@id\":\"https:\/\/www.transtoyou.com\/et\/#website\",\"url\":\"https:\/\/www.transtoyou.com\/et\/\",\"name\":\"Transtoyou - ET\",\"description\":\"\",\"publisher\":{\"@id\":\"https:\/\/www.transtoyou.com\/et\/#organization\"},\"potentialAction\":[{\"@type\":\"SearchAction\",\"target\":{\"@type\":\"EntryPoint\",\"urlTemplate\":\"https:\/\/www.transtoyou.com\/et\/?s={search_term_string}\"},\"query-input\":{\"@type\":\"PropertyValueSpecification\",\"valueRequired\":true,\"valueName\":\"search_term_string\"}}],\"inLanguage\":\"et\"},{\"@type\":\"Organization\",\"@id\":\"https:\/\/www.transtoyou.com\/et\/#organization\",\"name\":\"Transtoyou - ET\",\"url\":\"https:\/\/www.transtoyou.com\/et\/\",\"logo\":{\"@type\":\"ImageObject\",\"inLanguage\":\"et\",\"@id\":\"https:\/\/www.transtoyou.com\/et\/#\/schema\/logo\/image\/\",\"url\":\"https:\/\/www.transtoyou.com\/et\/wp-content\/uploads\/sites\/7\/2026\/01\/logo-tty-menu-bar-300x87-1.webp\",\"contentUrl\":\"https:\/\/www.transtoyou.com\/et\/wp-content\/uploads\/sites\/7\/2026\/01\/logo-tty-menu-bar-300x87-1.webp\",\"width\":300,\"height\":87,\"caption\":\"Transtoyou - ET\"},\"image\":{\"@id\":\"https:\/\/www.transtoyou.com\/et\/#\/schema\/logo\/image\/\"}}]}<\/script>\n<!-- \/ Yoast SEO plugin. -->","yoast_head_json":{"title":"Molevac | T\u00f5hus Parasiitide Lahendus - Transtoyou","description":"Avasta Molevac t\u00f5husaks parasiitide k\u00f5rvaldamiseks Transtoyou's. Toeta oma soolestiku tervist meie t\u00f5estatud valemiga. Tellige juba t\u00e4na!","robots":{"index":"noindex","follow":"follow","max-snippet":"max-snippet:-1","max-image-preview":"max-image-preview:large","max-video-preview":"max-video-preview:-1"},"og_locale":"et_EE","og_type":"article","og_title":"Molevac | T\u00f5hus Parasiitide Lahendus - Transtoyou","og_description":"Avasta Molevac t\u00f5husaks parasiitide k\u00f5rvaldamiseks Transtoyou's. Toeta oma soolestiku tervist meie t\u00f5estatud valemiga. Tellige juba t\u00e4na!","og_url":"https:\/\/www.transtoyou.com\/et\/product\/molevac\/","og_site_name":"Transtoyou - ET","article_modified_time":"2026-02-28T10:27:05+00:00","twitter_card":"summary_large_image","twitter_misc":{"Est. reading time":"1 minut"},"schema":{"@context":"https:\/\/schema.org","@graph":[{"@type":"WebPage","@id":"https:\/\/www.transtoyou.com\/et\/product\/molevac\/","url":"https:\/\/www.transtoyou.com\/et\/product\/molevac\/","name":"Molevac | T\u00f5hus Parasiitide Lahendus - Transtoyou","isPartOf":{"@id":"https:\/\/www.transtoyou.com\/et\/#website"},"primaryImageOfPage":{"@id":"https:\/\/www.transtoyou.com\/et\/product\/molevac\/#primaryimage"},"image":{"@id":"https:\/\/www.transtoyou.com\/et\/product\/molevac\/#primaryimage"},"thumbnailUrl":"https:\/\/www.transtoyou.com\/et\/wp-content\/uploads\/sites\/7\/2026\/01\/tty-no-product-image-7.webp","datePublished":"2026-01-22T13:51:18+00:00","dateModified":"2026-02-28T10:27:05+00:00","description":"Avasta Molevac t\u00f5husaks parasiitide k\u00f5rvaldamiseks Transtoyou's. Toeta oma soolestiku tervist meie t\u00f5estatud valemiga. Tellige juba t\u00e4na!","breadcrumb":{"@id":"https:\/\/www.transtoyou.com\/et\/product\/molevac\/#breadcrumb"},"inLanguage":"et","potentialAction":[{"@type":"ReadAction","target":["https:\/\/www.transtoyou.com\/et\/product\/molevac\/"]}]},{"@type":"ImageObject","inLanguage":"et","@id":"https:\/\/www.transtoyou.com\/et\/product\/molevac\/#primaryimage","url":"https:\/\/www.transtoyou.com\/et\/wp-content\/uploads\/sites\/7\/2026\/01\/tty-no-product-image-7.webp","contentUrl":"https:\/\/www.transtoyou.com\/et\/wp-content\/uploads\/sites\/7\/2026\/01\/tty-no-product-image-7.webp","width":1000,"height":1000,"caption":"Vaikimisi toote pilt"},{"@type":"WebSite","@id":"https:\/\/www.transtoyou.com\/et\/#website","url":"https:\/\/www.transtoyou.com\/et\/","name":"Transtoyou - ET","description":"","publisher":{"@id":"https:\/\/www.transtoyou.com\/et\/#organization"},"potentialAction":[{"@type":"SearchAction","target":{"@type":"EntryPoint","urlTemplate":"https:\/\/www.transtoyou.com\/et\/?s={search_term_string}"},"query-input":{"@type":"PropertyValueSpecification","valueRequired":true,"valueName":"search_term_string"}}],"inLanguage":"et"},{"@type":"Organization","@id":"https:\/\/www.transtoyou.com\/et\/#organization","name":"Transtoyou - ET","url":"https:\/\/www.transtoyou.com\/et\/","logo":{"@type":"ImageObject","inLanguage":"et","@id":"https:\/\/www.transtoyou.com\/et\/#\/schema\/logo\/image\/","url":"https:\/\/www.transtoyou.com\/et\/wp-content\/uploads\/sites\/7\/2026\/01\/logo-tty-menu-bar-300x87-1.webp","contentUrl":"https:\/\/www.transtoyou.com\/et\/wp-content\/uploads\/sites\/7\/2026\/01\/logo-tty-menu-bar-300x87-1.webp","width":300,"height":87,"caption":"Transtoyou - ET"},"image":{"@id":"https:\/\/www.transtoyou.com\/et\/#\/schema\/logo\/image\/"}}]}},"_links":{"self":[{"href":"https:\/\/www.transtoyou.com\/et\/wp-json\/wp\/v2\/product\/743","targetHints":{"allow":["GET"]}}],"collection":[{"href":"https:\/\/www.transtoyou.com\/et\/wp-json\/wp\/v2\/product"}],"about":[{"href":"https:\/\/www.transtoyou.com\/et\/wp-json\/wp\/v2\/types\/product"}],"replies":[{"embeddable":true,"href":"https:\/\/www.transtoyou.com\/et\/wp-json\/wp\/v2\/comments?post=743"}],"wp:featuredmedia":[{"embeddable":true,"href":"https:\/\/www.transtoyou.com\/et\/wp-json\/wp\/v2\/media\/744"}],"wp:attachment":[{"href":"https:\/\/www.transtoyou.com\/et\/wp-json\/wp\/v2\/media?parent=743"}],"wp:term":[{"taxonomy":"product_brand","embeddable":true,"href":"https:\/\/www.transtoyou.com\/et\/wp-json\/wp\/v2\/product_brand?post=743"},{"taxonomy":"product_cat","embeddable":true,"href":"https:\/\/www.transtoyou.com\/et\/wp-json\/wp\/v2\/product_cat?post=743"},{"taxonomy":"product_tag","embeddable":true,"href":"https:\/\/www.transtoyou.com\/et\/wp-json\/wp\/v2\/product_tag?post=743"},{"taxonomy":"expert","embeddable":true,"href":"https:\/\/www.transtoyou.com\/et\/wp-json\/wp\/v2\/expert?post=743"}],"curies":[{"name":"wp","href":"https:\/\/api.w.org\/{rel}","templated":true}]}}