{"id":745,"date":"2026-01-22T16:07:46","date_gmt":"2026-01-22T14:07:46","guid":{"rendered":"https:\/\/www.transtoyou.com\/et\/product\/mebendazole\/"},"modified":"2026-02-25T09:29:48","modified_gmt":"2026-02-25T07:29:48","slug":"mebendazol","status":"publish","type":"product","link":"https:\/\/www.transtoyou.com\/et\/product\/mebendazol\/","title":{"rendered":"Mebendazole"},"content":{"rendered":"<p>Mebendazole on h\u00e4sti tuntud ravim, mida kasutatakse erinevate sooleusside nakkuste raviks. See on eriti efektiivne tavaliste usside, nagu pinussid, \u00fcmarussid, k\u00fchmusussid ja konksussid, vastu. Need parasiidid v\u00f5ivad elada sooltes ja p\u00f5hjustada s\u00fcmptomeid nagu s\u00fcgelus, k\u00f5huvalu ja seedeh\u00e4ired. Mebendazole toimib, blokeerides usside v\u00f5imet suhkrute imamiseks, mis viib nende j\u00e4rkj\u00e4rgulise surma ja kehast v\u00e4ljutamiseni.<\/p>\n<p>Seda ravi manustatakse l\u00fchikese kursusena. Seda saab kasutada nii aktiivsete nakkuste korral kui ka ennetava meetmena, kui on teada, et on olemas nakatumise risk, n\u00e4iteks kodustes v\u00f5i kooliepideemiate ajal.<\/p>\n<p>\u00dcks Mebendazole&#8217;i tugevusi on selle v\u00f5ime toimida otse seedetraktis, ilma et see imenduks vereringesse suurtes kogustes. See aitab v\u00e4hendada s\u00fcsteemsete k\u00f5rvaltoimete riski, olles samas efektiivne seal, kus ussid elavad. Enamik inimesi talub ravimit h\u00e4sti, ainult harvadel juhtudel esinevad kerged k\u00f5rvaltoimed, nagu k\u00f5huvalu v\u00f5i k\u00f5hulahtisus. \u00dcks Mebendazole&#8217;i tugevusi on selle v\u00f5ime toimida otse seedetraktis, minimaalsete s\u00fcsteemsete imendumistega, mis v\u00e4hendab k\u00f5rvaltoimete riski, s\u00e4ilitades samas tugeva kohalikku efektiivsuse. Enamik inimesi talub ravimit h\u00e4sti, ainult harvadel juhtudel esinevad kerged seedetrakti k\u00f5rvaltoimed.<\/p>\n<p>Hea h\u00fcgieeni praktikate osana kaasneb Mebendazole&#8217;i raviga sageli soovitusi k\u00e4te regulaarseks pesemiseks, k\u00fc\u00fcnte l\u00fchikesena hoidmiseks ja koduste pindade puhastamiseks. See aitab v\u00e4ltida reinfektsiooni ja piirata levikut teistele samas keskkonnas.<\/p>\n","protected":false},"excerpt":{"rendered":"<ul>\n<li>Sihtm\u00e4rgiks on tavalised sooleussid<\/li>\n<li>L\u00fchike ravikuur<\/li>\n<li>Sobib peredele kasutamiseks<\/li>\n<\/ul>\n","protected":false},"featured_media":747,"comment_status":"open","ping_status":"closed","template":"","meta":[],"product_brand":[],"product_cat":[197],"product_tag":[],"expert":[21],"class_list":{"0":"post-745","1":"product","2":"type-product","3":"status-publish","4":"has-post-thumbnail","6":"product_cat-karbsed","7":"expert-dr-m-sharoyko","9":"first","10":"instock","11":"shipping-taxable","12":"purchasable","13":"product-type-variable"},"yoast_head":"<!-- This site is optimized with the Yoast SEO plugin v27.0 - https:\/\/yoast.com\/product\/yoast-seo-wordpress\/ -->\n<title>Mebendazole | T\u00f5hus usse raviv ravim - Transtoyou<\/title>\n<meta name=\"description\" content=\"Mebendazole on n\u00fc\u00fcd saadaval parasiitinfektsioonide raviks. Osta Transtoyou&#039;s kvaliteetseid terviselahendusi, mis vastavad sinu vajadustele.\" \/>\n<meta name=\"robots\" content=\"noindex, follow, max-snippet:-1, max-image-preview:large, max-video-preview:-1\" \/>\n<meta property=\"og:locale\" content=\"et_EE\" \/>\n<meta property=\"og:type\" content=\"article\" \/>\n<meta property=\"og:title\" content=\"Mebendazole | T\u00f5hus usse raviv ravim - Transtoyou\" \/>\n<meta property=\"og:description\" content=\"Mebendazole on n\u00fc\u00fcd saadaval parasiitinfektsioonide raviks. Osta Transtoyou&#039;s kvaliteetseid terviselahendusi, mis vastavad sinu vajadustele.\" \/>\n<meta property=\"og:url\" content=\"https:\/\/www.transtoyou.com\/et\/product\/mebendazol\/\" \/>\n<meta property=\"og:site_name\" content=\"Transtoyou - ET\" \/>\n<meta property=\"article:modified_time\" content=\"2026-02-25T07:29:48+00:00\" \/>\n<meta name=\"twitter:card\" content=\"summary_large_image\" \/>\n<meta name=\"twitter:label1\" content=\"Est. reading time\" \/>\n\t<meta name=\"twitter:data1\" content=\"1 minut\" \/>\n<script type=\"application\/ld+json\" class=\"yoast-schema-graph\">{\"@context\":\"https:\/\/schema.org\",\"@graph\":[{\"@type\":\"WebPage\",\"@id\":\"https:\/\/www.transtoyou.com\/et\/product\/mebendazol\/\",\"url\":\"https:\/\/www.transtoyou.com\/et\/product\/mebendazol\/\",\"name\":\"Mebendazole | T\u00f5hus usse raviv ravim - Transtoyou\",\"isPartOf\":{\"@id\":\"https:\/\/www.transtoyou.com\/et\/#website\"},\"primaryImageOfPage\":{\"@id\":\"https:\/\/www.transtoyou.com\/et\/product\/mebendazol\/#primaryimage\"},\"image\":{\"@id\":\"https:\/\/www.transtoyou.com\/et\/product\/mebendazol\/#primaryimage\"},\"thumbnailUrl\":\"https:\/\/www.transtoyou.com\/et\/wp-content\/uploads\/sites\/7\/2026\/01\/tty-no-product-image-8.webp\",\"datePublished\":\"2026-01-22T14:07:46+00:00\",\"dateModified\":\"2026-02-25T07:29:48+00:00\",\"description\":\"Mebendazole on n\u00fc\u00fcd saadaval parasiitinfektsioonide raviks. Osta Transtoyou's kvaliteetseid terviselahendusi, mis vastavad sinu vajadustele.\",\"breadcrumb\":{\"@id\":\"https:\/\/www.transtoyou.com\/et\/product\/mebendazol\/#breadcrumb\"},\"inLanguage\":\"et\",\"potentialAction\":[{\"@type\":\"ReadAction\",\"target\":[\"https:\/\/www.transtoyou.com\/et\/product\/mebendazol\/\"]}]},{\"@type\":\"ImageObject\",\"inLanguage\":\"et\",\"@id\":\"https:\/\/www.transtoyou.com\/et\/product\/mebendazol\/#primaryimage\",\"url\":\"https:\/\/www.transtoyou.com\/et\/wp-content\/uploads\/sites\/7\/2026\/01\/tty-no-product-image-8.webp\",\"contentUrl\":\"https:\/\/www.transtoyou.com\/et\/wp-content\/uploads\/sites\/7\/2026\/01\/tty-no-product-image-8.webp\",\"width\":1000,\"height\":1000,\"caption\":\"Vaikimisi toote pilt\"},{\"@type\":\"WebSite\",\"@id\":\"https:\/\/www.transtoyou.com\/et\/#website\",\"url\":\"https:\/\/www.transtoyou.com\/et\/\",\"name\":\"Transtoyou - ET\",\"description\":\"\",\"publisher\":{\"@id\":\"https:\/\/www.transtoyou.com\/et\/#organization\"},\"potentialAction\":[{\"@type\":\"SearchAction\",\"target\":{\"@type\":\"EntryPoint\",\"urlTemplate\":\"https:\/\/www.transtoyou.com\/et\/?s={search_term_string}\"},\"query-input\":{\"@type\":\"PropertyValueSpecification\",\"valueRequired\":true,\"valueName\":\"search_term_string\"}}],\"inLanguage\":\"et\"},{\"@type\":\"Organization\",\"@id\":\"https:\/\/www.transtoyou.com\/et\/#organization\",\"name\":\"Transtoyou - ET\",\"url\":\"https:\/\/www.transtoyou.com\/et\/\",\"logo\":{\"@type\":\"ImageObject\",\"inLanguage\":\"et\",\"@id\":\"https:\/\/www.transtoyou.com\/et\/#\/schema\/logo\/image\/\",\"url\":\"https:\/\/www.transtoyou.com\/et\/wp-content\/uploads\/sites\/7\/2026\/01\/logo-tty-menu-bar-300x87-1.webp\",\"contentUrl\":\"https:\/\/www.transtoyou.com\/et\/wp-content\/uploads\/sites\/7\/2026\/01\/logo-tty-menu-bar-300x87-1.webp\",\"width\":300,\"height\":87,\"caption\":\"Transtoyou - ET\"},\"image\":{\"@id\":\"https:\/\/www.transtoyou.com\/et\/#\/schema\/logo\/image\/\"}}]}<\/script>\n<!-- \/ Yoast SEO plugin. -->","yoast_head_json":{"title":"Mebendazole | T\u00f5hus usse raviv ravim - Transtoyou","description":"Mebendazole on n\u00fc\u00fcd saadaval parasiitinfektsioonide raviks. Osta Transtoyou's kvaliteetseid terviselahendusi, mis vastavad sinu vajadustele.","robots":{"index":"noindex","follow":"follow","max-snippet":"max-snippet:-1","max-image-preview":"max-image-preview:large","max-video-preview":"max-video-preview:-1"},"og_locale":"et_EE","og_type":"article","og_title":"Mebendazole | T\u00f5hus usse raviv ravim - Transtoyou","og_description":"Mebendazole on n\u00fc\u00fcd saadaval parasiitinfektsioonide raviks. Osta Transtoyou's kvaliteetseid terviselahendusi, mis vastavad sinu vajadustele.","og_url":"https:\/\/www.transtoyou.com\/et\/product\/mebendazol\/","og_site_name":"Transtoyou - ET","article_modified_time":"2026-02-25T07:29:48+00:00","twitter_card":"summary_large_image","twitter_misc":{"Est. reading time":"1 minut"},"schema":{"@context":"https:\/\/schema.org","@graph":[{"@type":"WebPage","@id":"https:\/\/www.transtoyou.com\/et\/product\/mebendazol\/","url":"https:\/\/www.transtoyou.com\/et\/product\/mebendazol\/","name":"Mebendazole | T\u00f5hus usse raviv ravim - Transtoyou","isPartOf":{"@id":"https:\/\/www.transtoyou.com\/et\/#website"},"primaryImageOfPage":{"@id":"https:\/\/www.transtoyou.com\/et\/product\/mebendazol\/#primaryimage"},"image":{"@id":"https:\/\/www.transtoyou.com\/et\/product\/mebendazol\/#primaryimage"},"thumbnailUrl":"https:\/\/www.transtoyou.com\/et\/wp-content\/uploads\/sites\/7\/2026\/01\/tty-no-product-image-8.webp","datePublished":"2026-01-22T14:07:46+00:00","dateModified":"2026-02-25T07:29:48+00:00","description":"Mebendazole on n\u00fc\u00fcd saadaval parasiitinfektsioonide raviks. Osta Transtoyou's kvaliteetseid terviselahendusi, mis vastavad sinu vajadustele.","breadcrumb":{"@id":"https:\/\/www.transtoyou.com\/et\/product\/mebendazol\/#breadcrumb"},"inLanguage":"et","potentialAction":[{"@type":"ReadAction","target":["https:\/\/www.transtoyou.com\/et\/product\/mebendazol\/"]}]},{"@type":"ImageObject","inLanguage":"et","@id":"https:\/\/www.transtoyou.com\/et\/product\/mebendazol\/#primaryimage","url":"https:\/\/www.transtoyou.com\/et\/wp-content\/uploads\/sites\/7\/2026\/01\/tty-no-product-image-8.webp","contentUrl":"https:\/\/www.transtoyou.com\/et\/wp-content\/uploads\/sites\/7\/2026\/01\/tty-no-product-image-8.webp","width":1000,"height":1000,"caption":"Vaikimisi toote pilt"},{"@type":"WebSite","@id":"https:\/\/www.transtoyou.com\/et\/#website","url":"https:\/\/www.transtoyou.com\/et\/","name":"Transtoyou - ET","description":"","publisher":{"@id":"https:\/\/www.transtoyou.com\/et\/#organization"},"potentialAction":[{"@type":"SearchAction","target":{"@type":"EntryPoint","urlTemplate":"https:\/\/www.transtoyou.com\/et\/?s={search_term_string}"},"query-input":{"@type":"PropertyValueSpecification","valueRequired":true,"valueName":"search_term_string"}}],"inLanguage":"et"},{"@type":"Organization","@id":"https:\/\/www.transtoyou.com\/et\/#organization","name":"Transtoyou - ET","url":"https:\/\/www.transtoyou.com\/et\/","logo":{"@type":"ImageObject","inLanguage":"et","@id":"https:\/\/www.transtoyou.com\/et\/#\/schema\/logo\/image\/","url":"https:\/\/www.transtoyou.com\/et\/wp-content\/uploads\/sites\/7\/2026\/01\/logo-tty-menu-bar-300x87-1.webp","contentUrl":"https:\/\/www.transtoyou.com\/et\/wp-content\/uploads\/sites\/7\/2026\/01\/logo-tty-menu-bar-300x87-1.webp","width":300,"height":87,"caption":"Transtoyou - ET"},"image":{"@id":"https:\/\/www.transtoyou.com\/et\/#\/schema\/logo\/image\/"}}]}},"_links":{"self":[{"href":"https:\/\/www.transtoyou.com\/et\/wp-json\/wp\/v2\/product\/745","targetHints":{"allow":["GET"]}}],"collection":[{"href":"https:\/\/www.transtoyou.com\/et\/wp-json\/wp\/v2\/product"}],"about":[{"href":"https:\/\/www.transtoyou.com\/et\/wp-json\/wp\/v2\/types\/product"}],"replies":[{"embeddable":true,"href":"https:\/\/www.transtoyou.com\/et\/wp-json\/wp\/v2\/comments?post=745"}],"wp:featuredmedia":[{"embeddable":true,"href":"https:\/\/www.transtoyou.com\/et\/wp-json\/wp\/v2\/media\/747"}],"wp:attachment":[{"href":"https:\/\/www.transtoyou.com\/et\/wp-json\/wp\/v2\/media?parent=745"}],"wp:term":[{"taxonomy":"product_brand","embeddable":true,"href":"https:\/\/www.transtoyou.com\/et\/wp-json\/wp\/v2\/product_brand?post=745"},{"taxonomy":"product_cat","embeddable":true,"href":"https:\/\/www.transtoyou.com\/et\/wp-json\/wp\/v2\/product_cat?post=745"},{"taxonomy":"product_tag","embeddable":true,"href":"https:\/\/www.transtoyou.com\/et\/wp-json\/wp\/v2\/product_tag?post=745"},{"taxonomy":"expert","embeddable":true,"href":"https:\/\/www.transtoyou.com\/et\/wp-json\/wp\/v2\/expert?post=745"}],"curies":[{"name":"wp","href":"https:\/\/api.w.org\/{rel}","templated":true}]}}