{"id":748,"date":"2026-01-22T16:25:15","date_gmt":"2026-01-22T14:25:15","guid":{"rendered":"https:\/\/www.transtoyou.com\/et\/product\/wegovy\/"},"modified":"2026-03-08T12:40:37","modified_gmt":"2026-03-08T10:40:37","slug":"wegovy","status":"publish","type":"product","link":"https:\/\/www.transtoyou.com\/et\/product\/wegovy\/","title":{"rendered":"Wegovy"},"content":{"rendered":"<p>Wegovy on retseptiravim, mis on m\u00f5eldud t\u00e4iskasvanute pikaajalise kehakaalu juhtimise toetamiseks, kes on \u00fclekaalulised v\u00f5i rasvunud. See sisaldab semaglutidi, \u00fchendit, mis j\u00e4ljendab kehas looduslikult esinevat hormooni, tuntud kui GLP-1, mis m\u00e4ngib olulist rolli isu ja toidu tarbimise reguleerimisel. Sihtides aju spetsiifilisi retseptoreid, aitab Wegovy v\u00e4hendada n\u00e4ljatunnet, suurendada k\u00fcllastustunnet ja piirata \u00fcldist kaloraa\u017ei.<\/p>\n<p>Wegovy manustatakse naha alla kord n\u00e4dalas s\u00fcstimise teel, kasutades eelnevalt t\u00e4idetud pliiatsit. Seda on ette n\u00e4htud kasutada koos v\u00e4hendatud kalorsusega dieedi ja suurenenud f\u00fc\u00fcsilise aktiivsusega. Wegovy&#8217;t kasutavad inimesed kogevad tavaliselt j\u00e4rkj\u00e4rgulist ja p\u00fcsivat kaalulangust aja jooksul. See toetab mitte ainult paremat f\u00fc\u00fcsilist tervist, vaid v\u00e4hendab ka kaaluga seotud seisundite, nagu 2. t\u00fc\u00fcbi diabeet, k\u00f5rge verer\u00f5hk ja s\u00fcdame-veresoonkonna haigused, riski.<\/p>\n<p>Ravimit alustatakse madala annusega ja suurendatakse j\u00e4rk-j\u00e4rgult mitme n\u00e4dala jooksul t\u00e4is hooldusannuseni. See l\u00e4henemine aitab kehal kohaneda ja v\u00e4hendab k\u00f5rvaltoimete, nagu iiveldus, oksendamine v\u00f5i seedetrakti ebamugavustunne, riski. Wegovy ei toimi stimulantina ega m\u00f5juta ainevahetust otseselt, vaid soodustab tervislikumat toitumisk\u00e4itumist, reguleerides isu signaale.<\/p>\n","protected":false},"excerpt":{"rendered":"<ul>\n<li>N\u00e4dalane s\u00fcst<\/li>\n<li>V\u00e4hendab isu<\/li>\n<li>Pikaajaline kaalutugi<\/li>\n<\/ul>\n","protected":false},"featured_media":750,"comment_status":"open","ping_status":"closed","template":"","meta":[],"product_brand":[],"product_cat":[194],"product_tag":[],"expert":[16],"class_list":{"0":"post-748","1":"product","2":"type-product","3":"status-publish","4":"has-post-thumbnail","6":"product_cat-kaalulangetus","7":"expert-dr-c-alexandru","9":"first","10":"instock","11":"shipping-taxable","12":"product-type-variable"},"yoast_head":"<!-- This site is optimized with the Yoast SEO plugin v27.0 - https:\/\/yoast.com\/product\/yoast-seo-wordpress\/ -->\n<title>Wegovy | T\u00f5hus Kaalukontrolli Lahendus - Transtoyou<\/title>\n<meta name=\"description\" content=\"Avasta Wegovy t\u00f5hus kehakaalu juhtimine Transtoyou&#039;s. Osta n\u00fc\u00fcd kliiniliselt heakskiidetud lahendusi, mis toetavad sinu tervist.\" \/>\n<meta name=\"robots\" content=\"noindex, follow, max-snippet:-1, max-image-preview:large, max-video-preview:-1\" \/>\n<meta property=\"og:locale\" content=\"et_EE\" \/>\n<meta property=\"og:type\" content=\"article\" \/>\n<meta property=\"og:title\" content=\"Wegovy | T\u00f5hus Kaalukontrolli Lahendus - Transtoyou\" \/>\n<meta property=\"og:description\" content=\"Avasta Wegovy t\u00f5hus kehakaalu juhtimine Transtoyou&#039;s. Osta n\u00fc\u00fcd kliiniliselt heakskiidetud lahendusi, mis toetavad sinu tervist.\" \/>\n<meta property=\"og:url\" content=\"https:\/\/www.transtoyou.com\/et\/product\/wegovy\/\" \/>\n<meta property=\"og:site_name\" content=\"Transtoyou - ET\" \/>\n<meta property=\"article:modified_time\" content=\"2026-03-08T10:40:37+00:00\" \/>\n<meta name=\"twitter:card\" content=\"summary_large_image\" \/>\n<meta name=\"twitter:label1\" content=\"Est. reading time\" \/>\n\t<meta name=\"twitter:data1\" content=\"1 minut\" \/>\n<script type=\"application\/ld+json\" class=\"yoast-schema-graph\">{\"@context\":\"https:\/\/schema.org\",\"@graph\":[{\"@type\":\"WebPage\",\"@id\":\"https:\/\/www.transtoyou.com\/et\/product\/wegovy\/\",\"url\":\"https:\/\/www.transtoyou.com\/et\/product\/wegovy\/\",\"name\":\"Wegovy | T\u00f5hus Kaalukontrolli Lahendus - Transtoyou\",\"isPartOf\":{\"@id\":\"https:\/\/www.transtoyou.com\/et\/#website\"},\"primaryImageOfPage\":{\"@id\":\"https:\/\/www.transtoyou.com\/et\/product\/wegovy\/#primaryimage\"},\"image\":{\"@id\":\"https:\/\/www.transtoyou.com\/et\/product\/wegovy\/#primaryimage\"},\"thumbnailUrl\":\"https:\/\/www.transtoyou.com\/et\/wp-content\/uploads\/sites\/7\/2026\/01\/wegovy-transtoyou-overview.png\",\"datePublished\":\"2026-01-22T14:25:15+00:00\",\"dateModified\":\"2026-03-08T10:40:37+00:00\",\"description\":\"Avasta Wegovy t\u00f5hus kehakaalu juhtimine Transtoyou's. Osta n\u00fc\u00fcd kliiniliselt heakskiidetud lahendusi, mis toetavad sinu tervist.\",\"breadcrumb\":{\"@id\":\"https:\/\/www.transtoyou.com\/et\/product\/wegovy\/#breadcrumb\"},\"inLanguage\":\"et\",\"potentialAction\":[{\"@type\":\"ReadAction\",\"target\":[\"https:\/\/www.transtoyou.com\/et\/product\/wegovy\/\"]}]},{\"@type\":\"ImageObject\",\"inLanguage\":\"et\",\"@id\":\"https:\/\/www.transtoyou.com\/et\/product\/wegovy\/#primaryimage\",\"url\":\"https:\/\/www.transtoyou.com\/et\/wp-content\/uploads\/sites\/7\/2026\/01\/wegovy-transtoyou-overview.png\",\"contentUrl\":\"https:\/\/www.transtoyou.com\/et\/wp-content\/uploads\/sites\/7\/2026\/01\/wegovy-transtoyou-overview.png\",\"width\":1080,\"height\":1080,\"caption\":\"Wegovy Prik Pen - Transtoyou\"},{\"@type\":\"WebSite\",\"@id\":\"https:\/\/www.transtoyou.com\/et\/#website\",\"url\":\"https:\/\/www.transtoyou.com\/et\/\",\"name\":\"Transtoyou - ET\",\"description\":\"\",\"publisher\":{\"@id\":\"https:\/\/www.transtoyou.com\/et\/#organization\"},\"potentialAction\":[{\"@type\":\"SearchAction\",\"target\":{\"@type\":\"EntryPoint\",\"urlTemplate\":\"https:\/\/www.transtoyou.com\/et\/?s={search_term_string}\"},\"query-input\":{\"@type\":\"PropertyValueSpecification\",\"valueRequired\":true,\"valueName\":\"search_term_string\"}}],\"inLanguage\":\"et\"},{\"@type\":\"Organization\",\"@id\":\"https:\/\/www.transtoyou.com\/et\/#organization\",\"name\":\"Transtoyou - ET\",\"url\":\"https:\/\/www.transtoyou.com\/et\/\",\"logo\":{\"@type\":\"ImageObject\",\"inLanguage\":\"et\",\"@id\":\"https:\/\/www.transtoyou.com\/et\/#\/schema\/logo\/image\/\",\"url\":\"https:\/\/www.transtoyou.com\/et\/wp-content\/uploads\/sites\/7\/2026\/01\/logo-tty-menu-bar-300x87-1.webp\",\"contentUrl\":\"https:\/\/www.transtoyou.com\/et\/wp-content\/uploads\/sites\/7\/2026\/01\/logo-tty-menu-bar-300x87-1.webp\",\"width\":300,\"height\":87,\"caption\":\"Transtoyou - ET\"},\"image\":{\"@id\":\"https:\/\/www.transtoyou.com\/et\/#\/schema\/logo\/image\/\"}}]}<\/script>\n<!-- \/ Yoast SEO plugin. -->","yoast_head_json":{"title":"Wegovy | T\u00f5hus Kaalukontrolli Lahendus - Transtoyou","description":"Avasta Wegovy t\u00f5hus kehakaalu juhtimine Transtoyou's. Osta n\u00fc\u00fcd kliiniliselt heakskiidetud lahendusi, mis toetavad sinu tervist.","robots":{"index":"noindex","follow":"follow","max-snippet":"max-snippet:-1","max-image-preview":"max-image-preview:large","max-video-preview":"max-video-preview:-1"},"og_locale":"et_EE","og_type":"article","og_title":"Wegovy | T\u00f5hus Kaalukontrolli Lahendus - Transtoyou","og_description":"Avasta Wegovy t\u00f5hus kehakaalu juhtimine Transtoyou's. Osta n\u00fc\u00fcd kliiniliselt heakskiidetud lahendusi, mis toetavad sinu tervist.","og_url":"https:\/\/www.transtoyou.com\/et\/product\/wegovy\/","og_site_name":"Transtoyou - ET","article_modified_time":"2026-03-08T10:40:37+00:00","twitter_card":"summary_large_image","twitter_misc":{"Est. reading time":"1 minut"},"schema":{"@context":"https:\/\/schema.org","@graph":[{"@type":"WebPage","@id":"https:\/\/www.transtoyou.com\/et\/product\/wegovy\/","url":"https:\/\/www.transtoyou.com\/et\/product\/wegovy\/","name":"Wegovy | T\u00f5hus Kaalukontrolli Lahendus - Transtoyou","isPartOf":{"@id":"https:\/\/www.transtoyou.com\/et\/#website"},"primaryImageOfPage":{"@id":"https:\/\/www.transtoyou.com\/et\/product\/wegovy\/#primaryimage"},"image":{"@id":"https:\/\/www.transtoyou.com\/et\/product\/wegovy\/#primaryimage"},"thumbnailUrl":"https:\/\/www.transtoyou.com\/et\/wp-content\/uploads\/sites\/7\/2026\/01\/wegovy-transtoyou-overview.png","datePublished":"2026-01-22T14:25:15+00:00","dateModified":"2026-03-08T10:40:37+00:00","description":"Avasta Wegovy t\u00f5hus kehakaalu juhtimine Transtoyou's. Osta n\u00fc\u00fcd kliiniliselt heakskiidetud lahendusi, mis toetavad sinu tervist.","breadcrumb":{"@id":"https:\/\/www.transtoyou.com\/et\/product\/wegovy\/#breadcrumb"},"inLanguage":"et","potentialAction":[{"@type":"ReadAction","target":["https:\/\/www.transtoyou.com\/et\/product\/wegovy\/"]}]},{"@type":"ImageObject","inLanguage":"et","@id":"https:\/\/www.transtoyou.com\/et\/product\/wegovy\/#primaryimage","url":"https:\/\/www.transtoyou.com\/et\/wp-content\/uploads\/sites\/7\/2026\/01\/wegovy-transtoyou-overview.png","contentUrl":"https:\/\/www.transtoyou.com\/et\/wp-content\/uploads\/sites\/7\/2026\/01\/wegovy-transtoyou-overview.png","width":1080,"height":1080,"caption":"Wegovy Prik Pen - Transtoyou"},{"@type":"WebSite","@id":"https:\/\/www.transtoyou.com\/et\/#website","url":"https:\/\/www.transtoyou.com\/et\/","name":"Transtoyou - ET","description":"","publisher":{"@id":"https:\/\/www.transtoyou.com\/et\/#organization"},"potentialAction":[{"@type":"SearchAction","target":{"@type":"EntryPoint","urlTemplate":"https:\/\/www.transtoyou.com\/et\/?s={search_term_string}"},"query-input":{"@type":"PropertyValueSpecification","valueRequired":true,"valueName":"search_term_string"}}],"inLanguage":"et"},{"@type":"Organization","@id":"https:\/\/www.transtoyou.com\/et\/#organization","name":"Transtoyou - ET","url":"https:\/\/www.transtoyou.com\/et\/","logo":{"@type":"ImageObject","inLanguage":"et","@id":"https:\/\/www.transtoyou.com\/et\/#\/schema\/logo\/image\/","url":"https:\/\/www.transtoyou.com\/et\/wp-content\/uploads\/sites\/7\/2026\/01\/logo-tty-menu-bar-300x87-1.webp","contentUrl":"https:\/\/www.transtoyou.com\/et\/wp-content\/uploads\/sites\/7\/2026\/01\/logo-tty-menu-bar-300x87-1.webp","width":300,"height":87,"caption":"Transtoyou - ET"},"image":{"@id":"https:\/\/www.transtoyou.com\/et\/#\/schema\/logo\/image\/"}}]}},"_links":{"self":[{"href":"https:\/\/www.transtoyou.com\/et\/wp-json\/wp\/v2\/product\/748","targetHints":{"allow":["GET"]}}],"collection":[{"href":"https:\/\/www.transtoyou.com\/et\/wp-json\/wp\/v2\/product"}],"about":[{"href":"https:\/\/www.transtoyou.com\/et\/wp-json\/wp\/v2\/types\/product"}],"replies":[{"embeddable":true,"href":"https:\/\/www.transtoyou.com\/et\/wp-json\/wp\/v2\/comments?post=748"}],"wp:featuredmedia":[{"embeddable":true,"href":"https:\/\/www.transtoyou.com\/et\/wp-json\/wp\/v2\/media\/750"}],"wp:attachment":[{"href":"https:\/\/www.transtoyou.com\/et\/wp-json\/wp\/v2\/media?parent=748"}],"wp:term":[{"taxonomy":"product_brand","embeddable":true,"href":"https:\/\/www.transtoyou.com\/et\/wp-json\/wp\/v2\/product_brand?post=748"},{"taxonomy":"product_cat","embeddable":true,"href":"https:\/\/www.transtoyou.com\/et\/wp-json\/wp\/v2\/product_cat?post=748"},{"taxonomy":"product_tag","embeddable":true,"href":"https:\/\/www.transtoyou.com\/et\/wp-json\/wp\/v2\/product_tag?post=748"},{"taxonomy":"expert","embeddable":true,"href":"https:\/\/www.transtoyou.com\/et\/wp-json\/wp\/v2\/expert?post=748"}],"curies":[{"name":"wp","href":"https:\/\/api.w.org\/{rel}","templated":true}]}}