{"id":751,"date":"2026-01-22T16:42:57","date_gmt":"2026-01-22T14:42:57","guid":{"rendered":"https:\/\/www.transtoyou.com\/et\/product\/saxenda\/"},"modified":"2026-03-05T11:36:05","modified_gmt":"2026-03-05T09:36:05","slug":"saxenda","status":"publish","type":"product","link":"https:\/\/www.transtoyou.com\/et\/product\/saxenda\/","title":{"rendered":"Saxenda"},"content":{"rendered":"<p>Saxenda on s\u00fcstitav retseptiravim, mis on v\u00e4lja t\u00f6\u00f6tatud t\u00e4iskasvanute kaalulanguse toetamiseks, kes on \u00fclekaalulised v\u00f5i rasvunud. See sisaldab liraglutidi, \u00fchendit, mis j\u00e4ljendab kehas looduslikku hormooni, mida tuntakse kui GLP-1. See hormoon m\u00e4ngib rolli isu, veresuhkru ja seedimise reguleerimisel. Saxenda toimib, suheldes ajus asuvate retseptoritega, et aidata sul varakult k\u00fcllastustunne tekkida ja v\u00e4hendada n\u00e4lga s\u00f6\u00f6gikordade vahel.<\/p>\n<p>Erinevalt paljusid traditsioonilistest kaalulangetamise tablettidest manustatakse Saxendat igap\u00e4evase s\u00fcstina naha alla eelnevalt t\u00e4idetud pliiatsiga. See on k\u00f5ige t\u00f5husam, kui seda kasutatakse koos kaloraa\u017ei v\u00e4hendamise dieedi ja suurenenud f\u00fc\u00fcsilise aktiivsusega. Saxendat kasutavad inimesed kogevad sageli j\u00e4rkj\u00e4rgulist ja stabiilset kaalulangust, mis v\u00f5ib viia ka teiste terviseprobleemide, nagu II t\u00fc\u00fcpi diabeet, k\u00f5rge verer\u00f5hk v\u00f5i k\u00f5rgenenud kolesterool, paranemiseni.<\/p>\n<p>Saxendat alustatakse tavaliselt madala annusega, et keha saaks kohanduda, j\u00e4rk-j\u00e4rgult suurendades annust mitme n\u00e4dala jooksul. See samm-sammuline l\u00e4henemine aitab minimeerida levinud k\u00f5rvaltoimeid, nagu iiveldus v\u00f5i k\u00f5hu ebamugavustunne. Kuigi ravim m\u00f5jutab isu ja k\u00fcllastustunnet, ei kiirenda see ainevahetust ega toimi stimuleerivana.<\/p>\n","protected":false},"excerpt":{"rendered":"<ul>\n<li>Isu reguleerimise tugi<\/li>\n<li>P\u00e4evane s\u00fcst<\/li>\n<li>Toetab j\u00e4rkj\u00e4rgulist kaalulangust<\/li>\n<\/ul>\n","protected":false},"featured_media":753,"comment_status":"open","ping_status":"closed","template":"","meta":[],"product_brand":[],"product_cat":[194],"product_tag":[],"expert":[16],"class_list":{"0":"post-751","1":"product","2":"type-product","3":"status-publish","4":"has-post-thumbnail","6":"product_cat-kaalulangetus","7":"expert-dr-c-alexandru","9":"first","10":"instock","11":"shipping-taxable","12":"product-type-variable"},"yoast_head":"<!-- This site is optimized with the Yoast SEO plugin v27.0 - https:\/\/yoast.com\/product\/yoast-seo-wordpress\/ -->\n<title>Saxenda | T\u00f5hus kaalulangetamise lahendus - Transtoyou<\/title>\n<meta name=\"description\" content=\"Avasta Saxenda, saadaval Transtoyou&#039;s, t\u00f5hus kehakaalu juhtimiseks. Kliiniliselt t\u00f5estatud ja mugav. Osta n\u00fc\u00fcd oma tervise nimel.\" \/>\n<meta name=\"robots\" content=\"noindex, follow, max-snippet:-1, max-image-preview:large, max-video-preview:-1\" \/>\n<meta property=\"og:locale\" content=\"et_EE\" \/>\n<meta property=\"og:type\" content=\"article\" \/>\n<meta property=\"og:title\" content=\"Saxenda | T\u00f5hus kaalulangetamise lahendus - Transtoyou\" \/>\n<meta property=\"og:description\" content=\"Avasta Saxenda, saadaval Transtoyou&#039;s, t\u00f5hus kehakaalu juhtimiseks. Kliiniliselt t\u00f5estatud ja mugav. Osta n\u00fc\u00fcd oma tervise nimel.\" \/>\n<meta property=\"og:url\" content=\"https:\/\/www.transtoyou.com\/et\/product\/saxenda\/\" \/>\n<meta property=\"og:site_name\" content=\"Transtoyou - ET\" \/>\n<meta property=\"article:modified_time\" content=\"2026-03-05T09:36:05+00:00\" \/>\n<meta name=\"twitter:card\" content=\"summary_large_image\" \/>\n<meta name=\"twitter:label1\" content=\"Est. reading time\" \/>\n\t<meta name=\"twitter:data1\" content=\"1 minut\" \/>\n<script type=\"application\/ld+json\" class=\"yoast-schema-graph\">{\"@context\":\"https:\/\/schema.org\",\"@graph\":[{\"@type\":\"WebPage\",\"@id\":\"https:\/\/www.transtoyou.com\/et\/product\/saxenda\/\",\"url\":\"https:\/\/www.transtoyou.com\/et\/product\/saxenda\/\",\"name\":\"Saxenda | T\u00f5hus kaalulangetamise lahendus - Transtoyou\",\"isPartOf\":{\"@id\":\"https:\/\/www.transtoyou.com\/et\/#website\"},\"primaryImageOfPage\":{\"@id\":\"https:\/\/www.transtoyou.com\/et\/product\/saxenda\/#primaryimage\"},\"image\":{\"@id\":\"https:\/\/www.transtoyou.com\/et\/product\/saxenda\/#primaryimage\"},\"thumbnailUrl\":\"https:\/\/www.transtoyou.com\/et\/wp-content\/uploads\/sites\/7\/2026\/01\/tty-no-product-image-9.webp\",\"datePublished\":\"2026-01-22T14:42:57+00:00\",\"dateModified\":\"2026-03-05T09:36:05+00:00\",\"description\":\"Avasta Saxenda, saadaval Transtoyou's, t\u00f5hus kehakaalu juhtimiseks. Kliiniliselt t\u00f5estatud ja mugav. Osta n\u00fc\u00fcd oma tervise nimel.\",\"breadcrumb\":{\"@id\":\"https:\/\/www.transtoyou.com\/et\/product\/saxenda\/#breadcrumb\"},\"inLanguage\":\"et\",\"potentialAction\":[{\"@type\":\"ReadAction\",\"target\":[\"https:\/\/www.transtoyou.com\/et\/product\/saxenda\/\"]}]},{\"@type\":\"ImageObject\",\"inLanguage\":\"et\",\"@id\":\"https:\/\/www.transtoyou.com\/et\/product\/saxenda\/#primaryimage\",\"url\":\"https:\/\/www.transtoyou.com\/et\/wp-content\/uploads\/sites\/7\/2026\/01\/tty-no-product-image-9.webp\",\"contentUrl\":\"https:\/\/www.transtoyou.com\/et\/wp-content\/uploads\/sites\/7\/2026\/01\/tty-no-product-image-9.webp\",\"width\":1000,\"height\":1000,\"caption\":\"Vaikimisi toote pilt\"},{\"@type\":\"WebSite\",\"@id\":\"https:\/\/www.transtoyou.com\/et\/#website\",\"url\":\"https:\/\/www.transtoyou.com\/et\/\",\"name\":\"Transtoyou - ET\",\"description\":\"\",\"publisher\":{\"@id\":\"https:\/\/www.transtoyou.com\/et\/#organization\"},\"potentialAction\":[{\"@type\":\"SearchAction\",\"target\":{\"@type\":\"EntryPoint\",\"urlTemplate\":\"https:\/\/www.transtoyou.com\/et\/?s={search_term_string}\"},\"query-input\":{\"@type\":\"PropertyValueSpecification\",\"valueRequired\":true,\"valueName\":\"search_term_string\"}}],\"inLanguage\":\"et\"},{\"@type\":\"Organization\",\"@id\":\"https:\/\/www.transtoyou.com\/et\/#organization\",\"name\":\"Transtoyou - ET\",\"url\":\"https:\/\/www.transtoyou.com\/et\/\",\"logo\":{\"@type\":\"ImageObject\",\"inLanguage\":\"et\",\"@id\":\"https:\/\/www.transtoyou.com\/et\/#\/schema\/logo\/image\/\",\"url\":\"https:\/\/www.transtoyou.com\/et\/wp-content\/uploads\/sites\/7\/2026\/01\/logo-tty-menu-bar-300x87-1.webp\",\"contentUrl\":\"https:\/\/www.transtoyou.com\/et\/wp-content\/uploads\/sites\/7\/2026\/01\/logo-tty-menu-bar-300x87-1.webp\",\"width\":300,\"height\":87,\"caption\":\"Transtoyou - ET\"},\"image\":{\"@id\":\"https:\/\/www.transtoyou.com\/et\/#\/schema\/logo\/image\/\"}}]}<\/script>\n<!-- \/ Yoast SEO plugin. -->","yoast_head_json":{"title":"Saxenda | T\u00f5hus kaalulangetamise lahendus - Transtoyou","description":"Avasta Saxenda, saadaval Transtoyou's, t\u00f5hus kehakaalu juhtimiseks. Kliiniliselt t\u00f5estatud ja mugav. Osta n\u00fc\u00fcd oma tervise nimel.","robots":{"index":"noindex","follow":"follow","max-snippet":"max-snippet:-1","max-image-preview":"max-image-preview:large","max-video-preview":"max-video-preview:-1"},"og_locale":"et_EE","og_type":"article","og_title":"Saxenda | T\u00f5hus kaalulangetamise lahendus - Transtoyou","og_description":"Avasta Saxenda, saadaval Transtoyou's, t\u00f5hus kehakaalu juhtimiseks. Kliiniliselt t\u00f5estatud ja mugav. Osta n\u00fc\u00fcd oma tervise nimel.","og_url":"https:\/\/www.transtoyou.com\/et\/product\/saxenda\/","og_site_name":"Transtoyou - ET","article_modified_time":"2026-03-05T09:36:05+00:00","twitter_card":"summary_large_image","twitter_misc":{"Est. reading time":"1 minut"},"schema":{"@context":"https:\/\/schema.org","@graph":[{"@type":"WebPage","@id":"https:\/\/www.transtoyou.com\/et\/product\/saxenda\/","url":"https:\/\/www.transtoyou.com\/et\/product\/saxenda\/","name":"Saxenda | T\u00f5hus kaalulangetamise lahendus - Transtoyou","isPartOf":{"@id":"https:\/\/www.transtoyou.com\/et\/#website"},"primaryImageOfPage":{"@id":"https:\/\/www.transtoyou.com\/et\/product\/saxenda\/#primaryimage"},"image":{"@id":"https:\/\/www.transtoyou.com\/et\/product\/saxenda\/#primaryimage"},"thumbnailUrl":"https:\/\/www.transtoyou.com\/et\/wp-content\/uploads\/sites\/7\/2026\/01\/tty-no-product-image-9.webp","datePublished":"2026-01-22T14:42:57+00:00","dateModified":"2026-03-05T09:36:05+00:00","description":"Avasta Saxenda, saadaval Transtoyou's, t\u00f5hus kehakaalu juhtimiseks. Kliiniliselt t\u00f5estatud ja mugav. Osta n\u00fc\u00fcd oma tervise nimel.","breadcrumb":{"@id":"https:\/\/www.transtoyou.com\/et\/product\/saxenda\/#breadcrumb"},"inLanguage":"et","potentialAction":[{"@type":"ReadAction","target":["https:\/\/www.transtoyou.com\/et\/product\/saxenda\/"]}]},{"@type":"ImageObject","inLanguage":"et","@id":"https:\/\/www.transtoyou.com\/et\/product\/saxenda\/#primaryimage","url":"https:\/\/www.transtoyou.com\/et\/wp-content\/uploads\/sites\/7\/2026\/01\/tty-no-product-image-9.webp","contentUrl":"https:\/\/www.transtoyou.com\/et\/wp-content\/uploads\/sites\/7\/2026\/01\/tty-no-product-image-9.webp","width":1000,"height":1000,"caption":"Vaikimisi toote pilt"},{"@type":"WebSite","@id":"https:\/\/www.transtoyou.com\/et\/#website","url":"https:\/\/www.transtoyou.com\/et\/","name":"Transtoyou - ET","description":"","publisher":{"@id":"https:\/\/www.transtoyou.com\/et\/#organization"},"potentialAction":[{"@type":"SearchAction","target":{"@type":"EntryPoint","urlTemplate":"https:\/\/www.transtoyou.com\/et\/?s={search_term_string}"},"query-input":{"@type":"PropertyValueSpecification","valueRequired":true,"valueName":"search_term_string"}}],"inLanguage":"et"},{"@type":"Organization","@id":"https:\/\/www.transtoyou.com\/et\/#organization","name":"Transtoyou - ET","url":"https:\/\/www.transtoyou.com\/et\/","logo":{"@type":"ImageObject","inLanguage":"et","@id":"https:\/\/www.transtoyou.com\/et\/#\/schema\/logo\/image\/","url":"https:\/\/www.transtoyou.com\/et\/wp-content\/uploads\/sites\/7\/2026\/01\/logo-tty-menu-bar-300x87-1.webp","contentUrl":"https:\/\/www.transtoyou.com\/et\/wp-content\/uploads\/sites\/7\/2026\/01\/logo-tty-menu-bar-300x87-1.webp","width":300,"height":87,"caption":"Transtoyou - ET"},"image":{"@id":"https:\/\/www.transtoyou.com\/et\/#\/schema\/logo\/image\/"}}]}},"_links":{"self":[{"href":"https:\/\/www.transtoyou.com\/et\/wp-json\/wp\/v2\/product\/751","targetHints":{"allow":["GET"]}}],"collection":[{"href":"https:\/\/www.transtoyou.com\/et\/wp-json\/wp\/v2\/product"}],"about":[{"href":"https:\/\/www.transtoyou.com\/et\/wp-json\/wp\/v2\/types\/product"}],"replies":[{"embeddable":true,"href":"https:\/\/www.transtoyou.com\/et\/wp-json\/wp\/v2\/comments?post=751"}],"wp:featuredmedia":[{"embeddable":true,"href":"https:\/\/www.transtoyou.com\/et\/wp-json\/wp\/v2\/media\/753"}],"wp:attachment":[{"href":"https:\/\/www.transtoyou.com\/et\/wp-json\/wp\/v2\/media?parent=751"}],"wp:term":[{"taxonomy":"product_brand","embeddable":true,"href":"https:\/\/www.transtoyou.com\/et\/wp-json\/wp\/v2\/product_brand?post=751"},{"taxonomy":"product_cat","embeddable":true,"href":"https:\/\/www.transtoyou.com\/et\/wp-json\/wp\/v2\/product_cat?post=751"},{"taxonomy":"product_tag","embeddable":true,"href":"https:\/\/www.transtoyou.com\/et\/wp-json\/wp\/v2\/product_tag?post=751"},{"taxonomy":"expert","embeddable":true,"href":"https:\/\/www.transtoyou.com\/et\/wp-json\/wp\/v2\/expert?post=751"}],"curies":[{"name":"wp","href":"https:\/\/api.w.org\/{rel}","templated":true}]}}