{"id":754,"date":"2026-01-22T17:00:01","date_gmt":"2026-01-22T15:00:01","guid":{"rendered":"https:\/\/www.transtoyou.com\/et\/product\/orlistat\/"},"modified":"2026-03-01T11:26:43","modified_gmt":"2026-03-01T09:26:43","slug":"orlistat","status":"publish","type":"product","link":"https:\/\/www.transtoyou.com\/et\/product\/orlistat\/","title":{"rendered":"Orlistaat"},"content":{"rendered":"<p>Orlistat on kaalulangetamise ravim, mis toimib, takistades rasva imendumist toidust, mida s\u00f6\u00f6d. Seda kasutatakse tavaliselt t\u00e4iskasvanute poolt, kes on \u00fclekaalulised v\u00f5i rasvunud ja soovivad oma kaalu hallata koos v\u00e4hendatud kalorsuse ja madala rasvasisaldusega dieediga. Erinevalt isupuudujatest, mis m\u00f5jutavad aju, toimib Orlistat kohapeal seedetraktis, sihtides ens\u00fc\u00fcmi lipaasi. See ens\u00fc\u00fcm vastutab toidurasva lagundamise eest, et see saaks organismi imenduda. Lipaasi inhibeerimisega tagab Orlistat, et umbes kolmandik toidurasvast ei imendu ja l\u00e4bib keha loomulikult.<\/p>\n<p>Orlistati v\u00f5etakse tavaliselt kolm korda p\u00e4evas iga peamise s\u00f6\u00f6gikorra ajal, mis sisaldab rasva. Selle efektiivsus on tihedalt seotud tasakaalustatud dieedi j\u00e4rgimise ja regulaarse f\u00fc\u00fcsilise aktiivsusega. Enamik kasutajaid hakkab m\u00e4rkama j\u00e4rkj\u00e4rgulist kaalulangust m\u00f5ne n\u00e4dala jooksul. Lisaks on Orlistat n\u00e4idanud, et see aitab parandada verer\u00f5hku, kolesterooli taset ja veresuhkru kontrolli inimestel, kellel on kaaluga seotud terviseprobleemid.<\/p>\n<p>K\u00f5ige levinumad k\u00f5rvaltoimed on seedetrakti iseloomuga ja h\u00f5lmavad rasvaseid v\u00f5i \u00f5liseid v\u00e4ljaheiteid, suurenenud sooleliikumisi v\u00f5i k\u00f5hu ebamugavust. Need k\u00f5rvaltoimed v\u00e4henevad sageli, kui keha kohandub ja kasutajad v\u00f5tavad kasutusele madalama rasvasisaldusega dieedi. Rasvlahustuvate vitamiinide imendumise toetamiseks on sageli soovitatav v\u00f5tta multivitamiini toidulisandit erineval ajal p\u00e4evast kui Orlistati annus.<\/p>\n","protected":false},"excerpt":{"rendered":"<ul>\n<li>V\u00e4hendab rasva imendumist<\/li>\n<li>Mittekohalik kaalulangetamise abivahend<\/li>\n<li>Aitab parandada ainevahetuse tervist<\/li>\n<\/ul>\n","protected":false},"featured_media":756,"comment_status":"open","ping_status":"closed","template":"","meta":[],"product_brand":[],"product_cat":[194],"product_tag":[],"expert":[16],"class_list":{"0":"post-754","1":"product","2":"type-product","3":"status-publish","4":"has-post-thumbnail","6":"product_cat-kaalulangetus","7":"expert-dr-c-alexandru","9":"first","10":"instock","11":"shipping-taxable","12":"product-type-variable"},"yoast_head":"<!-- This site is optimized with the Yoast SEO plugin v27.0 - https:\/\/yoast.com\/product\/yoast-seo-wordpress\/ -->\n<title>Orlistat | T\u00f5hus Kaaluhaldus - Transtoyou<\/title>\n<meta name=\"description\" content=\"Orlistat: Toeta kehakaalu juhtimist selle t\u00f5husa tootega, saadaval Transtoyou. Osta n\u00fc\u00fcd usaldusv\u00e4\u00e4rne lahendus oma heaolu toetamiseks.\" \/>\n<meta name=\"robots\" content=\"noindex, follow, max-snippet:-1, max-image-preview:large, max-video-preview:-1\" \/>\n<meta property=\"og:locale\" content=\"et_EE\" \/>\n<meta property=\"og:type\" content=\"article\" \/>\n<meta property=\"og:title\" content=\"Orlistat | T\u00f5hus Kaaluhaldus - Transtoyou\" \/>\n<meta property=\"og:description\" content=\"Orlistat: Toeta kehakaalu juhtimist selle t\u00f5husa tootega, saadaval Transtoyou. Osta n\u00fc\u00fcd usaldusv\u00e4\u00e4rne lahendus oma heaolu toetamiseks.\" \/>\n<meta property=\"og:url\" content=\"https:\/\/www.transtoyou.com\/et\/product\/orlistat\/\" \/>\n<meta property=\"og:site_name\" content=\"Transtoyou - ET\" \/>\n<meta property=\"article:modified_time\" content=\"2026-03-01T09:26:43+00:00\" \/>\n<meta name=\"twitter:card\" content=\"summary_large_image\" \/>\n<meta name=\"twitter:label1\" content=\"Est. reading time\" \/>\n\t<meta name=\"twitter:data1\" content=\"1 minut\" \/>\n<script type=\"application\/ld+json\" class=\"yoast-schema-graph\">{\"@context\":\"https:\/\/schema.org\",\"@graph\":[{\"@type\":\"WebPage\",\"@id\":\"https:\/\/www.transtoyou.com\/et\/product\/orlistat\/\",\"url\":\"https:\/\/www.transtoyou.com\/et\/product\/orlistat\/\",\"name\":\"Orlistat | T\u00f5hus Kaaluhaldus - Transtoyou\",\"isPartOf\":{\"@id\":\"https:\/\/www.transtoyou.com\/et\/#website\"},\"primaryImageOfPage\":{\"@id\":\"https:\/\/www.transtoyou.com\/et\/product\/orlistat\/#primaryimage\"},\"image\":{\"@id\":\"https:\/\/www.transtoyou.com\/et\/product\/orlistat\/#primaryimage\"},\"thumbnailUrl\":\"https:\/\/www.transtoyou.com\/et\/wp-content\/uploads\/sites\/7\/2026\/01\/tty-no-product-image-10.webp\",\"datePublished\":\"2026-01-22T15:00:01+00:00\",\"dateModified\":\"2026-03-01T09:26:43+00:00\",\"description\":\"Orlistat: Toeta kehakaalu juhtimist selle t\u00f5husa tootega, saadaval Transtoyou. Osta n\u00fc\u00fcd usaldusv\u00e4\u00e4rne lahendus oma heaolu toetamiseks.\",\"breadcrumb\":{\"@id\":\"https:\/\/www.transtoyou.com\/et\/product\/orlistat\/#breadcrumb\"},\"inLanguage\":\"et\",\"potentialAction\":[{\"@type\":\"ReadAction\",\"target\":[\"https:\/\/www.transtoyou.com\/et\/product\/orlistat\/\"]}]},{\"@type\":\"ImageObject\",\"inLanguage\":\"et\",\"@id\":\"https:\/\/www.transtoyou.com\/et\/product\/orlistat\/#primaryimage\",\"url\":\"https:\/\/www.transtoyou.com\/et\/wp-content\/uploads\/sites\/7\/2026\/01\/tty-no-product-image-10.webp\",\"contentUrl\":\"https:\/\/www.transtoyou.com\/et\/wp-content\/uploads\/sites\/7\/2026\/01\/tty-no-product-image-10.webp\",\"width\":1000,\"height\":1000,\"caption\":\"Vaikimisi toote pilt\"},{\"@type\":\"WebSite\",\"@id\":\"https:\/\/www.transtoyou.com\/et\/#website\",\"url\":\"https:\/\/www.transtoyou.com\/et\/\",\"name\":\"Transtoyou - ET\",\"description\":\"\",\"publisher\":{\"@id\":\"https:\/\/www.transtoyou.com\/et\/#organization\"},\"potentialAction\":[{\"@type\":\"SearchAction\",\"target\":{\"@type\":\"EntryPoint\",\"urlTemplate\":\"https:\/\/www.transtoyou.com\/et\/?s={search_term_string}\"},\"query-input\":{\"@type\":\"PropertyValueSpecification\",\"valueRequired\":true,\"valueName\":\"search_term_string\"}}],\"inLanguage\":\"et\"},{\"@type\":\"Organization\",\"@id\":\"https:\/\/www.transtoyou.com\/et\/#organization\",\"name\":\"Transtoyou - ET\",\"url\":\"https:\/\/www.transtoyou.com\/et\/\",\"logo\":{\"@type\":\"ImageObject\",\"inLanguage\":\"et\",\"@id\":\"https:\/\/www.transtoyou.com\/et\/#\/schema\/logo\/image\/\",\"url\":\"https:\/\/www.transtoyou.com\/et\/wp-content\/uploads\/sites\/7\/2026\/01\/logo-tty-menu-bar-300x87-1.webp\",\"contentUrl\":\"https:\/\/www.transtoyou.com\/et\/wp-content\/uploads\/sites\/7\/2026\/01\/logo-tty-menu-bar-300x87-1.webp\",\"width\":300,\"height\":87,\"caption\":\"Transtoyou - ET\"},\"image\":{\"@id\":\"https:\/\/www.transtoyou.com\/et\/#\/schema\/logo\/image\/\"}}]}<\/script>\n<!-- \/ Yoast SEO plugin. -->","yoast_head_json":{"title":"Orlistat | T\u00f5hus Kaaluhaldus - Transtoyou","description":"Orlistat: Toeta kehakaalu juhtimist selle t\u00f5husa tootega, saadaval Transtoyou. Osta n\u00fc\u00fcd usaldusv\u00e4\u00e4rne lahendus oma heaolu toetamiseks.","robots":{"index":"noindex","follow":"follow","max-snippet":"max-snippet:-1","max-image-preview":"max-image-preview:large","max-video-preview":"max-video-preview:-1"},"og_locale":"et_EE","og_type":"article","og_title":"Orlistat | T\u00f5hus Kaaluhaldus - Transtoyou","og_description":"Orlistat: Toeta kehakaalu juhtimist selle t\u00f5husa tootega, saadaval Transtoyou. Osta n\u00fc\u00fcd usaldusv\u00e4\u00e4rne lahendus oma heaolu toetamiseks.","og_url":"https:\/\/www.transtoyou.com\/et\/product\/orlistat\/","og_site_name":"Transtoyou - ET","article_modified_time":"2026-03-01T09:26:43+00:00","twitter_card":"summary_large_image","twitter_misc":{"Est. reading time":"1 minut"},"schema":{"@context":"https:\/\/schema.org","@graph":[{"@type":"WebPage","@id":"https:\/\/www.transtoyou.com\/et\/product\/orlistat\/","url":"https:\/\/www.transtoyou.com\/et\/product\/orlistat\/","name":"Orlistat | T\u00f5hus Kaaluhaldus - Transtoyou","isPartOf":{"@id":"https:\/\/www.transtoyou.com\/et\/#website"},"primaryImageOfPage":{"@id":"https:\/\/www.transtoyou.com\/et\/product\/orlistat\/#primaryimage"},"image":{"@id":"https:\/\/www.transtoyou.com\/et\/product\/orlistat\/#primaryimage"},"thumbnailUrl":"https:\/\/www.transtoyou.com\/et\/wp-content\/uploads\/sites\/7\/2026\/01\/tty-no-product-image-10.webp","datePublished":"2026-01-22T15:00:01+00:00","dateModified":"2026-03-01T09:26:43+00:00","description":"Orlistat: Toeta kehakaalu juhtimist selle t\u00f5husa tootega, saadaval Transtoyou. Osta n\u00fc\u00fcd usaldusv\u00e4\u00e4rne lahendus oma heaolu toetamiseks.","breadcrumb":{"@id":"https:\/\/www.transtoyou.com\/et\/product\/orlistat\/#breadcrumb"},"inLanguage":"et","potentialAction":[{"@type":"ReadAction","target":["https:\/\/www.transtoyou.com\/et\/product\/orlistat\/"]}]},{"@type":"ImageObject","inLanguage":"et","@id":"https:\/\/www.transtoyou.com\/et\/product\/orlistat\/#primaryimage","url":"https:\/\/www.transtoyou.com\/et\/wp-content\/uploads\/sites\/7\/2026\/01\/tty-no-product-image-10.webp","contentUrl":"https:\/\/www.transtoyou.com\/et\/wp-content\/uploads\/sites\/7\/2026\/01\/tty-no-product-image-10.webp","width":1000,"height":1000,"caption":"Vaikimisi toote pilt"},{"@type":"WebSite","@id":"https:\/\/www.transtoyou.com\/et\/#website","url":"https:\/\/www.transtoyou.com\/et\/","name":"Transtoyou - ET","description":"","publisher":{"@id":"https:\/\/www.transtoyou.com\/et\/#organization"},"potentialAction":[{"@type":"SearchAction","target":{"@type":"EntryPoint","urlTemplate":"https:\/\/www.transtoyou.com\/et\/?s={search_term_string}"},"query-input":{"@type":"PropertyValueSpecification","valueRequired":true,"valueName":"search_term_string"}}],"inLanguage":"et"},{"@type":"Organization","@id":"https:\/\/www.transtoyou.com\/et\/#organization","name":"Transtoyou - ET","url":"https:\/\/www.transtoyou.com\/et\/","logo":{"@type":"ImageObject","inLanguage":"et","@id":"https:\/\/www.transtoyou.com\/et\/#\/schema\/logo\/image\/","url":"https:\/\/www.transtoyou.com\/et\/wp-content\/uploads\/sites\/7\/2026\/01\/logo-tty-menu-bar-300x87-1.webp","contentUrl":"https:\/\/www.transtoyou.com\/et\/wp-content\/uploads\/sites\/7\/2026\/01\/logo-tty-menu-bar-300x87-1.webp","width":300,"height":87,"caption":"Transtoyou - ET"},"image":{"@id":"https:\/\/www.transtoyou.com\/et\/#\/schema\/logo\/image\/"}}]}},"_links":{"self":[{"href":"https:\/\/www.transtoyou.com\/et\/wp-json\/wp\/v2\/product\/754","targetHints":{"allow":["GET"]}}],"collection":[{"href":"https:\/\/www.transtoyou.com\/et\/wp-json\/wp\/v2\/product"}],"about":[{"href":"https:\/\/www.transtoyou.com\/et\/wp-json\/wp\/v2\/types\/product"}],"replies":[{"embeddable":true,"href":"https:\/\/www.transtoyou.com\/et\/wp-json\/wp\/v2\/comments?post=754"}],"wp:featuredmedia":[{"embeddable":true,"href":"https:\/\/www.transtoyou.com\/et\/wp-json\/wp\/v2\/media\/756"}],"wp:attachment":[{"href":"https:\/\/www.transtoyou.com\/et\/wp-json\/wp\/v2\/media?parent=754"}],"wp:term":[{"taxonomy":"product_brand","embeddable":true,"href":"https:\/\/www.transtoyou.com\/et\/wp-json\/wp\/v2\/product_brand?post=754"},{"taxonomy":"product_cat","embeddable":true,"href":"https:\/\/www.transtoyou.com\/et\/wp-json\/wp\/v2\/product_cat?post=754"},{"taxonomy":"product_tag","embeddable":true,"href":"https:\/\/www.transtoyou.com\/et\/wp-json\/wp\/v2\/product_tag?post=754"},{"taxonomy":"expert","embeddable":true,"href":"https:\/\/www.transtoyou.com\/et\/wp-json\/wp\/v2\/expert?post=754"}],"curies":[{"name":"wp","href":"https:\/\/api.w.org\/{rel}","templated":true}]}}