{"id":757,"date":"2026-01-22T17:16:31","date_gmt":"2026-01-22T15:16:31","guid":{"rendered":"https:\/\/www.transtoyou.com\/et\/product\/xenical\/"},"modified":"2026-03-08T12:51:05","modified_gmt":"2026-03-08T10:51:05","slug":"xenical","status":"publish","type":"product","link":"https:\/\/www.transtoyou.com\/et\/product\/xenical\/","title":{"rendered":"Xenical"},"content":{"rendered":"<p>Xenical on retseptiravim, mis aitab toetada kaalulangust \u00fclekaalulistel v\u00f5i rasvunud isikutel. See sisaldab toimeainet orlistati, mis toimib, blokeerides toidurasva imendumise. Erinevalt isukao ravimitest toimib Xenical kohapeal seedes\u00fcsteemis ja v\u00f5ib v\u00e4hendada rasva imendumist umbes kolmandiku v\u00f5rra tarbitud rasvast.<\/p>\n<p>Imendumata rasv elimineeritakse seej\u00e4rel loomulikult sooletegevuse kaudu. See aitab v\u00e4hendada kaloraa\u017ei, mis viib j\u00e4rkj\u00e4rgulise ja p\u00fcsiva kaalulanguseni, kui seda kombineerida madala kalorsusega, madala rasvasisaldusega dieediga. Xenicalit soovitatakse tavaliselt isikutele, kelle kehamassiindeks (KMI) on \u2265 30 kg\/m\u00b2 v\u00f5i \u2265 28 kg\/m\u00b2, kui esinevad kaaluga seotud terviseprobleemid, nagu h\u00fcpertensioon v\u00f5i II t\u00fc\u00fcpi diabeet.<\/p>\n<p>Xenicalit v\u00f5etakse tavaliselt kolm korda p\u00e4evas iga peamise toidukorra ajal, mis sisaldab rasva. Ravi ajal on oluline j\u00e4rgida toitumiselt tasakaalustatud, kergelt h\u00fcpokaloreid dieeti. \u00d5lide lahustuvate vitamiinide n\u00f5uetekohase imendumise tagamiseks soovitatakse igap\u00e4evast multivitamiini toidulisandit, mis sisaldab vitamiine A, D, E ja K, mida tuleks v\u00f5tta v\u00e4hemalt kaks tundi enne v\u00f5i p\u00e4rast Xenicali v\u00f5tmist.<\/p>\n<p>Levinud k\u00f5rvaltoimed h\u00f5lmavad kergeid seedetrakti s\u00fcmptomeid, nagu \u00f5lised v\u00f5i rasvased v\u00e4ljaheited, suurenenud gaaside teke v\u00f5i sagedasem sooletegevus. Need s\u00fcmptomid paranevad sageli j\u00e4tkuva kasutamise ja madala rasvasisaldusega dieedi j\u00e4rgimise korral. Harva on orlistat seotud t\u00f5usnud maksens\u00fc\u00fcmide v\u00f5i \u00e4geda neerukahjustusega; konsulteerige oma arstiga, kui teil esinevad k\u00f5huvalud, tume uriin v\u00f5i veri v\u00e4ljaheites. Observatsioonilised uuringud n\u00e4itavad keskmist platseebokorrigeeritud kaalulangust 3,2 kg \u00fche aasta jooksul.<\/p>\n<p>Xenical v\u00f5ib aidata parandada rasvumisega seotud tervisemarke, sealhulgas m\u00f5\u00f5dukaid v\u00e4henemisi veresuhkru, kolesterooli ja verer\u00f5hu tasemes, eriti kui seda kombineerida elustiili muutustega. Kuid see on m\u00f5eldud krooniliseks kasutamiseks arsti j\u00e4relevalve all.<\/p>\n","protected":false},"excerpt":{"rendered":"<ul>\n<li>Blokeerib toidurasva imendumise<\/li>\n<li>Aitab j\u00e4rkj\u00e4rgulisel kaalulangetamisel<\/li>\n<li>Toetab rasvumise ravi arsti juhendamisel<\/li>\n<\/ul>\n","protected":false},"featured_media":759,"comment_status":"open","ping_status":"closed","template":"","meta":[],"product_brand":[],"product_cat":[194],"product_tag":[],"expert":[19],"class_list":{"0":"post-757","1":"product","2":"type-product","3":"status-publish","4":"has-post-thumbnail","6":"product_cat-kaalulangetus","7":"expert-dr-j-vazquez","9":"first","10":"instock","11":"shipping-taxable","12":"product-type-variable"},"yoast_head":"<!-- This site is optimized with the Yoast SEO plugin v27.0 - https:\/\/yoast.com\/product\/yoast-seo-wordpress\/ -->\n<title>Xenical | Kaaluhalduse Tugi - Transtoyou<\/title>\n<meta name=\"description\" content=\"Avasta Xenical Transtoyou&#039;s, t\u00f5hus kehakaalu juhtimiseks. Osta n\u00fc\u00fcd kliiniliselt heakskiidetud ravilahendusi.\" \/>\n<meta name=\"robots\" content=\"noindex, follow, max-snippet:-1, max-image-preview:large, max-video-preview:-1\" \/>\n<meta property=\"og:locale\" content=\"et_EE\" \/>\n<meta property=\"og:type\" content=\"article\" \/>\n<meta property=\"og:title\" content=\"Xenical | Kaaluhalduse Tugi - Transtoyou\" \/>\n<meta property=\"og:description\" content=\"Avasta Xenical Transtoyou&#039;s, t\u00f5hus kehakaalu juhtimiseks. Osta n\u00fc\u00fcd kliiniliselt heakskiidetud ravilahendusi.\" \/>\n<meta property=\"og:url\" content=\"https:\/\/www.transtoyou.com\/et\/product\/xenical\/\" \/>\n<meta property=\"og:site_name\" content=\"Transtoyou - ET\" \/>\n<meta property=\"article:modified_time\" content=\"2026-03-08T10:51:05+00:00\" \/>\n<meta name=\"twitter:card\" content=\"summary_large_image\" \/>\n<meta name=\"twitter:label1\" content=\"Est. reading time\" \/>\n\t<meta name=\"twitter:data1\" content=\"1 minut\" \/>\n<script type=\"application\/ld+json\" class=\"yoast-schema-graph\">{\"@context\":\"https:\/\/schema.org\",\"@graph\":[{\"@type\":\"WebPage\",\"@id\":\"https:\/\/www.transtoyou.com\/et\/product\/xenical\/\",\"url\":\"https:\/\/www.transtoyou.com\/et\/product\/xenical\/\",\"name\":\"Xenical | Kaaluhalduse Tugi - Transtoyou\",\"isPartOf\":{\"@id\":\"https:\/\/www.transtoyou.com\/et\/#website\"},\"primaryImageOfPage\":{\"@id\":\"https:\/\/www.transtoyou.com\/et\/product\/xenical\/#primaryimage\"},\"image\":{\"@id\":\"https:\/\/www.transtoyou.com\/et\/product\/xenical\/#primaryimage\"},\"thumbnailUrl\":\"https:\/\/www.transtoyou.com\/et\/wp-content\/uploads\/sites\/7\/2026\/01\/tty-no-product-image-11.webp\",\"datePublished\":\"2026-01-22T15:16:31+00:00\",\"dateModified\":\"2026-03-08T10:51:05+00:00\",\"description\":\"Avasta Xenical Transtoyou's, t\u00f5hus kehakaalu juhtimiseks. Osta n\u00fc\u00fcd kliiniliselt heakskiidetud ravilahendusi.\",\"breadcrumb\":{\"@id\":\"https:\/\/www.transtoyou.com\/et\/product\/xenical\/#breadcrumb\"},\"inLanguage\":\"et\",\"potentialAction\":[{\"@type\":\"ReadAction\",\"target\":[\"https:\/\/www.transtoyou.com\/et\/product\/xenical\/\"]}]},{\"@type\":\"ImageObject\",\"inLanguage\":\"et\",\"@id\":\"https:\/\/www.transtoyou.com\/et\/product\/xenical\/#primaryimage\",\"url\":\"https:\/\/www.transtoyou.com\/et\/wp-content\/uploads\/sites\/7\/2026\/01\/tty-no-product-image-11.webp\",\"contentUrl\":\"https:\/\/www.transtoyou.com\/et\/wp-content\/uploads\/sites\/7\/2026\/01\/tty-no-product-image-11.webp\",\"width\":1000,\"height\":1000,\"caption\":\"Vaikimisi toote pilt\"},{\"@type\":\"WebSite\",\"@id\":\"https:\/\/www.transtoyou.com\/et\/#website\",\"url\":\"https:\/\/www.transtoyou.com\/et\/\",\"name\":\"Transtoyou - ET\",\"description\":\"\",\"publisher\":{\"@id\":\"https:\/\/www.transtoyou.com\/et\/#organization\"},\"potentialAction\":[{\"@type\":\"SearchAction\",\"target\":{\"@type\":\"EntryPoint\",\"urlTemplate\":\"https:\/\/www.transtoyou.com\/et\/?s={search_term_string}\"},\"query-input\":{\"@type\":\"PropertyValueSpecification\",\"valueRequired\":true,\"valueName\":\"search_term_string\"}}],\"inLanguage\":\"et\"},{\"@type\":\"Organization\",\"@id\":\"https:\/\/www.transtoyou.com\/et\/#organization\",\"name\":\"Transtoyou - ET\",\"url\":\"https:\/\/www.transtoyou.com\/et\/\",\"logo\":{\"@type\":\"ImageObject\",\"inLanguage\":\"et\",\"@id\":\"https:\/\/www.transtoyou.com\/et\/#\/schema\/logo\/image\/\",\"url\":\"https:\/\/www.transtoyou.com\/et\/wp-content\/uploads\/sites\/7\/2026\/01\/logo-tty-menu-bar-300x87-1.webp\",\"contentUrl\":\"https:\/\/www.transtoyou.com\/et\/wp-content\/uploads\/sites\/7\/2026\/01\/logo-tty-menu-bar-300x87-1.webp\",\"width\":300,\"height\":87,\"caption\":\"Transtoyou - ET\"},\"image\":{\"@id\":\"https:\/\/www.transtoyou.com\/et\/#\/schema\/logo\/image\/\"}}]}<\/script>\n<!-- \/ Yoast SEO plugin. -->","yoast_head_json":{"title":"Xenical | Kaaluhalduse Tugi - Transtoyou","description":"Avasta Xenical Transtoyou's, t\u00f5hus kehakaalu juhtimiseks. Osta n\u00fc\u00fcd kliiniliselt heakskiidetud ravilahendusi.","robots":{"index":"noindex","follow":"follow","max-snippet":"max-snippet:-1","max-image-preview":"max-image-preview:large","max-video-preview":"max-video-preview:-1"},"og_locale":"et_EE","og_type":"article","og_title":"Xenical | Kaaluhalduse Tugi - Transtoyou","og_description":"Avasta Xenical Transtoyou's, t\u00f5hus kehakaalu juhtimiseks. Osta n\u00fc\u00fcd kliiniliselt heakskiidetud ravilahendusi.","og_url":"https:\/\/www.transtoyou.com\/et\/product\/xenical\/","og_site_name":"Transtoyou - ET","article_modified_time":"2026-03-08T10:51:05+00:00","twitter_card":"summary_large_image","twitter_misc":{"Est. reading time":"1 minut"},"schema":{"@context":"https:\/\/schema.org","@graph":[{"@type":"WebPage","@id":"https:\/\/www.transtoyou.com\/et\/product\/xenical\/","url":"https:\/\/www.transtoyou.com\/et\/product\/xenical\/","name":"Xenical | Kaaluhalduse Tugi - Transtoyou","isPartOf":{"@id":"https:\/\/www.transtoyou.com\/et\/#website"},"primaryImageOfPage":{"@id":"https:\/\/www.transtoyou.com\/et\/product\/xenical\/#primaryimage"},"image":{"@id":"https:\/\/www.transtoyou.com\/et\/product\/xenical\/#primaryimage"},"thumbnailUrl":"https:\/\/www.transtoyou.com\/et\/wp-content\/uploads\/sites\/7\/2026\/01\/tty-no-product-image-11.webp","datePublished":"2026-01-22T15:16:31+00:00","dateModified":"2026-03-08T10:51:05+00:00","description":"Avasta Xenical Transtoyou's, t\u00f5hus kehakaalu juhtimiseks. Osta n\u00fc\u00fcd kliiniliselt heakskiidetud ravilahendusi.","breadcrumb":{"@id":"https:\/\/www.transtoyou.com\/et\/product\/xenical\/#breadcrumb"},"inLanguage":"et","potentialAction":[{"@type":"ReadAction","target":["https:\/\/www.transtoyou.com\/et\/product\/xenical\/"]}]},{"@type":"ImageObject","inLanguage":"et","@id":"https:\/\/www.transtoyou.com\/et\/product\/xenical\/#primaryimage","url":"https:\/\/www.transtoyou.com\/et\/wp-content\/uploads\/sites\/7\/2026\/01\/tty-no-product-image-11.webp","contentUrl":"https:\/\/www.transtoyou.com\/et\/wp-content\/uploads\/sites\/7\/2026\/01\/tty-no-product-image-11.webp","width":1000,"height":1000,"caption":"Vaikimisi toote pilt"},{"@type":"WebSite","@id":"https:\/\/www.transtoyou.com\/et\/#website","url":"https:\/\/www.transtoyou.com\/et\/","name":"Transtoyou - ET","description":"","publisher":{"@id":"https:\/\/www.transtoyou.com\/et\/#organization"},"potentialAction":[{"@type":"SearchAction","target":{"@type":"EntryPoint","urlTemplate":"https:\/\/www.transtoyou.com\/et\/?s={search_term_string}"},"query-input":{"@type":"PropertyValueSpecification","valueRequired":true,"valueName":"search_term_string"}}],"inLanguage":"et"},{"@type":"Organization","@id":"https:\/\/www.transtoyou.com\/et\/#organization","name":"Transtoyou - ET","url":"https:\/\/www.transtoyou.com\/et\/","logo":{"@type":"ImageObject","inLanguage":"et","@id":"https:\/\/www.transtoyou.com\/et\/#\/schema\/logo\/image\/","url":"https:\/\/www.transtoyou.com\/et\/wp-content\/uploads\/sites\/7\/2026\/01\/logo-tty-menu-bar-300x87-1.webp","contentUrl":"https:\/\/www.transtoyou.com\/et\/wp-content\/uploads\/sites\/7\/2026\/01\/logo-tty-menu-bar-300x87-1.webp","width":300,"height":87,"caption":"Transtoyou - ET"},"image":{"@id":"https:\/\/www.transtoyou.com\/et\/#\/schema\/logo\/image\/"}}]}},"_links":{"self":[{"href":"https:\/\/www.transtoyou.com\/et\/wp-json\/wp\/v2\/product\/757","targetHints":{"allow":["GET"]}}],"collection":[{"href":"https:\/\/www.transtoyou.com\/et\/wp-json\/wp\/v2\/product"}],"about":[{"href":"https:\/\/www.transtoyou.com\/et\/wp-json\/wp\/v2\/types\/product"}],"replies":[{"embeddable":true,"href":"https:\/\/www.transtoyou.com\/et\/wp-json\/wp\/v2\/comments?post=757"}],"wp:featuredmedia":[{"embeddable":true,"href":"https:\/\/www.transtoyou.com\/et\/wp-json\/wp\/v2\/media\/759"}],"wp:attachment":[{"href":"https:\/\/www.transtoyou.com\/et\/wp-json\/wp\/v2\/media?parent=757"}],"wp:term":[{"taxonomy":"product_brand","embeddable":true,"href":"https:\/\/www.transtoyou.com\/et\/wp-json\/wp\/v2\/product_brand?post=757"},{"taxonomy":"product_cat","embeddable":true,"href":"https:\/\/www.transtoyou.com\/et\/wp-json\/wp\/v2\/product_cat?post=757"},{"taxonomy":"product_tag","embeddable":true,"href":"https:\/\/www.transtoyou.com\/et\/wp-json\/wp\/v2\/product_tag?post=757"},{"taxonomy":"expert","embeddable":true,"href":"https:\/\/www.transtoyou.com\/et\/wp-json\/wp\/v2\/expert?post=757"}],"curies":[{"name":"wp","href":"https:\/\/api.w.org\/{rel}","templated":true}]}}