{"id":760,"date":"2026-01-22T17:32:56","date_gmt":"2026-01-22T15:32:56","guid":{"rendered":"https:\/\/www.transtoyou.com\/et\/product\/diflucan\/"},"modified":"2026-01-22T17:34:07","modified_gmt":"2026-01-22T15:34:07","slug":"diflucan","status":"publish","type":"product","link":"https:\/\/www.transtoyou.com\/et\/product\/diflucan\/","title":{"rendered":"Diflucan"},"content":{"rendered":"<p>Diflucan on suukaudne seeniorivastane ravim, mida kasutatakse tupe seeninfektsioonide raviks, mida p\u00f5hjustab Candida. See sisaldab fluconazooli, s\u00fcsteemset seeniorivastast ainet, mis sihib juurp\u00f5hjust, segades seenrakkude rakumembraani. Erinevalt kohalikest ravimitest v\u00f5etakse seda \u00fche suukaudse annusena.<\/p>\n<p>Candida infektsioonid, mida tuntakse ka kui suuhaigus, v\u00f5ivad p\u00f5hjustada s\u00fcgelust, \u00e4rritust, turset ja ebanormaalset eritust, kuna loomulik tupe mikrofloor on h\u00e4iritud. Diflucan toimib ergosterooli, seenrakkude seina olulise komponendi, moodustumise blokeerimise kaudu, mis viib seenrakkude surmani ja infektsiooni lahendamiseni.<\/p>\n<p>Kuna seda v\u00f5etakse suukaudselt, toimib Diflucan s\u00fcsteemselt ja v\u00f5ib olla eriti kasulik inimestele, kes eelistavad \u00fchekordset ravi v\u00f5i ei saa kasutada tupe tooteid. Paljud inimesed v\u00f5ivad kogeda s\u00fcmptomite leevendust 24 kuni 48 tunni jooksul, kuigi t\u00e4ielikuks lahendamiseks v\u00f5ib olla vajalik mitu p\u00e4eva.<\/p>\n<p>K\u00f5rvaltoimed on tavaliselt kerged ja v\u00f5ivad h\u00f5lmata iiveldust, peavalu, k\u00f5huvalu v\u00f5i k\u00f5hulahtisust. Seda tuleks kasutada ettevaatlikult inimestel, kellel on maksahaigused v\u00f5i kes v\u00f5tavad ravimeid, mis interakteeruvad fluconazooliga, eriti neid, mis m\u00f5jutavad s\u00fcdame r\u00fctmi v\u00f5i maksaens\u00fc\u00fcme.<\/p>\n<p>Diflucani kasutatakse sageli \u00fcksikute suuhaiguse episoodide korral, kuid seda v\u00f5ib v\u00e4lja kirjutada ka osana pikemaajalistest plaanidest korduvate infektsioonide korral. Raseduse varajases staadiumis ei soovitata seda ilma arsti n\u00f5uandeta; \u00fchekordne 150 mg annus n\u00e4ib olevat madala riskiga, kuid korduvad v\u00f5i suured annused v\u00f5ivad kanda potentsiaalset kahju.<\/p>\n","protected":false},"excerpt":{"rendered":"<ul>\n<li>\u00dchekordne kandidoosi ravi<\/li>\n<li>Sihtm\u00e4rgiks on Candida s\u00fcsteemselt<\/li>\n<li>T\u00f5hus suuline seenevastane leevendus<\/li>\n<\/ul>\n","protected":false},"featured_media":762,"comment_status":"open","ping_status":"closed","template":"","meta":[],"product_brand":[],"product_cat":[106,191],"product_tag":[],"expert":[19],"class_list":{"0":"post-760","1":"product","2":"type-product","3":"status-publish","4":"has-post-thumbnail","6":"product_cat-kandida","7":"product_cat-vaginaalsed-nakkused-seenevastased-ravimite","8":"expert-dr-j-vazquez","10":"first","11":"instock","12":"shipping-taxable","13":"product-type-variable"},"yoast_head":"<!-- This site is optimized with the Yoast SEO plugin v27.0 - https:\/\/yoast.com\/product\/yoast-seo-wordpress\/ -->\n<title>Diflucan | T\u00f5hus Seenevastane Lahendus - Transtoyou<\/title>\n<meta name=\"description\" content=\"Lahenda seeninfektsioonid Diflucaniga, saadaval Transtoyou&#039;s. Osta n\u00fc\u00fcd t\u00f5hus ravi ja leevenda oma s\u00fcmptomeid juba t\u00e4na.\" \/>\n<meta name=\"robots\" content=\"noindex, follow, max-snippet:-1, max-image-preview:large, max-video-preview:-1\" \/>\n<meta property=\"og:locale\" content=\"et_EE\" \/>\n<meta property=\"og:type\" content=\"article\" \/>\n<meta property=\"og:title\" content=\"Diflucan | T\u00f5hus Seenevastane Lahendus - Transtoyou\" \/>\n<meta property=\"og:description\" content=\"Lahenda seeninfektsioonid Diflucaniga, saadaval Transtoyou&#039;s. Osta n\u00fc\u00fcd t\u00f5hus ravi ja leevenda oma s\u00fcmptomeid juba t\u00e4na.\" \/>\n<meta property=\"og:url\" content=\"https:\/\/www.transtoyou.com\/et\/product\/diflucan\/\" \/>\n<meta property=\"og:site_name\" content=\"Transtoyou - ET\" \/>\n<meta property=\"article:modified_time\" content=\"2026-01-22T15:34:07+00:00\" \/>\n<meta name=\"twitter:card\" content=\"summary_large_image\" \/>\n<meta name=\"twitter:label1\" content=\"Est. reading time\" \/>\n\t<meta name=\"twitter:data1\" content=\"1 minut\" \/>\n<script type=\"application\/ld+json\" class=\"yoast-schema-graph\">{\"@context\":\"https:\/\/schema.org\",\"@graph\":[{\"@type\":\"WebPage\",\"@id\":\"https:\/\/www.transtoyou.com\/et\/product\/diflucan\/\",\"url\":\"https:\/\/www.transtoyou.com\/et\/product\/diflucan\/\",\"name\":\"Diflucan | T\u00f5hus Seenevastane Lahendus - Transtoyou\",\"isPartOf\":{\"@id\":\"https:\/\/www.transtoyou.com\/et\/#website\"},\"primaryImageOfPage\":{\"@id\":\"https:\/\/www.transtoyou.com\/et\/product\/diflucan\/#primaryimage\"},\"image\":{\"@id\":\"https:\/\/www.transtoyou.com\/et\/product\/diflucan\/#primaryimage\"},\"thumbnailUrl\":\"https:\/\/www.transtoyou.com\/et\/wp-content\/uploads\/sites\/7\/2026\/01\/tty-no-product-image-12.webp\",\"datePublished\":\"2026-01-22T15:32:56+00:00\",\"dateModified\":\"2026-01-22T15:34:07+00:00\",\"description\":\"Lahenda seeninfektsioonid Diflucaniga, saadaval Transtoyou's. Osta n\u00fc\u00fcd t\u00f5hus ravi ja leevenda oma s\u00fcmptomeid juba t\u00e4na.\",\"breadcrumb\":{\"@id\":\"https:\/\/www.transtoyou.com\/et\/product\/diflucan\/#breadcrumb\"},\"inLanguage\":\"et\",\"potentialAction\":[{\"@type\":\"ReadAction\",\"target\":[\"https:\/\/www.transtoyou.com\/et\/product\/diflucan\/\"]}]},{\"@type\":\"ImageObject\",\"inLanguage\":\"et\",\"@id\":\"https:\/\/www.transtoyou.com\/et\/product\/diflucan\/#primaryimage\",\"url\":\"https:\/\/www.transtoyou.com\/et\/wp-content\/uploads\/sites\/7\/2026\/01\/tty-no-product-image-12.webp\",\"contentUrl\":\"https:\/\/www.transtoyou.com\/et\/wp-content\/uploads\/sites\/7\/2026\/01\/tty-no-product-image-12.webp\",\"width\":1000,\"height\":1000,\"caption\":\"Vaikimisi toote pilt\"},{\"@type\":\"WebSite\",\"@id\":\"https:\/\/www.transtoyou.com\/et\/#website\",\"url\":\"https:\/\/www.transtoyou.com\/et\/\",\"name\":\"Transtoyou - ET\",\"description\":\"\",\"publisher\":{\"@id\":\"https:\/\/www.transtoyou.com\/et\/#organization\"},\"potentialAction\":[{\"@type\":\"SearchAction\",\"target\":{\"@type\":\"EntryPoint\",\"urlTemplate\":\"https:\/\/www.transtoyou.com\/et\/?s={search_term_string}\"},\"query-input\":{\"@type\":\"PropertyValueSpecification\",\"valueRequired\":true,\"valueName\":\"search_term_string\"}}],\"inLanguage\":\"et\"},{\"@type\":\"Organization\",\"@id\":\"https:\/\/www.transtoyou.com\/et\/#organization\",\"name\":\"Transtoyou - ET\",\"url\":\"https:\/\/www.transtoyou.com\/et\/\",\"logo\":{\"@type\":\"ImageObject\",\"inLanguage\":\"et\",\"@id\":\"https:\/\/www.transtoyou.com\/et\/#\/schema\/logo\/image\/\",\"url\":\"https:\/\/www.transtoyou.com\/et\/wp-content\/uploads\/sites\/7\/2026\/01\/logo-tty-menu-bar-300x87-1.webp\",\"contentUrl\":\"https:\/\/www.transtoyou.com\/et\/wp-content\/uploads\/sites\/7\/2026\/01\/logo-tty-menu-bar-300x87-1.webp\",\"width\":300,\"height\":87,\"caption\":\"Transtoyou - ET\"},\"image\":{\"@id\":\"https:\/\/www.transtoyou.com\/et\/#\/schema\/logo\/image\/\"}}]}<\/script>\n<!-- \/ Yoast SEO plugin. -->","yoast_head_json":{"title":"Diflucan | T\u00f5hus Seenevastane Lahendus - Transtoyou","description":"Lahenda seeninfektsioonid Diflucaniga, saadaval Transtoyou's. Osta n\u00fc\u00fcd t\u00f5hus ravi ja leevenda oma s\u00fcmptomeid juba t\u00e4na.","robots":{"index":"noindex","follow":"follow","max-snippet":"max-snippet:-1","max-image-preview":"max-image-preview:large","max-video-preview":"max-video-preview:-1"},"og_locale":"et_EE","og_type":"article","og_title":"Diflucan | T\u00f5hus Seenevastane Lahendus - Transtoyou","og_description":"Lahenda seeninfektsioonid Diflucaniga, saadaval Transtoyou's. Osta n\u00fc\u00fcd t\u00f5hus ravi ja leevenda oma s\u00fcmptomeid juba t\u00e4na.","og_url":"https:\/\/www.transtoyou.com\/et\/product\/diflucan\/","og_site_name":"Transtoyou - ET","article_modified_time":"2026-01-22T15:34:07+00:00","twitter_card":"summary_large_image","twitter_misc":{"Est. reading time":"1 minut"},"schema":{"@context":"https:\/\/schema.org","@graph":[{"@type":"WebPage","@id":"https:\/\/www.transtoyou.com\/et\/product\/diflucan\/","url":"https:\/\/www.transtoyou.com\/et\/product\/diflucan\/","name":"Diflucan | T\u00f5hus Seenevastane Lahendus - Transtoyou","isPartOf":{"@id":"https:\/\/www.transtoyou.com\/et\/#website"},"primaryImageOfPage":{"@id":"https:\/\/www.transtoyou.com\/et\/product\/diflucan\/#primaryimage"},"image":{"@id":"https:\/\/www.transtoyou.com\/et\/product\/diflucan\/#primaryimage"},"thumbnailUrl":"https:\/\/www.transtoyou.com\/et\/wp-content\/uploads\/sites\/7\/2026\/01\/tty-no-product-image-12.webp","datePublished":"2026-01-22T15:32:56+00:00","dateModified":"2026-01-22T15:34:07+00:00","description":"Lahenda seeninfektsioonid Diflucaniga, saadaval Transtoyou's. Osta n\u00fc\u00fcd t\u00f5hus ravi ja leevenda oma s\u00fcmptomeid juba t\u00e4na.","breadcrumb":{"@id":"https:\/\/www.transtoyou.com\/et\/product\/diflucan\/#breadcrumb"},"inLanguage":"et","potentialAction":[{"@type":"ReadAction","target":["https:\/\/www.transtoyou.com\/et\/product\/diflucan\/"]}]},{"@type":"ImageObject","inLanguage":"et","@id":"https:\/\/www.transtoyou.com\/et\/product\/diflucan\/#primaryimage","url":"https:\/\/www.transtoyou.com\/et\/wp-content\/uploads\/sites\/7\/2026\/01\/tty-no-product-image-12.webp","contentUrl":"https:\/\/www.transtoyou.com\/et\/wp-content\/uploads\/sites\/7\/2026\/01\/tty-no-product-image-12.webp","width":1000,"height":1000,"caption":"Vaikimisi toote pilt"},{"@type":"WebSite","@id":"https:\/\/www.transtoyou.com\/et\/#website","url":"https:\/\/www.transtoyou.com\/et\/","name":"Transtoyou - ET","description":"","publisher":{"@id":"https:\/\/www.transtoyou.com\/et\/#organization"},"potentialAction":[{"@type":"SearchAction","target":{"@type":"EntryPoint","urlTemplate":"https:\/\/www.transtoyou.com\/et\/?s={search_term_string}"},"query-input":{"@type":"PropertyValueSpecification","valueRequired":true,"valueName":"search_term_string"}}],"inLanguage":"et"},{"@type":"Organization","@id":"https:\/\/www.transtoyou.com\/et\/#organization","name":"Transtoyou - ET","url":"https:\/\/www.transtoyou.com\/et\/","logo":{"@type":"ImageObject","inLanguage":"et","@id":"https:\/\/www.transtoyou.com\/et\/#\/schema\/logo\/image\/","url":"https:\/\/www.transtoyou.com\/et\/wp-content\/uploads\/sites\/7\/2026\/01\/logo-tty-menu-bar-300x87-1.webp","contentUrl":"https:\/\/www.transtoyou.com\/et\/wp-content\/uploads\/sites\/7\/2026\/01\/logo-tty-menu-bar-300x87-1.webp","width":300,"height":87,"caption":"Transtoyou - ET"},"image":{"@id":"https:\/\/www.transtoyou.com\/et\/#\/schema\/logo\/image\/"}}]}},"_links":{"self":[{"href":"https:\/\/www.transtoyou.com\/et\/wp-json\/wp\/v2\/product\/760","targetHints":{"allow":["GET"]}}],"collection":[{"href":"https:\/\/www.transtoyou.com\/et\/wp-json\/wp\/v2\/product"}],"about":[{"href":"https:\/\/www.transtoyou.com\/et\/wp-json\/wp\/v2\/types\/product"}],"replies":[{"embeddable":true,"href":"https:\/\/www.transtoyou.com\/et\/wp-json\/wp\/v2\/comments?post=760"}],"wp:featuredmedia":[{"embeddable":true,"href":"https:\/\/www.transtoyou.com\/et\/wp-json\/wp\/v2\/media\/762"}],"wp:attachment":[{"href":"https:\/\/www.transtoyou.com\/et\/wp-json\/wp\/v2\/media?parent=760"}],"wp:term":[{"taxonomy":"product_brand","embeddable":true,"href":"https:\/\/www.transtoyou.com\/et\/wp-json\/wp\/v2\/product_brand?post=760"},{"taxonomy":"product_cat","embeddable":true,"href":"https:\/\/www.transtoyou.com\/et\/wp-json\/wp\/v2\/product_cat?post=760"},{"taxonomy":"product_tag","embeddable":true,"href":"https:\/\/www.transtoyou.com\/et\/wp-json\/wp\/v2\/product_tag?post=760"},{"taxonomy":"expert","embeddable":true,"href":"https:\/\/www.transtoyou.com\/et\/wp-json\/wp\/v2\/expert?post=760"}],"curies":[{"name":"wp","href":"https:\/\/api.w.org\/{rel}","templated":true}]}}