{"id":793,"date":"2026-01-22T20:32:28","date_gmt":"2026-01-22T18:32:28","guid":{"rendered":"https:\/\/www.transtoyou.com\/et\/product\/nicorette\/"},"modified":"2026-01-22T20:33:40","modified_gmt":"2026-01-22T18:33:40","slug":"nicorette","status":"publish","type":"product","link":"https:\/\/www.transtoyou.com\/et\/product\/nicorette\/","title":{"rendered":"Nicorette"},"content":{"rendered":"<p>Nicorette on laialdaselt tunnustatud nikotiinivahetusravi (NRT) br\u00e4nd, mis on loodud toetama inimesi, kes p\u00fc\u00fcavad suitsetamisest loobuda. See on saadaval erinevates vormides. Nicorette toimetab kehasse kontrollitud koguseid nikotiini ilma sigarettides leiduvate kahjulike ainete. See aitab v\u00e4hendada v\u00f5\u00f5rutusn\u00e4hte ja isusid, muutes suitsetamisest loobumise sujuvamaks.<\/p>\n<p>Aeglaselt v\u00e4hendades keha s\u00f5ltuvust nikotiinist, v\u00f5imaldab Nicorette suitsetajatel keskenduda suitsetamise k\u00e4itumisharjumuse murdmisele ilma intensiivsete f\u00fc\u00fcsiliste v\u00f5\u00f5rutusn\u00e4htudeta. Iga Nicorette toode pakub paindlikku viisi loobumiskava kohandamiseks individuaalsete eelistuste ja eluviisidega. N\u00e4iteks plaastrid pakuvad pidevat nikotiini kogu p\u00e4eva jooksul, samas kui n\u00e4rimiskumm v\u00f5i pastillid pakuvad kiiremat leevendust isude ajal.<\/p>\n<p>Nicorette tooteid kasutatakse tavaliselt 8 kuni 12 n\u00e4dala jooksul, annust v\u00e4hendades aja jooksul. Neid saab kasutada iseseisvalt v\u00f5i koos, n\u00e4iteks kombineerides plaastri n\u00e4rimiskummiga.<\/p>\n<p>K\u00f5rvaltoimed v\u00f5ivad h\u00f5lmata kerget kurgu- v\u00f5i suueiritust, hikka, naha tundlikkust (plaastritest) v\u00f5i k\u00f5huvalu. Need m\u00f5jud on tavaliselt ajutised. Nicorette&#8217;i ei soovitata raseduse ega imetamise ajal, v\u00e4lja arvatud juhul, kui arst on selle heaks kiitnud.<\/p>\n","protected":false},"excerpt":{"rendered":"<ul>\n<li>V\u00e4hendab nikotiini isu<\/li>\n<li>Saadaval mitmes formaadis<\/li>\n<li>Aitab suitsetamisest j\u00e4rk-j\u00e4rgult loobuda<\/li>\n<\/ul>\n","protected":false},"featured_media":795,"comment_status":"open","ping_status":"closed","template":"","meta":[],"product_brand":[],"product_cat":[183],"product_tag":[],"expert":[16],"class_list":{"0":"post-793","1":"product","2":"type-product","3":"status-publish","4":"has-post-thumbnail","6":"product_cat-suitsetamise-lopetamise-abivahendid","7":"expert-dr-c-alexandru","9":"first","10":"instock","11":"shipping-taxable","12":"product-type-variable"},"yoast_head":"<!-- This site is optimized with the Yoast SEO plugin v27.0 - https:\/\/yoast.com\/product\/yoast-seo-wordpress\/ -->\n<title>Nicorette | Suitsetamise l\u00f5petamise abivahend ja isu leevendamine - Transtoyou<\/title>\n<meta name=\"description\" content=\"Nicorette, saadaval Transtoyou&#039;s, aitab leevendada suitsetamisest loobumise s\u00fcmptomeid kontrollitud nikotiiniga. Osta n\u00fc\u00fcd paindlikke loobumisplaane, mis on kohandatud just sulle.\" \/>\n<meta name=\"robots\" content=\"noindex, follow, max-snippet:-1, max-image-preview:large, max-video-preview:-1\" \/>\n<meta property=\"og:locale\" content=\"et_EE\" \/>\n<meta property=\"og:type\" content=\"article\" \/>\n<meta property=\"og:title\" content=\"Nicorette | Suitsetamise l\u00f5petamise abivahend ja isu leevendamine - Transtoyou\" \/>\n<meta property=\"og:description\" content=\"Nicorette, saadaval Transtoyou&#039;s, aitab leevendada suitsetamisest loobumise s\u00fcmptomeid kontrollitud nikotiiniga. Osta n\u00fc\u00fcd paindlikke loobumisplaane, mis on kohandatud just sulle.\" \/>\n<meta property=\"og:url\" content=\"https:\/\/www.transtoyou.com\/et\/product\/nicorette\/\" \/>\n<meta property=\"og:site_name\" content=\"Transtoyou - ET\" \/>\n<meta property=\"article:modified_time\" content=\"2026-01-22T18:33:40+00:00\" \/>\n<meta name=\"twitter:card\" content=\"summary_large_image\" \/>\n<meta name=\"twitter:label1\" content=\"Est. reading time\" \/>\n\t<meta name=\"twitter:data1\" content=\"1 minut\" \/>\n<script type=\"application\/ld+json\" class=\"yoast-schema-graph\">{\"@context\":\"https:\/\/schema.org\",\"@graph\":[{\"@type\":\"WebPage\",\"@id\":\"https:\/\/www.transtoyou.com\/et\/product\/nicorette\/\",\"url\":\"https:\/\/www.transtoyou.com\/et\/product\/nicorette\/\",\"name\":\"Nicorette | Suitsetamise l\u00f5petamise abivahend ja isu leevendamine - Transtoyou\",\"isPartOf\":{\"@id\":\"https:\/\/www.transtoyou.com\/et\/#website\"},\"primaryImageOfPage\":{\"@id\":\"https:\/\/www.transtoyou.com\/et\/product\/nicorette\/#primaryimage\"},\"image\":{\"@id\":\"https:\/\/www.transtoyou.com\/et\/product\/nicorette\/#primaryimage\"},\"thumbnailUrl\":\"https:\/\/www.transtoyou.com\/et\/wp-content\/uploads\/sites\/7\/2026\/01\/tty-no-product-image-23.webp\",\"datePublished\":\"2026-01-22T18:32:28+00:00\",\"dateModified\":\"2026-01-22T18:33:40+00:00\",\"description\":\"Nicorette, saadaval Transtoyou's, aitab leevendada suitsetamisest loobumise s\u00fcmptomeid kontrollitud nikotiiniga. Osta n\u00fc\u00fcd paindlikke loobumisplaane, mis on kohandatud just sulle.\",\"breadcrumb\":{\"@id\":\"https:\/\/www.transtoyou.com\/et\/product\/nicorette\/#breadcrumb\"},\"inLanguage\":\"et\",\"potentialAction\":[{\"@type\":\"ReadAction\",\"target\":[\"https:\/\/www.transtoyou.com\/et\/product\/nicorette\/\"]}]},{\"@type\":\"ImageObject\",\"inLanguage\":\"et\",\"@id\":\"https:\/\/www.transtoyou.com\/et\/product\/nicorette\/#primaryimage\",\"url\":\"https:\/\/www.transtoyou.com\/et\/wp-content\/uploads\/sites\/7\/2026\/01\/tty-no-product-image-23.webp\",\"contentUrl\":\"https:\/\/www.transtoyou.com\/et\/wp-content\/uploads\/sites\/7\/2026\/01\/tty-no-product-image-23.webp\",\"width\":1000,\"height\":1000,\"caption\":\"Vaikimisi toote pilt\"},{\"@type\":\"WebSite\",\"@id\":\"https:\/\/www.transtoyou.com\/et\/#website\",\"url\":\"https:\/\/www.transtoyou.com\/et\/\",\"name\":\"Transtoyou - ET\",\"description\":\"\",\"publisher\":{\"@id\":\"https:\/\/www.transtoyou.com\/et\/#organization\"},\"potentialAction\":[{\"@type\":\"SearchAction\",\"target\":{\"@type\":\"EntryPoint\",\"urlTemplate\":\"https:\/\/www.transtoyou.com\/et\/?s={search_term_string}\"},\"query-input\":{\"@type\":\"PropertyValueSpecification\",\"valueRequired\":true,\"valueName\":\"search_term_string\"}}],\"inLanguage\":\"et\"},{\"@type\":\"Organization\",\"@id\":\"https:\/\/www.transtoyou.com\/et\/#organization\",\"name\":\"Transtoyou - ET\",\"url\":\"https:\/\/www.transtoyou.com\/et\/\",\"logo\":{\"@type\":\"ImageObject\",\"inLanguage\":\"et\",\"@id\":\"https:\/\/www.transtoyou.com\/et\/#\/schema\/logo\/image\/\",\"url\":\"https:\/\/www.transtoyou.com\/et\/wp-content\/uploads\/sites\/7\/2026\/01\/logo-tty-menu-bar-300x87-1.webp\",\"contentUrl\":\"https:\/\/www.transtoyou.com\/et\/wp-content\/uploads\/sites\/7\/2026\/01\/logo-tty-menu-bar-300x87-1.webp\",\"width\":300,\"height\":87,\"caption\":\"Transtoyou - ET\"},\"image\":{\"@id\":\"https:\/\/www.transtoyou.com\/et\/#\/schema\/logo\/image\/\"}}]}<\/script>\n<!-- \/ Yoast SEO plugin. -->","yoast_head_json":{"title":"Nicorette | Suitsetamise l\u00f5petamise abivahend ja isu leevendamine - Transtoyou","description":"Nicorette, saadaval Transtoyou's, aitab leevendada suitsetamisest loobumise s\u00fcmptomeid kontrollitud nikotiiniga. Osta n\u00fc\u00fcd paindlikke loobumisplaane, mis on kohandatud just sulle.","robots":{"index":"noindex","follow":"follow","max-snippet":"max-snippet:-1","max-image-preview":"max-image-preview:large","max-video-preview":"max-video-preview:-1"},"og_locale":"et_EE","og_type":"article","og_title":"Nicorette | Suitsetamise l\u00f5petamise abivahend ja isu leevendamine - Transtoyou","og_description":"Nicorette, saadaval Transtoyou's, aitab leevendada suitsetamisest loobumise s\u00fcmptomeid kontrollitud nikotiiniga. Osta n\u00fc\u00fcd paindlikke loobumisplaane, mis on kohandatud just sulle.","og_url":"https:\/\/www.transtoyou.com\/et\/product\/nicorette\/","og_site_name":"Transtoyou - ET","article_modified_time":"2026-01-22T18:33:40+00:00","twitter_card":"summary_large_image","twitter_misc":{"Est. reading time":"1 minut"},"schema":{"@context":"https:\/\/schema.org","@graph":[{"@type":"WebPage","@id":"https:\/\/www.transtoyou.com\/et\/product\/nicorette\/","url":"https:\/\/www.transtoyou.com\/et\/product\/nicorette\/","name":"Nicorette | Suitsetamise l\u00f5petamise abivahend ja isu leevendamine - Transtoyou","isPartOf":{"@id":"https:\/\/www.transtoyou.com\/et\/#website"},"primaryImageOfPage":{"@id":"https:\/\/www.transtoyou.com\/et\/product\/nicorette\/#primaryimage"},"image":{"@id":"https:\/\/www.transtoyou.com\/et\/product\/nicorette\/#primaryimage"},"thumbnailUrl":"https:\/\/www.transtoyou.com\/et\/wp-content\/uploads\/sites\/7\/2026\/01\/tty-no-product-image-23.webp","datePublished":"2026-01-22T18:32:28+00:00","dateModified":"2026-01-22T18:33:40+00:00","description":"Nicorette, saadaval Transtoyou's, aitab leevendada suitsetamisest loobumise s\u00fcmptomeid kontrollitud nikotiiniga. Osta n\u00fc\u00fcd paindlikke loobumisplaane, mis on kohandatud just sulle.","breadcrumb":{"@id":"https:\/\/www.transtoyou.com\/et\/product\/nicorette\/#breadcrumb"},"inLanguage":"et","potentialAction":[{"@type":"ReadAction","target":["https:\/\/www.transtoyou.com\/et\/product\/nicorette\/"]}]},{"@type":"ImageObject","inLanguage":"et","@id":"https:\/\/www.transtoyou.com\/et\/product\/nicorette\/#primaryimage","url":"https:\/\/www.transtoyou.com\/et\/wp-content\/uploads\/sites\/7\/2026\/01\/tty-no-product-image-23.webp","contentUrl":"https:\/\/www.transtoyou.com\/et\/wp-content\/uploads\/sites\/7\/2026\/01\/tty-no-product-image-23.webp","width":1000,"height":1000,"caption":"Vaikimisi toote pilt"},{"@type":"WebSite","@id":"https:\/\/www.transtoyou.com\/et\/#website","url":"https:\/\/www.transtoyou.com\/et\/","name":"Transtoyou - ET","description":"","publisher":{"@id":"https:\/\/www.transtoyou.com\/et\/#organization"},"potentialAction":[{"@type":"SearchAction","target":{"@type":"EntryPoint","urlTemplate":"https:\/\/www.transtoyou.com\/et\/?s={search_term_string}"},"query-input":{"@type":"PropertyValueSpecification","valueRequired":true,"valueName":"search_term_string"}}],"inLanguage":"et"},{"@type":"Organization","@id":"https:\/\/www.transtoyou.com\/et\/#organization","name":"Transtoyou - ET","url":"https:\/\/www.transtoyou.com\/et\/","logo":{"@type":"ImageObject","inLanguage":"et","@id":"https:\/\/www.transtoyou.com\/et\/#\/schema\/logo\/image\/","url":"https:\/\/www.transtoyou.com\/et\/wp-content\/uploads\/sites\/7\/2026\/01\/logo-tty-menu-bar-300x87-1.webp","contentUrl":"https:\/\/www.transtoyou.com\/et\/wp-content\/uploads\/sites\/7\/2026\/01\/logo-tty-menu-bar-300x87-1.webp","width":300,"height":87,"caption":"Transtoyou - ET"},"image":{"@id":"https:\/\/www.transtoyou.com\/et\/#\/schema\/logo\/image\/"}}]}},"_links":{"self":[{"href":"https:\/\/www.transtoyou.com\/et\/wp-json\/wp\/v2\/product\/793","targetHints":{"allow":["GET"]}}],"collection":[{"href":"https:\/\/www.transtoyou.com\/et\/wp-json\/wp\/v2\/product"}],"about":[{"href":"https:\/\/www.transtoyou.com\/et\/wp-json\/wp\/v2\/types\/product"}],"replies":[{"embeddable":true,"href":"https:\/\/www.transtoyou.com\/et\/wp-json\/wp\/v2\/comments?post=793"}],"wp:featuredmedia":[{"embeddable":true,"href":"https:\/\/www.transtoyou.com\/et\/wp-json\/wp\/v2\/media\/795"}],"wp:attachment":[{"href":"https:\/\/www.transtoyou.com\/et\/wp-json\/wp\/v2\/media?parent=793"}],"wp:term":[{"taxonomy":"product_brand","embeddable":true,"href":"https:\/\/www.transtoyou.com\/et\/wp-json\/wp\/v2\/product_brand?post=793"},{"taxonomy":"product_cat","embeddable":true,"href":"https:\/\/www.transtoyou.com\/et\/wp-json\/wp\/v2\/product_cat?post=793"},{"taxonomy":"product_tag","embeddable":true,"href":"https:\/\/www.transtoyou.com\/et\/wp-json\/wp\/v2\/product_tag?post=793"},{"taxonomy":"expert","embeddable":true,"href":"https:\/\/www.transtoyou.com\/et\/wp-json\/wp\/v2\/expert?post=793"}],"curies":[{"name":"wp","href":"https:\/\/api.w.org\/{rel}","templated":true}]}}