{"id":802,"date":"2026-01-22T21:18:43","date_gmt":"2026-01-22T19:18:43","guid":{"rendered":"https:\/\/www.transtoyou.com\/et\/product\/valtrex\/"},"modified":"2026-01-22T21:19:50","modified_gmt":"2026-01-22T19:19:50","slug":"valtrex","status":"publish","type":"product","link":"https:\/\/www.transtoyou.com\/et\/product\/valtrex\/","title":{"rendered":"Valtrex"},"content":{"rendered":"<p>Valtrex on viirusevastane ravim, mida kasutatakse herpesviiruste p\u00f5hjustatud nakkuste raviks. See on acikloviiri prodrug, mis t\u00e4hendab, et keha muundab selle aktiivseks vormiks (aciclovir) p\u00e4rast selle v\u00f5tmist. Acikloviir toimib, peatades viiruse DNA (geneetilise materjali) paljunemise, mis takistab selle paljunemist ja levikut.<\/p>\n<p>Valtrex&#8217;i m\u00e4\u00e4ratakse peamiselt herpesviiruste p\u00f5hjustatud nakkuste, sealhulgas k\u00fclmetushaiguste (suuline herpes), suguelundite herpes, v\u00f6\u00f6tohatis (herpes zoster), herpesest tingitud silmainfektsioonide ja ts\u00fctomegaloviiruse (CMV) nakkuste ennetamiseks organi siirdamise saanud inimestel. Seda kasutatakse ka pikaajaliselt, et v\u00e4hendada puhangute sagedust.<\/p>\n<p>Valtrex m\u00f5jutab keha, kontrollides viirust aktiivsete puhangute ajal ja v\u00e4hendades tulevaste \u00e4genemiste riski. See toimib h\u00e4sti, kui seda alustatakse varakult s\u00fcmptomite tekkimise ajal, sageli esimese 1\u20131,5 tunni jooksul. Kuna see sihib ainult viirusega nakatunud rakke, j\u00e4\u00e4vad terved rakud tavaliselt puutumatuks, mis v\u00e4hendab k\u00f5rvaltoimete arvu.<\/p>\n<p>Valtrex&#8217;i peamised eelised on selle kiire toime, lihtne kasutamine (suukaudne tablett), v\u00f5rreldes vanemate viirusevastaste ravimitega v\u00e4hem p\u00e4evaseid annuseid ja tugev t\u00f5endusmaterjal efektiivsuse kohta. See v\u00e4hendab valu ja paranemisaega puhangute ajal ning v\u00f5ib samuti v\u00e4hendada viiruse edasikandumise v\u00f5imalusi, kui seda kasutatakse igap\u00e4evaselt.<\/p>\n<p>Valtrex ei ravi herpese, kuid aitab seda t\u00f5husalt hallata ja muudab seisundiga elamise mugavamaks.<\/p>\n","protected":false},"excerpt":{"rendered":"<ul>\n<li>Viirusevastane herpese viiruste vastu<\/li>\n<li>Aitab v\u00e4hendada puhangute ja s\u00fcmptomite esinemist<\/li>\n<li>Kord p\u00e4evas ennetamiseks<\/li>\n<\/ul>\n","protected":false},"featured_media":804,"comment_status":"open","ping_status":"closed","template":"","meta":[],"product_brand":[],"product_cat":[152,110,180],"product_tag":[],"expert":[17],"class_list":{"0":"post-802","1":"product","2":"type-product","3":"status-publish","4":"has-post-thumbnail","6":"product_cat-herpes","7":"product_cat-herpes-huultel","8":"product_cat-katusetooted","9":"expert-dr-c-munoz-parada","11":"first","12":"instock","13":"shipping-taxable","14":"product-type-variable"},"yoast_head":"<!-- This site is optimized with the Yoast SEO plugin v27.0 - https:\/\/yoast.com\/product\/yoast-seo-wordpress\/ -->\n<title>Valtrex | T\u00f5hus viirusevastane tugi - Transtoyou<\/title>\n<meta name=\"description\" content=\"Valtrex on saadaval Transtoyou&#039;s, pakkudes usaldusv\u00e4\u00e4rset viirusevastast tuge. Uuri selle eeliseid herpese s\u00fcmptomite haldamiseks. Osta n\u00fc\u00fcd t\u00f5husat hooldust.\" \/>\n<meta name=\"robots\" content=\"noindex, follow, max-snippet:-1, max-image-preview:large, max-video-preview:-1\" \/>\n<meta property=\"og:locale\" content=\"et_EE\" \/>\n<meta property=\"og:type\" content=\"article\" \/>\n<meta property=\"og:title\" content=\"Valtrex | T\u00f5hus viirusevastane tugi - Transtoyou\" \/>\n<meta property=\"og:description\" content=\"Valtrex on saadaval Transtoyou&#039;s, pakkudes usaldusv\u00e4\u00e4rset viirusevastast tuge. Uuri selle eeliseid herpese s\u00fcmptomite haldamiseks. Osta n\u00fc\u00fcd t\u00f5husat hooldust.\" \/>\n<meta property=\"og:url\" content=\"https:\/\/www.transtoyou.com\/et\/product\/valtrex\/\" \/>\n<meta property=\"og:site_name\" content=\"Transtoyou - ET\" \/>\n<meta property=\"article:modified_time\" content=\"2026-01-22T19:19:50+00:00\" \/>\n<meta name=\"twitter:card\" content=\"summary_large_image\" \/>\n<meta name=\"twitter:label1\" content=\"Est. reading time\" \/>\n\t<meta name=\"twitter:data1\" content=\"1 minut\" \/>\n<script type=\"application\/ld+json\" class=\"yoast-schema-graph\">{\"@context\":\"https:\/\/schema.org\",\"@graph\":[{\"@type\":\"WebPage\",\"@id\":\"https:\/\/www.transtoyou.com\/et\/product\/valtrex\/\",\"url\":\"https:\/\/www.transtoyou.com\/et\/product\/valtrex\/\",\"name\":\"Valtrex | T\u00f5hus viirusevastane tugi - Transtoyou\",\"isPartOf\":{\"@id\":\"https:\/\/www.transtoyou.com\/et\/#website\"},\"primaryImageOfPage\":{\"@id\":\"https:\/\/www.transtoyou.com\/et\/product\/valtrex\/#primaryimage\"},\"image\":{\"@id\":\"https:\/\/www.transtoyou.com\/et\/product\/valtrex\/#primaryimage\"},\"thumbnailUrl\":\"https:\/\/www.transtoyou.com\/et\/wp-content\/uploads\/sites\/7\/2026\/01\/tty-no-product-image-26.webp\",\"datePublished\":\"2026-01-22T19:18:43+00:00\",\"dateModified\":\"2026-01-22T19:19:50+00:00\",\"description\":\"Valtrex on saadaval Transtoyou's, pakkudes usaldusv\u00e4\u00e4rset viirusevastast tuge. Uuri selle eeliseid herpese s\u00fcmptomite haldamiseks. Osta n\u00fc\u00fcd t\u00f5husat hooldust.\",\"breadcrumb\":{\"@id\":\"https:\/\/www.transtoyou.com\/et\/product\/valtrex\/#breadcrumb\"},\"inLanguage\":\"et\",\"potentialAction\":[{\"@type\":\"ReadAction\",\"target\":[\"https:\/\/www.transtoyou.com\/et\/product\/valtrex\/\"]}]},{\"@type\":\"ImageObject\",\"inLanguage\":\"et\",\"@id\":\"https:\/\/www.transtoyou.com\/et\/product\/valtrex\/#primaryimage\",\"url\":\"https:\/\/www.transtoyou.com\/et\/wp-content\/uploads\/sites\/7\/2026\/01\/tty-no-product-image-26.webp\",\"contentUrl\":\"https:\/\/www.transtoyou.com\/et\/wp-content\/uploads\/sites\/7\/2026\/01\/tty-no-product-image-26.webp\",\"width\":1000,\"height\":1000,\"caption\":\"Vaikimisi toote pilt\"},{\"@type\":\"WebSite\",\"@id\":\"https:\/\/www.transtoyou.com\/et\/#website\",\"url\":\"https:\/\/www.transtoyou.com\/et\/\",\"name\":\"Transtoyou - ET\",\"description\":\"\",\"publisher\":{\"@id\":\"https:\/\/www.transtoyou.com\/et\/#organization\"},\"potentialAction\":[{\"@type\":\"SearchAction\",\"target\":{\"@type\":\"EntryPoint\",\"urlTemplate\":\"https:\/\/www.transtoyou.com\/et\/?s={search_term_string}\"},\"query-input\":{\"@type\":\"PropertyValueSpecification\",\"valueRequired\":true,\"valueName\":\"search_term_string\"}}],\"inLanguage\":\"et\"},{\"@type\":\"Organization\",\"@id\":\"https:\/\/www.transtoyou.com\/et\/#organization\",\"name\":\"Transtoyou - ET\",\"url\":\"https:\/\/www.transtoyou.com\/et\/\",\"logo\":{\"@type\":\"ImageObject\",\"inLanguage\":\"et\",\"@id\":\"https:\/\/www.transtoyou.com\/et\/#\/schema\/logo\/image\/\",\"url\":\"https:\/\/www.transtoyou.com\/et\/wp-content\/uploads\/sites\/7\/2026\/01\/logo-tty-menu-bar-300x87-1.webp\",\"contentUrl\":\"https:\/\/www.transtoyou.com\/et\/wp-content\/uploads\/sites\/7\/2026\/01\/logo-tty-menu-bar-300x87-1.webp\",\"width\":300,\"height\":87,\"caption\":\"Transtoyou - ET\"},\"image\":{\"@id\":\"https:\/\/www.transtoyou.com\/et\/#\/schema\/logo\/image\/\"}}]}<\/script>\n<!-- \/ Yoast SEO plugin. -->","yoast_head_json":{"title":"Valtrex | T\u00f5hus viirusevastane tugi - Transtoyou","description":"Valtrex on saadaval Transtoyou's, pakkudes usaldusv\u00e4\u00e4rset viirusevastast tuge. Uuri selle eeliseid herpese s\u00fcmptomite haldamiseks. Osta n\u00fc\u00fcd t\u00f5husat hooldust.","robots":{"index":"noindex","follow":"follow","max-snippet":"max-snippet:-1","max-image-preview":"max-image-preview:large","max-video-preview":"max-video-preview:-1"},"og_locale":"et_EE","og_type":"article","og_title":"Valtrex | T\u00f5hus viirusevastane tugi - Transtoyou","og_description":"Valtrex on saadaval Transtoyou's, pakkudes usaldusv\u00e4\u00e4rset viirusevastast tuge. Uuri selle eeliseid herpese s\u00fcmptomite haldamiseks. Osta n\u00fc\u00fcd t\u00f5husat hooldust.","og_url":"https:\/\/www.transtoyou.com\/et\/product\/valtrex\/","og_site_name":"Transtoyou - ET","article_modified_time":"2026-01-22T19:19:50+00:00","twitter_card":"summary_large_image","twitter_misc":{"Est. reading time":"1 minut"},"schema":{"@context":"https:\/\/schema.org","@graph":[{"@type":"WebPage","@id":"https:\/\/www.transtoyou.com\/et\/product\/valtrex\/","url":"https:\/\/www.transtoyou.com\/et\/product\/valtrex\/","name":"Valtrex | T\u00f5hus viirusevastane tugi - Transtoyou","isPartOf":{"@id":"https:\/\/www.transtoyou.com\/et\/#website"},"primaryImageOfPage":{"@id":"https:\/\/www.transtoyou.com\/et\/product\/valtrex\/#primaryimage"},"image":{"@id":"https:\/\/www.transtoyou.com\/et\/product\/valtrex\/#primaryimage"},"thumbnailUrl":"https:\/\/www.transtoyou.com\/et\/wp-content\/uploads\/sites\/7\/2026\/01\/tty-no-product-image-26.webp","datePublished":"2026-01-22T19:18:43+00:00","dateModified":"2026-01-22T19:19:50+00:00","description":"Valtrex on saadaval Transtoyou's, pakkudes usaldusv\u00e4\u00e4rset viirusevastast tuge. Uuri selle eeliseid herpese s\u00fcmptomite haldamiseks. Osta n\u00fc\u00fcd t\u00f5husat hooldust.","breadcrumb":{"@id":"https:\/\/www.transtoyou.com\/et\/product\/valtrex\/#breadcrumb"},"inLanguage":"et","potentialAction":[{"@type":"ReadAction","target":["https:\/\/www.transtoyou.com\/et\/product\/valtrex\/"]}]},{"@type":"ImageObject","inLanguage":"et","@id":"https:\/\/www.transtoyou.com\/et\/product\/valtrex\/#primaryimage","url":"https:\/\/www.transtoyou.com\/et\/wp-content\/uploads\/sites\/7\/2026\/01\/tty-no-product-image-26.webp","contentUrl":"https:\/\/www.transtoyou.com\/et\/wp-content\/uploads\/sites\/7\/2026\/01\/tty-no-product-image-26.webp","width":1000,"height":1000,"caption":"Vaikimisi toote pilt"},{"@type":"WebSite","@id":"https:\/\/www.transtoyou.com\/et\/#website","url":"https:\/\/www.transtoyou.com\/et\/","name":"Transtoyou - ET","description":"","publisher":{"@id":"https:\/\/www.transtoyou.com\/et\/#organization"},"potentialAction":[{"@type":"SearchAction","target":{"@type":"EntryPoint","urlTemplate":"https:\/\/www.transtoyou.com\/et\/?s={search_term_string}"},"query-input":{"@type":"PropertyValueSpecification","valueRequired":true,"valueName":"search_term_string"}}],"inLanguage":"et"},{"@type":"Organization","@id":"https:\/\/www.transtoyou.com\/et\/#organization","name":"Transtoyou - ET","url":"https:\/\/www.transtoyou.com\/et\/","logo":{"@type":"ImageObject","inLanguage":"et","@id":"https:\/\/www.transtoyou.com\/et\/#\/schema\/logo\/image\/","url":"https:\/\/www.transtoyou.com\/et\/wp-content\/uploads\/sites\/7\/2026\/01\/logo-tty-menu-bar-300x87-1.webp","contentUrl":"https:\/\/www.transtoyou.com\/et\/wp-content\/uploads\/sites\/7\/2026\/01\/logo-tty-menu-bar-300x87-1.webp","width":300,"height":87,"caption":"Transtoyou - ET"},"image":{"@id":"https:\/\/www.transtoyou.com\/et\/#\/schema\/logo\/image\/"}}]}},"_links":{"self":[{"href":"https:\/\/www.transtoyou.com\/et\/wp-json\/wp\/v2\/product\/802","targetHints":{"allow":["GET"]}}],"collection":[{"href":"https:\/\/www.transtoyou.com\/et\/wp-json\/wp\/v2\/product"}],"about":[{"href":"https:\/\/www.transtoyou.com\/et\/wp-json\/wp\/v2\/types\/product"}],"replies":[{"embeddable":true,"href":"https:\/\/www.transtoyou.com\/et\/wp-json\/wp\/v2\/comments?post=802"}],"wp:featuredmedia":[{"embeddable":true,"href":"https:\/\/www.transtoyou.com\/et\/wp-json\/wp\/v2\/media\/804"}],"wp:attachment":[{"href":"https:\/\/www.transtoyou.com\/et\/wp-json\/wp\/v2\/media?parent=802"}],"wp:term":[{"taxonomy":"product_brand","embeddable":true,"href":"https:\/\/www.transtoyou.com\/et\/wp-json\/wp\/v2\/product_brand?post=802"},{"taxonomy":"product_cat","embeddable":true,"href":"https:\/\/www.transtoyou.com\/et\/wp-json\/wp\/v2\/product_cat?post=802"},{"taxonomy":"product_tag","embeddable":true,"href":"https:\/\/www.transtoyou.com\/et\/wp-json\/wp\/v2\/product_tag?post=802"},{"taxonomy":"expert","embeddable":true,"href":"https:\/\/www.transtoyou.com\/et\/wp-json\/wp\/v2\/expert?post=802"}],"curies":[{"name":"wp","href":"https:\/\/api.w.org\/{rel}","templated":true}]}}