{"id":805,"date":"2026-01-22T21:33:22","date_gmt":"2026-01-22T19:33:22","guid":{"rendered":"https:\/\/www.transtoyou.com\/et\/product\/valaciclovir\/"},"modified":"2026-03-06T16:52:37","modified_gmt":"2026-03-06T14:52:37","slug":"valatsikloviir","status":"publish","type":"product","link":"https:\/\/www.transtoyou.com\/et\/product\/valatsikloviir\/","title":{"rendered":"Valats\u00fckloviir"},"content":{"rendered":"<p>Valatsikloviir on viirusevastane ravim, mida kasutatakse herpesviiruste p\u00f5hjustatud nakkuste raviks. See on atsikloviiri prodrug, mis t\u00e4hendab, et teie keha muundab selle aktiivseks vormiks (atsikloviir) p\u00e4rast selle v\u00f5tmist. Atsikloviir toimib, segades viiruse v\u00f5imet kopeerida oma DNA-d (blokeerib viiruse paljunemise), t\u00f5husalt peatades selle paljunemise ja leviku.<\/p>\n<p>Valatsikloviiri kasutatakse peamiselt herpes simplex nakkuste raviks ja ennetamiseks, sealhulgas k\u00fclmavillide ja suguelundite herpes, v\u00f6\u00f6tohatis (herpes zoster) v\u00f5i herpes p\u00f5hjustatud silmainfektsioonide korral. See on eriti kasulik valu, kestuse ja s\u00fcmptomite kordumise v\u00e4hendamisel.<\/p>\n<p>See ravim aitab v\u00e4hendada puhangute t\u00f5sidust ja v\u00f5ib l\u00fchendada paranemisaega. Ennetava ravina v\u00e4hendab see kordumiste arvu ja v\u00f5ib muuta \u00e4genemised v\u00e4hem t\u00f5siseks. See hakkab kiiresti toimima (1\u20131,5 tunni jooksul p\u00e4rast manustamist) ning kuna seda v\u00f5etakse suu kaudu, on see mugav ja lihtne kasutada. Paljud inimesed saavad kasu selle pikaajalisest toimest, millel on suhteliselt v\u00e4he k\u00f5rvaltoimeid.<\/p>\n<p>Valatsikloviir ei ravi herpese, kuid muudab viirusega elamise paremini hallatavaks, piirates selle m\u00f5ju igap\u00e4evaelule.<\/p>\n","protected":false},"excerpt":{"rendered":"<ul>\n<li>Viirusevastane herpese viiruste vastu<\/li>\n<li>Aitab v\u00e4hendada puhangute ja s\u00fcmptomite esinemist<\/li>\n<li>\u00dcks kord p\u00e4evas ennetamiseks<\/li>\n<\/ul>\n","protected":false},"featured_media":807,"comment_status":"open","ping_status":"closed","template":"","meta":[],"product_brand":[],"product_cat":[152,110,180],"product_tag":[],"expert":[17],"class_list":{"0":"post-805","1":"product","2":"type-product","3":"status-publish","4":"has-post-thumbnail","6":"product_cat-herpes","7":"product_cat-herpes-huultel","8":"product_cat-katusetooted","9":"expert-dr-c-munoz-parada","11":"first","12":"instock","13":"shipping-taxable","14":"product-type-variable"},"yoast_head":"<!-- This site is optimized with the Yoast SEO plugin v27.0 - https:\/\/yoast.com\/product\/yoast-seo-wordpress\/ -->\n<title>Valatsikloviir | Kiire Herpese ja V\u00f6\u00f6tohatise Ravi - Transtoyou<\/title>\n<meta name=\"description\" content=\"Valats\u00fckloviir, t\u00f5hus viirusevastane ravim herpese raviks, leevendab s\u00fcmptomeid ja kordumist. Avastage Transtoyou eelised juba t\u00e4na.\" \/>\n<meta name=\"robots\" content=\"noindex, follow, max-snippet:-1, max-image-preview:large, max-video-preview:-1\" \/>\n<meta property=\"og:locale\" content=\"et_EE\" \/>\n<meta property=\"og:type\" content=\"article\" \/>\n<meta property=\"og:title\" content=\"Valatsikloviir | Kiire Herpese ja V\u00f6\u00f6tohatise Ravi - Transtoyou\" \/>\n<meta property=\"og:description\" content=\"Valats\u00fckloviir, t\u00f5hus viirusevastane ravim herpese raviks, leevendab s\u00fcmptomeid ja kordumist. Avastage Transtoyou eelised juba t\u00e4na.\" \/>\n<meta property=\"og:url\" content=\"https:\/\/www.transtoyou.com\/et\/product\/valaciclovir\/\" \/>\n<meta property=\"og:site_name\" content=\"Transtoyou - ET\" \/>\n<meta property=\"article:modified_time\" content=\"2026-03-06T14:52:37+00:00\" \/>\n<meta name=\"twitter:card\" content=\"summary_large_image\" \/>\n<meta name=\"twitter:label1\" content=\"Est. reading time\" \/>\n\t<meta name=\"twitter:data1\" content=\"1 minut\" \/>\n<script type=\"application\/ld+json\" class=\"yoast-schema-graph\">{\"@context\":\"https:\/\/schema.org\",\"@graph\":[{\"@type\":\"WebPage\",\"@id\":\"https:\/\/www.transtoyou.com\/et\/product\/valaciclovir\/\",\"url\":\"https:\/\/www.transtoyou.com\/et\/product\/valaciclovir\/\",\"name\":\"Valatsikloviir | Kiire Herpese ja V\u00f6\u00f6tohatise Ravi - Transtoyou\",\"isPartOf\":{\"@id\":\"https:\/\/www.transtoyou.com\/et\/#website\"},\"primaryImageOfPage\":{\"@id\":\"https:\/\/www.transtoyou.com\/et\/product\/valaciclovir\/#primaryimage\"},\"image\":{\"@id\":\"https:\/\/www.transtoyou.com\/et\/product\/valaciclovir\/#primaryimage\"},\"thumbnailUrl\":\"https:\/\/www.transtoyou.com\/et\/wp-content\/uploads\/sites\/7\/2026\/01\/tty-no-product-image-27.webp\",\"datePublished\":\"2026-01-22T19:33:22+00:00\",\"dateModified\":\"2026-03-06T14:52:37+00:00\",\"description\":\"Valats\u00fckloviir, t\u00f5hus viirusevastane ravim herpese raviks, leevendab s\u00fcmptomeid ja kordumist. Avastage Transtoyou eelised juba t\u00e4na.\",\"breadcrumb\":{\"@id\":\"https:\/\/www.transtoyou.com\/et\/product\/valaciclovir\/#breadcrumb\"},\"inLanguage\":\"et\",\"potentialAction\":[{\"@type\":\"ReadAction\",\"target\":[\"https:\/\/www.transtoyou.com\/et\/product\/valaciclovir\/\"]}]},{\"@type\":\"ImageObject\",\"inLanguage\":\"et\",\"@id\":\"https:\/\/www.transtoyou.com\/et\/product\/valaciclovir\/#primaryimage\",\"url\":\"https:\/\/www.transtoyou.com\/et\/wp-content\/uploads\/sites\/7\/2026\/01\/tty-no-product-image-27.webp\",\"contentUrl\":\"https:\/\/www.transtoyou.com\/et\/wp-content\/uploads\/sites\/7\/2026\/01\/tty-no-product-image-27.webp\",\"width\":1000,\"height\":1000,\"caption\":\"Vaikimisi toote pilt\"},{\"@type\":\"WebSite\",\"@id\":\"https:\/\/www.transtoyou.com\/et\/#website\",\"url\":\"https:\/\/www.transtoyou.com\/et\/\",\"name\":\"Transtoyou - ET\",\"description\":\"\",\"publisher\":{\"@id\":\"https:\/\/www.transtoyou.com\/et\/#organization\"},\"potentialAction\":[{\"@type\":\"SearchAction\",\"target\":{\"@type\":\"EntryPoint\",\"urlTemplate\":\"https:\/\/www.transtoyou.com\/et\/?s={search_term_string}\"},\"query-input\":{\"@type\":\"PropertyValueSpecification\",\"valueRequired\":true,\"valueName\":\"search_term_string\"}}],\"inLanguage\":\"et\"},{\"@type\":\"Organization\",\"@id\":\"https:\/\/www.transtoyou.com\/et\/#organization\",\"name\":\"Transtoyou - ET\",\"url\":\"https:\/\/www.transtoyou.com\/et\/\",\"logo\":{\"@type\":\"ImageObject\",\"inLanguage\":\"et\",\"@id\":\"https:\/\/www.transtoyou.com\/et\/#\/schema\/logo\/image\/\",\"url\":\"https:\/\/www.transtoyou.com\/et\/wp-content\/uploads\/sites\/7\/2026\/01\/logo-tty-menu-bar-300x87-1.webp\",\"contentUrl\":\"https:\/\/www.transtoyou.com\/et\/wp-content\/uploads\/sites\/7\/2026\/01\/logo-tty-menu-bar-300x87-1.webp\",\"width\":300,\"height\":87,\"caption\":\"Transtoyou - ET\"},\"image\":{\"@id\":\"https:\/\/www.transtoyou.com\/et\/#\/schema\/logo\/image\/\"}}]}<\/script>\n<!-- \/ Yoast SEO plugin. -->","yoast_head_json":{"title":"Valatsikloviir | Kiire Herpese ja V\u00f6\u00f6tohatise Ravi - Transtoyou","description":"Valats\u00fckloviir, t\u00f5hus viirusevastane ravim herpese raviks, leevendab s\u00fcmptomeid ja kordumist. Avastage Transtoyou eelised juba t\u00e4na.","robots":{"index":"noindex","follow":"follow","max-snippet":"max-snippet:-1","max-image-preview":"max-image-preview:large","max-video-preview":"max-video-preview:-1"},"og_locale":"et_EE","og_type":"article","og_title":"Valatsikloviir | Kiire Herpese ja V\u00f6\u00f6tohatise Ravi - Transtoyou","og_description":"Valats\u00fckloviir, t\u00f5hus viirusevastane ravim herpese raviks, leevendab s\u00fcmptomeid ja kordumist. Avastage Transtoyou eelised juba t\u00e4na.","og_url":"https:\/\/www.transtoyou.com\/et\/product\/valaciclovir\/","og_site_name":"Transtoyou - ET","article_modified_time":"2026-03-06T14:52:37+00:00","twitter_card":"summary_large_image","twitter_misc":{"Est. reading time":"1 minut"},"schema":{"@context":"https:\/\/schema.org","@graph":[{"@type":"WebPage","@id":"https:\/\/www.transtoyou.com\/et\/product\/valaciclovir\/","url":"https:\/\/www.transtoyou.com\/et\/product\/valaciclovir\/","name":"Valatsikloviir | Kiire Herpese ja V\u00f6\u00f6tohatise Ravi - Transtoyou","isPartOf":{"@id":"https:\/\/www.transtoyou.com\/et\/#website"},"primaryImageOfPage":{"@id":"https:\/\/www.transtoyou.com\/et\/product\/valaciclovir\/#primaryimage"},"image":{"@id":"https:\/\/www.transtoyou.com\/et\/product\/valaciclovir\/#primaryimage"},"thumbnailUrl":"https:\/\/www.transtoyou.com\/et\/wp-content\/uploads\/sites\/7\/2026\/01\/tty-no-product-image-27.webp","datePublished":"2026-01-22T19:33:22+00:00","dateModified":"2026-03-06T14:52:37+00:00","description":"Valats\u00fckloviir, t\u00f5hus viirusevastane ravim herpese raviks, leevendab s\u00fcmptomeid ja kordumist. Avastage Transtoyou eelised juba t\u00e4na.","breadcrumb":{"@id":"https:\/\/www.transtoyou.com\/et\/product\/valaciclovir\/#breadcrumb"},"inLanguage":"et","potentialAction":[{"@type":"ReadAction","target":["https:\/\/www.transtoyou.com\/et\/product\/valaciclovir\/"]}]},{"@type":"ImageObject","inLanguage":"et","@id":"https:\/\/www.transtoyou.com\/et\/product\/valaciclovir\/#primaryimage","url":"https:\/\/www.transtoyou.com\/et\/wp-content\/uploads\/sites\/7\/2026\/01\/tty-no-product-image-27.webp","contentUrl":"https:\/\/www.transtoyou.com\/et\/wp-content\/uploads\/sites\/7\/2026\/01\/tty-no-product-image-27.webp","width":1000,"height":1000,"caption":"Vaikimisi toote pilt"},{"@type":"WebSite","@id":"https:\/\/www.transtoyou.com\/et\/#website","url":"https:\/\/www.transtoyou.com\/et\/","name":"Transtoyou - ET","description":"","publisher":{"@id":"https:\/\/www.transtoyou.com\/et\/#organization"},"potentialAction":[{"@type":"SearchAction","target":{"@type":"EntryPoint","urlTemplate":"https:\/\/www.transtoyou.com\/et\/?s={search_term_string}"},"query-input":{"@type":"PropertyValueSpecification","valueRequired":true,"valueName":"search_term_string"}}],"inLanguage":"et"},{"@type":"Organization","@id":"https:\/\/www.transtoyou.com\/et\/#organization","name":"Transtoyou - ET","url":"https:\/\/www.transtoyou.com\/et\/","logo":{"@type":"ImageObject","inLanguage":"et","@id":"https:\/\/www.transtoyou.com\/et\/#\/schema\/logo\/image\/","url":"https:\/\/www.transtoyou.com\/et\/wp-content\/uploads\/sites\/7\/2026\/01\/logo-tty-menu-bar-300x87-1.webp","contentUrl":"https:\/\/www.transtoyou.com\/et\/wp-content\/uploads\/sites\/7\/2026\/01\/logo-tty-menu-bar-300x87-1.webp","width":300,"height":87,"caption":"Transtoyou - ET"},"image":{"@id":"https:\/\/www.transtoyou.com\/et\/#\/schema\/logo\/image\/"}}]}},"_links":{"self":[{"href":"https:\/\/www.transtoyou.com\/et\/wp-json\/wp\/v2\/product\/805","targetHints":{"allow":["GET"]}}],"collection":[{"href":"https:\/\/www.transtoyou.com\/et\/wp-json\/wp\/v2\/product"}],"about":[{"href":"https:\/\/www.transtoyou.com\/et\/wp-json\/wp\/v2\/types\/product"}],"replies":[{"embeddable":true,"href":"https:\/\/www.transtoyou.com\/et\/wp-json\/wp\/v2\/comments?post=805"}],"wp:featuredmedia":[{"embeddable":true,"href":"https:\/\/www.transtoyou.com\/et\/wp-json\/wp\/v2\/media\/807"}],"wp:attachment":[{"href":"https:\/\/www.transtoyou.com\/et\/wp-json\/wp\/v2\/media?parent=805"}],"wp:term":[{"taxonomy":"product_brand","embeddable":true,"href":"https:\/\/www.transtoyou.com\/et\/wp-json\/wp\/v2\/product_brand?post=805"},{"taxonomy":"product_cat","embeddable":true,"href":"https:\/\/www.transtoyou.com\/et\/wp-json\/wp\/v2\/product_cat?post=805"},{"taxonomy":"product_tag","embeddable":true,"href":"https:\/\/www.transtoyou.com\/et\/wp-json\/wp\/v2\/product_tag?post=805"},{"taxonomy":"expert","embeddable":true,"href":"https:\/\/www.transtoyou.com\/et\/wp-json\/wp\/v2\/expert?post=805"}],"curies":[{"name":"wp","href":"https:\/\/api.w.org\/{rel}","templated":true}]}}