{"id":808,"date":"2026-01-22T21:46:59","date_gmt":"2026-01-22T19:46:59","guid":{"rendered":"https:\/\/www.transtoyou.com\/et\/product\/xyloproct\/"},"modified":"2026-03-08T12:55:05","modified_gmt":"2026-03-08T10:55:05","slug":"xyloproct","status":"publish","type":"product","link":"https:\/\/www.transtoyou.com\/et\/product\/xyloproct\/","title":{"rendered":"Xyloproct"},"content":{"rendered":"<p>Xyloproct on kohalik ravi, mis on loodud leevendama hemorroidide ja teiste anaalse v\u00f5i rektaalse seisundi p\u00f5hjustatud s\u00fcmptomeid. See \u00fchendab lidokaiini (kohaliku tuimestina) ja h\u00fcdrokortisooni (p\u00f5letikuvastane steroid). Need koostisosad t\u00f6\u00f6tavad koos, et pakkuda kiiret leevendust valule, s\u00fcgelusele, tursele ja \u00e4rritusele (rahustab p\u00f5letikku ja ebamugavust).<\/p>\n<p>Lidokaiin tuimendab piirkonda (leevendab valu ja s\u00fcgelust, blokeerides n\u00e4rvi signaalid), samas kui h\u00fcdrokortisoon v\u00e4hendab punetust, turset ja s\u00fcgelust (p\u00f5letikuvastane ja s\u00fcgelusevastane toime).<\/p>\n<p>Xyloproct&#8217;i kasutatakse hemorroididega (rektaalses piirkonnas paisunud veresooned) seotud p\u00f5letiku ja s\u00fcgeluse raviks. See pakub sihip\u00e4rast, kiiresti toimivat leevendust selliste s\u00fcmptomite nagu valu, turse, s\u00fcgelus ja hellus korral. Formuleerimine antakse tavaliselt pehme salvina.<\/p>\n<p>Xyloproct&#8217;i peamised eelised h\u00f5lmavad kiiret s\u00fcmptomite leevendust, kombineeritud terapeutilist toimet (tuimestav, p\u00f5letikuvastane, antiseptiline ja tervendav) ning kasutusmugavust. See on terviklik ravi \u00e4gedate hemorroidide episoodide ja sellega seotud rektaalse ebamugavuse jaoks.<\/p>\n","protected":false},"excerpt":{"rendered":"<ul>\n<li>Leevendab hemorroidide s\u00fcmptomeid kiiresti<\/li>\n<li>\u00dchendab valu leevendamise ja p\u00f5letikuvastase toime<\/li>\n<li>Kergesti kasutatav rektaalne aplikaator<\/li>\n<\/ul>\n","protected":false},"featured_media":810,"comment_status":"open","ping_status":"closed","template":"","meta":[],"product_brand":[],"product_cat":[150],"product_tag":[],"expert":[17],"class_list":{"0":"post-808","1":"product","2":"type-product","3":"status-publish","4":"has-post-thumbnail","6":"product_cat-hemorroidid","7":"expert-dr-c-munoz-parada","9":"first","10":"instock","11":"shipping-taxable","12":"product-type-variable"},"yoast_head":"<!-- This site is optimized with the Yoast SEO plugin v27.0 - https:\/\/yoast.com\/product\/yoast-seo-wordpress\/ -->\n<title>Xyloproct | Kiire leevendus hemorroidide jaoks - Transtoyou<\/title>\n<meta name=\"description\" content=\"Xyloproct, saadaval siin, pakub kiiret leevendust hemorroidide s\u00fcmptomitest lidokaiini ja h\u00fcdrokortisooniga. Saavuta sihitud mugavus juba t\u00e4na!\" \/>\n<meta name=\"robots\" content=\"noindex, follow, max-snippet:-1, max-image-preview:large, max-video-preview:-1\" \/>\n<meta property=\"og:locale\" content=\"et_EE\" \/>\n<meta property=\"og:type\" content=\"article\" \/>\n<meta property=\"og:title\" content=\"Xyloproct | Kiire leevendus hemorroidide jaoks - Transtoyou\" \/>\n<meta property=\"og:description\" content=\"Xyloproct, saadaval siin, pakub kiiret leevendust hemorroidide s\u00fcmptomitest lidokaiini ja h\u00fcdrokortisooniga. Saavuta sihitud mugavus juba t\u00e4na!\" \/>\n<meta property=\"og:url\" content=\"https:\/\/www.transtoyou.com\/et\/product\/xyloproct\/\" \/>\n<meta property=\"og:site_name\" content=\"Transtoyou - ET\" \/>\n<meta property=\"article:modified_time\" content=\"2026-03-08T10:55:05+00:00\" \/>\n<meta name=\"twitter:card\" content=\"summary_large_image\" \/>\n<meta name=\"twitter:label1\" content=\"Est. reading time\" \/>\n\t<meta name=\"twitter:data1\" content=\"1 minut\" \/>\n<script type=\"application\/ld+json\" class=\"yoast-schema-graph\">{\"@context\":\"https:\/\/schema.org\",\"@graph\":[{\"@type\":\"WebPage\",\"@id\":\"https:\/\/www.transtoyou.com\/et\/product\/xyloproct\/\",\"url\":\"https:\/\/www.transtoyou.com\/et\/product\/xyloproct\/\",\"name\":\"Xyloproct | Kiire leevendus hemorroidide jaoks - Transtoyou\",\"isPartOf\":{\"@id\":\"https:\/\/www.transtoyou.com\/et\/#website\"},\"primaryImageOfPage\":{\"@id\":\"https:\/\/www.transtoyou.com\/et\/product\/xyloproct\/#primaryimage\"},\"image\":{\"@id\":\"https:\/\/www.transtoyou.com\/et\/product\/xyloproct\/#primaryimage\"},\"thumbnailUrl\":\"https:\/\/www.transtoyou.com\/et\/wp-content\/uploads\/sites\/7\/2026\/01\/tty-no-product-image-28.webp\",\"datePublished\":\"2026-01-22T19:46:59+00:00\",\"dateModified\":\"2026-03-08T10:55:05+00:00\",\"description\":\"Xyloproct, saadaval siin, pakub kiiret leevendust hemorroidide s\u00fcmptomitest lidokaiini ja h\u00fcdrokortisooniga. Saavuta sihitud mugavus juba t\u00e4na!\",\"breadcrumb\":{\"@id\":\"https:\/\/www.transtoyou.com\/et\/product\/xyloproct\/#breadcrumb\"},\"inLanguage\":\"et\",\"potentialAction\":[{\"@type\":\"ReadAction\",\"target\":[\"https:\/\/www.transtoyou.com\/et\/product\/xyloproct\/\"]}]},{\"@type\":\"ImageObject\",\"inLanguage\":\"et\",\"@id\":\"https:\/\/www.transtoyou.com\/et\/product\/xyloproct\/#primaryimage\",\"url\":\"https:\/\/www.transtoyou.com\/et\/wp-content\/uploads\/sites\/7\/2026\/01\/tty-no-product-image-28.webp\",\"contentUrl\":\"https:\/\/www.transtoyou.com\/et\/wp-content\/uploads\/sites\/7\/2026\/01\/tty-no-product-image-28.webp\",\"width\":1000,\"height\":1000,\"caption\":\"Vaikimisi toote pilt\"},{\"@type\":\"WebSite\",\"@id\":\"https:\/\/www.transtoyou.com\/et\/#website\",\"url\":\"https:\/\/www.transtoyou.com\/et\/\",\"name\":\"Transtoyou - ET\",\"description\":\"\",\"publisher\":{\"@id\":\"https:\/\/www.transtoyou.com\/et\/#organization\"},\"potentialAction\":[{\"@type\":\"SearchAction\",\"target\":{\"@type\":\"EntryPoint\",\"urlTemplate\":\"https:\/\/www.transtoyou.com\/et\/?s={search_term_string}\"},\"query-input\":{\"@type\":\"PropertyValueSpecification\",\"valueRequired\":true,\"valueName\":\"search_term_string\"}}],\"inLanguage\":\"et\"},{\"@type\":\"Organization\",\"@id\":\"https:\/\/www.transtoyou.com\/et\/#organization\",\"name\":\"Transtoyou - ET\",\"url\":\"https:\/\/www.transtoyou.com\/et\/\",\"logo\":{\"@type\":\"ImageObject\",\"inLanguage\":\"et\",\"@id\":\"https:\/\/www.transtoyou.com\/et\/#\/schema\/logo\/image\/\",\"url\":\"https:\/\/www.transtoyou.com\/et\/wp-content\/uploads\/sites\/7\/2026\/01\/logo-tty-menu-bar-300x87-1.webp\",\"contentUrl\":\"https:\/\/www.transtoyou.com\/et\/wp-content\/uploads\/sites\/7\/2026\/01\/logo-tty-menu-bar-300x87-1.webp\",\"width\":300,\"height\":87,\"caption\":\"Transtoyou - ET\"},\"image\":{\"@id\":\"https:\/\/www.transtoyou.com\/et\/#\/schema\/logo\/image\/\"}}]}<\/script>\n<!-- \/ Yoast SEO plugin. -->","yoast_head_json":{"title":"Xyloproct | Kiire leevendus hemorroidide jaoks - Transtoyou","description":"Xyloproct, saadaval siin, pakub kiiret leevendust hemorroidide s\u00fcmptomitest lidokaiini ja h\u00fcdrokortisooniga. Saavuta sihitud mugavus juba t\u00e4na!","robots":{"index":"noindex","follow":"follow","max-snippet":"max-snippet:-1","max-image-preview":"max-image-preview:large","max-video-preview":"max-video-preview:-1"},"og_locale":"et_EE","og_type":"article","og_title":"Xyloproct | Kiire leevendus hemorroidide jaoks - Transtoyou","og_description":"Xyloproct, saadaval siin, pakub kiiret leevendust hemorroidide s\u00fcmptomitest lidokaiini ja h\u00fcdrokortisooniga. Saavuta sihitud mugavus juba t\u00e4na!","og_url":"https:\/\/www.transtoyou.com\/et\/product\/xyloproct\/","og_site_name":"Transtoyou - ET","article_modified_time":"2026-03-08T10:55:05+00:00","twitter_card":"summary_large_image","twitter_misc":{"Est. reading time":"1 minut"},"schema":{"@context":"https:\/\/schema.org","@graph":[{"@type":"WebPage","@id":"https:\/\/www.transtoyou.com\/et\/product\/xyloproct\/","url":"https:\/\/www.transtoyou.com\/et\/product\/xyloproct\/","name":"Xyloproct | Kiire leevendus hemorroidide jaoks - Transtoyou","isPartOf":{"@id":"https:\/\/www.transtoyou.com\/et\/#website"},"primaryImageOfPage":{"@id":"https:\/\/www.transtoyou.com\/et\/product\/xyloproct\/#primaryimage"},"image":{"@id":"https:\/\/www.transtoyou.com\/et\/product\/xyloproct\/#primaryimage"},"thumbnailUrl":"https:\/\/www.transtoyou.com\/et\/wp-content\/uploads\/sites\/7\/2026\/01\/tty-no-product-image-28.webp","datePublished":"2026-01-22T19:46:59+00:00","dateModified":"2026-03-08T10:55:05+00:00","description":"Xyloproct, saadaval siin, pakub kiiret leevendust hemorroidide s\u00fcmptomitest lidokaiini ja h\u00fcdrokortisooniga. Saavuta sihitud mugavus juba t\u00e4na!","breadcrumb":{"@id":"https:\/\/www.transtoyou.com\/et\/product\/xyloproct\/#breadcrumb"},"inLanguage":"et","potentialAction":[{"@type":"ReadAction","target":["https:\/\/www.transtoyou.com\/et\/product\/xyloproct\/"]}]},{"@type":"ImageObject","inLanguage":"et","@id":"https:\/\/www.transtoyou.com\/et\/product\/xyloproct\/#primaryimage","url":"https:\/\/www.transtoyou.com\/et\/wp-content\/uploads\/sites\/7\/2026\/01\/tty-no-product-image-28.webp","contentUrl":"https:\/\/www.transtoyou.com\/et\/wp-content\/uploads\/sites\/7\/2026\/01\/tty-no-product-image-28.webp","width":1000,"height":1000,"caption":"Vaikimisi toote pilt"},{"@type":"WebSite","@id":"https:\/\/www.transtoyou.com\/et\/#website","url":"https:\/\/www.transtoyou.com\/et\/","name":"Transtoyou - ET","description":"","publisher":{"@id":"https:\/\/www.transtoyou.com\/et\/#organization"},"potentialAction":[{"@type":"SearchAction","target":{"@type":"EntryPoint","urlTemplate":"https:\/\/www.transtoyou.com\/et\/?s={search_term_string}"},"query-input":{"@type":"PropertyValueSpecification","valueRequired":true,"valueName":"search_term_string"}}],"inLanguage":"et"},{"@type":"Organization","@id":"https:\/\/www.transtoyou.com\/et\/#organization","name":"Transtoyou - ET","url":"https:\/\/www.transtoyou.com\/et\/","logo":{"@type":"ImageObject","inLanguage":"et","@id":"https:\/\/www.transtoyou.com\/et\/#\/schema\/logo\/image\/","url":"https:\/\/www.transtoyou.com\/et\/wp-content\/uploads\/sites\/7\/2026\/01\/logo-tty-menu-bar-300x87-1.webp","contentUrl":"https:\/\/www.transtoyou.com\/et\/wp-content\/uploads\/sites\/7\/2026\/01\/logo-tty-menu-bar-300x87-1.webp","width":300,"height":87,"caption":"Transtoyou - ET"},"image":{"@id":"https:\/\/www.transtoyou.com\/et\/#\/schema\/logo\/image\/"}}]}},"_links":{"self":[{"href":"https:\/\/www.transtoyou.com\/et\/wp-json\/wp\/v2\/product\/808","targetHints":{"allow":["GET"]}}],"collection":[{"href":"https:\/\/www.transtoyou.com\/et\/wp-json\/wp\/v2\/product"}],"about":[{"href":"https:\/\/www.transtoyou.com\/et\/wp-json\/wp\/v2\/types\/product"}],"replies":[{"embeddable":true,"href":"https:\/\/www.transtoyou.com\/et\/wp-json\/wp\/v2\/comments?post=808"}],"wp:featuredmedia":[{"embeddable":true,"href":"https:\/\/www.transtoyou.com\/et\/wp-json\/wp\/v2\/media\/810"}],"wp:attachment":[{"href":"https:\/\/www.transtoyou.com\/et\/wp-json\/wp\/v2\/media?parent=808"}],"wp:term":[{"taxonomy":"product_brand","embeddable":true,"href":"https:\/\/www.transtoyou.com\/et\/wp-json\/wp\/v2\/product_brand?post=808"},{"taxonomy":"product_cat","embeddable":true,"href":"https:\/\/www.transtoyou.com\/et\/wp-json\/wp\/v2\/product_cat?post=808"},{"taxonomy":"product_tag","embeddable":true,"href":"https:\/\/www.transtoyou.com\/et\/wp-json\/wp\/v2\/product_tag?post=808"},{"taxonomy":"expert","embeddable":true,"href":"https:\/\/www.transtoyou.com\/et\/wp-json\/wp\/v2\/expert?post=808"}],"curies":[{"name":"wp","href":"https:\/\/api.w.org\/{rel}","templated":true}]}}