{"id":814,"date":"2026-01-22T22:15:19","date_gmt":"2026-01-22T20:15:19","guid":{"rendered":"https:\/\/www.transtoyou.com\/et\/product\/sildenafil\/"},"modified":"2026-03-05T12:09:14","modified_gmt":"2026-03-05T10:09:14","slug":"sildenafiil","status":"publish","type":"product","link":"https:\/\/www.transtoyou.com\/et\/product\/sildenafiil\/","title":{"rendered":"Sildenafiil"},"content":{"rendered":"<p>Sildenafiil on ravi erektsioonih\u00e4irete jaoks, seisund, kus mehel on raske saavutada v\u00f5i hoida erektsiooni. Toimeaine, mida nimetatakse samuti sildenafiiliks, toimib, parandades verevoolu peenisesse, kui mees on seksuaalselt erutatud. See ei suurenda libiidot, kuid toetab f\u00fc\u00fcsilist reaktsiooni seksuaalsele stimuleerimisele.<\/p>\n<p>Algselt s\u00fcdamega seotud rindkerevalu raviks v\u00e4lja t\u00f6\u00f6tatud sildenafiil osutus hiljem t\u00f5husaks erektsioonih\u00e4irete ravis. Seda kasutatakse sageli kaubam\u00e4rgi Viagra all, kuigi geneerilised versioonid on sama t\u00f5husad. Sildenafiil hakkab tavaliselt toimima 30 kuni 60 minuti jooksul ja v\u00f5ib olla efektiivne umbes neli tundi, v\u00f5imaldades rahulikumat kogemust.<\/p>\n<p>Soovitatav standardannus on 50 mg, mida v\u00f5etakse vajadusel enne seksuaalset tegevust. Siiski v\u00f5ivad m\u00f5ned inimesed kasu saada madalamatest v\u00f5i k\u00f5rgematest annustest, s\u00f5ltuvalt individuaalsest taluvusest ja reaktsioonist. Seda ei tohi v\u00f5tta rohkem kui \u00fcks kord p\u00e4evas ning see tuleb alla neelata veega. Raske eine v\u00f5ib selle toimet edasi l\u00fckata.<\/p>\n<p>Tavalised k\u00f5rvaltoimed v\u00f5ivad h\u00f5lmata peavalu, n\u00e4o punetust, ninakinnisust ja peap\u00f6\u00f6ritust. T\u00f5sisemad k\u00f5rvaltoimed, nagu n\u00e4gemise muutused v\u00f5i pikenenud erektsioonid, on haruldased, kuid n\u00f5uavad arstiabi. Sildenafiili ei tohi kasutada koos nitraate sisaldavate ravimitega v\u00f5i teatud verer\u00f5huravimitega, kuna see v\u00f5ib p\u00f5hjustada t\u00f5siseid verer\u00f5hu langusi.<\/p>\n","protected":false},"excerpt":{"rendered":"<ul>\n<li>Alustab toimetamist 30 kuni 60 minuti jooksul<\/li>\n<li>M\u00f5jud kestavad kuni 4 tundi<\/li>\n<li>Aitab toetada loomulikke erektsioone<\/li>\n<\/ul>\n","protected":false},"featured_media":816,"comment_status":"open","ping_status":"closed","template":"","meta":[],"product_brand":[],"product_cat":[132],"product_tag":[],"expert":[16],"class_list":{"0":"post-814","1":"product","2":"type-product","3":"status-publish","4":"has-post-thumbnail","6":"product_cat-erektsioonihairete-ravimid","7":"expert-dr-c-alexandru","9":"first","10":"instock","11":"shipping-taxable","12":"product-type-variable"},"yoast_head":"<!-- This site is optimized with the Yoast SEO plugin v27.0 - https:\/\/yoast.com\/product\/yoast-seo-wordpress\/ -->\n<title>Sildenafiil | Paranda Sooritust Diskreetselt - Transtoyou<\/title>\n<meta name=\"description\" content=\"Avasta Sildenafil Transtoyou&#039;s, usaldusv\u00e4\u00e4rne allikas kvaliteetsete ravimite jaoks. Uuri eeliseid ja osta mugavalt. Saadaval n\u00fc\u00fcd.\" \/>\n<meta name=\"robots\" content=\"noindex, follow, max-snippet:-1, max-image-preview:large, max-video-preview:-1\" \/>\n<meta property=\"og:locale\" content=\"et_EE\" \/>\n<meta property=\"og:type\" content=\"article\" \/>\n<meta property=\"og:title\" content=\"Sildenafiil | Paranda Sooritust Diskreetselt - Transtoyou\" \/>\n<meta property=\"og:description\" content=\"Avasta Sildenafil Transtoyou&#039;s, usaldusv\u00e4\u00e4rne allikas kvaliteetsete ravimite jaoks. Uuri eeliseid ja osta mugavalt. Saadaval n\u00fc\u00fcd.\" \/>\n<meta property=\"og:url\" content=\"https:\/\/www.transtoyou.com\/et\/product\/sildenafil\/\" \/>\n<meta property=\"og:site_name\" content=\"Transtoyou - ET\" \/>\n<meta property=\"article:modified_time\" content=\"2026-03-05T10:09:14+00:00\" \/>\n<meta name=\"twitter:card\" content=\"summary_large_image\" \/>\n<meta name=\"twitter:label1\" content=\"Est. reading time\" \/>\n\t<meta name=\"twitter:data1\" content=\"1 minut\" \/>\n<script type=\"application\/ld+json\" class=\"yoast-schema-graph\">{\"@context\":\"https:\/\/schema.org\",\"@graph\":[{\"@type\":\"WebPage\",\"@id\":\"https:\/\/www.transtoyou.com\/et\/product\/sildenafil\/\",\"url\":\"https:\/\/www.transtoyou.com\/et\/product\/sildenafil\/\",\"name\":\"Sildenafiil | Paranda Sooritust Diskreetselt - Transtoyou\",\"isPartOf\":{\"@id\":\"https:\/\/www.transtoyou.com\/et\/#website\"},\"primaryImageOfPage\":{\"@id\":\"https:\/\/www.transtoyou.com\/et\/product\/sildenafil\/#primaryimage\"},\"image\":{\"@id\":\"https:\/\/www.transtoyou.com\/et\/product\/sildenafil\/#primaryimage\"},\"thumbnailUrl\":\"https:\/\/www.transtoyou.com\/et\/wp-content\/uploads\/sites\/7\/2026\/01\/tty-no-product-image-30.webp\",\"datePublished\":\"2026-01-22T20:15:19+00:00\",\"dateModified\":\"2026-03-05T10:09:14+00:00\",\"description\":\"Avasta Sildenafil Transtoyou's, usaldusv\u00e4\u00e4rne allikas kvaliteetsete ravimite jaoks. Uuri eeliseid ja osta mugavalt. Saadaval n\u00fc\u00fcd.\",\"breadcrumb\":{\"@id\":\"https:\/\/www.transtoyou.com\/et\/product\/sildenafil\/#breadcrumb\"},\"inLanguage\":\"et\",\"potentialAction\":[{\"@type\":\"ReadAction\",\"target\":[\"https:\/\/www.transtoyou.com\/et\/product\/sildenafil\/\"]}]},{\"@type\":\"ImageObject\",\"inLanguage\":\"et\",\"@id\":\"https:\/\/www.transtoyou.com\/et\/product\/sildenafil\/#primaryimage\",\"url\":\"https:\/\/www.transtoyou.com\/et\/wp-content\/uploads\/sites\/7\/2026\/01\/tty-no-product-image-30.webp\",\"contentUrl\":\"https:\/\/www.transtoyou.com\/et\/wp-content\/uploads\/sites\/7\/2026\/01\/tty-no-product-image-30.webp\",\"width\":1000,\"height\":1000,\"caption\":\"Vaikimisi toote pilt\"},{\"@type\":\"WebSite\",\"@id\":\"https:\/\/www.transtoyou.com\/et\/#website\",\"url\":\"https:\/\/www.transtoyou.com\/et\/\",\"name\":\"Transtoyou - ET\",\"description\":\"\",\"publisher\":{\"@id\":\"https:\/\/www.transtoyou.com\/et\/#organization\"},\"potentialAction\":[{\"@type\":\"SearchAction\",\"target\":{\"@type\":\"EntryPoint\",\"urlTemplate\":\"https:\/\/www.transtoyou.com\/et\/?s={search_term_string}\"},\"query-input\":{\"@type\":\"PropertyValueSpecification\",\"valueRequired\":true,\"valueName\":\"search_term_string\"}}],\"inLanguage\":\"et\"},{\"@type\":\"Organization\",\"@id\":\"https:\/\/www.transtoyou.com\/et\/#organization\",\"name\":\"Transtoyou - ET\",\"url\":\"https:\/\/www.transtoyou.com\/et\/\",\"logo\":{\"@type\":\"ImageObject\",\"inLanguage\":\"et\",\"@id\":\"https:\/\/www.transtoyou.com\/et\/#\/schema\/logo\/image\/\",\"url\":\"https:\/\/www.transtoyou.com\/et\/wp-content\/uploads\/sites\/7\/2026\/01\/logo-tty-menu-bar-300x87-1.webp\",\"contentUrl\":\"https:\/\/www.transtoyou.com\/et\/wp-content\/uploads\/sites\/7\/2026\/01\/logo-tty-menu-bar-300x87-1.webp\",\"width\":300,\"height\":87,\"caption\":\"Transtoyou - ET\"},\"image\":{\"@id\":\"https:\/\/www.transtoyou.com\/et\/#\/schema\/logo\/image\/\"}}]}<\/script>\n<!-- \/ Yoast SEO plugin. -->","yoast_head_json":{"title":"Sildenafiil | Paranda Sooritust Diskreetselt - Transtoyou","description":"Avasta Sildenafil Transtoyou's, usaldusv\u00e4\u00e4rne allikas kvaliteetsete ravimite jaoks. Uuri eeliseid ja osta mugavalt. Saadaval n\u00fc\u00fcd.","robots":{"index":"noindex","follow":"follow","max-snippet":"max-snippet:-1","max-image-preview":"max-image-preview:large","max-video-preview":"max-video-preview:-1"},"og_locale":"et_EE","og_type":"article","og_title":"Sildenafiil | Paranda Sooritust Diskreetselt - Transtoyou","og_description":"Avasta Sildenafil Transtoyou's, usaldusv\u00e4\u00e4rne allikas kvaliteetsete ravimite jaoks. Uuri eeliseid ja osta mugavalt. Saadaval n\u00fc\u00fcd.","og_url":"https:\/\/www.transtoyou.com\/et\/product\/sildenafil\/","og_site_name":"Transtoyou - ET","article_modified_time":"2026-03-05T10:09:14+00:00","twitter_card":"summary_large_image","twitter_misc":{"Est. reading time":"1 minut"},"schema":{"@context":"https:\/\/schema.org","@graph":[{"@type":"WebPage","@id":"https:\/\/www.transtoyou.com\/et\/product\/sildenafil\/","url":"https:\/\/www.transtoyou.com\/et\/product\/sildenafil\/","name":"Sildenafiil | Paranda Sooritust Diskreetselt - Transtoyou","isPartOf":{"@id":"https:\/\/www.transtoyou.com\/et\/#website"},"primaryImageOfPage":{"@id":"https:\/\/www.transtoyou.com\/et\/product\/sildenafil\/#primaryimage"},"image":{"@id":"https:\/\/www.transtoyou.com\/et\/product\/sildenafil\/#primaryimage"},"thumbnailUrl":"https:\/\/www.transtoyou.com\/et\/wp-content\/uploads\/sites\/7\/2026\/01\/tty-no-product-image-30.webp","datePublished":"2026-01-22T20:15:19+00:00","dateModified":"2026-03-05T10:09:14+00:00","description":"Avasta Sildenafil Transtoyou's, usaldusv\u00e4\u00e4rne allikas kvaliteetsete ravimite jaoks. Uuri eeliseid ja osta mugavalt. Saadaval n\u00fc\u00fcd.","breadcrumb":{"@id":"https:\/\/www.transtoyou.com\/et\/product\/sildenafil\/#breadcrumb"},"inLanguage":"et","potentialAction":[{"@type":"ReadAction","target":["https:\/\/www.transtoyou.com\/et\/product\/sildenafil\/"]}]},{"@type":"ImageObject","inLanguage":"et","@id":"https:\/\/www.transtoyou.com\/et\/product\/sildenafil\/#primaryimage","url":"https:\/\/www.transtoyou.com\/et\/wp-content\/uploads\/sites\/7\/2026\/01\/tty-no-product-image-30.webp","contentUrl":"https:\/\/www.transtoyou.com\/et\/wp-content\/uploads\/sites\/7\/2026\/01\/tty-no-product-image-30.webp","width":1000,"height":1000,"caption":"Vaikimisi toote pilt"},{"@type":"WebSite","@id":"https:\/\/www.transtoyou.com\/et\/#website","url":"https:\/\/www.transtoyou.com\/et\/","name":"Transtoyou - ET","description":"","publisher":{"@id":"https:\/\/www.transtoyou.com\/et\/#organization"},"potentialAction":[{"@type":"SearchAction","target":{"@type":"EntryPoint","urlTemplate":"https:\/\/www.transtoyou.com\/et\/?s={search_term_string}"},"query-input":{"@type":"PropertyValueSpecification","valueRequired":true,"valueName":"search_term_string"}}],"inLanguage":"et"},{"@type":"Organization","@id":"https:\/\/www.transtoyou.com\/et\/#organization","name":"Transtoyou - ET","url":"https:\/\/www.transtoyou.com\/et\/","logo":{"@type":"ImageObject","inLanguage":"et","@id":"https:\/\/www.transtoyou.com\/et\/#\/schema\/logo\/image\/","url":"https:\/\/www.transtoyou.com\/et\/wp-content\/uploads\/sites\/7\/2026\/01\/logo-tty-menu-bar-300x87-1.webp","contentUrl":"https:\/\/www.transtoyou.com\/et\/wp-content\/uploads\/sites\/7\/2026\/01\/logo-tty-menu-bar-300x87-1.webp","width":300,"height":87,"caption":"Transtoyou - ET"},"image":{"@id":"https:\/\/www.transtoyou.com\/et\/#\/schema\/logo\/image\/"}}]}},"_links":{"self":[{"href":"https:\/\/www.transtoyou.com\/et\/wp-json\/wp\/v2\/product\/814","targetHints":{"allow":["GET"]}}],"collection":[{"href":"https:\/\/www.transtoyou.com\/et\/wp-json\/wp\/v2\/product"}],"about":[{"href":"https:\/\/www.transtoyou.com\/et\/wp-json\/wp\/v2\/types\/product"}],"replies":[{"embeddable":true,"href":"https:\/\/www.transtoyou.com\/et\/wp-json\/wp\/v2\/comments?post=814"}],"wp:featuredmedia":[{"embeddable":true,"href":"https:\/\/www.transtoyou.com\/et\/wp-json\/wp\/v2\/media\/816"}],"wp:attachment":[{"href":"https:\/\/www.transtoyou.com\/et\/wp-json\/wp\/v2\/media?parent=814"}],"wp:term":[{"taxonomy":"product_brand","embeddable":true,"href":"https:\/\/www.transtoyou.com\/et\/wp-json\/wp\/v2\/product_brand?post=814"},{"taxonomy":"product_cat","embeddable":true,"href":"https:\/\/www.transtoyou.com\/et\/wp-json\/wp\/v2\/product_cat?post=814"},{"taxonomy":"product_tag","embeddable":true,"href":"https:\/\/www.transtoyou.com\/et\/wp-json\/wp\/v2\/product_tag?post=814"},{"taxonomy":"expert","embeddable":true,"href":"https:\/\/www.transtoyou.com\/et\/wp-json\/wp\/v2\/expert?post=814"}],"curies":[{"name":"wp","href":"https:\/\/api.w.org\/{rel}","templated":true}]}}