{"id":817,"date":"2026-01-23T17:48:18","date_gmt":"2026-01-23T15:48:18","guid":{"rendered":"https:\/\/www.transtoyou.com\/et\/product\/levitra\/"},"modified":"2026-01-23T17:49:22","modified_gmt":"2026-01-23T15:49:22","slug":"levitra","status":"publish","type":"product","link":"https:\/\/www.transtoyou.com\/et\/product\/levitra\/","title":{"rendered":"Levitra"},"content":{"rendered":"<p>Levitra on ravim meestele, kes kogevad erektsioonih\u00e4ireid, seisundit, kus erektsiooni saavutamine v\u00f5i hoidmine muutub raskeks. See sisaldab toimeainet vardenafiili, mis kuulub fosfodiesteraasi t\u00fc\u00fcpi 5 (PDE5) inhibiitorite r\u00fchma. Need ravimid toimivad, suurendades verevoolu peenisesse seksuaalse stimuleerimise ajal, aidates saavutada kindlamat ja kestvamat erektsiooni.<\/p>\n<p>Erektsioonih\u00e4ired v\u00f5ivad olla p\u00f5hjustatud nii f\u00fc\u00fcsilistest kui ka emotsionaalsetest teguritest. Levitra ei suurenda seksuaalset soovi, vaid parandab f\u00fc\u00fcsilist reaktsiooni stimuleerimisele. P\u00e4rast v\u00f5tmist hakkab see toimima 30 kuni 60 minuti jooksul ja j\u00e4\u00e4b efektiivseks kuni viieks tunniks. See v\u00f5imaldab loomulikumat ja v\u00e4hem ajasurve all olevat kogemust.<\/p>\n<p>Levitra&#8217;t v\u00f5etakse tavaliselt vajadusel ja see tuleb alla neelata koos veega. Seda v\u00f5ib v\u00f5tta koos toiduga v\u00f5i ilma, kuigi v\u00e4ga raske v\u00f5i rasvane eine v\u00f5ib selle toime algust edasi l\u00fckata. Soovitatav algannus on tavaliselt 10 mg, kuid seda v\u00f5ib kohandada s\u00f5ltuvalt selle efektiivsusest ja k\u00f5rvaltoimete esinemisest.<\/p>\n<p>Levinud k\u00f5rvaltoimed h\u00f5lmavad peavalu, n\u00e4o punetust, ninakinnisust ja peap\u00f6\u00f6ritust. Need on tavaliselt kerged ja l\u00fchiajalised. Levitra&#8217;t ei tohiks kasutada koos nitraatravimite v\u00f5i teatud s\u00fcdameravimitega, kuna kombinatsioon v\u00f5ib p\u00f5hjustada verer\u00f5hu olulist langust.<\/p>\n","protected":false},"excerpt":{"rendered":"<ul>\n<li>T\u00f5hus 30\u201360 minuti jooksul<\/li>\n<li>Kestab kuni 5 tundi<\/li>\n<li>Toetab loomulikku erektsioonivastust<\/li>\n<\/ul>\n","protected":false},"featured_media":819,"comment_status":"open","ping_status":"closed","template":"","meta":[],"product_brand":[],"product_cat":[132],"product_tag":[],"expert":[16],"class_list":{"0":"post-817","1":"product","2":"type-product","3":"status-publish","4":"has-post-thumbnail","6":"product_cat-erektsioonihairete-ravimid","7":"expert-dr-c-alexandru","9":"first","10":"instock","11":"shipping-taxable","12":"product-type-variable"},"yoast_head":"<!-- This site is optimized with the Yoast SEO plugin v27.0 - https:\/\/yoast.com\/product\/yoast-seo-wordpress\/ -->\n<title>Levitra | Suurendab intiimsust ja enesekindlust - Transtoyou<\/title>\n<meta name=\"description\" content=\"Avasta Levitra Transtoyou&#039;s, usaldusv\u00e4\u00e4rses digitaalses tervishoiuplatvormis. Paranda oma heaolu teekonda kliiniliselt \u00fclevaatatud tervisetoodetega juba t\u00e4na.\" \/>\n<meta name=\"robots\" content=\"noindex, follow, max-snippet:-1, max-image-preview:large, max-video-preview:-1\" \/>\n<meta property=\"og:locale\" content=\"et_EE\" \/>\n<meta property=\"og:type\" content=\"article\" \/>\n<meta property=\"og:title\" content=\"Levitra | Suurendab intiimsust ja enesekindlust - Transtoyou\" \/>\n<meta property=\"og:description\" content=\"Avasta Levitra Transtoyou&#039;s, usaldusv\u00e4\u00e4rses digitaalses tervishoiuplatvormis. Paranda oma heaolu teekonda kliiniliselt \u00fclevaatatud tervisetoodetega juba t\u00e4na.\" \/>\n<meta property=\"og:url\" content=\"https:\/\/www.transtoyou.com\/et\/product\/levitra\/\" \/>\n<meta property=\"og:site_name\" content=\"Transtoyou - ET\" \/>\n<meta property=\"article:modified_time\" content=\"2026-01-23T15:49:22+00:00\" \/>\n<meta name=\"twitter:card\" content=\"summary_large_image\" \/>\n<meta name=\"twitter:label1\" content=\"Est. reading time\" \/>\n\t<meta name=\"twitter:data1\" content=\"1 minut\" \/>\n<script type=\"application\/ld+json\" class=\"yoast-schema-graph\">{\"@context\":\"https:\/\/schema.org\",\"@graph\":[{\"@type\":\"WebPage\",\"@id\":\"https:\/\/www.transtoyou.com\/et\/product\/levitra\/\",\"url\":\"https:\/\/www.transtoyou.com\/et\/product\/levitra\/\",\"name\":\"Levitra | Suurendab intiimsust ja enesekindlust - Transtoyou\",\"isPartOf\":{\"@id\":\"https:\/\/www.transtoyou.com\/et\/#website\"},\"primaryImageOfPage\":{\"@id\":\"https:\/\/www.transtoyou.com\/et\/product\/levitra\/#primaryimage\"},\"image\":{\"@id\":\"https:\/\/www.transtoyou.com\/et\/product\/levitra\/#primaryimage\"},\"thumbnailUrl\":\"https:\/\/www.transtoyou.com\/et\/wp-content\/uploads\/sites\/7\/2026\/01\/tty-no-product-image-31.webp\",\"datePublished\":\"2026-01-23T15:48:18+00:00\",\"dateModified\":\"2026-01-23T15:49:22+00:00\",\"description\":\"Avasta Levitra Transtoyou's, usaldusv\u00e4\u00e4rses digitaalses tervishoiuplatvormis. Paranda oma heaolu teekonda kliiniliselt \u00fclevaatatud tervisetoodetega juba t\u00e4na.\",\"breadcrumb\":{\"@id\":\"https:\/\/www.transtoyou.com\/et\/product\/levitra\/#breadcrumb\"},\"inLanguage\":\"et\",\"potentialAction\":[{\"@type\":\"ReadAction\",\"target\":[\"https:\/\/www.transtoyou.com\/et\/product\/levitra\/\"]}]},{\"@type\":\"ImageObject\",\"inLanguage\":\"et\",\"@id\":\"https:\/\/www.transtoyou.com\/et\/product\/levitra\/#primaryimage\",\"url\":\"https:\/\/www.transtoyou.com\/et\/wp-content\/uploads\/sites\/7\/2026\/01\/tty-no-product-image-31.webp\",\"contentUrl\":\"https:\/\/www.transtoyou.com\/et\/wp-content\/uploads\/sites\/7\/2026\/01\/tty-no-product-image-31.webp\",\"width\":1000,\"height\":1000,\"caption\":\"Vaikimisi toote pilt\"},{\"@type\":\"WebSite\",\"@id\":\"https:\/\/www.transtoyou.com\/et\/#website\",\"url\":\"https:\/\/www.transtoyou.com\/et\/\",\"name\":\"Transtoyou - ET\",\"description\":\"\",\"publisher\":{\"@id\":\"https:\/\/www.transtoyou.com\/et\/#organization\"},\"potentialAction\":[{\"@type\":\"SearchAction\",\"target\":{\"@type\":\"EntryPoint\",\"urlTemplate\":\"https:\/\/www.transtoyou.com\/et\/?s={search_term_string}\"},\"query-input\":{\"@type\":\"PropertyValueSpecification\",\"valueRequired\":true,\"valueName\":\"search_term_string\"}}],\"inLanguage\":\"et\"},{\"@type\":\"Organization\",\"@id\":\"https:\/\/www.transtoyou.com\/et\/#organization\",\"name\":\"Transtoyou - ET\",\"url\":\"https:\/\/www.transtoyou.com\/et\/\",\"logo\":{\"@type\":\"ImageObject\",\"inLanguage\":\"et\",\"@id\":\"https:\/\/www.transtoyou.com\/et\/#\/schema\/logo\/image\/\",\"url\":\"https:\/\/www.transtoyou.com\/et\/wp-content\/uploads\/sites\/7\/2026\/01\/logo-tty-menu-bar-300x87-1.webp\",\"contentUrl\":\"https:\/\/www.transtoyou.com\/et\/wp-content\/uploads\/sites\/7\/2026\/01\/logo-tty-menu-bar-300x87-1.webp\",\"width\":300,\"height\":87,\"caption\":\"Transtoyou - ET\"},\"image\":{\"@id\":\"https:\/\/www.transtoyou.com\/et\/#\/schema\/logo\/image\/\"}}]}<\/script>\n<!-- \/ Yoast SEO plugin. -->","yoast_head_json":{"title":"Levitra | Suurendab intiimsust ja enesekindlust - Transtoyou","description":"Avasta Levitra Transtoyou's, usaldusv\u00e4\u00e4rses digitaalses tervishoiuplatvormis. Paranda oma heaolu teekonda kliiniliselt \u00fclevaatatud tervisetoodetega juba t\u00e4na.","robots":{"index":"noindex","follow":"follow","max-snippet":"max-snippet:-1","max-image-preview":"max-image-preview:large","max-video-preview":"max-video-preview:-1"},"og_locale":"et_EE","og_type":"article","og_title":"Levitra | Suurendab intiimsust ja enesekindlust - Transtoyou","og_description":"Avasta Levitra Transtoyou's, usaldusv\u00e4\u00e4rses digitaalses tervishoiuplatvormis. Paranda oma heaolu teekonda kliiniliselt \u00fclevaatatud tervisetoodetega juba t\u00e4na.","og_url":"https:\/\/www.transtoyou.com\/et\/product\/levitra\/","og_site_name":"Transtoyou - ET","article_modified_time":"2026-01-23T15:49:22+00:00","twitter_card":"summary_large_image","twitter_misc":{"Est. reading time":"1 minut"},"schema":{"@context":"https:\/\/schema.org","@graph":[{"@type":"WebPage","@id":"https:\/\/www.transtoyou.com\/et\/product\/levitra\/","url":"https:\/\/www.transtoyou.com\/et\/product\/levitra\/","name":"Levitra | Suurendab intiimsust ja enesekindlust - Transtoyou","isPartOf":{"@id":"https:\/\/www.transtoyou.com\/et\/#website"},"primaryImageOfPage":{"@id":"https:\/\/www.transtoyou.com\/et\/product\/levitra\/#primaryimage"},"image":{"@id":"https:\/\/www.transtoyou.com\/et\/product\/levitra\/#primaryimage"},"thumbnailUrl":"https:\/\/www.transtoyou.com\/et\/wp-content\/uploads\/sites\/7\/2026\/01\/tty-no-product-image-31.webp","datePublished":"2026-01-23T15:48:18+00:00","dateModified":"2026-01-23T15:49:22+00:00","description":"Avasta Levitra Transtoyou's, usaldusv\u00e4\u00e4rses digitaalses tervishoiuplatvormis. Paranda oma heaolu teekonda kliiniliselt \u00fclevaatatud tervisetoodetega juba t\u00e4na.","breadcrumb":{"@id":"https:\/\/www.transtoyou.com\/et\/product\/levitra\/#breadcrumb"},"inLanguage":"et","potentialAction":[{"@type":"ReadAction","target":["https:\/\/www.transtoyou.com\/et\/product\/levitra\/"]}]},{"@type":"ImageObject","inLanguage":"et","@id":"https:\/\/www.transtoyou.com\/et\/product\/levitra\/#primaryimage","url":"https:\/\/www.transtoyou.com\/et\/wp-content\/uploads\/sites\/7\/2026\/01\/tty-no-product-image-31.webp","contentUrl":"https:\/\/www.transtoyou.com\/et\/wp-content\/uploads\/sites\/7\/2026\/01\/tty-no-product-image-31.webp","width":1000,"height":1000,"caption":"Vaikimisi toote pilt"},{"@type":"WebSite","@id":"https:\/\/www.transtoyou.com\/et\/#website","url":"https:\/\/www.transtoyou.com\/et\/","name":"Transtoyou - ET","description":"","publisher":{"@id":"https:\/\/www.transtoyou.com\/et\/#organization"},"potentialAction":[{"@type":"SearchAction","target":{"@type":"EntryPoint","urlTemplate":"https:\/\/www.transtoyou.com\/et\/?s={search_term_string}"},"query-input":{"@type":"PropertyValueSpecification","valueRequired":true,"valueName":"search_term_string"}}],"inLanguage":"et"},{"@type":"Organization","@id":"https:\/\/www.transtoyou.com\/et\/#organization","name":"Transtoyou - ET","url":"https:\/\/www.transtoyou.com\/et\/","logo":{"@type":"ImageObject","inLanguage":"et","@id":"https:\/\/www.transtoyou.com\/et\/#\/schema\/logo\/image\/","url":"https:\/\/www.transtoyou.com\/et\/wp-content\/uploads\/sites\/7\/2026\/01\/logo-tty-menu-bar-300x87-1.webp","contentUrl":"https:\/\/www.transtoyou.com\/et\/wp-content\/uploads\/sites\/7\/2026\/01\/logo-tty-menu-bar-300x87-1.webp","width":300,"height":87,"caption":"Transtoyou - ET"},"image":{"@id":"https:\/\/www.transtoyou.com\/et\/#\/schema\/logo\/image\/"}}]}},"_links":{"self":[{"href":"https:\/\/www.transtoyou.com\/et\/wp-json\/wp\/v2\/product\/817","targetHints":{"allow":["GET"]}}],"collection":[{"href":"https:\/\/www.transtoyou.com\/et\/wp-json\/wp\/v2\/product"}],"about":[{"href":"https:\/\/www.transtoyou.com\/et\/wp-json\/wp\/v2\/types\/product"}],"replies":[{"embeddable":true,"href":"https:\/\/www.transtoyou.com\/et\/wp-json\/wp\/v2\/comments?post=817"}],"wp:featuredmedia":[{"embeddable":true,"href":"https:\/\/www.transtoyou.com\/et\/wp-json\/wp\/v2\/media\/819"}],"wp:attachment":[{"href":"https:\/\/www.transtoyou.com\/et\/wp-json\/wp\/v2\/media?parent=817"}],"wp:term":[{"taxonomy":"product_brand","embeddable":true,"href":"https:\/\/www.transtoyou.com\/et\/wp-json\/wp\/v2\/product_brand?post=817"},{"taxonomy":"product_cat","embeddable":true,"href":"https:\/\/www.transtoyou.com\/et\/wp-json\/wp\/v2\/product_cat?post=817"},{"taxonomy":"product_tag","embeddable":true,"href":"https:\/\/www.transtoyou.com\/et\/wp-json\/wp\/v2\/product_tag?post=817"},{"taxonomy":"expert","embeddable":true,"href":"https:\/\/www.transtoyou.com\/et\/wp-json\/wp\/v2\/expert?post=817"}],"curies":[{"name":"wp","href":"https:\/\/api.w.org\/{rel}","templated":true}]}}