{"id":820,"date":"2026-01-23T17:57:28","date_gmt":"2026-01-23T15:57:28","guid":{"rendered":"https:\/\/www.transtoyou.com\/et\/product\/sandrena\/"},"modified":"2026-01-23T17:58:27","modified_gmt":"2026-01-23T15:58:27","slug":"sandrena","status":"publish","type":"product","link":"https:\/\/www.transtoyou.com\/et\/product\/sandrena\/","title":{"rendered":"Sandrena"},"content":{"rendered":"<p>Sandrena on transdermaalne geel, mis sisaldab estradioolhemih\u00fcdraati, \u00f6strogeeni vormi. See ravib s\u00fcmptomeid, mis on seotud \u00f6strogeeni puudusega loomuliku v\u00f5i kirurgilise menopausi ajal, nagu kuumahood, \u00f6ised higistamised ja tupe kuivus. Sandrenat saab kasutada ka postmenopausaalsete osteoporoosi varajases ennetamises.<\/p>\n<p>Ravim toimib, edastades estradiooli otse l\u00e4bi naha vereringesse, m\u00f6\u00f6da maksa, v\u00e4hendades hormoonide k\u00f5ikumisi v\u00f5rreldes suukaudsete \u00f6strogeenidega. Estradiool seondub \u00f6strogeeni retseptoritega, avaldades anti-osteoporoosi, lipiidide reguleerimise ja vasomotoorse stabiliseerimise toimeid. See s\u00e4ilitab ka naha, kuseteede ja luude tervise.<\/p>\n<p>Kehas t\u00f5stab Sandrena t\u00f5husalt estradiooli taset, et taastada hormonaalne tasakaal, parandades menopausi s\u00fcmptomeid, s\u00e4ilitades samal ajal soodsa estradiooli ja estriooni suhte. See pakub stabiilseid vere tasemeid minimaalse igap\u00e4evase k\u00f5ikumisega ja seda saab kergesti kohandada vastavalt individuaalsetele terapeutilistele vajadustele.<\/p>\n<p>Sandrena on \u00fcldiselt h\u00e4sti talutav, kuigi see n\u00f5uab progestogeeni kombinatsiooni naistel, kellel on terve emakas, et v\u00e4ltida endomeetriumi h\u00fcperplaasiat.<\/p>\n","protected":false},"excerpt":{"rendered":"<ul>\n<li>Kliimakteriumi s\u00fcmptomite leevendamine<\/li>\n<li>Transdermaalne \u00f6stroge geeli ravi<\/li>\n<li>Aitab ennetada varajast osteoporoosi<\/li>\n<\/ul>\n","protected":false},"featured_media":822,"comment_status":"open","ping_status":"closed","template":"","meta":[],"product_brand":[],"product_cat":[156,133],"product_tag":[],"expert":[17],"class_list":{"0":"post-820","1":"product","2":"type-product","3":"status-publish","4":"has-post-thumbnail","6":"product_cat-hormoonasendusravi-hrt","7":"product_cat-ostrogeen-ja-feminiinne-teraapia","8":"expert-dr-c-munoz-parada","10":"first","11":"instock","12":"shipping-taxable","13":"product-type-variable"},"yoast_head":"<!-- This site is optimized with the Yoast SEO plugin v27.0 - https:\/\/yoast.com\/product\/yoast-seo-wordpress\/ -->\n<title>Sandrena | Usaldusv\u00e4\u00e4rne Hormonaalse Tasakaalu Tugi - Transtoyou<\/title>\n<meta name=\"description\" content=\"Sandrena on n\u00fc\u00fcd saadaval Transtoyou&#039;s, pakkudes hormoonide tuge kliiniliselt hinnatud eelistega. Osta t\u00e4na usaldusv\u00e4\u00e4rseid kvaliteetseid tervendavaid lahendusi.\" \/>\n<meta name=\"robots\" content=\"noindex, follow, max-snippet:-1, max-image-preview:large, max-video-preview:-1\" \/>\n<meta property=\"og:locale\" content=\"et_EE\" \/>\n<meta property=\"og:type\" content=\"article\" \/>\n<meta property=\"og:title\" content=\"Sandrena | Usaldusv\u00e4\u00e4rne Hormonaalse Tasakaalu Tugi - Transtoyou\" \/>\n<meta property=\"og:description\" content=\"Sandrena on n\u00fc\u00fcd saadaval Transtoyou&#039;s, pakkudes hormoonide tuge kliiniliselt hinnatud eelistega. Osta t\u00e4na usaldusv\u00e4\u00e4rseid kvaliteetseid tervendavaid lahendusi.\" \/>\n<meta property=\"og:url\" content=\"https:\/\/www.transtoyou.com\/et\/product\/sandrena\/\" \/>\n<meta property=\"og:site_name\" content=\"Transtoyou - ET\" \/>\n<meta property=\"article:modified_time\" content=\"2026-01-23T15:58:27+00:00\" \/>\n<meta name=\"twitter:card\" content=\"summary_large_image\" \/>\n<meta name=\"twitter:label1\" content=\"Est. reading time\" \/>\n\t<meta name=\"twitter:data1\" content=\"1 minut\" \/>\n<script type=\"application\/ld+json\" class=\"yoast-schema-graph\">{\"@context\":\"https:\/\/schema.org\",\"@graph\":[{\"@type\":\"WebPage\",\"@id\":\"https:\/\/www.transtoyou.com\/et\/product\/sandrena\/\",\"url\":\"https:\/\/www.transtoyou.com\/et\/product\/sandrena\/\",\"name\":\"Sandrena | Usaldusv\u00e4\u00e4rne Hormonaalse Tasakaalu Tugi - Transtoyou\",\"isPartOf\":{\"@id\":\"https:\/\/www.transtoyou.com\/et\/#website\"},\"primaryImageOfPage\":{\"@id\":\"https:\/\/www.transtoyou.com\/et\/product\/sandrena\/#primaryimage\"},\"image\":{\"@id\":\"https:\/\/www.transtoyou.com\/et\/product\/sandrena\/#primaryimage\"},\"thumbnailUrl\":\"https:\/\/www.transtoyou.com\/et\/wp-content\/uploads\/sites\/7\/2026\/01\/tty-no-product-image-32.webp\",\"datePublished\":\"2026-01-23T15:57:28+00:00\",\"dateModified\":\"2026-01-23T15:58:27+00:00\",\"description\":\"Sandrena on n\u00fc\u00fcd saadaval Transtoyou's, pakkudes hormoonide tuge kliiniliselt hinnatud eelistega. Osta t\u00e4na usaldusv\u00e4\u00e4rseid kvaliteetseid tervendavaid lahendusi.\",\"breadcrumb\":{\"@id\":\"https:\/\/www.transtoyou.com\/et\/product\/sandrena\/#breadcrumb\"},\"inLanguage\":\"et\",\"potentialAction\":[{\"@type\":\"ReadAction\",\"target\":[\"https:\/\/www.transtoyou.com\/et\/product\/sandrena\/\"]}]},{\"@type\":\"ImageObject\",\"inLanguage\":\"et\",\"@id\":\"https:\/\/www.transtoyou.com\/et\/product\/sandrena\/#primaryimage\",\"url\":\"https:\/\/www.transtoyou.com\/et\/wp-content\/uploads\/sites\/7\/2026\/01\/tty-no-product-image-32.webp\",\"contentUrl\":\"https:\/\/www.transtoyou.com\/et\/wp-content\/uploads\/sites\/7\/2026\/01\/tty-no-product-image-32.webp\",\"width\":1000,\"height\":1000,\"caption\":\"Vaikimisi toote pilt\"},{\"@type\":\"WebSite\",\"@id\":\"https:\/\/www.transtoyou.com\/et\/#website\",\"url\":\"https:\/\/www.transtoyou.com\/et\/\",\"name\":\"Transtoyou - ET\",\"description\":\"\",\"publisher\":{\"@id\":\"https:\/\/www.transtoyou.com\/et\/#organization\"},\"potentialAction\":[{\"@type\":\"SearchAction\",\"target\":{\"@type\":\"EntryPoint\",\"urlTemplate\":\"https:\/\/www.transtoyou.com\/et\/?s={search_term_string}\"},\"query-input\":{\"@type\":\"PropertyValueSpecification\",\"valueRequired\":true,\"valueName\":\"search_term_string\"}}],\"inLanguage\":\"et\"},{\"@type\":\"Organization\",\"@id\":\"https:\/\/www.transtoyou.com\/et\/#organization\",\"name\":\"Transtoyou - ET\",\"url\":\"https:\/\/www.transtoyou.com\/et\/\",\"logo\":{\"@type\":\"ImageObject\",\"inLanguage\":\"et\",\"@id\":\"https:\/\/www.transtoyou.com\/et\/#\/schema\/logo\/image\/\",\"url\":\"https:\/\/www.transtoyou.com\/et\/wp-content\/uploads\/sites\/7\/2026\/01\/logo-tty-menu-bar-300x87-1.webp\",\"contentUrl\":\"https:\/\/www.transtoyou.com\/et\/wp-content\/uploads\/sites\/7\/2026\/01\/logo-tty-menu-bar-300x87-1.webp\",\"width\":300,\"height\":87,\"caption\":\"Transtoyou - ET\"},\"image\":{\"@id\":\"https:\/\/www.transtoyou.com\/et\/#\/schema\/logo\/image\/\"}}]}<\/script>\n<!-- \/ Yoast SEO plugin. -->","yoast_head_json":{"title":"Sandrena | Usaldusv\u00e4\u00e4rne Hormonaalse Tasakaalu Tugi - Transtoyou","description":"Sandrena on n\u00fc\u00fcd saadaval Transtoyou's, pakkudes hormoonide tuge kliiniliselt hinnatud eelistega. Osta t\u00e4na usaldusv\u00e4\u00e4rseid kvaliteetseid tervendavaid lahendusi.","robots":{"index":"noindex","follow":"follow","max-snippet":"max-snippet:-1","max-image-preview":"max-image-preview:large","max-video-preview":"max-video-preview:-1"},"og_locale":"et_EE","og_type":"article","og_title":"Sandrena | Usaldusv\u00e4\u00e4rne Hormonaalse Tasakaalu Tugi - Transtoyou","og_description":"Sandrena on n\u00fc\u00fcd saadaval Transtoyou's, pakkudes hormoonide tuge kliiniliselt hinnatud eelistega. Osta t\u00e4na usaldusv\u00e4\u00e4rseid kvaliteetseid tervendavaid lahendusi.","og_url":"https:\/\/www.transtoyou.com\/et\/product\/sandrena\/","og_site_name":"Transtoyou - ET","article_modified_time":"2026-01-23T15:58:27+00:00","twitter_card":"summary_large_image","twitter_misc":{"Est. reading time":"1 minut"},"schema":{"@context":"https:\/\/schema.org","@graph":[{"@type":"WebPage","@id":"https:\/\/www.transtoyou.com\/et\/product\/sandrena\/","url":"https:\/\/www.transtoyou.com\/et\/product\/sandrena\/","name":"Sandrena | Usaldusv\u00e4\u00e4rne Hormonaalse Tasakaalu Tugi - Transtoyou","isPartOf":{"@id":"https:\/\/www.transtoyou.com\/et\/#website"},"primaryImageOfPage":{"@id":"https:\/\/www.transtoyou.com\/et\/product\/sandrena\/#primaryimage"},"image":{"@id":"https:\/\/www.transtoyou.com\/et\/product\/sandrena\/#primaryimage"},"thumbnailUrl":"https:\/\/www.transtoyou.com\/et\/wp-content\/uploads\/sites\/7\/2026\/01\/tty-no-product-image-32.webp","datePublished":"2026-01-23T15:57:28+00:00","dateModified":"2026-01-23T15:58:27+00:00","description":"Sandrena on n\u00fc\u00fcd saadaval Transtoyou's, pakkudes hormoonide tuge kliiniliselt hinnatud eelistega. Osta t\u00e4na usaldusv\u00e4\u00e4rseid kvaliteetseid tervendavaid lahendusi.","breadcrumb":{"@id":"https:\/\/www.transtoyou.com\/et\/product\/sandrena\/#breadcrumb"},"inLanguage":"et","potentialAction":[{"@type":"ReadAction","target":["https:\/\/www.transtoyou.com\/et\/product\/sandrena\/"]}]},{"@type":"ImageObject","inLanguage":"et","@id":"https:\/\/www.transtoyou.com\/et\/product\/sandrena\/#primaryimage","url":"https:\/\/www.transtoyou.com\/et\/wp-content\/uploads\/sites\/7\/2026\/01\/tty-no-product-image-32.webp","contentUrl":"https:\/\/www.transtoyou.com\/et\/wp-content\/uploads\/sites\/7\/2026\/01\/tty-no-product-image-32.webp","width":1000,"height":1000,"caption":"Vaikimisi toote pilt"},{"@type":"WebSite","@id":"https:\/\/www.transtoyou.com\/et\/#website","url":"https:\/\/www.transtoyou.com\/et\/","name":"Transtoyou - ET","description":"","publisher":{"@id":"https:\/\/www.transtoyou.com\/et\/#organization"},"potentialAction":[{"@type":"SearchAction","target":{"@type":"EntryPoint","urlTemplate":"https:\/\/www.transtoyou.com\/et\/?s={search_term_string}"},"query-input":{"@type":"PropertyValueSpecification","valueRequired":true,"valueName":"search_term_string"}}],"inLanguage":"et"},{"@type":"Organization","@id":"https:\/\/www.transtoyou.com\/et\/#organization","name":"Transtoyou - ET","url":"https:\/\/www.transtoyou.com\/et\/","logo":{"@type":"ImageObject","inLanguage":"et","@id":"https:\/\/www.transtoyou.com\/et\/#\/schema\/logo\/image\/","url":"https:\/\/www.transtoyou.com\/et\/wp-content\/uploads\/sites\/7\/2026\/01\/logo-tty-menu-bar-300x87-1.webp","contentUrl":"https:\/\/www.transtoyou.com\/et\/wp-content\/uploads\/sites\/7\/2026\/01\/logo-tty-menu-bar-300x87-1.webp","width":300,"height":87,"caption":"Transtoyou - ET"},"image":{"@id":"https:\/\/www.transtoyou.com\/et\/#\/schema\/logo\/image\/"}}]}},"_links":{"self":[{"href":"https:\/\/www.transtoyou.com\/et\/wp-json\/wp\/v2\/product\/820","targetHints":{"allow":["GET"]}}],"collection":[{"href":"https:\/\/www.transtoyou.com\/et\/wp-json\/wp\/v2\/product"}],"about":[{"href":"https:\/\/www.transtoyou.com\/et\/wp-json\/wp\/v2\/types\/product"}],"replies":[{"embeddable":true,"href":"https:\/\/www.transtoyou.com\/et\/wp-json\/wp\/v2\/comments?post=820"}],"wp:featuredmedia":[{"embeddable":true,"href":"https:\/\/www.transtoyou.com\/et\/wp-json\/wp\/v2\/media\/822"}],"wp:attachment":[{"href":"https:\/\/www.transtoyou.com\/et\/wp-json\/wp\/v2\/media?parent=820"}],"wp:term":[{"taxonomy":"product_brand","embeddable":true,"href":"https:\/\/www.transtoyou.com\/et\/wp-json\/wp\/v2\/product_brand?post=820"},{"taxonomy":"product_cat","embeddable":true,"href":"https:\/\/www.transtoyou.com\/et\/wp-json\/wp\/v2\/product_cat?post=820"},{"taxonomy":"product_tag","embeddable":true,"href":"https:\/\/www.transtoyou.com\/et\/wp-json\/wp\/v2\/product_tag?post=820"},{"taxonomy":"expert","embeddable":true,"href":"https:\/\/www.transtoyou.com\/et\/wp-json\/wp\/v2\/expert?post=820"}],"curies":[{"name":"wp","href":"https:\/\/api.w.org\/{rel}","templated":true}]}}