{"id":823,"date":"2026-01-23T18:12:05","date_gmt":"2026-01-23T16:12:05","guid":{"rendered":"https:\/\/www.transtoyou.com\/et\/product\/spedra\/"},"modified":"2026-03-05T13:17:05","modified_gmt":"2026-03-05T11:17:05","slug":"spedra","status":"publish","type":"product","link":"https:\/\/www.transtoyou.com\/et\/product\/spedra\/","title":{"rendered":"Spedra"},"content":{"rendered":"<p>Spedra on kiiresti toimiv ravim, mida kasutatakse erektsioonih\u00e4irete (ED) raviks. See sisaldab avanafilit, selektiivset fosfodiesteraasi t\u00fc\u00fcpi 5 (PDE5) inhibiitorit. Kui mees on seksuaalselt stimuleeritud, suureneb verevool, mis p\u00f5hjustab erektsiooni. Avanafil blokeerib PDE5 ens\u00fc\u00fcmi, et pikendada erektsiooni protsessi.<\/p>\n<p>Spedra on n\u00e4idustatud ED jaoks, sealhulgas kergete kuni raskete s\u00fcmptomitega, tingimusel et seksuaalne stimulatsioon on olemas. Ilma selleta ei ole see efektiivne. Toime algab juba 15\u201330 minuti jooksul ja efekt v\u00f5ib kesta kuni 2 tundi, s\u00f5ltuvalt inimesest.<\/p>\n<p>See ravim on h\u00e4sti talutav ja sellel on soodne ohutusprofiil, kui seda kasutatakse vastavalt ettekirjutusele. Seda v\u00f5ivad kasutada k\u00f5ik vanuser\u00fchmad, sealhulgas vanemad t\u00e4iskasvanud, ning selle eeliseks on kiire imendumine. Erinevalt m\u00f5nest PDE5 inhibiitorist on Spedra toiduga suhtlemised minimaalsed, kuigi rasvane eine v\u00f5ib imendumist veidi edasi l\u00fckata.<\/p>\n","protected":false},"excerpt":{"rendered":"<ul>\n<li>Kiire toime algus 15\u201330 minuti jooksul<\/li>\n<li>Toimib kuni 2 tundi<\/li>\n<li>V\u00f5ib v\u00f5tta koos toiduga v\u00f5i ilma<\/li>\n<\/ul>\n","protected":false},"featured_media":825,"comment_status":"open","ping_status":"closed","template":"","meta":[],"product_brand":[],"product_cat":[132],"product_tag":[],"expert":[17],"class_list":{"0":"post-823","1":"product","2":"type-product","3":"status-publish","4":"has-post-thumbnail","6":"product_cat-erektsioonihairete-ravimid","7":"expert-dr-c-munoz-parada","9":"first","10":"instock","11":"shipping-taxable","12":"product-type-variable"},"yoast_head":"<!-- This site is optimized with the Yoast SEO plugin v27.0 - https:\/\/yoast.com\/product\/yoast-seo-wordpress\/ -->\n<title>Spedra | Kiiretoimeline ED Lahendus - Transtoyou<\/title>\n<meta name=\"description\" content=\"Spedra, n\u00fc\u00fcd saadaval Transtoyou&#039;s. Paranda oma heaolu selle ainulaadse tervisetootega. Avastage eelised ja tellige t\u00e4na!\" \/>\n<meta name=\"robots\" content=\"noindex, follow, max-snippet:-1, max-image-preview:large, max-video-preview:-1\" \/>\n<meta property=\"og:locale\" content=\"et_EE\" \/>\n<meta property=\"og:type\" content=\"article\" \/>\n<meta property=\"og:title\" content=\"Spedra | Kiiretoimeline ED Lahendus - Transtoyou\" \/>\n<meta property=\"og:description\" content=\"Spedra, n\u00fc\u00fcd saadaval Transtoyou&#039;s. Paranda oma heaolu selle ainulaadse tervisetootega. Avastage eelised ja tellige t\u00e4na!\" \/>\n<meta property=\"og:url\" content=\"https:\/\/www.transtoyou.com\/et\/product\/spedra\/\" \/>\n<meta property=\"og:site_name\" content=\"Transtoyou - ET\" \/>\n<meta property=\"article:modified_time\" content=\"2026-03-05T11:17:05+00:00\" \/>\n<meta name=\"twitter:card\" content=\"summary_large_image\" \/>\n<meta name=\"twitter:label1\" content=\"Est. reading time\" \/>\n\t<meta name=\"twitter:data1\" content=\"1 minut\" \/>\n<script type=\"application\/ld+json\" class=\"yoast-schema-graph\">{\"@context\":\"https:\/\/schema.org\",\"@graph\":[{\"@type\":\"WebPage\",\"@id\":\"https:\/\/www.transtoyou.com\/et\/product\/spedra\/\",\"url\":\"https:\/\/www.transtoyou.com\/et\/product\/spedra\/\",\"name\":\"Spedra | Kiiretoimeline ED Lahendus - Transtoyou\",\"isPartOf\":{\"@id\":\"https:\/\/www.transtoyou.com\/et\/#website\"},\"primaryImageOfPage\":{\"@id\":\"https:\/\/www.transtoyou.com\/et\/product\/spedra\/#primaryimage\"},\"image\":{\"@id\":\"https:\/\/www.transtoyou.com\/et\/product\/spedra\/#primaryimage\"},\"thumbnailUrl\":\"https:\/\/www.transtoyou.com\/et\/wp-content\/uploads\/sites\/7\/2026\/01\/tty-no-product-image-33.webp\",\"datePublished\":\"2026-01-23T16:12:05+00:00\",\"dateModified\":\"2026-03-05T11:17:05+00:00\",\"description\":\"Spedra, n\u00fc\u00fcd saadaval Transtoyou's. Paranda oma heaolu selle ainulaadse tervisetootega. Avastage eelised ja tellige t\u00e4na!\",\"breadcrumb\":{\"@id\":\"https:\/\/www.transtoyou.com\/et\/product\/spedra\/#breadcrumb\"},\"inLanguage\":\"et\",\"potentialAction\":[{\"@type\":\"ReadAction\",\"target\":[\"https:\/\/www.transtoyou.com\/et\/product\/spedra\/\"]}]},{\"@type\":\"ImageObject\",\"inLanguage\":\"et\",\"@id\":\"https:\/\/www.transtoyou.com\/et\/product\/spedra\/#primaryimage\",\"url\":\"https:\/\/www.transtoyou.com\/et\/wp-content\/uploads\/sites\/7\/2026\/01\/tty-no-product-image-33.webp\",\"contentUrl\":\"https:\/\/www.transtoyou.com\/et\/wp-content\/uploads\/sites\/7\/2026\/01\/tty-no-product-image-33.webp\",\"width\":1000,\"height\":1000,\"caption\":\"Vaikimisi toote pilt\"},{\"@type\":\"WebSite\",\"@id\":\"https:\/\/www.transtoyou.com\/et\/#website\",\"url\":\"https:\/\/www.transtoyou.com\/et\/\",\"name\":\"Transtoyou - ET\",\"description\":\"\",\"publisher\":{\"@id\":\"https:\/\/www.transtoyou.com\/et\/#organization\"},\"potentialAction\":[{\"@type\":\"SearchAction\",\"target\":{\"@type\":\"EntryPoint\",\"urlTemplate\":\"https:\/\/www.transtoyou.com\/et\/?s={search_term_string}\"},\"query-input\":{\"@type\":\"PropertyValueSpecification\",\"valueRequired\":true,\"valueName\":\"search_term_string\"}}],\"inLanguage\":\"et\"},{\"@type\":\"Organization\",\"@id\":\"https:\/\/www.transtoyou.com\/et\/#organization\",\"name\":\"Transtoyou - ET\",\"url\":\"https:\/\/www.transtoyou.com\/et\/\",\"logo\":{\"@type\":\"ImageObject\",\"inLanguage\":\"et\",\"@id\":\"https:\/\/www.transtoyou.com\/et\/#\/schema\/logo\/image\/\",\"url\":\"https:\/\/www.transtoyou.com\/et\/wp-content\/uploads\/sites\/7\/2026\/01\/logo-tty-menu-bar-300x87-1.webp\",\"contentUrl\":\"https:\/\/www.transtoyou.com\/et\/wp-content\/uploads\/sites\/7\/2026\/01\/logo-tty-menu-bar-300x87-1.webp\",\"width\":300,\"height\":87,\"caption\":\"Transtoyou - ET\"},\"image\":{\"@id\":\"https:\/\/www.transtoyou.com\/et\/#\/schema\/logo\/image\/\"}}]}<\/script>\n<!-- \/ Yoast SEO plugin. -->","yoast_head_json":{"title":"Spedra | Kiiretoimeline ED Lahendus - Transtoyou","description":"Spedra, n\u00fc\u00fcd saadaval Transtoyou's. Paranda oma heaolu selle ainulaadse tervisetootega. Avastage eelised ja tellige t\u00e4na!","robots":{"index":"noindex","follow":"follow","max-snippet":"max-snippet:-1","max-image-preview":"max-image-preview:large","max-video-preview":"max-video-preview:-1"},"og_locale":"et_EE","og_type":"article","og_title":"Spedra | Kiiretoimeline ED Lahendus - Transtoyou","og_description":"Spedra, n\u00fc\u00fcd saadaval Transtoyou's. Paranda oma heaolu selle ainulaadse tervisetootega. Avastage eelised ja tellige t\u00e4na!","og_url":"https:\/\/www.transtoyou.com\/et\/product\/spedra\/","og_site_name":"Transtoyou - ET","article_modified_time":"2026-03-05T11:17:05+00:00","twitter_card":"summary_large_image","twitter_misc":{"Est. reading time":"1 minut"},"schema":{"@context":"https:\/\/schema.org","@graph":[{"@type":"WebPage","@id":"https:\/\/www.transtoyou.com\/et\/product\/spedra\/","url":"https:\/\/www.transtoyou.com\/et\/product\/spedra\/","name":"Spedra | Kiiretoimeline ED Lahendus - Transtoyou","isPartOf":{"@id":"https:\/\/www.transtoyou.com\/et\/#website"},"primaryImageOfPage":{"@id":"https:\/\/www.transtoyou.com\/et\/product\/spedra\/#primaryimage"},"image":{"@id":"https:\/\/www.transtoyou.com\/et\/product\/spedra\/#primaryimage"},"thumbnailUrl":"https:\/\/www.transtoyou.com\/et\/wp-content\/uploads\/sites\/7\/2026\/01\/tty-no-product-image-33.webp","datePublished":"2026-01-23T16:12:05+00:00","dateModified":"2026-03-05T11:17:05+00:00","description":"Spedra, n\u00fc\u00fcd saadaval Transtoyou's. Paranda oma heaolu selle ainulaadse tervisetootega. Avastage eelised ja tellige t\u00e4na!","breadcrumb":{"@id":"https:\/\/www.transtoyou.com\/et\/product\/spedra\/#breadcrumb"},"inLanguage":"et","potentialAction":[{"@type":"ReadAction","target":["https:\/\/www.transtoyou.com\/et\/product\/spedra\/"]}]},{"@type":"ImageObject","inLanguage":"et","@id":"https:\/\/www.transtoyou.com\/et\/product\/spedra\/#primaryimage","url":"https:\/\/www.transtoyou.com\/et\/wp-content\/uploads\/sites\/7\/2026\/01\/tty-no-product-image-33.webp","contentUrl":"https:\/\/www.transtoyou.com\/et\/wp-content\/uploads\/sites\/7\/2026\/01\/tty-no-product-image-33.webp","width":1000,"height":1000,"caption":"Vaikimisi toote pilt"},{"@type":"WebSite","@id":"https:\/\/www.transtoyou.com\/et\/#website","url":"https:\/\/www.transtoyou.com\/et\/","name":"Transtoyou - ET","description":"","publisher":{"@id":"https:\/\/www.transtoyou.com\/et\/#organization"},"potentialAction":[{"@type":"SearchAction","target":{"@type":"EntryPoint","urlTemplate":"https:\/\/www.transtoyou.com\/et\/?s={search_term_string}"},"query-input":{"@type":"PropertyValueSpecification","valueRequired":true,"valueName":"search_term_string"}}],"inLanguage":"et"},{"@type":"Organization","@id":"https:\/\/www.transtoyou.com\/et\/#organization","name":"Transtoyou - ET","url":"https:\/\/www.transtoyou.com\/et\/","logo":{"@type":"ImageObject","inLanguage":"et","@id":"https:\/\/www.transtoyou.com\/et\/#\/schema\/logo\/image\/","url":"https:\/\/www.transtoyou.com\/et\/wp-content\/uploads\/sites\/7\/2026\/01\/logo-tty-menu-bar-300x87-1.webp","contentUrl":"https:\/\/www.transtoyou.com\/et\/wp-content\/uploads\/sites\/7\/2026\/01\/logo-tty-menu-bar-300x87-1.webp","width":300,"height":87,"caption":"Transtoyou - ET"},"image":{"@id":"https:\/\/www.transtoyou.com\/et\/#\/schema\/logo\/image\/"}}]}},"_links":{"self":[{"href":"https:\/\/www.transtoyou.com\/et\/wp-json\/wp\/v2\/product\/823","targetHints":{"allow":["GET"]}}],"collection":[{"href":"https:\/\/www.transtoyou.com\/et\/wp-json\/wp\/v2\/product"}],"about":[{"href":"https:\/\/www.transtoyou.com\/et\/wp-json\/wp\/v2\/types\/product"}],"replies":[{"embeddable":true,"href":"https:\/\/www.transtoyou.com\/et\/wp-json\/wp\/v2\/comments?post=823"}],"wp:featuredmedia":[{"embeddable":true,"href":"https:\/\/www.transtoyou.com\/et\/wp-json\/wp\/v2\/media\/825"}],"wp:attachment":[{"href":"https:\/\/www.transtoyou.com\/et\/wp-json\/wp\/v2\/media?parent=823"}],"wp:term":[{"taxonomy":"product_brand","embeddable":true,"href":"https:\/\/www.transtoyou.com\/et\/wp-json\/wp\/v2\/product_brand?post=823"},{"taxonomy":"product_cat","embeddable":true,"href":"https:\/\/www.transtoyou.com\/et\/wp-json\/wp\/v2\/product_cat?post=823"},{"taxonomy":"product_tag","embeddable":true,"href":"https:\/\/www.transtoyou.com\/et\/wp-json\/wp\/v2\/product_tag?post=823"},{"taxonomy":"expert","embeddable":true,"href":"https:\/\/www.transtoyou.com\/et\/wp-json\/wp\/v2\/expert?post=823"}],"curies":[{"name":"wp","href":"https:\/\/api.w.org\/{rel}","templated":true}]}}