{"id":826,"date":"2026-01-23T18:26:51","date_gmt":"2026-01-23T16:26:51","guid":{"rendered":"https:\/\/www.transtoyou.com\/et\/product\/fucidin\/"},"modified":"2026-02-17T15:30:10","modified_gmt":"2026-02-17T13:30:10","slug":"fucidin","status":"publish","type":"product","link":"https:\/\/www.transtoyou.com\/et\/product\/fucidin\/","title":{"rendered":"Fucidin"},"content":{"rendered":"<p>Fucidin on kohalik antibiootikum, mida kasutatakse naha nakkuste ravimiseks, mida p\u00f5hjustavad teatud bakterid. See sisaldab fusidiinhapet, steroidilaadset antibiootikumi, mis toimib bakterite valgu s\u00fcnteesi protsessi inhibeerimise teel, peatades t\u00f5husalt bakterite kasvu ja leviku.<\/p>\n<p>Fucidin on sageli ette n\u00e4htud lokaalseteks naha nakkusteks, nagu impetiigo, nakatunud ekseem, follikuliit, karbunklid (keed), nakatunud haavandid ja nakatunud putukahammustused.<\/p>\n<p>See aitab v\u00e4hendada punetust, p\u00f5letikku, turset ja eritist, mida nakkus p\u00f5hjustab. Sellel ei ole seene- ega viiruset\u00f5rje omadusi, seega ei ole see efektiivne seente v\u00f5i viiruste p\u00f5hjustatud nakkuste korral.<\/p>\n<p>Fucidini peamised eelised h\u00f5lmavad selle k\u00f5rget efektiivsust bakterite vastu, kiiret s\u00fcmptomite leevendust ja head naha taluvust. See sobib l\u00fchiajaliseks kasutamiseks ja seda v\u00f5ib kasutada sidemete abil v\u00f5i ilma, s\u00f5ltuvalt kahjustuse t\u00f5sidusest ja asukohast. See on eriti kasulik, kui s\u00fcsteemseid antibiootikume ei ole vaja v\u00f5i et v\u00e4ltida suukaudsete antibiootikumide kasutamist.<\/p>\n","protected":false},"excerpt":{"rendered":"<ul>\n<li>Sihtm\u00e4rgiks bakteriaalsed nahainfektsioonid<\/li>\n<li>Sobib nakatunud ekseemi raviks<\/li>\n<li>Kiiretoimeline paikne antibiootikumi kreem<\/li>\n<\/ul>\n","protected":false},"featured_media":828,"comment_status":"open","ping_status":"closed","template":"","meta":[],"product_brand":[],"product_cat":[126],"product_tag":[],"expert":[17],"class_list":{"0":"post-826","1":"product","2":"type-product","3":"status-publish","4":"has-post-thumbnail","6":"product_cat-ekseem","7":"expert-dr-c-munoz-parada","9":"first","10":"instock","11":"shipping-taxable","12":"product-type-variable"},"yoast_head":"<!-- This site is optimized with the Yoast SEO plugin v27.0 - https:\/\/yoast.com\/product\/yoast-seo-wordpress\/ -->\n<title>Fucidin | T\u00f5hus naha nakkuste ravi - Transtoyou<\/title>\n<meta name=\"description\" content=\"Fucidin, paikne antibiootikum, ravib t\u00f5husalt nahainfektsioone. Osta n\u00fc\u00fcd kiireks leevenduseks Transtoyou&#039;s.\" \/>\n<meta name=\"robots\" content=\"noindex, follow, max-snippet:-1, max-image-preview:large, max-video-preview:-1\" \/>\n<meta property=\"og:locale\" content=\"et_EE\" \/>\n<meta property=\"og:type\" content=\"article\" \/>\n<meta property=\"og:title\" content=\"Fucidin | T\u00f5hus naha nakkuste ravi - Transtoyou\" \/>\n<meta property=\"og:description\" content=\"Fucidin, paikne antibiootikum, ravib t\u00f5husalt nahainfektsioone. Osta n\u00fc\u00fcd kiireks leevenduseks Transtoyou&#039;s.\" \/>\n<meta property=\"og:url\" content=\"https:\/\/www.transtoyou.com\/et\/product\/fucidin\/\" \/>\n<meta property=\"og:site_name\" content=\"Transtoyou - ET\" \/>\n<meta property=\"article:modified_time\" content=\"2026-02-17T13:30:10+00:00\" \/>\n<meta name=\"twitter:card\" content=\"summary_large_image\" \/>\n<meta name=\"twitter:label1\" content=\"Est. reading time\" \/>\n\t<meta name=\"twitter:data1\" content=\"1 minut\" \/>\n<script type=\"application\/ld+json\" class=\"yoast-schema-graph\">{\"@context\":\"https:\/\/schema.org\",\"@graph\":[{\"@type\":\"WebPage\",\"@id\":\"https:\/\/www.transtoyou.com\/et\/product\/fucidin\/\",\"url\":\"https:\/\/www.transtoyou.com\/et\/product\/fucidin\/\",\"name\":\"Fucidin | T\u00f5hus naha nakkuste ravi - Transtoyou\",\"isPartOf\":{\"@id\":\"https:\/\/www.transtoyou.com\/et\/#website\"},\"primaryImageOfPage\":{\"@id\":\"https:\/\/www.transtoyou.com\/et\/product\/fucidin\/#primaryimage\"},\"image\":{\"@id\":\"https:\/\/www.transtoyou.com\/et\/product\/fucidin\/#primaryimage\"},\"thumbnailUrl\":\"https:\/\/www.transtoyou.com\/et\/wp-content\/uploads\/sites\/7\/2026\/01\/tty-no-product-image-34.webp\",\"datePublished\":\"2026-01-23T16:26:51+00:00\",\"dateModified\":\"2026-02-17T13:30:10+00:00\",\"description\":\"Fucidin, paikne antibiootikum, ravib t\u00f5husalt nahainfektsioone. Osta n\u00fc\u00fcd kiireks leevenduseks Transtoyou's.\",\"breadcrumb\":{\"@id\":\"https:\/\/www.transtoyou.com\/et\/product\/fucidin\/#breadcrumb\"},\"inLanguage\":\"et\",\"potentialAction\":[{\"@type\":\"ReadAction\",\"target\":[\"https:\/\/www.transtoyou.com\/et\/product\/fucidin\/\"]}]},{\"@type\":\"ImageObject\",\"inLanguage\":\"et\",\"@id\":\"https:\/\/www.transtoyou.com\/et\/product\/fucidin\/#primaryimage\",\"url\":\"https:\/\/www.transtoyou.com\/et\/wp-content\/uploads\/sites\/7\/2026\/01\/tty-no-product-image-34.webp\",\"contentUrl\":\"https:\/\/www.transtoyou.com\/et\/wp-content\/uploads\/sites\/7\/2026\/01\/tty-no-product-image-34.webp\",\"width\":1000,\"height\":1000,\"caption\":\"Vaikimisi toote pilt\"},{\"@type\":\"WebSite\",\"@id\":\"https:\/\/www.transtoyou.com\/et\/#website\",\"url\":\"https:\/\/www.transtoyou.com\/et\/\",\"name\":\"Transtoyou - ET\",\"description\":\"\",\"publisher\":{\"@id\":\"https:\/\/www.transtoyou.com\/et\/#organization\"},\"potentialAction\":[{\"@type\":\"SearchAction\",\"target\":{\"@type\":\"EntryPoint\",\"urlTemplate\":\"https:\/\/www.transtoyou.com\/et\/?s={search_term_string}\"},\"query-input\":{\"@type\":\"PropertyValueSpecification\",\"valueRequired\":true,\"valueName\":\"search_term_string\"}}],\"inLanguage\":\"et\"},{\"@type\":\"Organization\",\"@id\":\"https:\/\/www.transtoyou.com\/et\/#organization\",\"name\":\"Transtoyou - ET\",\"url\":\"https:\/\/www.transtoyou.com\/et\/\",\"logo\":{\"@type\":\"ImageObject\",\"inLanguage\":\"et\",\"@id\":\"https:\/\/www.transtoyou.com\/et\/#\/schema\/logo\/image\/\",\"url\":\"https:\/\/www.transtoyou.com\/et\/wp-content\/uploads\/sites\/7\/2026\/01\/logo-tty-menu-bar-300x87-1.webp\",\"contentUrl\":\"https:\/\/www.transtoyou.com\/et\/wp-content\/uploads\/sites\/7\/2026\/01\/logo-tty-menu-bar-300x87-1.webp\",\"width\":300,\"height\":87,\"caption\":\"Transtoyou - ET\"},\"image\":{\"@id\":\"https:\/\/www.transtoyou.com\/et\/#\/schema\/logo\/image\/\"}}]}<\/script>\n<!-- \/ Yoast SEO plugin. -->","yoast_head_json":{"title":"Fucidin | T\u00f5hus naha nakkuste ravi - Transtoyou","description":"Fucidin, paikne antibiootikum, ravib t\u00f5husalt nahainfektsioone. Osta n\u00fc\u00fcd kiireks leevenduseks Transtoyou's.","robots":{"index":"noindex","follow":"follow","max-snippet":"max-snippet:-1","max-image-preview":"max-image-preview:large","max-video-preview":"max-video-preview:-1"},"og_locale":"et_EE","og_type":"article","og_title":"Fucidin | T\u00f5hus naha nakkuste ravi - Transtoyou","og_description":"Fucidin, paikne antibiootikum, ravib t\u00f5husalt nahainfektsioone. Osta n\u00fc\u00fcd kiireks leevenduseks Transtoyou's.","og_url":"https:\/\/www.transtoyou.com\/et\/product\/fucidin\/","og_site_name":"Transtoyou - ET","article_modified_time":"2026-02-17T13:30:10+00:00","twitter_card":"summary_large_image","twitter_misc":{"Est. reading time":"1 minut"},"schema":{"@context":"https:\/\/schema.org","@graph":[{"@type":"WebPage","@id":"https:\/\/www.transtoyou.com\/et\/product\/fucidin\/","url":"https:\/\/www.transtoyou.com\/et\/product\/fucidin\/","name":"Fucidin | T\u00f5hus naha nakkuste ravi - Transtoyou","isPartOf":{"@id":"https:\/\/www.transtoyou.com\/et\/#website"},"primaryImageOfPage":{"@id":"https:\/\/www.transtoyou.com\/et\/product\/fucidin\/#primaryimage"},"image":{"@id":"https:\/\/www.transtoyou.com\/et\/product\/fucidin\/#primaryimage"},"thumbnailUrl":"https:\/\/www.transtoyou.com\/et\/wp-content\/uploads\/sites\/7\/2026\/01\/tty-no-product-image-34.webp","datePublished":"2026-01-23T16:26:51+00:00","dateModified":"2026-02-17T13:30:10+00:00","description":"Fucidin, paikne antibiootikum, ravib t\u00f5husalt nahainfektsioone. Osta n\u00fc\u00fcd kiireks leevenduseks Transtoyou's.","breadcrumb":{"@id":"https:\/\/www.transtoyou.com\/et\/product\/fucidin\/#breadcrumb"},"inLanguage":"et","potentialAction":[{"@type":"ReadAction","target":["https:\/\/www.transtoyou.com\/et\/product\/fucidin\/"]}]},{"@type":"ImageObject","inLanguage":"et","@id":"https:\/\/www.transtoyou.com\/et\/product\/fucidin\/#primaryimage","url":"https:\/\/www.transtoyou.com\/et\/wp-content\/uploads\/sites\/7\/2026\/01\/tty-no-product-image-34.webp","contentUrl":"https:\/\/www.transtoyou.com\/et\/wp-content\/uploads\/sites\/7\/2026\/01\/tty-no-product-image-34.webp","width":1000,"height":1000,"caption":"Vaikimisi toote pilt"},{"@type":"WebSite","@id":"https:\/\/www.transtoyou.com\/et\/#website","url":"https:\/\/www.transtoyou.com\/et\/","name":"Transtoyou - ET","description":"","publisher":{"@id":"https:\/\/www.transtoyou.com\/et\/#organization"},"potentialAction":[{"@type":"SearchAction","target":{"@type":"EntryPoint","urlTemplate":"https:\/\/www.transtoyou.com\/et\/?s={search_term_string}"},"query-input":{"@type":"PropertyValueSpecification","valueRequired":true,"valueName":"search_term_string"}}],"inLanguage":"et"},{"@type":"Organization","@id":"https:\/\/www.transtoyou.com\/et\/#organization","name":"Transtoyou - ET","url":"https:\/\/www.transtoyou.com\/et\/","logo":{"@type":"ImageObject","inLanguage":"et","@id":"https:\/\/www.transtoyou.com\/et\/#\/schema\/logo\/image\/","url":"https:\/\/www.transtoyou.com\/et\/wp-content\/uploads\/sites\/7\/2026\/01\/logo-tty-menu-bar-300x87-1.webp","contentUrl":"https:\/\/www.transtoyou.com\/et\/wp-content\/uploads\/sites\/7\/2026\/01\/logo-tty-menu-bar-300x87-1.webp","width":300,"height":87,"caption":"Transtoyou - ET"},"image":{"@id":"https:\/\/www.transtoyou.com\/et\/#\/schema\/logo\/image\/"}}]}},"_links":{"self":[{"href":"https:\/\/www.transtoyou.com\/et\/wp-json\/wp\/v2\/product\/826","targetHints":{"allow":["GET"]}}],"collection":[{"href":"https:\/\/www.transtoyou.com\/et\/wp-json\/wp\/v2\/product"}],"about":[{"href":"https:\/\/www.transtoyou.com\/et\/wp-json\/wp\/v2\/types\/product"}],"replies":[{"embeddable":true,"href":"https:\/\/www.transtoyou.com\/et\/wp-json\/wp\/v2\/comments?post=826"}],"wp:featuredmedia":[{"embeddable":true,"href":"https:\/\/www.transtoyou.com\/et\/wp-json\/wp\/v2\/media\/828"}],"wp:attachment":[{"href":"https:\/\/www.transtoyou.com\/et\/wp-json\/wp\/v2\/media?parent=826"}],"wp:term":[{"taxonomy":"product_brand","embeddable":true,"href":"https:\/\/www.transtoyou.com\/et\/wp-json\/wp\/v2\/product_brand?post=826"},{"taxonomy":"product_cat","embeddable":true,"href":"https:\/\/www.transtoyou.com\/et\/wp-json\/wp\/v2\/product_cat?post=826"},{"taxonomy":"product_tag","embeddable":true,"href":"https:\/\/www.transtoyou.com\/et\/wp-json\/wp\/v2\/product_tag?post=826"},{"taxonomy":"expert","embeddable":true,"href":"https:\/\/www.transtoyou.com\/et\/wp-json\/wp\/v2\/expert?post=826"}],"curies":[{"name":"wp","href":"https:\/\/api.w.org\/{rel}","templated":true}]}}