{"id":832,"date":"2026-01-23T18:55:41","date_gmt":"2026-01-23T16:55:41","guid":{"rendered":"https:\/\/www.transtoyou.com\/et\/product\/elidel\/"},"modified":"2026-01-23T18:56:42","modified_gmt":"2026-01-23T16:56:42","slug":"elidel","status":"publish","type":"product","link":"https:\/\/www.transtoyou.com\/et\/product\/elidel\/","title":{"rendered":"Elidel"},"content":{"rendered":"<p>Elidel on kreem, mida kasutatakse kerge kuni m\u00f5\u00f5duka atoopilise dermatiidi (ekseemi) raviks. See kuulub ravimite r\u00fchma, mida nimetatakse paikseteks kaltsineuriini inhibiitoriteks. Erinevalt kortikosteroididest ei \u00f5henda see nahka ja on eriti kasulik tundlikes piirkondades nagu n\u00e4gu, kael ja nahavoldid.<\/p>\n<p>Pimekroliimus, Elideli toimeaine, toimib, sihtides naha immuuns\u00fcsteemi. See blokeerib spetsiifilise ens\u00fc\u00fcmi nimega kaltsineuriin, mis vastutab p\u00f5letikuliste rakkude aktiveerimise eest. Selle protsessi inhibeerimisega v\u00e4hendab Elidel proinflammatoorsete ainete, nagu interleukiinid ja histamiin, vabanemist, aidates leevendada punetust, s\u00fcgelemist ja turset. Samuti takistab see nuumrakkude aktiveerimist, mis on seotud allergiliste reaktsioonidega.<\/p>\n<p>Elidel on n\u00e4idustatud inimestele, kes ei saa kasutada kortikosteroide v\u00f5i piirkondades, kus steroidid ei sobi, nagu n\u00e4gu v\u00f5i kael.<\/p>\n<p>Elidel toimib otse seal, kus seda kantakse, ja ainult v\u00e4ikesed kogused satuvad vereringesse. See aitab v\u00e4ltida \u00e4genemiste s\u00fcvenemist ja seda saab pikaajaliselt kasutada korduvate puhangu juhtimiseks. Elideli peamised eelised h\u00f5lmavad selle t\u00f5husust p\u00f5letiku ja s\u00fcgelemise v\u00e4hendamisel ning sobivust naha \u00f5rnadele aladele.<\/p>\n<p>Enamik kasutajaid kogeb paranemist juba esimestel n\u00e4dalatel. Seda saab ohutult kasutada pikaajalise katkendliku alusel s\u00fcmptomite juhtimiseks ja ekseemi kontrolli s\u00e4ilitamiseks.<\/p>\n","protected":false},"excerpt":{"rendered":"<ul>\n<li>Steroidivaba ekseemi ravi<\/li>\n<li>Sobib tundlikele nahapiirkondadele<\/li>\n<li>Pikaajalise katkendliku kasutamise jaoks<\/li>\n<\/ul>\n","protected":false},"featured_media":834,"comment_status":"open","ping_status":"closed","template":"","meta":[],"product_brand":[],"product_cat":[126],"product_tag":[],"expert":[17],"class_list":{"0":"post-832","1":"product","2":"type-product","3":"status-publish","4":"has-post-thumbnail","6":"product_cat-ekseem","7":"expert-dr-c-munoz-parada","9":"first","10":"instock","11":"shipping-taxable","12":"product-type-variable"},"yoast_head":"<!-- This site is optimized with the Yoast SEO plugin v27.0 - https:\/\/yoast.com\/product\/yoast-seo-wordpress\/ -->\n<title>Elidel | Leevenda ekseemi, \u00f5rn nahale - Transtoyou<\/title>\n<meta name=\"description\" content=\"Elidel kreem ravib ekseemi t\u00f5husalt, sihates p\u00f5letikku ilma nahka \u00f5henemata. Ideaalne tundlikele aladele. Saadaval siit mugavaks ostmiseks.\" \/>\n<meta name=\"robots\" content=\"noindex, follow, max-snippet:-1, max-image-preview:large, max-video-preview:-1\" \/>\n<meta property=\"og:locale\" content=\"et_EE\" \/>\n<meta property=\"og:type\" content=\"article\" \/>\n<meta property=\"og:title\" content=\"Elidel | Leevenda ekseemi, \u00f5rn nahale - Transtoyou\" \/>\n<meta property=\"og:description\" content=\"Elidel kreem ravib ekseemi t\u00f5husalt, sihates p\u00f5letikku ilma nahka \u00f5henemata. Ideaalne tundlikele aladele. Saadaval siit mugavaks ostmiseks.\" \/>\n<meta property=\"og:url\" content=\"https:\/\/www.transtoyou.com\/et\/product\/elidel\/\" \/>\n<meta property=\"og:site_name\" content=\"Transtoyou - ET\" \/>\n<meta property=\"article:modified_time\" content=\"2026-01-23T16:56:42+00:00\" \/>\n<meta name=\"twitter:card\" content=\"summary_large_image\" \/>\n<meta name=\"twitter:label1\" content=\"Est. reading time\" \/>\n\t<meta name=\"twitter:data1\" content=\"1 minut\" \/>\n<script type=\"application\/ld+json\" class=\"yoast-schema-graph\">{\"@context\":\"https:\/\/schema.org\",\"@graph\":[{\"@type\":\"WebPage\",\"@id\":\"https:\/\/www.transtoyou.com\/et\/product\/elidel\/\",\"url\":\"https:\/\/www.transtoyou.com\/et\/product\/elidel\/\",\"name\":\"Elidel | Leevenda ekseemi, \u00f5rn nahale - Transtoyou\",\"isPartOf\":{\"@id\":\"https:\/\/www.transtoyou.com\/et\/#website\"},\"primaryImageOfPage\":{\"@id\":\"https:\/\/www.transtoyou.com\/et\/product\/elidel\/#primaryimage\"},\"image\":{\"@id\":\"https:\/\/www.transtoyou.com\/et\/product\/elidel\/#primaryimage\"},\"thumbnailUrl\":\"https:\/\/www.transtoyou.com\/et\/wp-content\/uploads\/sites\/7\/2026\/01\/tty-no-product-image-36.webp\",\"datePublished\":\"2026-01-23T16:55:41+00:00\",\"dateModified\":\"2026-01-23T16:56:42+00:00\",\"description\":\"Elidel kreem ravib ekseemi t\u00f5husalt, sihates p\u00f5letikku ilma nahka \u00f5henemata. Ideaalne tundlikele aladele. Saadaval siit mugavaks ostmiseks.\",\"breadcrumb\":{\"@id\":\"https:\/\/www.transtoyou.com\/et\/product\/elidel\/#breadcrumb\"},\"inLanguage\":\"et\",\"potentialAction\":[{\"@type\":\"ReadAction\",\"target\":[\"https:\/\/www.transtoyou.com\/et\/product\/elidel\/\"]}]},{\"@type\":\"ImageObject\",\"inLanguage\":\"et\",\"@id\":\"https:\/\/www.transtoyou.com\/et\/product\/elidel\/#primaryimage\",\"url\":\"https:\/\/www.transtoyou.com\/et\/wp-content\/uploads\/sites\/7\/2026\/01\/tty-no-product-image-36.webp\",\"contentUrl\":\"https:\/\/www.transtoyou.com\/et\/wp-content\/uploads\/sites\/7\/2026\/01\/tty-no-product-image-36.webp\",\"width\":1000,\"height\":1000,\"caption\":\"Vaikimisi toote pilt\"},{\"@type\":\"WebSite\",\"@id\":\"https:\/\/www.transtoyou.com\/et\/#website\",\"url\":\"https:\/\/www.transtoyou.com\/et\/\",\"name\":\"Transtoyou - ET\",\"description\":\"\",\"publisher\":{\"@id\":\"https:\/\/www.transtoyou.com\/et\/#organization\"},\"potentialAction\":[{\"@type\":\"SearchAction\",\"target\":{\"@type\":\"EntryPoint\",\"urlTemplate\":\"https:\/\/www.transtoyou.com\/et\/?s={search_term_string}\"},\"query-input\":{\"@type\":\"PropertyValueSpecification\",\"valueRequired\":true,\"valueName\":\"search_term_string\"}}],\"inLanguage\":\"et\"},{\"@type\":\"Organization\",\"@id\":\"https:\/\/www.transtoyou.com\/et\/#organization\",\"name\":\"Transtoyou - ET\",\"url\":\"https:\/\/www.transtoyou.com\/et\/\",\"logo\":{\"@type\":\"ImageObject\",\"inLanguage\":\"et\",\"@id\":\"https:\/\/www.transtoyou.com\/et\/#\/schema\/logo\/image\/\",\"url\":\"https:\/\/www.transtoyou.com\/et\/wp-content\/uploads\/sites\/7\/2026\/01\/logo-tty-menu-bar-300x87-1.webp\",\"contentUrl\":\"https:\/\/www.transtoyou.com\/et\/wp-content\/uploads\/sites\/7\/2026\/01\/logo-tty-menu-bar-300x87-1.webp\",\"width\":300,\"height\":87,\"caption\":\"Transtoyou - ET\"},\"image\":{\"@id\":\"https:\/\/www.transtoyou.com\/et\/#\/schema\/logo\/image\/\"}}]}<\/script>\n<!-- \/ Yoast SEO plugin. -->","yoast_head_json":{"title":"Elidel | Leevenda ekseemi, \u00f5rn nahale - Transtoyou","description":"Elidel kreem ravib ekseemi t\u00f5husalt, sihates p\u00f5letikku ilma nahka \u00f5henemata. Ideaalne tundlikele aladele. Saadaval siit mugavaks ostmiseks.","robots":{"index":"noindex","follow":"follow","max-snippet":"max-snippet:-1","max-image-preview":"max-image-preview:large","max-video-preview":"max-video-preview:-1"},"og_locale":"et_EE","og_type":"article","og_title":"Elidel | Leevenda ekseemi, \u00f5rn nahale - Transtoyou","og_description":"Elidel kreem ravib ekseemi t\u00f5husalt, sihates p\u00f5letikku ilma nahka \u00f5henemata. Ideaalne tundlikele aladele. Saadaval siit mugavaks ostmiseks.","og_url":"https:\/\/www.transtoyou.com\/et\/product\/elidel\/","og_site_name":"Transtoyou - ET","article_modified_time":"2026-01-23T16:56:42+00:00","twitter_card":"summary_large_image","twitter_misc":{"Est. reading time":"1 minut"},"schema":{"@context":"https:\/\/schema.org","@graph":[{"@type":"WebPage","@id":"https:\/\/www.transtoyou.com\/et\/product\/elidel\/","url":"https:\/\/www.transtoyou.com\/et\/product\/elidel\/","name":"Elidel | Leevenda ekseemi, \u00f5rn nahale - Transtoyou","isPartOf":{"@id":"https:\/\/www.transtoyou.com\/et\/#website"},"primaryImageOfPage":{"@id":"https:\/\/www.transtoyou.com\/et\/product\/elidel\/#primaryimage"},"image":{"@id":"https:\/\/www.transtoyou.com\/et\/product\/elidel\/#primaryimage"},"thumbnailUrl":"https:\/\/www.transtoyou.com\/et\/wp-content\/uploads\/sites\/7\/2026\/01\/tty-no-product-image-36.webp","datePublished":"2026-01-23T16:55:41+00:00","dateModified":"2026-01-23T16:56:42+00:00","description":"Elidel kreem ravib ekseemi t\u00f5husalt, sihates p\u00f5letikku ilma nahka \u00f5henemata. Ideaalne tundlikele aladele. Saadaval siit mugavaks ostmiseks.","breadcrumb":{"@id":"https:\/\/www.transtoyou.com\/et\/product\/elidel\/#breadcrumb"},"inLanguage":"et","potentialAction":[{"@type":"ReadAction","target":["https:\/\/www.transtoyou.com\/et\/product\/elidel\/"]}]},{"@type":"ImageObject","inLanguage":"et","@id":"https:\/\/www.transtoyou.com\/et\/product\/elidel\/#primaryimage","url":"https:\/\/www.transtoyou.com\/et\/wp-content\/uploads\/sites\/7\/2026\/01\/tty-no-product-image-36.webp","contentUrl":"https:\/\/www.transtoyou.com\/et\/wp-content\/uploads\/sites\/7\/2026\/01\/tty-no-product-image-36.webp","width":1000,"height":1000,"caption":"Vaikimisi toote pilt"},{"@type":"WebSite","@id":"https:\/\/www.transtoyou.com\/et\/#website","url":"https:\/\/www.transtoyou.com\/et\/","name":"Transtoyou - ET","description":"","publisher":{"@id":"https:\/\/www.transtoyou.com\/et\/#organization"},"potentialAction":[{"@type":"SearchAction","target":{"@type":"EntryPoint","urlTemplate":"https:\/\/www.transtoyou.com\/et\/?s={search_term_string}"},"query-input":{"@type":"PropertyValueSpecification","valueRequired":true,"valueName":"search_term_string"}}],"inLanguage":"et"},{"@type":"Organization","@id":"https:\/\/www.transtoyou.com\/et\/#organization","name":"Transtoyou - ET","url":"https:\/\/www.transtoyou.com\/et\/","logo":{"@type":"ImageObject","inLanguage":"et","@id":"https:\/\/www.transtoyou.com\/et\/#\/schema\/logo\/image\/","url":"https:\/\/www.transtoyou.com\/et\/wp-content\/uploads\/sites\/7\/2026\/01\/logo-tty-menu-bar-300x87-1.webp","contentUrl":"https:\/\/www.transtoyou.com\/et\/wp-content\/uploads\/sites\/7\/2026\/01\/logo-tty-menu-bar-300x87-1.webp","width":300,"height":87,"caption":"Transtoyou - ET"},"image":{"@id":"https:\/\/www.transtoyou.com\/et\/#\/schema\/logo\/image\/"}}]}},"_links":{"self":[{"href":"https:\/\/www.transtoyou.com\/et\/wp-json\/wp\/v2\/product\/832","targetHints":{"allow":["GET"]}}],"collection":[{"href":"https:\/\/www.transtoyou.com\/et\/wp-json\/wp\/v2\/product"}],"about":[{"href":"https:\/\/www.transtoyou.com\/et\/wp-json\/wp\/v2\/types\/product"}],"replies":[{"embeddable":true,"href":"https:\/\/www.transtoyou.com\/et\/wp-json\/wp\/v2\/comments?post=832"}],"wp:featuredmedia":[{"embeddable":true,"href":"https:\/\/www.transtoyou.com\/et\/wp-json\/wp\/v2\/media\/834"}],"wp:attachment":[{"href":"https:\/\/www.transtoyou.com\/et\/wp-json\/wp\/v2\/media?parent=832"}],"wp:term":[{"taxonomy":"product_brand","embeddable":true,"href":"https:\/\/www.transtoyou.com\/et\/wp-json\/wp\/v2\/product_brand?post=832"},{"taxonomy":"product_cat","embeddable":true,"href":"https:\/\/www.transtoyou.com\/et\/wp-json\/wp\/v2\/product_cat?post=832"},{"taxonomy":"product_tag","embeddable":true,"href":"https:\/\/www.transtoyou.com\/et\/wp-json\/wp\/v2\/product_tag?post=832"},{"taxonomy":"expert","embeddable":true,"href":"https:\/\/www.transtoyou.com\/et\/wp-json\/wp\/v2\/expert?post=832"}],"curies":[{"name":"wp","href":"https:\/\/api.w.org\/{rel}","templated":true}]}}