{"id":835,"date":"2026-01-23T19:10:04","date_gmt":"2026-01-23T17:10:04","guid":{"rendered":"https:\/\/www.transtoyou.com\/et\/product\/dermovate\/"},"modified":"2026-01-23T19:11:03","modified_gmt":"2026-01-23T17:11:03","slug":"dermovaat","status":"publish","type":"product","link":"https:\/\/www.transtoyou.com\/et\/product\/dermovaat\/","title":{"rendered":"Dermovate"},"content":{"rendered":"<p>Dermovate (klobetasool) on paikne kortikosteroid, mida kasutatakse p\u00f5letiku v\u00e4hendamiseks ja s\u00fcmptomite leevendamiseks teatud nahahaiguste korral. See toimib, interakteerudes naharakkude retseptoritega, et v\u00e4hendada kemikaalide nagu prostaglandiinide ja leukotrieenide tootmist, mis vastutavad p\u00f5letiku ja s\u00fcgeluse eest.<\/p>\n<p>Seda ravimit m\u00e4\u00e4ratakse tavaliselt l\u00fchiajaliseks raviks nahahaiguste, nagu psoriaas, ekseem ja muud nahah\u00e4ired, korral, mis ei reageeri kergematele steroididele. Seda kasutatakse ka peanaha psoriaasi ja p\u00f5letikuliste nahahaiguste \u00e4genemiste juhtimiseks v\u00e4ikestes, lokaalsetes piirkondades.<\/p>\n<p>See aitab v\u00e4hendada punetust, turset, s\u00fcgelust ja \u00e4rritust. See kitsendab veresooni m\u00f5jutatud piirkonnas (veresoonte ahenemine) ja v\u00e4hendab p\u00f5letikuliste rakkude aktiivsust, mis viib kiire leevenduse nahas\u00fcmptomitele. Sellel on ka antiproliferatiivne toime, v\u00e4hendades liigset nahapaksenemist, mida t\u00e4heldatakse sellistes seisundites nagu psoriaas. M\u00f5nel juhul v\u00f5ib see aidata ka nahas immuunreaktsioone kontrollida, v\u00e4hendades ts\u00fctokiinide (p\u00f5letikulised s\u00f5numitoojad) tootmist.<\/p>\n<p>Dermovate kantakse otse nahale v\u00f5i peanahale kreemi, salvi, vahtu, \u0161ampooni v\u00f5i losjooni kujul. See on m\u00f5eldud ainult l\u00fchiajaliseks kasutamiseks ja seda soovitatakse tavaliselt kuni kaheks kuni neljaks n\u00e4dalaks, s\u00f5ltuvalt koostisest. T\u00e4nu oma tugevusele on vajalik vaid v\u00e4ike kogus, ning seda ei tohiks kanda suurtele nahapiirkondadele.<\/p>\n<p>Dermovate kasutamise eelised h\u00f5lmavad kiiret p\u00f5letiku ja s\u00fcgeluse leevendust, naha paksenemise ja ketenduse v\u00e4henemist ning elukvaliteedi paranemist krooniliste nahahaiguste korral. \u00d5ige kasutamise korral v\u00f5ib see aidata \u00e4genemisi hallata ja tuua n\u00e4htavat paranemist p\u00e4evade jooksul. Siiski v\u00f5ib pikaajaline v\u00f5i sobimatu kasutamine p\u00f5hjustada k\u00f5rvaltoimeid, seega tuleb seda kasutada arsti juhendamisel.<\/p>\n","protected":false},"excerpt":{"rendered":"<ul>\n<li>Kiire leevendus t\u00f5sise nahap\u00f5letiku korral<\/li>\n<li>V\u00e4hendab punetust, s\u00fcgelust ja turset<\/li>\n<li>Ainult l\u00fchiajaliseks kasutamiseks<\/li>\n<\/ul>\n","protected":false},"featured_media":837,"comment_status":"open","ping_status":"closed","template":"","meta":[],"product_brand":[],"product_cat":[126,176],"product_tag":[],"expert":[17],"class_list":{"0":"post-835","1":"product","2":"type-product","3":"status-publish","4":"has-post-thumbnail","6":"product_cat-ekseem","7":"product_cat-psoriaas","8":"expert-dr-c-munoz-parada","10":"first","11":"instock","12":"shipping-taxable","13":"product-type-variable"},"yoast_head":"<!-- This site is optimized with the Yoast SEO plugin v27.0 - https:\/\/yoast.com\/product\/yoast-seo-wordpress\/ -->\n<title>Dermovate | Leevendab naha\u00e4rritust kiiresti - Transtoyou<\/title>\n<meta name=\"description\" content=\"Dermovate, saadaval Transtoyou&#039;s, pakub t\u00f5husat leevendust nahahaigustele. Osta n\u00fc\u00fcd v\u00e4\u00e4rtuse ja kvaliteedi nimel.\" \/>\n<meta name=\"robots\" content=\"noindex, follow, max-snippet:-1, max-image-preview:large, max-video-preview:-1\" \/>\n<meta property=\"og:locale\" content=\"et_EE\" \/>\n<meta property=\"og:type\" content=\"article\" \/>\n<meta property=\"og:title\" content=\"Dermovate | Leevendab naha\u00e4rritust kiiresti - Transtoyou\" \/>\n<meta property=\"og:description\" content=\"Dermovate, saadaval Transtoyou&#039;s, pakub t\u00f5husat leevendust nahahaigustele. Osta n\u00fc\u00fcd v\u00e4\u00e4rtuse ja kvaliteedi nimel.\" \/>\n<meta property=\"og:url\" content=\"https:\/\/www.transtoyou.com\/et\/product\/dermovate\/\" \/>\n<meta property=\"og:site_name\" content=\"Transtoyou - ET\" \/>\n<meta property=\"article:modified_time\" content=\"2026-01-23T17:11:03+00:00\" \/>\n<meta name=\"twitter:card\" content=\"summary_large_image\" \/>\n<meta name=\"twitter:label1\" content=\"Est. reading time\" \/>\n\t<meta name=\"twitter:data1\" content=\"1 minut\" \/>\n<script type=\"application\/ld+json\" class=\"yoast-schema-graph\">{\"@context\":\"https:\/\/schema.org\",\"@graph\":[{\"@type\":\"WebPage\",\"@id\":\"https:\/\/www.transtoyou.com\/et\/product\/dermovate\/\",\"url\":\"https:\/\/www.transtoyou.com\/et\/product\/dermovate\/\",\"name\":\"Dermovate | Leevendab naha\u00e4rritust kiiresti - Transtoyou\",\"isPartOf\":{\"@id\":\"https:\/\/www.transtoyou.com\/et\/#website\"},\"primaryImageOfPage\":{\"@id\":\"https:\/\/www.transtoyou.com\/et\/product\/dermovate\/#primaryimage\"},\"image\":{\"@id\":\"https:\/\/www.transtoyou.com\/et\/product\/dermovate\/#primaryimage\"},\"thumbnailUrl\":\"https:\/\/www.transtoyou.com\/et\/wp-content\/uploads\/sites\/7\/2026\/01\/tty-no-product-image-37.webp\",\"datePublished\":\"2026-01-23T17:10:04+00:00\",\"dateModified\":\"2026-01-23T17:11:03+00:00\",\"description\":\"Dermovate, saadaval Transtoyou's, pakub t\u00f5husat leevendust nahahaigustele. Osta n\u00fc\u00fcd v\u00e4\u00e4rtuse ja kvaliteedi nimel.\",\"breadcrumb\":{\"@id\":\"https:\/\/www.transtoyou.com\/et\/product\/dermovate\/#breadcrumb\"},\"inLanguage\":\"et\",\"potentialAction\":[{\"@type\":\"ReadAction\",\"target\":[\"https:\/\/www.transtoyou.com\/et\/product\/dermovate\/\"]}]},{\"@type\":\"ImageObject\",\"inLanguage\":\"et\",\"@id\":\"https:\/\/www.transtoyou.com\/et\/product\/dermovate\/#primaryimage\",\"url\":\"https:\/\/www.transtoyou.com\/et\/wp-content\/uploads\/sites\/7\/2026\/01\/tty-no-product-image-37.webp\",\"contentUrl\":\"https:\/\/www.transtoyou.com\/et\/wp-content\/uploads\/sites\/7\/2026\/01\/tty-no-product-image-37.webp\",\"width\":1000,\"height\":1000,\"caption\":\"Vaikimisi toote pilt\"},{\"@type\":\"WebSite\",\"@id\":\"https:\/\/www.transtoyou.com\/et\/#website\",\"url\":\"https:\/\/www.transtoyou.com\/et\/\",\"name\":\"Transtoyou - ET\",\"description\":\"\",\"publisher\":{\"@id\":\"https:\/\/www.transtoyou.com\/et\/#organization\"},\"potentialAction\":[{\"@type\":\"SearchAction\",\"target\":{\"@type\":\"EntryPoint\",\"urlTemplate\":\"https:\/\/www.transtoyou.com\/et\/?s={search_term_string}\"},\"query-input\":{\"@type\":\"PropertyValueSpecification\",\"valueRequired\":true,\"valueName\":\"search_term_string\"}}],\"inLanguage\":\"et\"},{\"@type\":\"Organization\",\"@id\":\"https:\/\/www.transtoyou.com\/et\/#organization\",\"name\":\"Transtoyou - ET\",\"url\":\"https:\/\/www.transtoyou.com\/et\/\",\"logo\":{\"@type\":\"ImageObject\",\"inLanguage\":\"et\",\"@id\":\"https:\/\/www.transtoyou.com\/et\/#\/schema\/logo\/image\/\",\"url\":\"https:\/\/www.transtoyou.com\/et\/wp-content\/uploads\/sites\/7\/2026\/01\/logo-tty-menu-bar-300x87-1.webp\",\"contentUrl\":\"https:\/\/www.transtoyou.com\/et\/wp-content\/uploads\/sites\/7\/2026\/01\/logo-tty-menu-bar-300x87-1.webp\",\"width\":300,\"height\":87,\"caption\":\"Transtoyou - ET\"},\"image\":{\"@id\":\"https:\/\/www.transtoyou.com\/et\/#\/schema\/logo\/image\/\"}}]}<\/script>\n<!-- \/ Yoast SEO plugin. -->","yoast_head_json":{"title":"Dermovate | Leevendab naha\u00e4rritust kiiresti - Transtoyou","description":"Dermovate, saadaval Transtoyou's, pakub t\u00f5husat leevendust nahahaigustele. Osta n\u00fc\u00fcd v\u00e4\u00e4rtuse ja kvaliteedi nimel.","robots":{"index":"noindex","follow":"follow","max-snippet":"max-snippet:-1","max-image-preview":"max-image-preview:large","max-video-preview":"max-video-preview:-1"},"og_locale":"et_EE","og_type":"article","og_title":"Dermovate | Leevendab naha\u00e4rritust kiiresti - Transtoyou","og_description":"Dermovate, saadaval Transtoyou's, pakub t\u00f5husat leevendust nahahaigustele. Osta n\u00fc\u00fcd v\u00e4\u00e4rtuse ja kvaliteedi nimel.","og_url":"https:\/\/www.transtoyou.com\/et\/product\/dermovate\/","og_site_name":"Transtoyou - ET","article_modified_time":"2026-01-23T17:11:03+00:00","twitter_card":"summary_large_image","twitter_misc":{"Est. reading time":"1 minut"},"schema":{"@context":"https:\/\/schema.org","@graph":[{"@type":"WebPage","@id":"https:\/\/www.transtoyou.com\/et\/product\/dermovate\/","url":"https:\/\/www.transtoyou.com\/et\/product\/dermovate\/","name":"Dermovate | Leevendab naha\u00e4rritust kiiresti - Transtoyou","isPartOf":{"@id":"https:\/\/www.transtoyou.com\/et\/#website"},"primaryImageOfPage":{"@id":"https:\/\/www.transtoyou.com\/et\/product\/dermovate\/#primaryimage"},"image":{"@id":"https:\/\/www.transtoyou.com\/et\/product\/dermovate\/#primaryimage"},"thumbnailUrl":"https:\/\/www.transtoyou.com\/et\/wp-content\/uploads\/sites\/7\/2026\/01\/tty-no-product-image-37.webp","datePublished":"2026-01-23T17:10:04+00:00","dateModified":"2026-01-23T17:11:03+00:00","description":"Dermovate, saadaval Transtoyou's, pakub t\u00f5husat leevendust nahahaigustele. Osta n\u00fc\u00fcd v\u00e4\u00e4rtuse ja kvaliteedi nimel.","breadcrumb":{"@id":"https:\/\/www.transtoyou.com\/et\/product\/dermovate\/#breadcrumb"},"inLanguage":"et","potentialAction":[{"@type":"ReadAction","target":["https:\/\/www.transtoyou.com\/et\/product\/dermovate\/"]}]},{"@type":"ImageObject","inLanguage":"et","@id":"https:\/\/www.transtoyou.com\/et\/product\/dermovate\/#primaryimage","url":"https:\/\/www.transtoyou.com\/et\/wp-content\/uploads\/sites\/7\/2026\/01\/tty-no-product-image-37.webp","contentUrl":"https:\/\/www.transtoyou.com\/et\/wp-content\/uploads\/sites\/7\/2026\/01\/tty-no-product-image-37.webp","width":1000,"height":1000,"caption":"Vaikimisi toote pilt"},{"@type":"WebSite","@id":"https:\/\/www.transtoyou.com\/et\/#website","url":"https:\/\/www.transtoyou.com\/et\/","name":"Transtoyou - ET","description":"","publisher":{"@id":"https:\/\/www.transtoyou.com\/et\/#organization"},"potentialAction":[{"@type":"SearchAction","target":{"@type":"EntryPoint","urlTemplate":"https:\/\/www.transtoyou.com\/et\/?s={search_term_string}"},"query-input":{"@type":"PropertyValueSpecification","valueRequired":true,"valueName":"search_term_string"}}],"inLanguage":"et"},{"@type":"Organization","@id":"https:\/\/www.transtoyou.com\/et\/#organization","name":"Transtoyou - ET","url":"https:\/\/www.transtoyou.com\/et\/","logo":{"@type":"ImageObject","inLanguage":"et","@id":"https:\/\/www.transtoyou.com\/et\/#\/schema\/logo\/image\/","url":"https:\/\/www.transtoyou.com\/et\/wp-content\/uploads\/sites\/7\/2026\/01\/logo-tty-menu-bar-300x87-1.webp","contentUrl":"https:\/\/www.transtoyou.com\/et\/wp-content\/uploads\/sites\/7\/2026\/01\/logo-tty-menu-bar-300x87-1.webp","width":300,"height":87,"caption":"Transtoyou - ET"},"image":{"@id":"https:\/\/www.transtoyou.com\/et\/#\/schema\/logo\/image\/"}}]}},"_links":{"self":[{"href":"https:\/\/www.transtoyou.com\/et\/wp-json\/wp\/v2\/product\/835","targetHints":{"allow":["GET"]}}],"collection":[{"href":"https:\/\/www.transtoyou.com\/et\/wp-json\/wp\/v2\/product"}],"about":[{"href":"https:\/\/www.transtoyou.com\/et\/wp-json\/wp\/v2\/types\/product"}],"replies":[{"embeddable":true,"href":"https:\/\/www.transtoyou.com\/et\/wp-json\/wp\/v2\/comments?post=835"}],"wp:featuredmedia":[{"embeddable":true,"href":"https:\/\/www.transtoyou.com\/et\/wp-json\/wp\/v2\/media\/837"}],"wp:attachment":[{"href":"https:\/\/www.transtoyou.com\/et\/wp-json\/wp\/v2\/media?parent=835"}],"wp:term":[{"taxonomy":"product_brand","embeddable":true,"href":"https:\/\/www.transtoyou.com\/et\/wp-json\/wp\/v2\/product_brand?post=835"},{"taxonomy":"product_cat","embeddable":true,"href":"https:\/\/www.transtoyou.com\/et\/wp-json\/wp\/v2\/product_cat?post=835"},{"taxonomy":"product_tag","embeddable":true,"href":"https:\/\/www.transtoyou.com\/et\/wp-json\/wp\/v2\/product_tag?post=835"},{"taxonomy":"expert","embeddable":true,"href":"https:\/\/www.transtoyou.com\/et\/wp-json\/wp\/v2\/expert?post=835"}],"curies":[{"name":"wp","href":"https:\/\/api.w.org\/{rel}","templated":true}]}}