{"id":838,"date":"2026-01-23T19:24:44","date_gmt":"2026-01-23T17:24:44","guid":{"rendered":"https:\/\/www.transtoyou.com\/et\/product\/normacol\/"},"modified":"2026-02-28T13:22:20","modified_gmt":"2026-02-28T11:22:20","slug":"normacol","status":"publish","type":"product","link":"https:\/\/www.transtoyou.com\/et\/product\/normacol\/","title":{"rendered":"Normacol"},"content":{"rendered":"<p>Normacol on kiudaineid moodustav lahtistav ravim, mida kasutatakse aeg-ajalt esineva k\u00f5hukinnisuse leevendamiseks. See sisaldab sterkulia, looduslikku kummit, mis ei imendu ega seedu soolestikus. Selle asemel imab see vett ja paisub, moodustades pehme, mahuka massi soolestikus. See suurenenud mass stimuleerib sooleliikumisi, aidates v\u00e4ljaheidet soolestikus kergemini edasi liikuda.<\/p>\n<p>Seda ravimit soovitatakse peamiselt k\u00f5hukinnisuse raviks, eriti juhtudel, kus pingutamine tuleks v\u00e4ltida. Samuti soovitatakse seda olukordades, kus pehme v\u00e4ljaheite s\u00e4ilitamine on kasulik, n\u00e4iteks raseduse ajal, p\u00e4rast operatsiooni taastumisel ning inimestele, kellel on anaall\u00f5hed v\u00f5i hemorroidid. Siiski tuleks regulatiivsetel eesm\u00e4rkidel mainida ainult k\u00f5hukinnisust lubatud n\u00e4idustuseks.<\/p>\n<p>P\u00e4rast allaneelamist toimib Normacol, hoides vett soole sisus, suurendades v\u00e4ljaheite mahtu ja soodustades regulaarseid, looduslikke sooleliikumisi. Erinevalt stimuleerivatest lahtistavatest ravimitest ei \u00e4rrita see soole limaskesta ega p\u00f5hjusta \u00e4kilist tungi, muutes selle seedes\u00fcsteemile \u00f5rnemaks.<\/p>\n<p>Normacoli eelised h\u00f5lmavad selle looduslikku p\u00e4ritolu, madalat s\u00f5ltuvuse riski ja sobivust pikemaajaliseks kasutamiseks v\u00f5rreldes m\u00f5nede teiste lahtistitega. See pakub leevendust 12 kuni 72 tunni jooksul p\u00e4rast manustamist, s\u00f5ltuvalt individuaalsest soole reaktsioonist ja vedeliku tarbimisest. Lisaks v\u00f5ib see aidata parandada \u00fcldist soole tervist, soodustades regulaarseid harjumusi ilma karmide keemiliste stimulatsioonideta.<\/p>\n<p>Nagu k\u00f5ik kiudaineid moodustavad lahtistid, on oluline v\u00f5tta Normacol koos suure koguse veega, et v\u00e4ltida soole ummistuse riski. \u00dcldiselt talutakse seda h\u00e4sti, kui v\u00f5tta vastavalt juhistele, minimaalsete s\u00fcsteemsete k\u00f5rvaltoimetega, kuna toimeaine ei imendu vereringesse.<\/p>\n","protected":false},"excerpt":{"rendered":"<ul>\n<li>Looduslik kiudainetel p\u00f5hinev k\u00f5hukinnisuse leevendus<\/li>\n<li>Toetab regulaarset sooleliikumist<\/li>\n<li>\u00d5rn, mitte stimuleeriv lahtistav valik<\/li>\n<\/ul>\n","protected":false},"featured_media":840,"comment_status":"open","ping_status":"closed","template":"","meta":[],"product_brand":[],"product_cat":[112],"product_tag":[],"expert":[17],"class_list":{"0":"post-838","1":"product","2":"type-product","3":"status-publish","4":"has-post-thumbnail","6":"product_cat-kohukinnisus","7":"expert-dr-c-munoz-parada","9":"first","10":"instock","11":"shipping-taxable","12":"product-type-variable"},"yoast_head":"<!-- This site is optimized with the Yoast SEO plugin v27.0 - https:\/\/yoast.com\/product\/yoast-seo-wordpress\/ -->\n<title>Normacol | \u00d5rn leevendus seedimise tervisele - Transtoyou<\/title>\n<meta name=\"description\" content=\"Avasta Normacol Transtoyou&#039;s, sinu lahendus seedimise tervisele. Saadaval n\u00fc\u00fcd, ideaalne regulaarsete ja mugavate tulemuste saavutamiseks. Osta kohe!\" \/>\n<meta name=\"robots\" content=\"noindex, follow, max-snippet:-1, max-image-preview:large, max-video-preview:-1\" \/>\n<meta property=\"og:locale\" content=\"et_EE\" \/>\n<meta property=\"og:type\" content=\"article\" \/>\n<meta property=\"og:title\" content=\"Normacol | \u00d5rn leevendus seedimise tervisele - Transtoyou\" \/>\n<meta property=\"og:description\" content=\"Avasta Normacol Transtoyou&#039;s, sinu lahendus seedimise tervisele. Saadaval n\u00fc\u00fcd, ideaalne regulaarsete ja mugavate tulemuste saavutamiseks. Osta kohe!\" \/>\n<meta property=\"og:url\" content=\"https:\/\/www.transtoyou.com\/et\/product\/normacol\/\" \/>\n<meta property=\"og:site_name\" content=\"Transtoyou - ET\" \/>\n<meta property=\"article:modified_time\" content=\"2026-02-28T11:22:20+00:00\" \/>\n<meta name=\"twitter:card\" content=\"summary_large_image\" \/>\n<meta name=\"twitter:label1\" content=\"Est. reading time\" \/>\n\t<meta name=\"twitter:data1\" content=\"1 minut\" \/>\n<script type=\"application\/ld+json\" class=\"yoast-schema-graph\">{\"@context\":\"https:\/\/schema.org\",\"@graph\":[{\"@type\":\"WebPage\",\"@id\":\"https:\/\/www.transtoyou.com\/et\/product\/normacol\/\",\"url\":\"https:\/\/www.transtoyou.com\/et\/product\/normacol\/\",\"name\":\"Normacol | \u00d5rn leevendus seedimise tervisele - Transtoyou\",\"isPartOf\":{\"@id\":\"https:\/\/www.transtoyou.com\/et\/#website\"},\"primaryImageOfPage\":{\"@id\":\"https:\/\/www.transtoyou.com\/et\/product\/normacol\/#primaryimage\"},\"image\":{\"@id\":\"https:\/\/www.transtoyou.com\/et\/product\/normacol\/#primaryimage\"},\"thumbnailUrl\":\"https:\/\/www.transtoyou.com\/et\/wp-content\/uploads\/sites\/7\/2026\/01\/tty-no-product-image-38.webp\",\"datePublished\":\"2026-01-23T17:24:44+00:00\",\"dateModified\":\"2026-02-28T11:22:20+00:00\",\"description\":\"Avasta Normacol Transtoyou's, sinu lahendus seedimise tervisele. Saadaval n\u00fc\u00fcd, ideaalne regulaarsete ja mugavate tulemuste saavutamiseks. Osta kohe!\",\"breadcrumb\":{\"@id\":\"https:\/\/www.transtoyou.com\/et\/product\/normacol\/#breadcrumb\"},\"inLanguage\":\"et\",\"potentialAction\":[{\"@type\":\"ReadAction\",\"target\":[\"https:\/\/www.transtoyou.com\/et\/product\/normacol\/\"]}]},{\"@type\":\"ImageObject\",\"inLanguage\":\"et\",\"@id\":\"https:\/\/www.transtoyou.com\/et\/product\/normacol\/#primaryimage\",\"url\":\"https:\/\/www.transtoyou.com\/et\/wp-content\/uploads\/sites\/7\/2026\/01\/tty-no-product-image-38.webp\",\"contentUrl\":\"https:\/\/www.transtoyou.com\/et\/wp-content\/uploads\/sites\/7\/2026\/01\/tty-no-product-image-38.webp\",\"width\":1000,\"height\":1000,\"caption\":\"Vaikimisi toote pilt\"},{\"@type\":\"WebSite\",\"@id\":\"https:\/\/www.transtoyou.com\/et\/#website\",\"url\":\"https:\/\/www.transtoyou.com\/et\/\",\"name\":\"Transtoyou - ET\",\"description\":\"\",\"publisher\":{\"@id\":\"https:\/\/www.transtoyou.com\/et\/#organization\"},\"potentialAction\":[{\"@type\":\"SearchAction\",\"target\":{\"@type\":\"EntryPoint\",\"urlTemplate\":\"https:\/\/www.transtoyou.com\/et\/?s={search_term_string}\"},\"query-input\":{\"@type\":\"PropertyValueSpecification\",\"valueRequired\":true,\"valueName\":\"search_term_string\"}}],\"inLanguage\":\"et\"},{\"@type\":\"Organization\",\"@id\":\"https:\/\/www.transtoyou.com\/et\/#organization\",\"name\":\"Transtoyou - ET\",\"url\":\"https:\/\/www.transtoyou.com\/et\/\",\"logo\":{\"@type\":\"ImageObject\",\"inLanguage\":\"et\",\"@id\":\"https:\/\/www.transtoyou.com\/et\/#\/schema\/logo\/image\/\",\"url\":\"https:\/\/www.transtoyou.com\/et\/wp-content\/uploads\/sites\/7\/2026\/01\/logo-tty-menu-bar-300x87-1.webp\",\"contentUrl\":\"https:\/\/www.transtoyou.com\/et\/wp-content\/uploads\/sites\/7\/2026\/01\/logo-tty-menu-bar-300x87-1.webp\",\"width\":300,\"height\":87,\"caption\":\"Transtoyou - ET\"},\"image\":{\"@id\":\"https:\/\/www.transtoyou.com\/et\/#\/schema\/logo\/image\/\"}}]}<\/script>\n<!-- \/ Yoast SEO plugin. -->","yoast_head_json":{"title":"Normacol | \u00d5rn leevendus seedimise tervisele - Transtoyou","description":"Avasta Normacol Transtoyou's, sinu lahendus seedimise tervisele. Saadaval n\u00fc\u00fcd, ideaalne regulaarsete ja mugavate tulemuste saavutamiseks. Osta kohe!","robots":{"index":"noindex","follow":"follow","max-snippet":"max-snippet:-1","max-image-preview":"max-image-preview:large","max-video-preview":"max-video-preview:-1"},"og_locale":"et_EE","og_type":"article","og_title":"Normacol | \u00d5rn leevendus seedimise tervisele - Transtoyou","og_description":"Avasta Normacol Transtoyou's, sinu lahendus seedimise tervisele. Saadaval n\u00fc\u00fcd, ideaalne regulaarsete ja mugavate tulemuste saavutamiseks. Osta kohe!","og_url":"https:\/\/www.transtoyou.com\/et\/product\/normacol\/","og_site_name":"Transtoyou - ET","article_modified_time":"2026-02-28T11:22:20+00:00","twitter_card":"summary_large_image","twitter_misc":{"Est. reading time":"1 minut"},"schema":{"@context":"https:\/\/schema.org","@graph":[{"@type":"WebPage","@id":"https:\/\/www.transtoyou.com\/et\/product\/normacol\/","url":"https:\/\/www.transtoyou.com\/et\/product\/normacol\/","name":"Normacol | \u00d5rn leevendus seedimise tervisele - Transtoyou","isPartOf":{"@id":"https:\/\/www.transtoyou.com\/et\/#website"},"primaryImageOfPage":{"@id":"https:\/\/www.transtoyou.com\/et\/product\/normacol\/#primaryimage"},"image":{"@id":"https:\/\/www.transtoyou.com\/et\/product\/normacol\/#primaryimage"},"thumbnailUrl":"https:\/\/www.transtoyou.com\/et\/wp-content\/uploads\/sites\/7\/2026\/01\/tty-no-product-image-38.webp","datePublished":"2026-01-23T17:24:44+00:00","dateModified":"2026-02-28T11:22:20+00:00","description":"Avasta Normacol Transtoyou's, sinu lahendus seedimise tervisele. Saadaval n\u00fc\u00fcd, ideaalne regulaarsete ja mugavate tulemuste saavutamiseks. Osta kohe!","breadcrumb":{"@id":"https:\/\/www.transtoyou.com\/et\/product\/normacol\/#breadcrumb"},"inLanguage":"et","potentialAction":[{"@type":"ReadAction","target":["https:\/\/www.transtoyou.com\/et\/product\/normacol\/"]}]},{"@type":"ImageObject","inLanguage":"et","@id":"https:\/\/www.transtoyou.com\/et\/product\/normacol\/#primaryimage","url":"https:\/\/www.transtoyou.com\/et\/wp-content\/uploads\/sites\/7\/2026\/01\/tty-no-product-image-38.webp","contentUrl":"https:\/\/www.transtoyou.com\/et\/wp-content\/uploads\/sites\/7\/2026\/01\/tty-no-product-image-38.webp","width":1000,"height":1000,"caption":"Vaikimisi toote pilt"},{"@type":"WebSite","@id":"https:\/\/www.transtoyou.com\/et\/#website","url":"https:\/\/www.transtoyou.com\/et\/","name":"Transtoyou - ET","description":"","publisher":{"@id":"https:\/\/www.transtoyou.com\/et\/#organization"},"potentialAction":[{"@type":"SearchAction","target":{"@type":"EntryPoint","urlTemplate":"https:\/\/www.transtoyou.com\/et\/?s={search_term_string}"},"query-input":{"@type":"PropertyValueSpecification","valueRequired":true,"valueName":"search_term_string"}}],"inLanguage":"et"},{"@type":"Organization","@id":"https:\/\/www.transtoyou.com\/et\/#organization","name":"Transtoyou - ET","url":"https:\/\/www.transtoyou.com\/et\/","logo":{"@type":"ImageObject","inLanguage":"et","@id":"https:\/\/www.transtoyou.com\/et\/#\/schema\/logo\/image\/","url":"https:\/\/www.transtoyou.com\/et\/wp-content\/uploads\/sites\/7\/2026\/01\/logo-tty-menu-bar-300x87-1.webp","contentUrl":"https:\/\/www.transtoyou.com\/et\/wp-content\/uploads\/sites\/7\/2026\/01\/logo-tty-menu-bar-300x87-1.webp","width":300,"height":87,"caption":"Transtoyou - ET"},"image":{"@id":"https:\/\/www.transtoyou.com\/et\/#\/schema\/logo\/image\/"}}]}},"_links":{"self":[{"href":"https:\/\/www.transtoyou.com\/et\/wp-json\/wp\/v2\/product\/838","targetHints":{"allow":["GET"]}}],"collection":[{"href":"https:\/\/www.transtoyou.com\/et\/wp-json\/wp\/v2\/product"}],"about":[{"href":"https:\/\/www.transtoyou.com\/et\/wp-json\/wp\/v2\/types\/product"}],"replies":[{"embeddable":true,"href":"https:\/\/www.transtoyou.com\/et\/wp-json\/wp\/v2\/comments?post=838"}],"wp:featuredmedia":[{"embeddable":true,"href":"https:\/\/www.transtoyou.com\/et\/wp-json\/wp\/v2\/media\/840"}],"wp:attachment":[{"href":"https:\/\/www.transtoyou.com\/et\/wp-json\/wp\/v2\/media?parent=838"}],"wp:term":[{"taxonomy":"product_brand","embeddable":true,"href":"https:\/\/www.transtoyou.com\/et\/wp-json\/wp\/v2\/product_brand?post=838"},{"taxonomy":"product_cat","embeddable":true,"href":"https:\/\/www.transtoyou.com\/et\/wp-json\/wp\/v2\/product_cat?post=838"},{"taxonomy":"product_tag","embeddable":true,"href":"https:\/\/www.transtoyou.com\/et\/wp-json\/wp\/v2\/product_tag?post=838"},{"taxonomy":"expert","embeddable":true,"href":"https:\/\/www.transtoyou.com\/et\/wp-json\/wp\/v2\/expert?post=838"}],"curies":[{"name":"wp","href":"https:\/\/api.w.org\/{rel}","templated":true}]}}