{"id":847,"date":"2026-01-23T20:10:20","date_gmt":"2026-01-23T18:10:20","guid":{"rendered":"https:\/\/www.transtoyou.com\/et\/product\/yasmin\/"},"modified":"2026-03-08T13:03:24","modified_gmt":"2026-03-08T11:03:24","slug":"yasmin","status":"publish","type":"product","link":"https:\/\/www.transtoyou.com\/et\/product\/yasmin\/","title":{"rendered":"Yasmin"},"content":{"rendered":"<p>Yasmin on kombinatsiooniline suukaudne rasestumisvastane tablett, mis sisaldab kahte toimeainet: etin\u00fc\u00fcl\u00f6stradiooli (\u00f6strogeen) ja drospirenooni (progestiin). Seda kasutatakse raseduse ennetamiseks ja seda v\u00f5etakse iga p\u00e4ev 21 p\u00e4eva, millele j\u00e4rgneb 7-p\u00e4evane paus. Yasmin toimib peamiselt ovulatsiooni (munaraku vabastamine munasarjadest) ennetamise kaudu. Samuti paksendab see emakakaela lima, muutes sperma munarakuni j\u00f5udmise raskemaks, ja muudab emaka limaskesta, et v\u00e4ltida implantatsiooni.<\/p>\n<p>Yasmin on n\u00e4idustatud rasestumisvastase vahendina t\u00e4iskasvanud naistel. Kuigi selle peamine eesm\u00e4rk on raseduse ennetamine, kogevad paljud inimesed ka lisah\u00fcvesid, nagu regulaarsemad menstruatsioonits\u00fcklid, kergemad menstruatsioonid ja v\u00e4hem menstruatsioonivalu. M\u00f5ned m\u00e4rkavad ka akne ja rasuse naha paranemist drospirenooni antiandrogeense toime t\u00f5ttu.<\/p>\n<p>Kehas j\u00e4ljendavad Yasminis olevad hormoonid looduslikke naissoost suguhormoone, aidates reguleerida menstruatsioonits\u00fcklit ja v\u00e4hendada hormonaalseid k\u00f5ikumisi. Erinevalt m\u00f5nest muust progestiinist omab drospirenoon antiandrogeenseid omadusi, mis t\u00e4hendab, et see v\u00f5ib neutraliseerida meessuguhormoonide, nagu testosterooni, m\u00f5ju. See v\u00f5ib aidata v\u00e4hendada aknet, vedelikupeetust ja puhitus. Transmeestel, kes v\u00f5tavad testosterooni ja vajavad endiselt rasestumisvastaseid meetodeid, v\u00f5ib see antiandrogeenne toime veidi v\u00e4hendada m\u00f5ningaid mehelikke muutusi.<\/p>\n<p>Yasmini v\u00f5etakse \u00fcks kord p\u00e4evas, ideaalis iga p\u00e4ev samal ajal. Selle rasestumisvastane toime on usaldusv\u00e4\u00e4rne, kui seda v\u00f5tta \u00f5igesti ja j\u00e4rjepidevalt. \u00dcks Yasmini eeliseid on see, et see \u00fchendab k\u00f5rge rasestumisvastase efektiivsuse enamiku kasutajate soodsa k\u00f5rvaltoimete profiliga. Samuti on see seotud madalama veepidamatuse ja kaalut\u00f5usu riskiga v\u00f5rreldes teiste tablettidega.<\/p>\n","protected":false},"excerpt":{"rendered":"<ul>\n<li>T\u00f5hus igap\u00e4evane hormonaalne rasestumisvastane vahend<\/li>\n<li>Aitab v\u00e4hendada aknet ja puhitus<\/li>\n<li>Reguleerib menstruatsioonits\u00fckleid j\u00e4rjekindlalt<\/li>\n<\/ul>\n","protected":false},"featured_media":849,"comment_status":"open","ping_status":"closed","template":"","meta":[],"product_brand":[],"product_cat":[111],"product_tag":[],"expert":[17],"class_list":{"0":"post-847","1":"product","2":"type-product","3":"status-publish","4":"has-post-thumbnail","6":"product_cat-kombineeritud-pill","7":"expert-dr-c-munoz-parada","9":"first","10":"instock","11":"shipping-taxable","12":"product-type-variable"},"yoast_head":"<!-- This site is optimized with the Yoast SEO plugin v27.0 - https:\/\/yoast.com\/product\/yoast-seo-wordpress\/ -->\n<title>Yasmin | Usaldusv\u00e4\u00e4rne rasestumisvastane lahendus - Transtoyou<\/title>\n<meta name=\"description\" content=\"Avasta Yasmin Transtoyou&#039;s. Kasuta usaldusv\u00e4\u00e4rset rasestumisvastast tuge. Osta n\u00fc\u00fcd mugavuse ja kvaliteedi nimel!\" \/>\n<meta name=\"robots\" content=\"noindex, follow, max-snippet:-1, max-image-preview:large, max-video-preview:-1\" \/>\n<meta property=\"og:locale\" content=\"et_EE\" \/>\n<meta property=\"og:type\" content=\"article\" \/>\n<meta property=\"og:title\" content=\"Yasmin | Usaldusv\u00e4\u00e4rne rasestumisvastane lahendus - Transtoyou\" \/>\n<meta property=\"og:description\" content=\"Avasta Yasmin Transtoyou&#039;s. Kasuta usaldusv\u00e4\u00e4rset rasestumisvastast tuge. Osta n\u00fc\u00fcd mugavuse ja kvaliteedi nimel!\" \/>\n<meta property=\"og:url\" content=\"https:\/\/www.transtoyou.com\/et\/product\/yasmin\/\" \/>\n<meta property=\"og:site_name\" content=\"Transtoyou - ET\" \/>\n<meta property=\"article:modified_time\" content=\"2026-03-08T11:03:24+00:00\" \/>\n<meta name=\"twitter:card\" content=\"summary_large_image\" \/>\n<meta name=\"twitter:label1\" content=\"Est. reading time\" \/>\n\t<meta name=\"twitter:data1\" content=\"1 minut\" \/>\n<script type=\"application\/ld+json\" class=\"yoast-schema-graph\">{\"@context\":\"https:\/\/schema.org\",\"@graph\":[{\"@type\":\"WebPage\",\"@id\":\"https:\/\/www.transtoyou.com\/et\/product\/yasmin\/\",\"url\":\"https:\/\/www.transtoyou.com\/et\/product\/yasmin\/\",\"name\":\"Yasmin | Usaldusv\u00e4\u00e4rne rasestumisvastane lahendus - Transtoyou\",\"isPartOf\":{\"@id\":\"https:\/\/www.transtoyou.com\/et\/#website\"},\"primaryImageOfPage\":{\"@id\":\"https:\/\/www.transtoyou.com\/et\/product\/yasmin\/#primaryimage\"},\"image\":{\"@id\":\"https:\/\/www.transtoyou.com\/et\/product\/yasmin\/#primaryimage\"},\"thumbnailUrl\":\"https:\/\/www.transtoyou.com\/et\/wp-content\/uploads\/sites\/7\/2026\/01\/tty-no-product-image-41.webp\",\"datePublished\":\"2026-01-23T18:10:20+00:00\",\"dateModified\":\"2026-03-08T11:03:24+00:00\",\"description\":\"Avasta Yasmin Transtoyou's. Kasuta usaldusv\u00e4\u00e4rset rasestumisvastast tuge. Osta n\u00fc\u00fcd mugavuse ja kvaliteedi nimel!\",\"breadcrumb\":{\"@id\":\"https:\/\/www.transtoyou.com\/et\/product\/yasmin\/#breadcrumb\"},\"inLanguage\":\"et\",\"potentialAction\":[{\"@type\":\"ReadAction\",\"target\":[\"https:\/\/www.transtoyou.com\/et\/product\/yasmin\/\"]}]},{\"@type\":\"ImageObject\",\"inLanguage\":\"et\",\"@id\":\"https:\/\/www.transtoyou.com\/et\/product\/yasmin\/#primaryimage\",\"url\":\"https:\/\/www.transtoyou.com\/et\/wp-content\/uploads\/sites\/7\/2026\/01\/tty-no-product-image-41.webp\",\"contentUrl\":\"https:\/\/www.transtoyou.com\/et\/wp-content\/uploads\/sites\/7\/2026\/01\/tty-no-product-image-41.webp\",\"width\":1000,\"height\":1000,\"caption\":\"Vaikimisi toote pilt\"},{\"@type\":\"WebSite\",\"@id\":\"https:\/\/www.transtoyou.com\/et\/#website\",\"url\":\"https:\/\/www.transtoyou.com\/et\/\",\"name\":\"Transtoyou - ET\",\"description\":\"\",\"publisher\":{\"@id\":\"https:\/\/www.transtoyou.com\/et\/#organization\"},\"potentialAction\":[{\"@type\":\"SearchAction\",\"target\":{\"@type\":\"EntryPoint\",\"urlTemplate\":\"https:\/\/www.transtoyou.com\/et\/?s={search_term_string}\"},\"query-input\":{\"@type\":\"PropertyValueSpecification\",\"valueRequired\":true,\"valueName\":\"search_term_string\"}}],\"inLanguage\":\"et\"},{\"@type\":\"Organization\",\"@id\":\"https:\/\/www.transtoyou.com\/et\/#organization\",\"name\":\"Transtoyou - ET\",\"url\":\"https:\/\/www.transtoyou.com\/et\/\",\"logo\":{\"@type\":\"ImageObject\",\"inLanguage\":\"et\",\"@id\":\"https:\/\/www.transtoyou.com\/et\/#\/schema\/logo\/image\/\",\"url\":\"https:\/\/www.transtoyou.com\/et\/wp-content\/uploads\/sites\/7\/2026\/01\/logo-tty-menu-bar-300x87-1.webp\",\"contentUrl\":\"https:\/\/www.transtoyou.com\/et\/wp-content\/uploads\/sites\/7\/2026\/01\/logo-tty-menu-bar-300x87-1.webp\",\"width\":300,\"height\":87,\"caption\":\"Transtoyou - ET\"},\"image\":{\"@id\":\"https:\/\/www.transtoyou.com\/et\/#\/schema\/logo\/image\/\"}}]}<\/script>\n<!-- \/ Yoast SEO plugin. -->","yoast_head_json":{"title":"Yasmin | Usaldusv\u00e4\u00e4rne rasestumisvastane lahendus - Transtoyou","description":"Avasta Yasmin Transtoyou's. Kasuta usaldusv\u00e4\u00e4rset rasestumisvastast tuge. Osta n\u00fc\u00fcd mugavuse ja kvaliteedi nimel!","robots":{"index":"noindex","follow":"follow","max-snippet":"max-snippet:-1","max-image-preview":"max-image-preview:large","max-video-preview":"max-video-preview:-1"},"og_locale":"et_EE","og_type":"article","og_title":"Yasmin | Usaldusv\u00e4\u00e4rne rasestumisvastane lahendus - Transtoyou","og_description":"Avasta Yasmin Transtoyou's. Kasuta usaldusv\u00e4\u00e4rset rasestumisvastast tuge. Osta n\u00fc\u00fcd mugavuse ja kvaliteedi nimel!","og_url":"https:\/\/www.transtoyou.com\/et\/product\/yasmin\/","og_site_name":"Transtoyou - ET","article_modified_time":"2026-03-08T11:03:24+00:00","twitter_card":"summary_large_image","twitter_misc":{"Est. reading time":"1 minut"},"schema":{"@context":"https:\/\/schema.org","@graph":[{"@type":"WebPage","@id":"https:\/\/www.transtoyou.com\/et\/product\/yasmin\/","url":"https:\/\/www.transtoyou.com\/et\/product\/yasmin\/","name":"Yasmin | Usaldusv\u00e4\u00e4rne rasestumisvastane lahendus - Transtoyou","isPartOf":{"@id":"https:\/\/www.transtoyou.com\/et\/#website"},"primaryImageOfPage":{"@id":"https:\/\/www.transtoyou.com\/et\/product\/yasmin\/#primaryimage"},"image":{"@id":"https:\/\/www.transtoyou.com\/et\/product\/yasmin\/#primaryimage"},"thumbnailUrl":"https:\/\/www.transtoyou.com\/et\/wp-content\/uploads\/sites\/7\/2026\/01\/tty-no-product-image-41.webp","datePublished":"2026-01-23T18:10:20+00:00","dateModified":"2026-03-08T11:03:24+00:00","description":"Avasta Yasmin Transtoyou's. Kasuta usaldusv\u00e4\u00e4rset rasestumisvastast tuge. Osta n\u00fc\u00fcd mugavuse ja kvaliteedi nimel!","breadcrumb":{"@id":"https:\/\/www.transtoyou.com\/et\/product\/yasmin\/#breadcrumb"},"inLanguage":"et","potentialAction":[{"@type":"ReadAction","target":["https:\/\/www.transtoyou.com\/et\/product\/yasmin\/"]}]},{"@type":"ImageObject","inLanguage":"et","@id":"https:\/\/www.transtoyou.com\/et\/product\/yasmin\/#primaryimage","url":"https:\/\/www.transtoyou.com\/et\/wp-content\/uploads\/sites\/7\/2026\/01\/tty-no-product-image-41.webp","contentUrl":"https:\/\/www.transtoyou.com\/et\/wp-content\/uploads\/sites\/7\/2026\/01\/tty-no-product-image-41.webp","width":1000,"height":1000,"caption":"Vaikimisi toote pilt"},{"@type":"WebSite","@id":"https:\/\/www.transtoyou.com\/et\/#website","url":"https:\/\/www.transtoyou.com\/et\/","name":"Transtoyou - ET","description":"","publisher":{"@id":"https:\/\/www.transtoyou.com\/et\/#organization"},"potentialAction":[{"@type":"SearchAction","target":{"@type":"EntryPoint","urlTemplate":"https:\/\/www.transtoyou.com\/et\/?s={search_term_string}"},"query-input":{"@type":"PropertyValueSpecification","valueRequired":true,"valueName":"search_term_string"}}],"inLanguage":"et"},{"@type":"Organization","@id":"https:\/\/www.transtoyou.com\/et\/#organization","name":"Transtoyou - ET","url":"https:\/\/www.transtoyou.com\/et\/","logo":{"@type":"ImageObject","inLanguage":"et","@id":"https:\/\/www.transtoyou.com\/et\/#\/schema\/logo\/image\/","url":"https:\/\/www.transtoyou.com\/et\/wp-content\/uploads\/sites\/7\/2026\/01\/logo-tty-menu-bar-300x87-1.webp","contentUrl":"https:\/\/www.transtoyou.com\/et\/wp-content\/uploads\/sites\/7\/2026\/01\/logo-tty-menu-bar-300x87-1.webp","width":300,"height":87,"caption":"Transtoyou - ET"},"image":{"@id":"https:\/\/www.transtoyou.com\/et\/#\/schema\/logo\/image\/"}}]}},"_links":{"self":[{"href":"https:\/\/www.transtoyou.com\/et\/wp-json\/wp\/v2\/product\/847","targetHints":{"allow":["GET"]}}],"collection":[{"href":"https:\/\/www.transtoyou.com\/et\/wp-json\/wp\/v2\/product"}],"about":[{"href":"https:\/\/www.transtoyou.com\/et\/wp-json\/wp\/v2\/types\/product"}],"replies":[{"embeddable":true,"href":"https:\/\/www.transtoyou.com\/et\/wp-json\/wp\/v2\/comments?post=847"}],"wp:featuredmedia":[{"embeddable":true,"href":"https:\/\/www.transtoyou.com\/et\/wp-json\/wp\/v2\/media\/849"}],"wp:attachment":[{"href":"https:\/\/www.transtoyou.com\/et\/wp-json\/wp\/v2\/media?parent=847"}],"wp:term":[{"taxonomy":"product_brand","embeddable":true,"href":"https:\/\/www.transtoyou.com\/et\/wp-json\/wp\/v2\/product_brand?post=847"},{"taxonomy":"product_cat","embeddable":true,"href":"https:\/\/www.transtoyou.com\/et\/wp-json\/wp\/v2\/product_cat?post=847"},{"taxonomy":"product_tag","embeddable":true,"href":"https:\/\/www.transtoyou.com\/et\/wp-json\/wp\/v2\/product_tag?post=847"},{"taxonomy":"expert","embeddable":true,"href":"https:\/\/www.transtoyou.com\/et\/wp-json\/wp\/v2\/expert?post=847"}],"curies":[{"name":"wp","href":"https:\/\/api.w.org\/{rel}","templated":true}]}}