{"id":853,"date":"2026-01-23T20:41:42","date_gmt":"2026-01-23T18:41:42","guid":{"rendered":"https:\/\/www.transtoyou.com\/et\/product\/famenita\/"},"modified":"2026-01-23T20:42:39","modified_gmt":"2026-01-23T18:42:39","slug":"famenita","status":"publish","type":"product","link":"https:\/\/www.transtoyou.com\/et\/product\/famenita\/","title":{"rendered":"Famenita"},"content":{"rendered":"<p>Famenita on pehme kapsel, mis sisaldab mikroniseeritud progesterooni, hormooni looduslikku vormi, mida toodab keha. Seda kasutatakse hormoonide tasakaalu toetamiseks erinevates olukordades, sealhulgas hormoonasendusravis (HRT), menstruatsioonivalude juhtimisel, viljatusravil, menopausi s\u00fcmptomite leevendamisel ja endometrioosi ravis.<\/p>\n<p>HRT-s kasutatakse Famenitat koos \u00f6strogeeniga, et kaitsta emaka limaskesta inimestel, kes ei ole l\u00e4binud h\u00fcsterektoomiat. \u00dcksnes \u00f6strogeen v\u00f5ib p\u00f5hjustada endomeetriumi paksenemist, mis v\u00f5ib suurendada terviseriske. Famenita aitab seda tasakaalustada, stabiliseerides emaka limaskesta.<\/p>\n<p>Viljatusravi korral toetab Famenita menstruatsioonits\u00fckli luteaalfaasi ja aitab valmistada emakat raseduseks. Seda v\u00f5ib samuti v\u00e4lja kirjutada valu v\u00e4hendamiseks ja ts\u00fcklite reguleerimiseks inimestele, kes kannatavad endometrioosi v\u00f5i ebaregulaarsete menstruatsioonide all. Need, kes kogevad menopausi v\u00f5i premenstruaalseid s\u00fcmptomeid, saavad Famenita abil leevendada meeleolumuutusi, puhitus ja muid hormoonidega seotud ebamugavusi.<\/p>\n<p>Famenita on bioidentne, taimset p\u00e4ritolu progesteroon, mida saab v\u00f5tta suu kaudu v\u00f5i kasutada tupe kaudu, s\u00f5ltuvalt kavandatud eesm\u00e4rgist.<\/p>\n","protected":false},"excerpt":{"rendered":"<ul>\n<li>Looduslik progesteroon kapsel<\/li>\n<li>Toetab hormoonasendusteraapiat, viljakust ja ts\u00fckli reguleerimist<\/li>\n<li>Saab kasutada suu kaudu v\u00f5i tupe kaudu<\/li>\n<\/ul>\n","protected":false},"featured_media":855,"comment_status":"open","ping_status":"closed","template":"","meta":[],"product_brand":[],"product_cat":[129,156,162,164,137],"product_tag":[],"expert":[21],"class_list":{"0":"post-853","1":"product","2":"type-product","3":"status-publish","4":"has-post-thumbnail","6":"product_cat-endometrioos","7":"product_cat-hormoonasendusravi-hrt","8":"product_cat-menopausi-ja-pms-i-leevendamine","9":"product_cat-menstruaalne-ebamugavus","10":"product_cat-viljakus-ja-ovulatsioon","11":"expert-dr-m-sharoyko","13":"first","14":"instock","15":"shipping-taxable","16":"product-type-variable"},"yoast_head":"<!-- This site is optimized with the Yoast SEO plugin v27.0 - https:\/\/yoast.com\/product\/yoast-seo-wordpress\/ -->\n<title>Famenita | Loomulik Hormoonide Tugi - Transtoyou<\/title>\n<meta name=\"description\" content=\"Famenita, saadaval siin, toetab hormoonide tasakaalu HRT, menstruatsioonivalude ja endometrioosi korral. Osta n\u00fc\u00fcd looduslik progesterooni lahendus.\" \/>\n<meta name=\"robots\" content=\"noindex, follow, max-snippet:-1, max-image-preview:large, max-video-preview:-1\" \/>\n<meta property=\"og:locale\" content=\"et_EE\" \/>\n<meta property=\"og:type\" content=\"article\" \/>\n<meta property=\"og:title\" content=\"Famenita | Loomulik Hormoonide Tugi - Transtoyou\" \/>\n<meta property=\"og:description\" content=\"Famenita, saadaval siin, toetab hormoonide tasakaalu HRT, menstruatsioonivalude ja endometrioosi korral. Osta n\u00fc\u00fcd looduslik progesterooni lahendus.\" \/>\n<meta property=\"og:url\" content=\"https:\/\/www.transtoyou.com\/et\/product\/famenita\/\" \/>\n<meta property=\"og:site_name\" content=\"Transtoyou - ET\" \/>\n<meta property=\"article:modified_time\" content=\"2026-01-23T18:42:39+00:00\" \/>\n<meta name=\"twitter:card\" content=\"summary_large_image\" \/>\n<meta name=\"twitter:label1\" content=\"Est. reading time\" \/>\n\t<meta name=\"twitter:data1\" content=\"1 minut\" \/>\n<script type=\"application\/ld+json\" class=\"yoast-schema-graph\">{\"@context\":\"https:\/\/schema.org\",\"@graph\":[{\"@type\":\"WebPage\",\"@id\":\"https:\/\/www.transtoyou.com\/et\/product\/famenita\/\",\"url\":\"https:\/\/www.transtoyou.com\/et\/product\/famenita\/\",\"name\":\"Famenita | Loomulik Hormoonide Tugi - Transtoyou\",\"isPartOf\":{\"@id\":\"https:\/\/www.transtoyou.com\/et\/#website\"},\"primaryImageOfPage\":{\"@id\":\"https:\/\/www.transtoyou.com\/et\/product\/famenita\/#primaryimage\"},\"image\":{\"@id\":\"https:\/\/www.transtoyou.com\/et\/product\/famenita\/#primaryimage\"},\"thumbnailUrl\":\"https:\/\/www.transtoyou.com\/et\/wp-content\/uploads\/sites\/7\/2026\/01\/tty-no-product-image-43.webp\",\"datePublished\":\"2026-01-23T18:41:42+00:00\",\"dateModified\":\"2026-01-23T18:42:39+00:00\",\"description\":\"Famenita, saadaval siin, toetab hormoonide tasakaalu HRT, menstruatsioonivalude ja endometrioosi korral. Osta n\u00fc\u00fcd looduslik progesterooni lahendus.\",\"breadcrumb\":{\"@id\":\"https:\/\/www.transtoyou.com\/et\/product\/famenita\/#breadcrumb\"},\"inLanguage\":\"et\",\"potentialAction\":[{\"@type\":\"ReadAction\",\"target\":[\"https:\/\/www.transtoyou.com\/et\/product\/famenita\/\"]}]},{\"@type\":\"ImageObject\",\"inLanguage\":\"et\",\"@id\":\"https:\/\/www.transtoyou.com\/et\/product\/famenita\/#primaryimage\",\"url\":\"https:\/\/www.transtoyou.com\/et\/wp-content\/uploads\/sites\/7\/2026\/01\/tty-no-product-image-43.webp\",\"contentUrl\":\"https:\/\/www.transtoyou.com\/et\/wp-content\/uploads\/sites\/7\/2026\/01\/tty-no-product-image-43.webp\",\"width\":1000,\"height\":1000,\"caption\":\"Vaikimisi toote pilt\"},{\"@type\":\"WebSite\",\"@id\":\"https:\/\/www.transtoyou.com\/et\/#website\",\"url\":\"https:\/\/www.transtoyou.com\/et\/\",\"name\":\"Transtoyou - ET\",\"description\":\"\",\"publisher\":{\"@id\":\"https:\/\/www.transtoyou.com\/et\/#organization\"},\"potentialAction\":[{\"@type\":\"SearchAction\",\"target\":{\"@type\":\"EntryPoint\",\"urlTemplate\":\"https:\/\/www.transtoyou.com\/et\/?s={search_term_string}\"},\"query-input\":{\"@type\":\"PropertyValueSpecification\",\"valueRequired\":true,\"valueName\":\"search_term_string\"}}],\"inLanguage\":\"et\"},{\"@type\":\"Organization\",\"@id\":\"https:\/\/www.transtoyou.com\/et\/#organization\",\"name\":\"Transtoyou - ET\",\"url\":\"https:\/\/www.transtoyou.com\/et\/\",\"logo\":{\"@type\":\"ImageObject\",\"inLanguage\":\"et\",\"@id\":\"https:\/\/www.transtoyou.com\/et\/#\/schema\/logo\/image\/\",\"url\":\"https:\/\/www.transtoyou.com\/et\/wp-content\/uploads\/sites\/7\/2026\/01\/logo-tty-menu-bar-300x87-1.webp\",\"contentUrl\":\"https:\/\/www.transtoyou.com\/et\/wp-content\/uploads\/sites\/7\/2026\/01\/logo-tty-menu-bar-300x87-1.webp\",\"width\":300,\"height\":87,\"caption\":\"Transtoyou - ET\"},\"image\":{\"@id\":\"https:\/\/www.transtoyou.com\/et\/#\/schema\/logo\/image\/\"}}]}<\/script>\n<!-- \/ Yoast SEO plugin. -->","yoast_head_json":{"title":"Famenita | Loomulik Hormoonide Tugi - Transtoyou","description":"Famenita, saadaval siin, toetab hormoonide tasakaalu HRT, menstruatsioonivalude ja endometrioosi korral. Osta n\u00fc\u00fcd looduslik progesterooni lahendus.","robots":{"index":"noindex","follow":"follow","max-snippet":"max-snippet:-1","max-image-preview":"max-image-preview:large","max-video-preview":"max-video-preview:-1"},"og_locale":"et_EE","og_type":"article","og_title":"Famenita | Loomulik Hormoonide Tugi - Transtoyou","og_description":"Famenita, saadaval siin, toetab hormoonide tasakaalu HRT, menstruatsioonivalude ja endometrioosi korral. Osta n\u00fc\u00fcd looduslik progesterooni lahendus.","og_url":"https:\/\/www.transtoyou.com\/et\/product\/famenita\/","og_site_name":"Transtoyou - ET","article_modified_time":"2026-01-23T18:42:39+00:00","twitter_card":"summary_large_image","twitter_misc":{"Est. reading time":"1 minut"},"schema":{"@context":"https:\/\/schema.org","@graph":[{"@type":"WebPage","@id":"https:\/\/www.transtoyou.com\/et\/product\/famenita\/","url":"https:\/\/www.transtoyou.com\/et\/product\/famenita\/","name":"Famenita | Loomulik Hormoonide Tugi - Transtoyou","isPartOf":{"@id":"https:\/\/www.transtoyou.com\/et\/#website"},"primaryImageOfPage":{"@id":"https:\/\/www.transtoyou.com\/et\/product\/famenita\/#primaryimage"},"image":{"@id":"https:\/\/www.transtoyou.com\/et\/product\/famenita\/#primaryimage"},"thumbnailUrl":"https:\/\/www.transtoyou.com\/et\/wp-content\/uploads\/sites\/7\/2026\/01\/tty-no-product-image-43.webp","datePublished":"2026-01-23T18:41:42+00:00","dateModified":"2026-01-23T18:42:39+00:00","description":"Famenita, saadaval siin, toetab hormoonide tasakaalu HRT, menstruatsioonivalude ja endometrioosi korral. Osta n\u00fc\u00fcd looduslik progesterooni lahendus.","breadcrumb":{"@id":"https:\/\/www.transtoyou.com\/et\/product\/famenita\/#breadcrumb"},"inLanguage":"et","potentialAction":[{"@type":"ReadAction","target":["https:\/\/www.transtoyou.com\/et\/product\/famenita\/"]}]},{"@type":"ImageObject","inLanguage":"et","@id":"https:\/\/www.transtoyou.com\/et\/product\/famenita\/#primaryimage","url":"https:\/\/www.transtoyou.com\/et\/wp-content\/uploads\/sites\/7\/2026\/01\/tty-no-product-image-43.webp","contentUrl":"https:\/\/www.transtoyou.com\/et\/wp-content\/uploads\/sites\/7\/2026\/01\/tty-no-product-image-43.webp","width":1000,"height":1000,"caption":"Vaikimisi toote pilt"},{"@type":"WebSite","@id":"https:\/\/www.transtoyou.com\/et\/#website","url":"https:\/\/www.transtoyou.com\/et\/","name":"Transtoyou - ET","description":"","publisher":{"@id":"https:\/\/www.transtoyou.com\/et\/#organization"},"potentialAction":[{"@type":"SearchAction","target":{"@type":"EntryPoint","urlTemplate":"https:\/\/www.transtoyou.com\/et\/?s={search_term_string}"},"query-input":{"@type":"PropertyValueSpecification","valueRequired":true,"valueName":"search_term_string"}}],"inLanguage":"et"},{"@type":"Organization","@id":"https:\/\/www.transtoyou.com\/et\/#organization","name":"Transtoyou - ET","url":"https:\/\/www.transtoyou.com\/et\/","logo":{"@type":"ImageObject","inLanguage":"et","@id":"https:\/\/www.transtoyou.com\/et\/#\/schema\/logo\/image\/","url":"https:\/\/www.transtoyou.com\/et\/wp-content\/uploads\/sites\/7\/2026\/01\/logo-tty-menu-bar-300x87-1.webp","contentUrl":"https:\/\/www.transtoyou.com\/et\/wp-content\/uploads\/sites\/7\/2026\/01\/logo-tty-menu-bar-300x87-1.webp","width":300,"height":87,"caption":"Transtoyou - ET"},"image":{"@id":"https:\/\/www.transtoyou.com\/et\/#\/schema\/logo\/image\/"}}]}},"_links":{"self":[{"href":"https:\/\/www.transtoyou.com\/et\/wp-json\/wp\/v2\/product\/853","targetHints":{"allow":["GET"]}}],"collection":[{"href":"https:\/\/www.transtoyou.com\/et\/wp-json\/wp\/v2\/product"}],"about":[{"href":"https:\/\/www.transtoyou.com\/et\/wp-json\/wp\/v2\/types\/product"}],"replies":[{"embeddable":true,"href":"https:\/\/www.transtoyou.com\/et\/wp-json\/wp\/v2\/comments?post=853"}],"wp:featuredmedia":[{"embeddable":true,"href":"https:\/\/www.transtoyou.com\/et\/wp-json\/wp\/v2\/media\/855"}],"wp:attachment":[{"href":"https:\/\/www.transtoyou.com\/et\/wp-json\/wp\/v2\/media?parent=853"}],"wp:term":[{"taxonomy":"product_brand","embeddable":true,"href":"https:\/\/www.transtoyou.com\/et\/wp-json\/wp\/v2\/product_brand?post=853"},{"taxonomy":"product_cat","embeddable":true,"href":"https:\/\/www.transtoyou.com\/et\/wp-json\/wp\/v2\/product_cat?post=853"},{"taxonomy":"product_tag","embeddable":true,"href":"https:\/\/www.transtoyou.com\/et\/wp-json\/wp\/v2\/product_tag?post=853"},{"taxonomy":"expert","embeddable":true,"href":"https:\/\/www.transtoyou.com\/et\/wp-json\/wp\/v2\/expert?post=853"}],"curies":[{"name":"wp","href":"https:\/\/api.w.org\/{rel}","templated":true}]}}