{"id":862,"date":"2026-01-23T21:24:42","date_gmt":"2026-01-23T19:24:42","guid":{"rendered":"https:\/\/www.transtoyou.com\/et\/product\/mirena\/"},"modified":"2026-01-23T21:25:40","modified_gmt":"2026-01-23T19:25:40","slug":"mirena","status":"publish","type":"product","link":"https:\/\/www.transtoyou.com\/et\/product\/mirena\/","title":{"rendered":"Mirena"},"content":{"rendered":"<p>Mirena on hormoonide vabastav emakasisene seade, mis pakub pikaajalist rasestumisvastast kaitset ja mida kasutatakse ka tugeva menstruatsiooni verejooksu v\u00e4hendamiseks. See sisaldab levonorgestreeli, progestogeeni, mis vabastatakse emakasse aeglaselt mitme aasta jooksul. P\u00e4rast paigaldamist pakub Mirena usaldusv\u00e4\u00e4rset kaitset raseduse eest kuni viieks aastaks, aidates samal ajal menstruatsiooni verejooksu supresseerida v\u00f5i kergendada.<\/p>\n<p>Seade paigaldatakse emakasse l\u00fchikese kontoriprotseduuri k\u00e4igus. See toimib emakakaela lima paksendamise kaudu, et blokeerida sperma, muutes emaka limaskesta, et v\u00e4ltida implanteerimist, ja m\u00f5nel inimesel v\u00f5ib see supresseerida ovulatsiooni. Hormoon viiakse otse emakasse, seega j\u00e4\u00e4b s\u00fcsteemne hormooni kokkupuude madalaks.<\/p>\n<p>Mirena valitakse sageli mitte ainult rasestumisvastaste eeliste t\u00f5ttu, vaid ka selle v\u00f5ime t\u00f5ttu oluliselt v\u00e4hendada menstruatsiooni voolu. Paljud kasutajad kogevad kergemaid perioode ja m\u00f5nel juhul peatub menstruatsioon t\u00e4ielikult. Seda kasutatakse sageli inimestel, kes kogevad tugevaid v\u00f5i valulikke perioode v\u00f5i kes eelistavad pikaajalist, madala hooldusega lahendust, mis v\u00e4ldib igap\u00e4evaseid tablette.<\/p>\n<p>Kuna Mirena on hormoonip\u00f5hine emakasisene seade, mis ei sisalda \u00f6strogeeni, on see hea valik neile, kes ei saa v\u00f5i ei soovi kasutada \u00f6strogeeni sisaldavaid rasestumisvastaseid vahendeid. Seda saab eemaldada igal ajal ja viljakus taastub tavaliselt kiiresti p\u00e4rast eemaldamist.<\/p>\n","protected":false},"excerpt":{"rendered":"<ul>\n<li>Hormonaalne emakasisene seade kuni 5 aastaks<\/li>\n<li>V\u00e4hendab v\u00f5i peatab menstruatsiooni<\/li>\n<li>\u00d6strogeenivaba rasestumisvastane valik<\/li>\n<\/ul>\n","protected":false},"featured_media":863,"comment_status":"open","ping_status":"closed","template":"","meta":[],"product_brand":[],"product_cat":[158,165],"product_tag":[],"expert":[19],"class_list":{"0":"post-862","1":"product","2":"type-product","3":"status-publish","4":"has-post-thumbnail","6":"product_cat-emakasisene-seade-iud","7":"product_cat-menstruaalne-supressioon","8":"expert-dr-j-vazquez","10":"first","11":"instock","12":"shipping-taxable","13":"product-type-simple"},"yoast_head":"<!-- This site is optimized with the Yoast SEO plugin v27.0 - https:\/\/yoast.com\/product\/yoast-seo-wordpress\/ -->\n<title>Mirena | T\u00f5hus rasestumisvastane lahendus - Transtoyou<\/title>\n<meta name=\"description\" content=\"Mirena: Usaldusv\u00e4\u00e4rne rasestumisvastane lahendus on saadaval siin. Uuri eeliseid ja osta t\u00e4na Transtoyou&#039;s mugava ja usaldusv\u00e4\u00e4rse tervishoiu jaoks.\" \/>\n<meta name=\"robots\" content=\"noindex, follow, max-snippet:-1, max-image-preview:large, max-video-preview:-1\" \/>\n<meta property=\"og:locale\" content=\"et_EE\" \/>\n<meta property=\"og:type\" content=\"article\" \/>\n<meta property=\"og:title\" content=\"Mirena | T\u00f5hus rasestumisvastane lahendus - Transtoyou\" \/>\n<meta property=\"og:description\" content=\"Mirena: Usaldusv\u00e4\u00e4rne rasestumisvastane lahendus on saadaval siin. Uuri eeliseid ja osta t\u00e4na Transtoyou&#039;s mugava ja usaldusv\u00e4\u00e4rse tervishoiu jaoks.\" \/>\n<meta property=\"og:url\" content=\"https:\/\/www.transtoyou.com\/et\/product\/mirena\/\" \/>\n<meta property=\"og:site_name\" content=\"Transtoyou - ET\" \/>\n<meta property=\"article:modified_time\" content=\"2026-01-23T19:25:40+00:00\" \/>\n<meta name=\"twitter:card\" content=\"summary_large_image\" \/>\n<meta name=\"twitter:label1\" content=\"Est. reading time\" \/>\n\t<meta name=\"twitter:data1\" content=\"1 minut\" \/>\n<script type=\"application\/ld+json\" class=\"yoast-schema-graph\">{\"@context\":\"https:\/\/schema.org\",\"@graph\":[{\"@type\":\"WebPage\",\"@id\":\"https:\/\/www.transtoyou.com\/et\/product\/mirena\/\",\"url\":\"https:\/\/www.transtoyou.com\/et\/product\/mirena\/\",\"name\":\"Mirena | T\u00f5hus rasestumisvastane lahendus - Transtoyou\",\"isPartOf\":{\"@id\":\"https:\/\/www.transtoyou.com\/et\/#website\"},\"primaryImageOfPage\":{\"@id\":\"https:\/\/www.transtoyou.com\/et\/product\/mirena\/#primaryimage\"},\"image\":{\"@id\":\"https:\/\/www.transtoyou.com\/et\/product\/mirena\/#primaryimage\"},\"thumbnailUrl\":\"https:\/\/www.transtoyou.com\/et\/wp-content\/uploads\/sites\/7\/2026\/01\/tty-no-product-image-46.webp\",\"datePublished\":\"2026-01-23T19:24:42+00:00\",\"dateModified\":\"2026-01-23T19:25:40+00:00\",\"description\":\"Mirena: Usaldusv\u00e4\u00e4rne rasestumisvastane lahendus on saadaval siin. Uuri eeliseid ja osta t\u00e4na Transtoyou's mugava ja usaldusv\u00e4\u00e4rse tervishoiu jaoks.\",\"breadcrumb\":{\"@id\":\"https:\/\/www.transtoyou.com\/et\/product\/mirena\/#breadcrumb\"},\"inLanguage\":\"et\",\"potentialAction\":[{\"@type\":\"ReadAction\",\"target\":[\"https:\/\/www.transtoyou.com\/et\/product\/mirena\/\"]}]},{\"@type\":\"ImageObject\",\"inLanguage\":\"et\",\"@id\":\"https:\/\/www.transtoyou.com\/et\/product\/mirena\/#primaryimage\",\"url\":\"https:\/\/www.transtoyou.com\/et\/wp-content\/uploads\/sites\/7\/2026\/01\/tty-no-product-image-46.webp\",\"contentUrl\":\"https:\/\/www.transtoyou.com\/et\/wp-content\/uploads\/sites\/7\/2026\/01\/tty-no-product-image-46.webp\",\"width\":1000,\"height\":1000,\"caption\":\"Vaikimisi toote pilt\"},{\"@type\":\"WebSite\",\"@id\":\"https:\/\/www.transtoyou.com\/et\/#website\",\"url\":\"https:\/\/www.transtoyou.com\/et\/\",\"name\":\"Transtoyou - ET\",\"description\":\"\",\"publisher\":{\"@id\":\"https:\/\/www.transtoyou.com\/et\/#organization\"},\"potentialAction\":[{\"@type\":\"SearchAction\",\"target\":{\"@type\":\"EntryPoint\",\"urlTemplate\":\"https:\/\/www.transtoyou.com\/et\/?s={search_term_string}\"},\"query-input\":{\"@type\":\"PropertyValueSpecification\",\"valueRequired\":true,\"valueName\":\"search_term_string\"}}],\"inLanguage\":\"et\"},{\"@type\":\"Organization\",\"@id\":\"https:\/\/www.transtoyou.com\/et\/#organization\",\"name\":\"Transtoyou - ET\",\"url\":\"https:\/\/www.transtoyou.com\/et\/\",\"logo\":{\"@type\":\"ImageObject\",\"inLanguage\":\"et\",\"@id\":\"https:\/\/www.transtoyou.com\/et\/#\/schema\/logo\/image\/\",\"url\":\"https:\/\/www.transtoyou.com\/et\/wp-content\/uploads\/sites\/7\/2026\/01\/logo-tty-menu-bar-300x87-1.webp\",\"contentUrl\":\"https:\/\/www.transtoyou.com\/et\/wp-content\/uploads\/sites\/7\/2026\/01\/logo-tty-menu-bar-300x87-1.webp\",\"width\":300,\"height\":87,\"caption\":\"Transtoyou - ET\"},\"image\":{\"@id\":\"https:\/\/www.transtoyou.com\/et\/#\/schema\/logo\/image\/\"}}]}<\/script>\n<!-- \/ Yoast SEO plugin. -->","yoast_head_json":{"title":"Mirena | T\u00f5hus rasestumisvastane lahendus - Transtoyou","description":"Mirena: Usaldusv\u00e4\u00e4rne rasestumisvastane lahendus on saadaval siin. Uuri eeliseid ja osta t\u00e4na Transtoyou's mugava ja usaldusv\u00e4\u00e4rse tervishoiu jaoks.","robots":{"index":"noindex","follow":"follow","max-snippet":"max-snippet:-1","max-image-preview":"max-image-preview:large","max-video-preview":"max-video-preview:-1"},"og_locale":"et_EE","og_type":"article","og_title":"Mirena | T\u00f5hus rasestumisvastane lahendus - Transtoyou","og_description":"Mirena: Usaldusv\u00e4\u00e4rne rasestumisvastane lahendus on saadaval siin. Uuri eeliseid ja osta t\u00e4na Transtoyou's mugava ja usaldusv\u00e4\u00e4rse tervishoiu jaoks.","og_url":"https:\/\/www.transtoyou.com\/et\/product\/mirena\/","og_site_name":"Transtoyou - ET","article_modified_time":"2026-01-23T19:25:40+00:00","twitter_card":"summary_large_image","twitter_misc":{"Est. reading time":"1 minut"},"schema":{"@context":"https:\/\/schema.org","@graph":[{"@type":"WebPage","@id":"https:\/\/www.transtoyou.com\/et\/product\/mirena\/","url":"https:\/\/www.transtoyou.com\/et\/product\/mirena\/","name":"Mirena | T\u00f5hus rasestumisvastane lahendus - Transtoyou","isPartOf":{"@id":"https:\/\/www.transtoyou.com\/et\/#website"},"primaryImageOfPage":{"@id":"https:\/\/www.transtoyou.com\/et\/product\/mirena\/#primaryimage"},"image":{"@id":"https:\/\/www.transtoyou.com\/et\/product\/mirena\/#primaryimage"},"thumbnailUrl":"https:\/\/www.transtoyou.com\/et\/wp-content\/uploads\/sites\/7\/2026\/01\/tty-no-product-image-46.webp","datePublished":"2026-01-23T19:24:42+00:00","dateModified":"2026-01-23T19:25:40+00:00","description":"Mirena: Usaldusv\u00e4\u00e4rne rasestumisvastane lahendus on saadaval siin. Uuri eeliseid ja osta t\u00e4na Transtoyou's mugava ja usaldusv\u00e4\u00e4rse tervishoiu jaoks.","breadcrumb":{"@id":"https:\/\/www.transtoyou.com\/et\/product\/mirena\/#breadcrumb"},"inLanguage":"et","potentialAction":[{"@type":"ReadAction","target":["https:\/\/www.transtoyou.com\/et\/product\/mirena\/"]}]},{"@type":"ImageObject","inLanguage":"et","@id":"https:\/\/www.transtoyou.com\/et\/product\/mirena\/#primaryimage","url":"https:\/\/www.transtoyou.com\/et\/wp-content\/uploads\/sites\/7\/2026\/01\/tty-no-product-image-46.webp","contentUrl":"https:\/\/www.transtoyou.com\/et\/wp-content\/uploads\/sites\/7\/2026\/01\/tty-no-product-image-46.webp","width":1000,"height":1000,"caption":"Vaikimisi toote pilt"},{"@type":"WebSite","@id":"https:\/\/www.transtoyou.com\/et\/#website","url":"https:\/\/www.transtoyou.com\/et\/","name":"Transtoyou - ET","description":"","publisher":{"@id":"https:\/\/www.transtoyou.com\/et\/#organization"},"potentialAction":[{"@type":"SearchAction","target":{"@type":"EntryPoint","urlTemplate":"https:\/\/www.transtoyou.com\/et\/?s={search_term_string}"},"query-input":{"@type":"PropertyValueSpecification","valueRequired":true,"valueName":"search_term_string"}}],"inLanguage":"et"},{"@type":"Organization","@id":"https:\/\/www.transtoyou.com\/et\/#organization","name":"Transtoyou - ET","url":"https:\/\/www.transtoyou.com\/et\/","logo":{"@type":"ImageObject","inLanguage":"et","@id":"https:\/\/www.transtoyou.com\/et\/#\/schema\/logo\/image\/","url":"https:\/\/www.transtoyou.com\/et\/wp-content\/uploads\/sites\/7\/2026\/01\/logo-tty-menu-bar-300x87-1.webp","contentUrl":"https:\/\/www.transtoyou.com\/et\/wp-content\/uploads\/sites\/7\/2026\/01\/logo-tty-menu-bar-300x87-1.webp","width":300,"height":87,"caption":"Transtoyou - ET"},"image":{"@id":"https:\/\/www.transtoyou.com\/et\/#\/schema\/logo\/image\/"}}]}},"_links":{"self":[{"href":"https:\/\/www.transtoyou.com\/et\/wp-json\/wp\/v2\/product\/862","targetHints":{"allow":["GET"]}}],"collection":[{"href":"https:\/\/www.transtoyou.com\/et\/wp-json\/wp\/v2\/product"}],"about":[{"href":"https:\/\/www.transtoyou.com\/et\/wp-json\/wp\/v2\/types\/product"}],"replies":[{"embeddable":true,"href":"https:\/\/www.transtoyou.com\/et\/wp-json\/wp\/v2\/comments?post=862"}],"wp:featuredmedia":[{"embeddable":true,"href":"https:\/\/www.transtoyou.com\/et\/wp-json\/wp\/v2\/media\/863"}],"wp:attachment":[{"href":"https:\/\/www.transtoyou.com\/et\/wp-json\/wp\/v2\/media?parent=862"}],"wp:term":[{"taxonomy":"product_brand","embeddable":true,"href":"https:\/\/www.transtoyou.com\/et\/wp-json\/wp\/v2\/product_brand?post=862"},{"taxonomy":"product_cat","embeddable":true,"href":"https:\/\/www.transtoyou.com\/et\/wp-json\/wp\/v2\/product_cat?post=862"},{"taxonomy":"product_tag","embeddable":true,"href":"https:\/\/www.transtoyou.com\/et\/wp-json\/wp\/v2\/product_tag?post=862"},{"taxonomy":"expert","embeddable":true,"href":"https:\/\/www.transtoyou.com\/et\/wp-json\/wp\/v2\/expert?post=862"}],"curies":[{"name":"wp","href":"https:\/\/api.w.org\/{rel}","templated":true}]}}