{"id":864,"date":"2026-01-23T21:39:02","date_gmt":"2026-01-23T19:39:02","guid":{"rendered":"https:\/\/www.transtoyou.com\/et\/product\/kyleena\/"},"modified":"2026-01-23T21:40:00","modified_gmt":"2026-01-23T19:40:00","slug":"kyleena","status":"publish","type":"product","link":"https:\/\/www.transtoyou.com\/et\/product\/kyleena\/","title":{"rendered":"Kyleena"},"content":{"rendered":"<p>Kyleena on v\u00e4ike, paindlik emakasisene seade, mis vabastab madala annuse hormooni levonorgestreeli otse emakasse. See pakub pikaajalist p\u00f6\u00f6rduvat rasestumisvastast kaitset kuni viieks aastaks ja on \u00fcks k\u00f5ige t\u00f5husamaid rasestumisvastaseid meetodeid. P\u00e4rast paigaldamist t\u00f6\u00f6tab Kyleena pidevalt, ilma et oleks vaja igap\u00e4evast t\u00e4helepanu.<\/p>\n<p>Seade paigaldatakse emakasse lihtsa protseduuri k\u00e4igus. See vabastab aeglaselt levonorgestreeli, mis paksendab emakakaela limaskesta, et v\u00e4ltida sperma j\u00f5udmist munarakuni, ja v\u00f5ib samuti m\u00f5nel inimesel ovulatsiooni p\u00e4rssida. Hormoon vabastatakse kohalikult v\u00e4ikestes kogustes, mis v\u00e4hendab s\u00fcsteemsete k\u00f5rvaltoimete t\u00f5en\u00e4osust.<\/p>\n<p>Kyleena on v\u00e4iksem kui m\u00f5ned teised emakasiseseadmed ja seda valivad sageli inimesed, kes eelistavad madala annusega hormonaalset valikut v\u00f5i kes ei ole lapsi saanud. See on t\u00f5hus 24 tunni jooksul p\u00e4rast paigaldamist ja seda saab igal ajal eemaldada, v\u00f5imaldades viljakuse kiiret naasmist. Erinevalt igap\u00e4evastest pillidest v\u00f5i s\u00fcstidest pakub Kyleena pidevat kaitset, ilma et kasutajalt oleks vaja regulaarset tegevust.<\/p>\n<p>See emakasisene seade on diskreetne ja v\u00e4ga usaldusv\u00e4\u00e4rne rasestumisvastane meetod, mis v\u00f5imaldab kasutajatel v\u00e4ltida \u00f6strogeeni ja valida pikaajalise, madala hoolduskoormusega lahenduse. Kyleena ei sisalda vaske ja ei ole m\u00f5eldud h\u00e4daolukorra rasestumisvastaseks kaitseks. Sa saad taotleda Kyleenat Transtoyou&#8217;s, kuid pead tegema kohtumise spetsialistiga, kes saab emakasisese seadme sinu jaoks paigaldada.<\/p>\n","protected":false},"excerpt":{"rendered":"<ul>\n<li>Pika toimeajaga hormonaalne IUD<\/li>\n<li>T\u00f5hus kuni viis aastat<\/li>\n<li>Madala annuse ja \u00f6strogeenivaba<\/li>\n<\/ul>\n","protected":false},"featured_media":866,"comment_status":"open","ping_status":"closed","template":"","meta":[],"product_brand":[],"product_cat":[158,165],"product_tag":[],"expert":[19],"class_list":{"0":"post-864","1":"product","2":"type-product","3":"status-publish","4":"has-post-thumbnail","6":"product_cat-emakasisene-seade-iud","7":"product_cat-menstruaalne-supressioon","8":"expert-dr-j-vazquez","10":"first","11":"instock","12":"shipping-taxable","13":"product-type-variable"},"yoast_head":"<!-- This site is optimized with the Yoast SEO plugin v27.0 - https:\/\/yoast.com\/product\/yoast-seo-wordpress\/ -->\n<title>Kyleena | T\u00f5hus pikaajaline rasestumisvastane vahend - Transtoyou<\/title>\n<meta name=\"description\" content=\"Kyleena, saadaval Transtoyou&#039;s, pakub usaldusv\u00e4\u00e4rset ja pikaajalist rasestumisvastast kaitset. Uuri selle eeliseid t\u00e4na!\" \/>\n<meta name=\"robots\" content=\"noindex, follow, max-snippet:-1, max-image-preview:large, max-video-preview:-1\" \/>\n<meta property=\"og:locale\" content=\"et_EE\" \/>\n<meta property=\"og:type\" content=\"article\" \/>\n<meta property=\"og:title\" content=\"Kyleena | T\u00f5hus pikaajaline rasestumisvastane vahend - Transtoyou\" \/>\n<meta property=\"og:description\" content=\"Kyleena, saadaval Transtoyou&#039;s, pakub usaldusv\u00e4\u00e4rset ja pikaajalist rasestumisvastast kaitset. Uuri selle eeliseid t\u00e4na!\" \/>\n<meta property=\"og:url\" content=\"https:\/\/www.transtoyou.com\/et\/product\/kyleena\/\" \/>\n<meta property=\"og:site_name\" content=\"Transtoyou - ET\" \/>\n<meta property=\"article:modified_time\" content=\"2026-01-23T19:40:00+00:00\" \/>\n<meta name=\"twitter:card\" content=\"summary_large_image\" \/>\n<meta name=\"twitter:label1\" content=\"Est. reading time\" \/>\n\t<meta name=\"twitter:data1\" content=\"1 minut\" \/>\n<script type=\"application\/ld+json\" class=\"yoast-schema-graph\">{\"@context\":\"https:\/\/schema.org\",\"@graph\":[{\"@type\":\"WebPage\",\"@id\":\"https:\/\/www.transtoyou.com\/et\/product\/kyleena\/\",\"url\":\"https:\/\/www.transtoyou.com\/et\/product\/kyleena\/\",\"name\":\"Kyleena | T\u00f5hus pikaajaline rasestumisvastane vahend - Transtoyou\",\"isPartOf\":{\"@id\":\"https:\/\/www.transtoyou.com\/et\/#website\"},\"primaryImageOfPage\":{\"@id\":\"https:\/\/www.transtoyou.com\/et\/product\/kyleena\/#primaryimage\"},\"image\":{\"@id\":\"https:\/\/www.transtoyou.com\/et\/product\/kyleena\/#primaryimage\"},\"thumbnailUrl\":\"https:\/\/www.transtoyou.com\/et\/wp-content\/uploads\/sites\/7\/2026\/01\/tty-no-product-image-47.webp\",\"datePublished\":\"2026-01-23T19:39:02+00:00\",\"dateModified\":\"2026-01-23T19:40:00+00:00\",\"description\":\"Kyleena, saadaval Transtoyou's, pakub usaldusv\u00e4\u00e4rset ja pikaajalist rasestumisvastast kaitset. Uuri selle eeliseid t\u00e4na!\",\"breadcrumb\":{\"@id\":\"https:\/\/www.transtoyou.com\/et\/product\/kyleena\/#breadcrumb\"},\"inLanguage\":\"et\",\"potentialAction\":[{\"@type\":\"ReadAction\",\"target\":[\"https:\/\/www.transtoyou.com\/et\/product\/kyleena\/\"]}]},{\"@type\":\"ImageObject\",\"inLanguage\":\"et\",\"@id\":\"https:\/\/www.transtoyou.com\/et\/product\/kyleena\/#primaryimage\",\"url\":\"https:\/\/www.transtoyou.com\/et\/wp-content\/uploads\/sites\/7\/2026\/01\/tty-no-product-image-47.webp\",\"contentUrl\":\"https:\/\/www.transtoyou.com\/et\/wp-content\/uploads\/sites\/7\/2026\/01\/tty-no-product-image-47.webp\",\"width\":1000,\"height\":1000,\"caption\":\"Vaikimisi toote pilt\"},{\"@type\":\"WebSite\",\"@id\":\"https:\/\/www.transtoyou.com\/et\/#website\",\"url\":\"https:\/\/www.transtoyou.com\/et\/\",\"name\":\"Transtoyou - ET\",\"description\":\"\",\"publisher\":{\"@id\":\"https:\/\/www.transtoyou.com\/et\/#organization\"},\"potentialAction\":[{\"@type\":\"SearchAction\",\"target\":{\"@type\":\"EntryPoint\",\"urlTemplate\":\"https:\/\/www.transtoyou.com\/et\/?s={search_term_string}\"},\"query-input\":{\"@type\":\"PropertyValueSpecification\",\"valueRequired\":true,\"valueName\":\"search_term_string\"}}],\"inLanguage\":\"et\"},{\"@type\":\"Organization\",\"@id\":\"https:\/\/www.transtoyou.com\/et\/#organization\",\"name\":\"Transtoyou - ET\",\"url\":\"https:\/\/www.transtoyou.com\/et\/\",\"logo\":{\"@type\":\"ImageObject\",\"inLanguage\":\"et\",\"@id\":\"https:\/\/www.transtoyou.com\/et\/#\/schema\/logo\/image\/\",\"url\":\"https:\/\/www.transtoyou.com\/et\/wp-content\/uploads\/sites\/7\/2026\/01\/logo-tty-menu-bar-300x87-1.webp\",\"contentUrl\":\"https:\/\/www.transtoyou.com\/et\/wp-content\/uploads\/sites\/7\/2026\/01\/logo-tty-menu-bar-300x87-1.webp\",\"width\":300,\"height\":87,\"caption\":\"Transtoyou - ET\"},\"image\":{\"@id\":\"https:\/\/www.transtoyou.com\/et\/#\/schema\/logo\/image\/\"}}]}<\/script>\n<!-- \/ Yoast SEO plugin. -->","yoast_head_json":{"title":"Kyleena | T\u00f5hus pikaajaline rasestumisvastane vahend - Transtoyou","description":"Kyleena, saadaval Transtoyou's, pakub usaldusv\u00e4\u00e4rset ja pikaajalist rasestumisvastast kaitset. Uuri selle eeliseid t\u00e4na!","robots":{"index":"noindex","follow":"follow","max-snippet":"max-snippet:-1","max-image-preview":"max-image-preview:large","max-video-preview":"max-video-preview:-1"},"og_locale":"et_EE","og_type":"article","og_title":"Kyleena | T\u00f5hus pikaajaline rasestumisvastane vahend - Transtoyou","og_description":"Kyleena, saadaval Transtoyou's, pakub usaldusv\u00e4\u00e4rset ja pikaajalist rasestumisvastast kaitset. Uuri selle eeliseid t\u00e4na!","og_url":"https:\/\/www.transtoyou.com\/et\/product\/kyleena\/","og_site_name":"Transtoyou - ET","article_modified_time":"2026-01-23T19:40:00+00:00","twitter_card":"summary_large_image","twitter_misc":{"Est. reading time":"1 minut"},"schema":{"@context":"https:\/\/schema.org","@graph":[{"@type":"WebPage","@id":"https:\/\/www.transtoyou.com\/et\/product\/kyleena\/","url":"https:\/\/www.transtoyou.com\/et\/product\/kyleena\/","name":"Kyleena | T\u00f5hus pikaajaline rasestumisvastane vahend - Transtoyou","isPartOf":{"@id":"https:\/\/www.transtoyou.com\/et\/#website"},"primaryImageOfPage":{"@id":"https:\/\/www.transtoyou.com\/et\/product\/kyleena\/#primaryimage"},"image":{"@id":"https:\/\/www.transtoyou.com\/et\/product\/kyleena\/#primaryimage"},"thumbnailUrl":"https:\/\/www.transtoyou.com\/et\/wp-content\/uploads\/sites\/7\/2026\/01\/tty-no-product-image-47.webp","datePublished":"2026-01-23T19:39:02+00:00","dateModified":"2026-01-23T19:40:00+00:00","description":"Kyleena, saadaval Transtoyou's, pakub usaldusv\u00e4\u00e4rset ja pikaajalist rasestumisvastast kaitset. Uuri selle eeliseid t\u00e4na!","breadcrumb":{"@id":"https:\/\/www.transtoyou.com\/et\/product\/kyleena\/#breadcrumb"},"inLanguage":"et","potentialAction":[{"@type":"ReadAction","target":["https:\/\/www.transtoyou.com\/et\/product\/kyleena\/"]}]},{"@type":"ImageObject","inLanguage":"et","@id":"https:\/\/www.transtoyou.com\/et\/product\/kyleena\/#primaryimage","url":"https:\/\/www.transtoyou.com\/et\/wp-content\/uploads\/sites\/7\/2026\/01\/tty-no-product-image-47.webp","contentUrl":"https:\/\/www.transtoyou.com\/et\/wp-content\/uploads\/sites\/7\/2026\/01\/tty-no-product-image-47.webp","width":1000,"height":1000,"caption":"Vaikimisi toote pilt"},{"@type":"WebSite","@id":"https:\/\/www.transtoyou.com\/et\/#website","url":"https:\/\/www.transtoyou.com\/et\/","name":"Transtoyou - ET","description":"","publisher":{"@id":"https:\/\/www.transtoyou.com\/et\/#organization"},"potentialAction":[{"@type":"SearchAction","target":{"@type":"EntryPoint","urlTemplate":"https:\/\/www.transtoyou.com\/et\/?s={search_term_string}"},"query-input":{"@type":"PropertyValueSpecification","valueRequired":true,"valueName":"search_term_string"}}],"inLanguage":"et"},{"@type":"Organization","@id":"https:\/\/www.transtoyou.com\/et\/#organization","name":"Transtoyou - ET","url":"https:\/\/www.transtoyou.com\/et\/","logo":{"@type":"ImageObject","inLanguage":"et","@id":"https:\/\/www.transtoyou.com\/et\/#\/schema\/logo\/image\/","url":"https:\/\/www.transtoyou.com\/et\/wp-content\/uploads\/sites\/7\/2026\/01\/logo-tty-menu-bar-300x87-1.webp","contentUrl":"https:\/\/www.transtoyou.com\/et\/wp-content\/uploads\/sites\/7\/2026\/01\/logo-tty-menu-bar-300x87-1.webp","width":300,"height":87,"caption":"Transtoyou - ET"},"image":{"@id":"https:\/\/www.transtoyou.com\/et\/#\/schema\/logo\/image\/"}}]}},"_links":{"self":[{"href":"https:\/\/www.transtoyou.com\/et\/wp-json\/wp\/v2\/product\/864","targetHints":{"allow":["GET"]}}],"collection":[{"href":"https:\/\/www.transtoyou.com\/et\/wp-json\/wp\/v2\/product"}],"about":[{"href":"https:\/\/www.transtoyou.com\/et\/wp-json\/wp\/v2\/types\/product"}],"replies":[{"embeddable":true,"href":"https:\/\/www.transtoyou.com\/et\/wp-json\/wp\/v2\/comments?post=864"}],"wp:featuredmedia":[{"embeddable":true,"href":"https:\/\/www.transtoyou.com\/et\/wp-json\/wp\/v2\/media\/866"}],"wp:attachment":[{"href":"https:\/\/www.transtoyou.com\/et\/wp-json\/wp\/v2\/media?parent=864"}],"wp:term":[{"taxonomy":"product_brand","embeddable":true,"href":"https:\/\/www.transtoyou.com\/et\/wp-json\/wp\/v2\/product_brand?post=864"},{"taxonomy":"product_cat","embeddable":true,"href":"https:\/\/www.transtoyou.com\/et\/wp-json\/wp\/v2\/product_cat?post=864"},{"taxonomy":"product_tag","embeddable":true,"href":"https:\/\/www.transtoyou.com\/et\/wp-json\/wp\/v2\/product_tag?post=864"},{"taxonomy":"expert","embeddable":true,"href":"https:\/\/www.transtoyou.com\/et\/wp-json\/wp\/v2\/expert?post=864"}],"curies":[{"name":"wp","href":"https:\/\/api.w.org\/{rel}","templated":true}]}}