{"id":867,"date":"2026-01-23T21:53:08","date_gmt":"2026-01-23T19:53:08","guid":{"rendered":"https:\/\/www.transtoyou.com\/et\/product\/zumenon\/"},"modified":"2026-01-23T21:54:10","modified_gmt":"2026-01-23T19:54:10","slug":"zumenon","status":"publish","type":"product","link":"https:\/\/www.transtoyou.com\/et\/product\/zumenon\/","title":{"rendered":"Zumenon"},"content":{"rendered":"<p>Zumenon on retseptiravim hormoonasendusraviks. Iga tablett sisaldab estradiooli, mis on \u00f6strogeeni vorm, mis on kehas looduslikult toodetud \u00f6strogeeniga identne. Seda kasutatakse \u00f6strogeeni puudulikkuse s\u00fcmptomite raviks inimestel, kes on l\u00e4binud menopausi, ja seda v\u00f5ib kasutada ka \u00f6strogeeni ja naiselikku hormoonravi kontekstis.<\/p>\n<p>Menopausi kogevatele isikutele aitab Zumenon v\u00e4hendada s\u00fcmptomeid nagu kuumahood, \u00f6ised higistamised, meeleolu muutused ja tupe kuivus. Need s\u00fcmptomid on sageli tingitud \u00f6strogeeni taseme langusest. Estradiooli taseme taastamise kaudu toetab Zumenon hormonaalset tasakaalu ja parandab mugavust menopausij\u00e4rgses perioodis.<\/p>\n<p>Zumenonit kasutatakse ka soolise kinnitamise hormoonravi kontekstis. Transnaiste puhul v\u00f5ib Zumenonis sisalduv estradiool toetada naiselikke f\u00fc\u00fcsilisi muutusi, sealhulgas rasva jaotumist, naha pehmenemist ja rinna arengut. Suukaudne vorm v\u00f5ib olla eelistatud isikutele, kes soovivad lihtsat ja tuttavat manustamisviisi.<\/p>\n<p>Zumenonit v\u00f5etakse tavaliselt \u00fcks kord p\u00e4evas, ja annust v\u00f5ib kohandada vastavalt individuaalsetele ravieesm\u00e4rkidele. Seda v\u00f5ib kasutada iseseisvalt v\u00f5i koos progestogeeni ravimiga isikutele, kellel on emakas. Olgu see menopausi v\u00f5i soolise \u00fclemineku jaoks, pakub Zumenon lihtsat viisi \u00f6strogeeni taseme t\u00e4iendamiseks ja pikaajalise hormonaalse tasakaalu toetamiseks.<\/p>\n","protected":false},"excerpt":{"rendered":"<ul>\n<li>P\u00e4evane suukaudne \u00f6strogeeni tablett<\/li>\n<li>Kasutatakse menopausi ja \u00fclemineku ajal<\/li>\n<li>Toetab hormonaalset tasakaalu<\/li>\n<\/ul>\n","protected":false},"featured_media":869,"comment_status":"open","ping_status":"closed","template":"","meta":[],"product_brand":[],"product_cat":[156,133],"product_tag":[],"expert":[19],"class_list":{"0":"post-867","1":"product","2":"type-product","3":"status-publish","4":"has-post-thumbnail","6":"product_cat-hormoonasendusravi-hrt","7":"product_cat-ostrogeen-ja-feminiinne-teraapia","8":"expert-dr-j-vazquez","10":"first","11":"instock","12":"shipping-taxable","13":"product-type-variable"},"yoast_head":"<!-- This site is optimized with the Yoast SEO plugin v27.0 - https:\/\/yoast.com\/product\/yoast-seo-wordpress\/ -->\n<title>Zumenon | Hormonaalne Tasakaal - Transtoyou<\/title>\n<meta name=\"description\" content=\"Zumenon, saadaval siin, pakub hormoonravi eeliseid. Osta n\u00fc\u00fcd t\u00f5husat leevendust ja paremat heaolu Transtoyou usaldusv\u00e4\u00e4rse teenusega.\" \/>\n<meta name=\"robots\" content=\"noindex, follow, max-snippet:-1, max-image-preview:large, max-video-preview:-1\" \/>\n<meta property=\"og:locale\" content=\"et_EE\" \/>\n<meta property=\"og:type\" content=\"article\" \/>\n<meta property=\"og:title\" content=\"Zumenon | Hormonaalne Tasakaal - Transtoyou\" \/>\n<meta property=\"og:description\" content=\"Zumenon, saadaval siin, pakub hormoonravi eeliseid. Osta n\u00fc\u00fcd t\u00f5husat leevendust ja paremat heaolu Transtoyou usaldusv\u00e4\u00e4rse teenusega.\" \/>\n<meta property=\"og:url\" content=\"https:\/\/www.transtoyou.com\/et\/product\/zumenon\/\" \/>\n<meta property=\"og:site_name\" content=\"Transtoyou - ET\" \/>\n<meta property=\"article:modified_time\" content=\"2026-01-23T19:54:10+00:00\" \/>\n<meta name=\"twitter:card\" content=\"summary_large_image\" \/>\n<meta name=\"twitter:label1\" content=\"Est. reading time\" \/>\n\t<meta name=\"twitter:data1\" content=\"1 minut\" \/>\n<script type=\"application\/ld+json\" class=\"yoast-schema-graph\">{\"@context\":\"https:\/\/schema.org\",\"@graph\":[{\"@type\":\"WebPage\",\"@id\":\"https:\/\/www.transtoyou.com\/et\/product\/zumenon\/\",\"url\":\"https:\/\/www.transtoyou.com\/et\/product\/zumenon\/\",\"name\":\"Zumenon | Hormonaalne Tasakaal - Transtoyou\",\"isPartOf\":{\"@id\":\"https:\/\/www.transtoyou.com\/et\/#website\"},\"primaryImageOfPage\":{\"@id\":\"https:\/\/www.transtoyou.com\/et\/product\/zumenon\/#primaryimage\"},\"image\":{\"@id\":\"https:\/\/www.transtoyou.com\/et\/product\/zumenon\/#primaryimage\"},\"thumbnailUrl\":\"https:\/\/www.transtoyou.com\/et\/wp-content\/uploads\/sites\/7\/2026\/01\/tty-no-product-image-48.webp\",\"datePublished\":\"2026-01-23T19:53:08+00:00\",\"dateModified\":\"2026-01-23T19:54:10+00:00\",\"description\":\"Zumenon, saadaval siin, pakub hormoonravi eeliseid. Osta n\u00fc\u00fcd t\u00f5husat leevendust ja paremat heaolu Transtoyou usaldusv\u00e4\u00e4rse teenusega.\",\"breadcrumb\":{\"@id\":\"https:\/\/www.transtoyou.com\/et\/product\/zumenon\/#breadcrumb\"},\"inLanguage\":\"et\",\"potentialAction\":[{\"@type\":\"ReadAction\",\"target\":[\"https:\/\/www.transtoyou.com\/et\/product\/zumenon\/\"]}]},{\"@type\":\"ImageObject\",\"inLanguage\":\"et\",\"@id\":\"https:\/\/www.transtoyou.com\/et\/product\/zumenon\/#primaryimage\",\"url\":\"https:\/\/www.transtoyou.com\/et\/wp-content\/uploads\/sites\/7\/2026\/01\/tty-no-product-image-48.webp\",\"contentUrl\":\"https:\/\/www.transtoyou.com\/et\/wp-content\/uploads\/sites\/7\/2026\/01\/tty-no-product-image-48.webp\",\"width\":1000,\"height\":1000,\"caption\":\"Vaikimisi toote pilt\"},{\"@type\":\"WebSite\",\"@id\":\"https:\/\/www.transtoyou.com\/et\/#website\",\"url\":\"https:\/\/www.transtoyou.com\/et\/\",\"name\":\"Transtoyou - ET\",\"description\":\"\",\"publisher\":{\"@id\":\"https:\/\/www.transtoyou.com\/et\/#organization\"},\"potentialAction\":[{\"@type\":\"SearchAction\",\"target\":{\"@type\":\"EntryPoint\",\"urlTemplate\":\"https:\/\/www.transtoyou.com\/et\/?s={search_term_string}\"},\"query-input\":{\"@type\":\"PropertyValueSpecification\",\"valueRequired\":true,\"valueName\":\"search_term_string\"}}],\"inLanguage\":\"et\"},{\"@type\":\"Organization\",\"@id\":\"https:\/\/www.transtoyou.com\/et\/#organization\",\"name\":\"Transtoyou - ET\",\"url\":\"https:\/\/www.transtoyou.com\/et\/\",\"logo\":{\"@type\":\"ImageObject\",\"inLanguage\":\"et\",\"@id\":\"https:\/\/www.transtoyou.com\/et\/#\/schema\/logo\/image\/\",\"url\":\"https:\/\/www.transtoyou.com\/et\/wp-content\/uploads\/sites\/7\/2026\/01\/logo-tty-menu-bar-300x87-1.webp\",\"contentUrl\":\"https:\/\/www.transtoyou.com\/et\/wp-content\/uploads\/sites\/7\/2026\/01\/logo-tty-menu-bar-300x87-1.webp\",\"width\":300,\"height\":87,\"caption\":\"Transtoyou - ET\"},\"image\":{\"@id\":\"https:\/\/www.transtoyou.com\/et\/#\/schema\/logo\/image\/\"}}]}<\/script>\n<!-- \/ Yoast SEO plugin. -->","yoast_head_json":{"title":"Zumenon | Hormonaalne Tasakaal - Transtoyou","description":"Zumenon, saadaval siin, pakub hormoonravi eeliseid. Osta n\u00fc\u00fcd t\u00f5husat leevendust ja paremat heaolu Transtoyou usaldusv\u00e4\u00e4rse teenusega.","robots":{"index":"noindex","follow":"follow","max-snippet":"max-snippet:-1","max-image-preview":"max-image-preview:large","max-video-preview":"max-video-preview:-1"},"og_locale":"et_EE","og_type":"article","og_title":"Zumenon | Hormonaalne Tasakaal - Transtoyou","og_description":"Zumenon, saadaval siin, pakub hormoonravi eeliseid. Osta n\u00fc\u00fcd t\u00f5husat leevendust ja paremat heaolu Transtoyou usaldusv\u00e4\u00e4rse teenusega.","og_url":"https:\/\/www.transtoyou.com\/et\/product\/zumenon\/","og_site_name":"Transtoyou - ET","article_modified_time":"2026-01-23T19:54:10+00:00","twitter_card":"summary_large_image","twitter_misc":{"Est. reading time":"1 minut"},"schema":{"@context":"https:\/\/schema.org","@graph":[{"@type":"WebPage","@id":"https:\/\/www.transtoyou.com\/et\/product\/zumenon\/","url":"https:\/\/www.transtoyou.com\/et\/product\/zumenon\/","name":"Zumenon | Hormonaalne Tasakaal - Transtoyou","isPartOf":{"@id":"https:\/\/www.transtoyou.com\/et\/#website"},"primaryImageOfPage":{"@id":"https:\/\/www.transtoyou.com\/et\/product\/zumenon\/#primaryimage"},"image":{"@id":"https:\/\/www.transtoyou.com\/et\/product\/zumenon\/#primaryimage"},"thumbnailUrl":"https:\/\/www.transtoyou.com\/et\/wp-content\/uploads\/sites\/7\/2026\/01\/tty-no-product-image-48.webp","datePublished":"2026-01-23T19:53:08+00:00","dateModified":"2026-01-23T19:54:10+00:00","description":"Zumenon, saadaval siin, pakub hormoonravi eeliseid. Osta n\u00fc\u00fcd t\u00f5husat leevendust ja paremat heaolu Transtoyou usaldusv\u00e4\u00e4rse teenusega.","breadcrumb":{"@id":"https:\/\/www.transtoyou.com\/et\/product\/zumenon\/#breadcrumb"},"inLanguage":"et","potentialAction":[{"@type":"ReadAction","target":["https:\/\/www.transtoyou.com\/et\/product\/zumenon\/"]}]},{"@type":"ImageObject","inLanguage":"et","@id":"https:\/\/www.transtoyou.com\/et\/product\/zumenon\/#primaryimage","url":"https:\/\/www.transtoyou.com\/et\/wp-content\/uploads\/sites\/7\/2026\/01\/tty-no-product-image-48.webp","contentUrl":"https:\/\/www.transtoyou.com\/et\/wp-content\/uploads\/sites\/7\/2026\/01\/tty-no-product-image-48.webp","width":1000,"height":1000,"caption":"Vaikimisi toote pilt"},{"@type":"WebSite","@id":"https:\/\/www.transtoyou.com\/et\/#website","url":"https:\/\/www.transtoyou.com\/et\/","name":"Transtoyou - ET","description":"","publisher":{"@id":"https:\/\/www.transtoyou.com\/et\/#organization"},"potentialAction":[{"@type":"SearchAction","target":{"@type":"EntryPoint","urlTemplate":"https:\/\/www.transtoyou.com\/et\/?s={search_term_string}"},"query-input":{"@type":"PropertyValueSpecification","valueRequired":true,"valueName":"search_term_string"}}],"inLanguage":"et"},{"@type":"Organization","@id":"https:\/\/www.transtoyou.com\/et\/#organization","name":"Transtoyou - ET","url":"https:\/\/www.transtoyou.com\/et\/","logo":{"@type":"ImageObject","inLanguage":"et","@id":"https:\/\/www.transtoyou.com\/et\/#\/schema\/logo\/image\/","url":"https:\/\/www.transtoyou.com\/et\/wp-content\/uploads\/sites\/7\/2026\/01\/logo-tty-menu-bar-300x87-1.webp","contentUrl":"https:\/\/www.transtoyou.com\/et\/wp-content\/uploads\/sites\/7\/2026\/01\/logo-tty-menu-bar-300x87-1.webp","width":300,"height":87,"caption":"Transtoyou - ET"},"image":{"@id":"https:\/\/www.transtoyou.com\/et\/#\/schema\/logo\/image\/"}}]}},"_links":{"self":[{"href":"https:\/\/www.transtoyou.com\/et\/wp-json\/wp\/v2\/product\/867","targetHints":{"allow":["GET"]}}],"collection":[{"href":"https:\/\/www.transtoyou.com\/et\/wp-json\/wp\/v2\/product"}],"about":[{"href":"https:\/\/www.transtoyou.com\/et\/wp-json\/wp\/v2\/types\/product"}],"replies":[{"embeddable":true,"href":"https:\/\/www.transtoyou.com\/et\/wp-json\/wp\/v2\/comments?post=867"}],"wp:featuredmedia":[{"embeddable":true,"href":"https:\/\/www.transtoyou.com\/et\/wp-json\/wp\/v2\/media\/869"}],"wp:attachment":[{"href":"https:\/\/www.transtoyou.com\/et\/wp-json\/wp\/v2\/media?parent=867"}],"wp:term":[{"taxonomy":"product_brand","embeddable":true,"href":"https:\/\/www.transtoyou.com\/et\/wp-json\/wp\/v2\/product_brand?post=867"},{"taxonomy":"product_cat","embeddable":true,"href":"https:\/\/www.transtoyou.com\/et\/wp-json\/wp\/v2\/product_cat?post=867"},{"taxonomy":"product_tag","embeddable":true,"href":"https:\/\/www.transtoyou.com\/et\/wp-json\/wp\/v2\/product_tag?post=867"},{"taxonomy":"expert","embeddable":true,"href":"https:\/\/www.transtoyou.com\/et\/wp-json\/wp\/v2\/expert?post=867"}],"curies":[{"name":"wp","href":"https:\/\/api.w.org\/{rel}","templated":true}]}}