{"id":882,"date":"2026-01-23T23:17:38","date_gmt":"2026-01-23T21:17:38","guid":{"rendered":"https:\/\/www.transtoyou.com\/et\/product\/femoston\/"},"modified":"2026-01-23T23:18:35","modified_gmt":"2026-01-23T21:18:35","slug":"femoston","status":"publish","type":"product","link":"https:\/\/www.transtoyou.com\/et\/product\/femoston\/","title":{"rendered":"Femoston"},"content":{"rendered":"<p>Femoston on tablett, mida kasutatakse hormoonasendusravi osana, et leevendada madala \u00f6strogeeni tasemega seotud s\u00fcmptomeid. See sisaldab kahte hormooni: estradiooli, \u00f6strogeeni vormi, ja d\u00fcdrogesterooni, progestogeeni, mis aitab kaitsta emaka limaskesta. Seda kombinatsiooni kasutavad tavaliselt inimesed, kes on j\u00f5udnud menopausi ja kellel on endiselt emakas.<\/p>\n<p>Menopausi s\u00fcmptomid, nagu kuumahood, \u00f6ised higistamised, meeleolumuutused ja tupekuivus, tekivad \u00f6strogeeni taseme languse t\u00f5ttu. Femoston t\u00e4idab selle hormooni, et taastada tasakaal ja v\u00e4hendada ebamugavust. Progestogeeni komponent aitab v\u00e4ltida emaka limaskesta liiga paksuks muutumist, mis v\u00f5ib juhtuda, kui \u00f6strogeeni kasutatakse \u00fcksi.<\/p>\n<p>Femostonit v\u00f5etakse \u00fcks kord p\u00e4evas, erinevad koostised on saadaval s\u00f5ltuvalt sellest, kas on vajalik pidev v\u00f5i ts\u00fckliline hormoonimuster. J\u00e4rjepidev kasutamine aitab hallata nii l\u00fchiajalisi \u00f6strogeeni puuduse s\u00fcmptomeid kui ka toetab pikaajalisi eesm\u00e4rke, mis on seotud hormoonide stabiilsuse ja elukvaliteediga.<\/p>\n","protected":false},"excerpt":{"rendered":"<ul>\n<li>P\u00e4evane suukaudne hormoonitablett<\/li>\n<li>Kergendab menopausi<\/li>\n<li>Koosneb \u00f6strogeenist ja progesteroonist<\/li>\n<\/ul>\n","protected":false},"featured_media":884,"comment_status":"open","ping_status":"closed","template":"","meta":[],"product_brand":[],"product_cat":[156,162],"product_tag":[],"expert":[16],"class_list":{"0":"post-882","1":"product","2":"type-product","3":"status-publish","4":"has-post-thumbnail","6":"product_cat-hormoonasendusravi-hrt","7":"product_cat-menopausi-ja-pms-i-leevendamine","8":"expert-dr-c-alexandru","10":"first","11":"instock","12":"shipping-taxable","13":"product-type-variable"},"yoast_head":"<!-- This site is optimized with the Yoast SEO plugin v27.0 - https:\/\/yoast.com\/product\/yoast-seo-wordpress\/ -->\n<title>Femoston | Hormonaalne Tasakaal - Transtoyou<\/title>\n<meta name=\"description\" content=\"Femoston, saadaval Transtoyou&#039;s. Avasta selle eelised hormoonide tasakaalu ja heaolu jaoks. Osta n\u00fc\u00fcd usaldusv\u00e4\u00e4rne lahendus.\" \/>\n<meta name=\"robots\" content=\"noindex, follow, max-snippet:-1, max-image-preview:large, max-video-preview:-1\" \/>\n<meta property=\"og:locale\" content=\"et_EE\" \/>\n<meta property=\"og:type\" content=\"article\" \/>\n<meta property=\"og:title\" content=\"Femoston | Hormonaalne Tasakaal - Transtoyou\" \/>\n<meta property=\"og:description\" content=\"Femoston, saadaval Transtoyou&#039;s. Avasta selle eelised hormoonide tasakaalu ja heaolu jaoks. Osta n\u00fc\u00fcd usaldusv\u00e4\u00e4rne lahendus.\" \/>\n<meta property=\"og:url\" content=\"https:\/\/www.transtoyou.com\/et\/product\/femoston\/\" \/>\n<meta property=\"og:site_name\" content=\"Transtoyou - ET\" \/>\n<meta property=\"article:modified_time\" content=\"2026-01-23T21:18:35+00:00\" \/>\n<meta name=\"twitter:card\" content=\"summary_large_image\" \/>\n<meta name=\"twitter:label1\" content=\"Est. reading time\" \/>\n\t<meta name=\"twitter:data1\" content=\"1 minut\" \/>\n<script type=\"application\/ld+json\" class=\"yoast-schema-graph\">{\"@context\":\"https:\/\/schema.org\",\"@graph\":[{\"@type\":\"WebPage\",\"@id\":\"https:\/\/www.transtoyou.com\/et\/product\/femoston\/\",\"url\":\"https:\/\/www.transtoyou.com\/et\/product\/femoston\/\",\"name\":\"Femoston | Hormonaalne Tasakaal - Transtoyou\",\"isPartOf\":{\"@id\":\"https:\/\/www.transtoyou.com\/et\/#website\"},\"primaryImageOfPage\":{\"@id\":\"https:\/\/www.transtoyou.com\/et\/product\/femoston\/#primaryimage\"},\"image\":{\"@id\":\"https:\/\/www.transtoyou.com\/et\/product\/femoston\/#primaryimage\"},\"thumbnailUrl\":\"https:\/\/www.transtoyou.com\/et\/wp-content\/uploads\/sites\/7\/2026\/01\/tty-no-product-image-53.webp\",\"datePublished\":\"2026-01-23T21:17:38+00:00\",\"dateModified\":\"2026-01-23T21:18:35+00:00\",\"description\":\"Femoston, saadaval Transtoyou's. Avasta selle eelised hormoonide tasakaalu ja heaolu jaoks. Osta n\u00fc\u00fcd usaldusv\u00e4\u00e4rne lahendus.\",\"breadcrumb\":{\"@id\":\"https:\/\/www.transtoyou.com\/et\/product\/femoston\/#breadcrumb\"},\"inLanguage\":\"et\",\"potentialAction\":[{\"@type\":\"ReadAction\",\"target\":[\"https:\/\/www.transtoyou.com\/et\/product\/femoston\/\"]}]},{\"@type\":\"ImageObject\",\"inLanguage\":\"et\",\"@id\":\"https:\/\/www.transtoyou.com\/et\/product\/femoston\/#primaryimage\",\"url\":\"https:\/\/www.transtoyou.com\/et\/wp-content\/uploads\/sites\/7\/2026\/01\/tty-no-product-image-53.webp\",\"contentUrl\":\"https:\/\/www.transtoyou.com\/et\/wp-content\/uploads\/sites\/7\/2026\/01\/tty-no-product-image-53.webp\",\"width\":1000,\"height\":1000,\"caption\":\"Vaikimisi toote pilt\"},{\"@type\":\"WebSite\",\"@id\":\"https:\/\/www.transtoyou.com\/et\/#website\",\"url\":\"https:\/\/www.transtoyou.com\/et\/\",\"name\":\"Transtoyou - ET\",\"description\":\"\",\"publisher\":{\"@id\":\"https:\/\/www.transtoyou.com\/et\/#organization\"},\"potentialAction\":[{\"@type\":\"SearchAction\",\"target\":{\"@type\":\"EntryPoint\",\"urlTemplate\":\"https:\/\/www.transtoyou.com\/et\/?s={search_term_string}\"},\"query-input\":{\"@type\":\"PropertyValueSpecification\",\"valueRequired\":true,\"valueName\":\"search_term_string\"}}],\"inLanguage\":\"et\"},{\"@type\":\"Organization\",\"@id\":\"https:\/\/www.transtoyou.com\/et\/#organization\",\"name\":\"Transtoyou - ET\",\"url\":\"https:\/\/www.transtoyou.com\/et\/\",\"logo\":{\"@type\":\"ImageObject\",\"inLanguage\":\"et\",\"@id\":\"https:\/\/www.transtoyou.com\/et\/#\/schema\/logo\/image\/\",\"url\":\"https:\/\/www.transtoyou.com\/et\/wp-content\/uploads\/sites\/7\/2026\/01\/logo-tty-menu-bar-300x87-1.webp\",\"contentUrl\":\"https:\/\/www.transtoyou.com\/et\/wp-content\/uploads\/sites\/7\/2026\/01\/logo-tty-menu-bar-300x87-1.webp\",\"width\":300,\"height\":87,\"caption\":\"Transtoyou - ET\"},\"image\":{\"@id\":\"https:\/\/www.transtoyou.com\/et\/#\/schema\/logo\/image\/\"}}]}<\/script>\n<!-- \/ Yoast SEO plugin. -->","yoast_head_json":{"title":"Femoston | Hormonaalne Tasakaal - Transtoyou","description":"Femoston, saadaval Transtoyou's. Avasta selle eelised hormoonide tasakaalu ja heaolu jaoks. Osta n\u00fc\u00fcd usaldusv\u00e4\u00e4rne lahendus.","robots":{"index":"noindex","follow":"follow","max-snippet":"max-snippet:-1","max-image-preview":"max-image-preview:large","max-video-preview":"max-video-preview:-1"},"og_locale":"et_EE","og_type":"article","og_title":"Femoston | Hormonaalne Tasakaal - Transtoyou","og_description":"Femoston, saadaval Transtoyou's. Avasta selle eelised hormoonide tasakaalu ja heaolu jaoks. Osta n\u00fc\u00fcd usaldusv\u00e4\u00e4rne lahendus.","og_url":"https:\/\/www.transtoyou.com\/et\/product\/femoston\/","og_site_name":"Transtoyou - ET","article_modified_time":"2026-01-23T21:18:35+00:00","twitter_card":"summary_large_image","twitter_misc":{"Est. reading time":"1 minut"},"schema":{"@context":"https:\/\/schema.org","@graph":[{"@type":"WebPage","@id":"https:\/\/www.transtoyou.com\/et\/product\/femoston\/","url":"https:\/\/www.transtoyou.com\/et\/product\/femoston\/","name":"Femoston | Hormonaalne Tasakaal - Transtoyou","isPartOf":{"@id":"https:\/\/www.transtoyou.com\/et\/#website"},"primaryImageOfPage":{"@id":"https:\/\/www.transtoyou.com\/et\/product\/femoston\/#primaryimage"},"image":{"@id":"https:\/\/www.transtoyou.com\/et\/product\/femoston\/#primaryimage"},"thumbnailUrl":"https:\/\/www.transtoyou.com\/et\/wp-content\/uploads\/sites\/7\/2026\/01\/tty-no-product-image-53.webp","datePublished":"2026-01-23T21:17:38+00:00","dateModified":"2026-01-23T21:18:35+00:00","description":"Femoston, saadaval Transtoyou's. Avasta selle eelised hormoonide tasakaalu ja heaolu jaoks. Osta n\u00fc\u00fcd usaldusv\u00e4\u00e4rne lahendus.","breadcrumb":{"@id":"https:\/\/www.transtoyou.com\/et\/product\/femoston\/#breadcrumb"},"inLanguage":"et","potentialAction":[{"@type":"ReadAction","target":["https:\/\/www.transtoyou.com\/et\/product\/femoston\/"]}]},{"@type":"ImageObject","inLanguage":"et","@id":"https:\/\/www.transtoyou.com\/et\/product\/femoston\/#primaryimage","url":"https:\/\/www.transtoyou.com\/et\/wp-content\/uploads\/sites\/7\/2026\/01\/tty-no-product-image-53.webp","contentUrl":"https:\/\/www.transtoyou.com\/et\/wp-content\/uploads\/sites\/7\/2026\/01\/tty-no-product-image-53.webp","width":1000,"height":1000,"caption":"Vaikimisi toote pilt"},{"@type":"WebSite","@id":"https:\/\/www.transtoyou.com\/et\/#website","url":"https:\/\/www.transtoyou.com\/et\/","name":"Transtoyou - ET","description":"","publisher":{"@id":"https:\/\/www.transtoyou.com\/et\/#organization"},"potentialAction":[{"@type":"SearchAction","target":{"@type":"EntryPoint","urlTemplate":"https:\/\/www.transtoyou.com\/et\/?s={search_term_string}"},"query-input":{"@type":"PropertyValueSpecification","valueRequired":true,"valueName":"search_term_string"}}],"inLanguage":"et"},{"@type":"Organization","@id":"https:\/\/www.transtoyou.com\/et\/#organization","name":"Transtoyou - ET","url":"https:\/\/www.transtoyou.com\/et\/","logo":{"@type":"ImageObject","inLanguage":"et","@id":"https:\/\/www.transtoyou.com\/et\/#\/schema\/logo\/image\/","url":"https:\/\/www.transtoyou.com\/et\/wp-content\/uploads\/sites\/7\/2026\/01\/logo-tty-menu-bar-300x87-1.webp","contentUrl":"https:\/\/www.transtoyou.com\/et\/wp-content\/uploads\/sites\/7\/2026\/01\/logo-tty-menu-bar-300x87-1.webp","width":300,"height":87,"caption":"Transtoyou - ET"},"image":{"@id":"https:\/\/www.transtoyou.com\/et\/#\/schema\/logo\/image\/"}}]}},"_links":{"self":[{"href":"https:\/\/www.transtoyou.com\/et\/wp-json\/wp\/v2\/product\/882","targetHints":{"allow":["GET"]}}],"collection":[{"href":"https:\/\/www.transtoyou.com\/et\/wp-json\/wp\/v2\/product"}],"about":[{"href":"https:\/\/www.transtoyou.com\/et\/wp-json\/wp\/v2\/types\/product"}],"replies":[{"embeddable":true,"href":"https:\/\/www.transtoyou.com\/et\/wp-json\/wp\/v2\/comments?post=882"}],"wp:featuredmedia":[{"embeddable":true,"href":"https:\/\/www.transtoyou.com\/et\/wp-json\/wp\/v2\/media\/884"}],"wp:attachment":[{"href":"https:\/\/www.transtoyou.com\/et\/wp-json\/wp\/v2\/media?parent=882"}],"wp:term":[{"taxonomy":"product_brand","embeddable":true,"href":"https:\/\/www.transtoyou.com\/et\/wp-json\/wp\/v2\/product_brand?post=882"},{"taxonomy":"product_cat","embeddable":true,"href":"https:\/\/www.transtoyou.com\/et\/wp-json\/wp\/v2\/product_cat?post=882"},{"taxonomy":"product_tag","embeddable":true,"href":"https:\/\/www.transtoyou.com\/et\/wp-json\/wp\/v2\/product_tag?post=882"},{"taxonomy":"expert","embeddable":true,"href":"https:\/\/www.transtoyou.com\/et\/wp-json\/wp\/v2\/expert?post=882"}],"curies":[{"name":"wp","href":"https:\/\/api.w.org\/{rel}","templated":true}]}}