{"id":885,"date":"2026-01-23T23:30:36","date_gmt":"2026-01-23T21:30:36","guid":{"rendered":"https:\/\/www.transtoyou.com\/et\/product\/lenzetto\/"},"modified":"2026-01-23T23:31:33","modified_gmt":"2026-01-23T21:31:33","slug":"lenzetto","status":"publish","type":"product","link":"https:\/\/www.transtoyou.com\/et\/product\/lenzetto\/","title":{"rendered":"Lenzetto"},"content":{"rendered":"<p>Lenzetto on sprei, mida kasutatakse \u00f6strogeeni manustamiseks l\u00e4bi naha vereringesse. See sisaldab estradiooli, \u00f6strogeeni vormi, mis on identne kehas looduslikult toodetava hormooniga. Seda ravimit kasutatakse hormoonasendusravis, et ravida madalast \u00f6strogeeni tasemest p\u00f5hjustatud s\u00fcmptomeid, ja see sobib ka feminiseeriva hormoonravi jaoks.<\/p>\n<p>Menopausi ajal v\u00f5i olukordades, kus \u00f6strogeeni on vaja muudel p\u00f5hjustel, v\u00f5ivad inimesed kogeda s\u00fcmptomeid nagu kuumahood, \u00f6ised higistamised, meeleolu muutused ja tupe kuivus. Lenzetto taastab \u00f6strogeeni taseme, et aidata v\u00e4hendada nende s\u00fcmptomite t\u00f5sidust. Kuna sprei kantakse nahale, v\u00e4ldib see seedes\u00fcsteemi ja pakub paindlikku, mitte suukaudset alternatiivi tablettidele v\u00f5i plaastritele.<\/p>\n<p>Sprei kantakse \u00fcks kord p\u00e4evas puhtale, kuivale nahale, tavaliselt sisemisele k\u00e4sivarrele. See kuivab kiiresti ja ei j\u00e4ta j\u00e4\u00e4ke. Lenzetto v\u00f5imaldab isikup\u00e4rastatud annustamist ja diskreetset, madala hooldusega meetodit \u00f6strogeeni manustamiseks nii menopausi leevendamiseks kui ka feminiseerivaks hoolduseks.<\/p>\n","protected":false},"excerpt":{"rendered":"<ul>\n<li>Estrogeeni sprei naha imendumiseks<\/li>\n<li>Kasutatakse menopausi ajal<\/li>\n<li>Reguleeritav p\u00e4evane annus<\/li>\n<\/ul>\n","protected":false},"featured_media":887,"comment_status":"open","ping_status":"closed","template":"","meta":[],"product_brand":[],"product_cat":[156],"product_tag":[],"expert":[16],"class_list":{"0":"post-885","1":"product","2":"type-product","3":"status-publish","4":"has-post-thumbnail","6":"product_cat-hormoonasendusravi-hrt","7":"expert-dr-c-alexandru","9":"first","10":"instock","11":"shipping-taxable","12":"product-type-variable"},"yoast_head":"<!-- This site is optimized with the Yoast SEO plugin v27.0 - https:\/\/yoast.com\/product\/yoast-seo-wordpress\/ -->\n<title>Lenzetto | Lihtne Rakendamine Hormoonisprei - Transtoyou<\/title>\n<meta name=\"description\" content=\"Lenzetto, saadaval Transtoyou&#039;s, pakub t\u00f5husat leevendust menopausi s\u00fcmptomite jaoks. Uuri selle eeliseid ja osta n\u00fc\u00fcd mugav lahendus.\" \/>\n<meta name=\"robots\" content=\"noindex, follow, max-snippet:-1, max-image-preview:large, max-video-preview:-1\" \/>\n<meta property=\"og:locale\" content=\"et_EE\" \/>\n<meta property=\"og:type\" content=\"article\" \/>\n<meta property=\"og:title\" content=\"Lenzetto | Lihtne Rakendamine Hormoonisprei - Transtoyou\" \/>\n<meta property=\"og:description\" content=\"Lenzetto, saadaval Transtoyou&#039;s, pakub t\u00f5husat leevendust menopausi s\u00fcmptomite jaoks. Uuri selle eeliseid ja osta n\u00fc\u00fcd mugav lahendus.\" \/>\n<meta property=\"og:url\" content=\"https:\/\/www.transtoyou.com\/et\/product\/lenzetto\/\" \/>\n<meta property=\"og:site_name\" content=\"Transtoyou - ET\" \/>\n<meta property=\"article:modified_time\" content=\"2026-01-23T21:31:33+00:00\" \/>\n<meta name=\"twitter:card\" content=\"summary_large_image\" \/>\n<meta name=\"twitter:label1\" content=\"Est. reading time\" \/>\n\t<meta name=\"twitter:data1\" content=\"1 minut\" \/>\n<script type=\"application\/ld+json\" class=\"yoast-schema-graph\">{\"@context\":\"https:\/\/schema.org\",\"@graph\":[{\"@type\":\"WebPage\",\"@id\":\"https:\/\/www.transtoyou.com\/et\/product\/lenzetto\/\",\"url\":\"https:\/\/www.transtoyou.com\/et\/product\/lenzetto\/\",\"name\":\"Lenzetto | Lihtne Rakendamine Hormoonisprei - Transtoyou\",\"isPartOf\":{\"@id\":\"https:\/\/www.transtoyou.com\/et\/#website\"},\"primaryImageOfPage\":{\"@id\":\"https:\/\/www.transtoyou.com\/et\/product\/lenzetto\/#primaryimage\"},\"image\":{\"@id\":\"https:\/\/www.transtoyou.com\/et\/product\/lenzetto\/#primaryimage\"},\"thumbnailUrl\":\"https:\/\/www.transtoyou.com\/et\/wp-content\/uploads\/sites\/7\/2026\/01\/tty-no-product-image-54.webp\",\"datePublished\":\"2026-01-23T21:30:36+00:00\",\"dateModified\":\"2026-01-23T21:31:33+00:00\",\"description\":\"Lenzetto, saadaval Transtoyou's, pakub t\u00f5husat leevendust menopausi s\u00fcmptomite jaoks. Uuri selle eeliseid ja osta n\u00fc\u00fcd mugav lahendus.\",\"breadcrumb\":{\"@id\":\"https:\/\/www.transtoyou.com\/et\/product\/lenzetto\/#breadcrumb\"},\"inLanguage\":\"et\",\"potentialAction\":[{\"@type\":\"ReadAction\",\"target\":[\"https:\/\/www.transtoyou.com\/et\/product\/lenzetto\/\"]}]},{\"@type\":\"ImageObject\",\"inLanguage\":\"et\",\"@id\":\"https:\/\/www.transtoyou.com\/et\/product\/lenzetto\/#primaryimage\",\"url\":\"https:\/\/www.transtoyou.com\/et\/wp-content\/uploads\/sites\/7\/2026\/01\/tty-no-product-image-54.webp\",\"contentUrl\":\"https:\/\/www.transtoyou.com\/et\/wp-content\/uploads\/sites\/7\/2026\/01\/tty-no-product-image-54.webp\",\"width\":1000,\"height\":1000,\"caption\":\"Vaikimisi toote pilt\"},{\"@type\":\"WebSite\",\"@id\":\"https:\/\/www.transtoyou.com\/et\/#website\",\"url\":\"https:\/\/www.transtoyou.com\/et\/\",\"name\":\"Transtoyou - ET\",\"description\":\"\",\"publisher\":{\"@id\":\"https:\/\/www.transtoyou.com\/et\/#organization\"},\"potentialAction\":[{\"@type\":\"SearchAction\",\"target\":{\"@type\":\"EntryPoint\",\"urlTemplate\":\"https:\/\/www.transtoyou.com\/et\/?s={search_term_string}\"},\"query-input\":{\"@type\":\"PropertyValueSpecification\",\"valueRequired\":true,\"valueName\":\"search_term_string\"}}],\"inLanguage\":\"et\"},{\"@type\":\"Organization\",\"@id\":\"https:\/\/www.transtoyou.com\/et\/#organization\",\"name\":\"Transtoyou - ET\",\"url\":\"https:\/\/www.transtoyou.com\/et\/\",\"logo\":{\"@type\":\"ImageObject\",\"inLanguage\":\"et\",\"@id\":\"https:\/\/www.transtoyou.com\/et\/#\/schema\/logo\/image\/\",\"url\":\"https:\/\/www.transtoyou.com\/et\/wp-content\/uploads\/sites\/7\/2026\/01\/logo-tty-menu-bar-300x87-1.webp\",\"contentUrl\":\"https:\/\/www.transtoyou.com\/et\/wp-content\/uploads\/sites\/7\/2026\/01\/logo-tty-menu-bar-300x87-1.webp\",\"width\":300,\"height\":87,\"caption\":\"Transtoyou - ET\"},\"image\":{\"@id\":\"https:\/\/www.transtoyou.com\/et\/#\/schema\/logo\/image\/\"}}]}<\/script>\n<!-- \/ Yoast SEO plugin. -->","yoast_head_json":{"title":"Lenzetto | Lihtne Rakendamine Hormoonisprei - Transtoyou","description":"Lenzetto, saadaval Transtoyou's, pakub t\u00f5husat leevendust menopausi s\u00fcmptomite jaoks. Uuri selle eeliseid ja osta n\u00fc\u00fcd mugav lahendus.","robots":{"index":"noindex","follow":"follow","max-snippet":"max-snippet:-1","max-image-preview":"max-image-preview:large","max-video-preview":"max-video-preview:-1"},"og_locale":"et_EE","og_type":"article","og_title":"Lenzetto | Lihtne Rakendamine Hormoonisprei - Transtoyou","og_description":"Lenzetto, saadaval Transtoyou's, pakub t\u00f5husat leevendust menopausi s\u00fcmptomite jaoks. Uuri selle eeliseid ja osta n\u00fc\u00fcd mugav lahendus.","og_url":"https:\/\/www.transtoyou.com\/et\/product\/lenzetto\/","og_site_name":"Transtoyou - ET","article_modified_time":"2026-01-23T21:31:33+00:00","twitter_card":"summary_large_image","twitter_misc":{"Est. reading time":"1 minut"},"schema":{"@context":"https:\/\/schema.org","@graph":[{"@type":"WebPage","@id":"https:\/\/www.transtoyou.com\/et\/product\/lenzetto\/","url":"https:\/\/www.transtoyou.com\/et\/product\/lenzetto\/","name":"Lenzetto | Lihtne Rakendamine Hormoonisprei - Transtoyou","isPartOf":{"@id":"https:\/\/www.transtoyou.com\/et\/#website"},"primaryImageOfPage":{"@id":"https:\/\/www.transtoyou.com\/et\/product\/lenzetto\/#primaryimage"},"image":{"@id":"https:\/\/www.transtoyou.com\/et\/product\/lenzetto\/#primaryimage"},"thumbnailUrl":"https:\/\/www.transtoyou.com\/et\/wp-content\/uploads\/sites\/7\/2026\/01\/tty-no-product-image-54.webp","datePublished":"2026-01-23T21:30:36+00:00","dateModified":"2026-01-23T21:31:33+00:00","description":"Lenzetto, saadaval Transtoyou's, pakub t\u00f5husat leevendust menopausi s\u00fcmptomite jaoks. Uuri selle eeliseid ja osta n\u00fc\u00fcd mugav lahendus.","breadcrumb":{"@id":"https:\/\/www.transtoyou.com\/et\/product\/lenzetto\/#breadcrumb"},"inLanguage":"et","potentialAction":[{"@type":"ReadAction","target":["https:\/\/www.transtoyou.com\/et\/product\/lenzetto\/"]}]},{"@type":"ImageObject","inLanguage":"et","@id":"https:\/\/www.transtoyou.com\/et\/product\/lenzetto\/#primaryimage","url":"https:\/\/www.transtoyou.com\/et\/wp-content\/uploads\/sites\/7\/2026\/01\/tty-no-product-image-54.webp","contentUrl":"https:\/\/www.transtoyou.com\/et\/wp-content\/uploads\/sites\/7\/2026\/01\/tty-no-product-image-54.webp","width":1000,"height":1000,"caption":"Vaikimisi toote pilt"},{"@type":"WebSite","@id":"https:\/\/www.transtoyou.com\/et\/#website","url":"https:\/\/www.transtoyou.com\/et\/","name":"Transtoyou - ET","description":"","publisher":{"@id":"https:\/\/www.transtoyou.com\/et\/#organization"},"potentialAction":[{"@type":"SearchAction","target":{"@type":"EntryPoint","urlTemplate":"https:\/\/www.transtoyou.com\/et\/?s={search_term_string}"},"query-input":{"@type":"PropertyValueSpecification","valueRequired":true,"valueName":"search_term_string"}}],"inLanguage":"et"},{"@type":"Organization","@id":"https:\/\/www.transtoyou.com\/et\/#organization","name":"Transtoyou - ET","url":"https:\/\/www.transtoyou.com\/et\/","logo":{"@type":"ImageObject","inLanguage":"et","@id":"https:\/\/www.transtoyou.com\/et\/#\/schema\/logo\/image\/","url":"https:\/\/www.transtoyou.com\/et\/wp-content\/uploads\/sites\/7\/2026\/01\/logo-tty-menu-bar-300x87-1.webp","contentUrl":"https:\/\/www.transtoyou.com\/et\/wp-content\/uploads\/sites\/7\/2026\/01\/logo-tty-menu-bar-300x87-1.webp","width":300,"height":87,"caption":"Transtoyou - ET"},"image":{"@id":"https:\/\/www.transtoyou.com\/et\/#\/schema\/logo\/image\/"}}]}},"_links":{"self":[{"href":"https:\/\/www.transtoyou.com\/et\/wp-json\/wp\/v2\/product\/885","targetHints":{"allow":["GET"]}}],"collection":[{"href":"https:\/\/www.transtoyou.com\/et\/wp-json\/wp\/v2\/product"}],"about":[{"href":"https:\/\/www.transtoyou.com\/et\/wp-json\/wp\/v2\/types\/product"}],"replies":[{"embeddable":true,"href":"https:\/\/www.transtoyou.com\/et\/wp-json\/wp\/v2\/comments?post=885"}],"wp:featuredmedia":[{"embeddable":true,"href":"https:\/\/www.transtoyou.com\/et\/wp-json\/wp\/v2\/media\/887"}],"wp:attachment":[{"href":"https:\/\/www.transtoyou.com\/et\/wp-json\/wp\/v2\/media?parent=885"}],"wp:term":[{"taxonomy":"product_brand","embeddable":true,"href":"https:\/\/www.transtoyou.com\/et\/wp-json\/wp\/v2\/product_brand?post=885"},{"taxonomy":"product_cat","embeddable":true,"href":"https:\/\/www.transtoyou.com\/et\/wp-json\/wp\/v2\/product_cat?post=885"},{"taxonomy":"product_tag","embeddable":true,"href":"https:\/\/www.transtoyou.com\/et\/wp-json\/wp\/v2\/product_tag?post=885"},{"taxonomy":"expert","embeddable":true,"href":"https:\/\/www.transtoyou.com\/et\/wp-json\/wp\/v2\/expert?post=885"}],"curies":[{"name":"wp","href":"https:\/\/api.w.org\/{rel}","templated":true}]}}