{"id":897,"date":"2026-01-24T00:34:08","date_gmt":"2026-01-23T22:34:08","guid":{"rendered":"https:\/\/www.transtoyou.com\/et\/product\/testavan\/"},"modified":"2026-03-01T11:36:00","modified_gmt":"2026-03-01T09:36:00","slug":"testavan","status":"publish","type":"product","link":"https:\/\/www.transtoyou.com\/et\/product\/testavan\/","title":{"rendered":"Testavan"},"content":{"rendered":"<p>Testavan on testosterooni geel, mida kantakse otse nahale, ja see on m\u00f5eldud madalate testosterooni tasemete ravimiseks t\u00e4iskasvanud meestel ja isikutel, kes l\u00e4bivad meessuguhormoonide teraapiat. See pakub mitteinvasiivset ja mugavat alternatiivi s\u00fcstidele, tagades stabiilsed hormoonitasemed igap\u00e4evase kohaliku rakendamise kaudu. Testavanit kasutatakse ka testosterooni baasil teraapia kontekstis vanematel t\u00e4iskasvanutel, kus see v\u00f5ib aidata toetada eluj\u00f5udu ja energiat m\u00f5nedes isikutes, kellel on kliiniliselt kinnitatud testosterooni puudus.<\/p>\n<p>Geel sisaldab testosterooni koostises, mis imendub kiiresti l\u00e4bi naha, viies hormooni vereringesse. Sellel on sellised m\u00f5jud nagu meeleolu paranemine, suurenenud lihasmass, suurem energia, suurenenud libiido ja, soolise kinnitamise hoolduse kontekstis, meessuguliste f\u00fc\u00fcsiliste omaduste, nagu n\u00e4okarvad, h\u00e4\u00e4le s\u00fcvenemine ja menstruatsiooni l\u00f5ppemine, areng.<\/p>\n<p>Testavanit kantakse \u00fcks kord p\u00e4evas, tavaliselt \u00fclemisele k\u00e4ele v\u00f5i \u00f5lale. Kiiresti kuivav geel ei pruugi vajada t\u00e4ielikku h\u00f5\u00f5rumist, kuid seda tuleks kanda kergelt vastavalt juhistele, ja tuleb ettevaatusabin\u00f5usid j\u00e4rgida, et v\u00e4ltida kontakti teistega. Selle kasutusmugavus teeb sellest eelistatud valiku isikutele, kes valivad hormooniteraapia kohaliku l\u00e4henemise v\u00f5i soovivad v\u00e4ltida sagedasi s\u00fcstimist.<\/p>\n<p>Nagu k\u00f5ik testosterooni ravimid, n\u00f5uab Testavan regulaarset hormoonitasemete ja teiste tervisen\u00e4itajate j\u00e4lgimist. K\u00f5rvaltoimeteks v\u00f5ivad olla naha\u00e4rritus manustamiskohas, akne, meeleolu muutused v\u00f5i punaste vereliblede arvu suurenemine. See on vastun\u00e4idustatud isikutele, kellel on ajalugu eesn\u00e4\u00e4rme v\u00f5i rinnav\u00e4higa, ja rangelt vastun\u00e4idustatud neile, kes on rasedad v\u00f5i v\u00f5ivad rasestuda.<\/p>\n","protected":false},"excerpt":{"rendered":"<ul>\n<li>Paikne testosterooni geel<\/li>\n<li>V\u00f5ib toetada mehelikkust ja energiat<\/li>\n<li>P\u00e4evane, mitteinvasiivne kasutamine<\/li>\n<\/ul>\n","protected":false},"featured_media":900,"comment_status":"open","ping_status":"closed","template":"","meta":[],"product_brand":[],"product_cat":[186,185],"product_tag":[],"expert":[19],"class_list":{"0":"post-897","1":"product","2":"type-product","3":"status-publish","4":"has-post-thumbnail","6":"product_cat-testosteroon-ja-mehelik-ravi","7":"product_cat-testosteroon-ja-vananemise-vastane","8":"expert-dr-j-vazquez","10":"first","11":"instock","12":"shipping-taxable","13":"product-type-variable"},"yoast_head":"<!-- This site is optimized with the Yoast SEO plugin v27.0 - https:\/\/yoast.com\/product\/yoast-seo-wordpress\/ -->\n<title>Testavan | Mugav Igap\u00e4evane Testosterooni Geel - Transtoyou<\/title>\n<meta name=\"description\" content=\"Testavan testosterooni geel suurendab energiat, tuju ja eluj\u00f5udu. Osta n\u00fc\u00fcd mitteinvasiivne lahendus madalale testosteroonile Transtoyou&#039;s.\" \/>\n<meta name=\"robots\" content=\"noindex, follow, max-snippet:-1, max-image-preview:large, max-video-preview:-1\" \/>\n<meta property=\"og:locale\" content=\"et_EE\" \/>\n<meta property=\"og:type\" content=\"article\" \/>\n<meta property=\"og:title\" content=\"Testavan | Mugav Igap\u00e4evane Testosterooni Geel - Transtoyou\" \/>\n<meta property=\"og:description\" content=\"Testavan testosterooni geel suurendab energiat, tuju ja eluj\u00f5udu. Osta n\u00fc\u00fcd mitteinvasiivne lahendus madalale testosteroonile Transtoyou&#039;s.\" \/>\n<meta property=\"og:url\" content=\"https:\/\/www.transtoyou.com\/et\/product\/testavan\/\" \/>\n<meta property=\"og:site_name\" content=\"Transtoyou - ET\" \/>\n<meta property=\"article:modified_time\" content=\"2026-03-01T09:36:00+00:00\" \/>\n<meta name=\"twitter:card\" content=\"summary_large_image\" \/>\n<meta name=\"twitter:label1\" content=\"Est. reading time\" \/>\n\t<meta name=\"twitter:data1\" content=\"1 minut\" \/>\n<script type=\"application\/ld+json\" class=\"yoast-schema-graph\">{\"@context\":\"https:\/\/schema.org\",\"@graph\":[{\"@type\":\"WebPage\",\"@id\":\"https:\/\/www.transtoyou.com\/et\/product\/testavan\/\",\"url\":\"https:\/\/www.transtoyou.com\/et\/product\/testavan\/\",\"name\":\"Testavan | Mugav Igap\u00e4evane Testosterooni Geel - Transtoyou\",\"isPartOf\":{\"@id\":\"https:\/\/www.transtoyou.com\/et\/#website\"},\"primaryImageOfPage\":{\"@id\":\"https:\/\/www.transtoyou.com\/et\/product\/testavan\/#primaryimage\"},\"image\":{\"@id\":\"https:\/\/www.transtoyou.com\/et\/product\/testavan\/#primaryimage\"},\"thumbnailUrl\":\"https:\/\/www.transtoyou.com\/et\/wp-content\/uploads\/sites\/7\/2026\/01\/tty-no-product-image-58.webp\",\"datePublished\":\"2026-01-23T22:34:08+00:00\",\"dateModified\":\"2026-03-01T09:36:00+00:00\",\"description\":\"Testavan testosterooni geel suurendab energiat, tuju ja eluj\u00f5udu. Osta n\u00fc\u00fcd mitteinvasiivne lahendus madalale testosteroonile Transtoyou's.\",\"breadcrumb\":{\"@id\":\"https:\/\/www.transtoyou.com\/et\/product\/testavan\/#breadcrumb\"},\"inLanguage\":\"et\",\"potentialAction\":[{\"@type\":\"ReadAction\",\"target\":[\"https:\/\/www.transtoyou.com\/et\/product\/testavan\/\"]}]},{\"@type\":\"ImageObject\",\"inLanguage\":\"et\",\"@id\":\"https:\/\/www.transtoyou.com\/et\/product\/testavan\/#primaryimage\",\"url\":\"https:\/\/www.transtoyou.com\/et\/wp-content\/uploads\/sites\/7\/2026\/01\/tty-no-product-image-58.webp\",\"contentUrl\":\"https:\/\/www.transtoyou.com\/et\/wp-content\/uploads\/sites\/7\/2026\/01\/tty-no-product-image-58.webp\",\"width\":1000,\"height\":1000,\"caption\":\"Vaikimisi toote pilt\"},{\"@type\":\"WebSite\",\"@id\":\"https:\/\/www.transtoyou.com\/et\/#website\",\"url\":\"https:\/\/www.transtoyou.com\/et\/\",\"name\":\"Transtoyou - ET\",\"description\":\"\",\"publisher\":{\"@id\":\"https:\/\/www.transtoyou.com\/et\/#organization\"},\"potentialAction\":[{\"@type\":\"SearchAction\",\"target\":{\"@type\":\"EntryPoint\",\"urlTemplate\":\"https:\/\/www.transtoyou.com\/et\/?s={search_term_string}\"},\"query-input\":{\"@type\":\"PropertyValueSpecification\",\"valueRequired\":true,\"valueName\":\"search_term_string\"}}],\"inLanguage\":\"et\"},{\"@type\":\"Organization\",\"@id\":\"https:\/\/www.transtoyou.com\/et\/#organization\",\"name\":\"Transtoyou - ET\",\"url\":\"https:\/\/www.transtoyou.com\/et\/\",\"logo\":{\"@type\":\"ImageObject\",\"inLanguage\":\"et\",\"@id\":\"https:\/\/www.transtoyou.com\/et\/#\/schema\/logo\/image\/\",\"url\":\"https:\/\/www.transtoyou.com\/et\/wp-content\/uploads\/sites\/7\/2026\/01\/logo-tty-menu-bar-300x87-1.webp\",\"contentUrl\":\"https:\/\/www.transtoyou.com\/et\/wp-content\/uploads\/sites\/7\/2026\/01\/logo-tty-menu-bar-300x87-1.webp\",\"width\":300,\"height\":87,\"caption\":\"Transtoyou - ET\"},\"image\":{\"@id\":\"https:\/\/www.transtoyou.com\/et\/#\/schema\/logo\/image\/\"}}]}<\/script>\n<!-- \/ Yoast SEO plugin. -->","yoast_head_json":{"title":"Testavan | Mugav Igap\u00e4evane Testosterooni Geel - Transtoyou","description":"Testavan testosterooni geel suurendab energiat, tuju ja eluj\u00f5udu. Osta n\u00fc\u00fcd mitteinvasiivne lahendus madalale testosteroonile Transtoyou's.","robots":{"index":"noindex","follow":"follow","max-snippet":"max-snippet:-1","max-image-preview":"max-image-preview:large","max-video-preview":"max-video-preview:-1"},"og_locale":"et_EE","og_type":"article","og_title":"Testavan | Mugav Igap\u00e4evane Testosterooni Geel - Transtoyou","og_description":"Testavan testosterooni geel suurendab energiat, tuju ja eluj\u00f5udu. Osta n\u00fc\u00fcd mitteinvasiivne lahendus madalale testosteroonile Transtoyou's.","og_url":"https:\/\/www.transtoyou.com\/et\/product\/testavan\/","og_site_name":"Transtoyou - ET","article_modified_time":"2026-03-01T09:36:00+00:00","twitter_card":"summary_large_image","twitter_misc":{"Est. reading time":"1 minut"},"schema":{"@context":"https:\/\/schema.org","@graph":[{"@type":"WebPage","@id":"https:\/\/www.transtoyou.com\/et\/product\/testavan\/","url":"https:\/\/www.transtoyou.com\/et\/product\/testavan\/","name":"Testavan | Mugav Igap\u00e4evane Testosterooni Geel - Transtoyou","isPartOf":{"@id":"https:\/\/www.transtoyou.com\/et\/#website"},"primaryImageOfPage":{"@id":"https:\/\/www.transtoyou.com\/et\/product\/testavan\/#primaryimage"},"image":{"@id":"https:\/\/www.transtoyou.com\/et\/product\/testavan\/#primaryimage"},"thumbnailUrl":"https:\/\/www.transtoyou.com\/et\/wp-content\/uploads\/sites\/7\/2026\/01\/tty-no-product-image-58.webp","datePublished":"2026-01-23T22:34:08+00:00","dateModified":"2026-03-01T09:36:00+00:00","description":"Testavan testosterooni geel suurendab energiat, tuju ja eluj\u00f5udu. Osta n\u00fc\u00fcd mitteinvasiivne lahendus madalale testosteroonile Transtoyou's.","breadcrumb":{"@id":"https:\/\/www.transtoyou.com\/et\/product\/testavan\/#breadcrumb"},"inLanguage":"et","potentialAction":[{"@type":"ReadAction","target":["https:\/\/www.transtoyou.com\/et\/product\/testavan\/"]}]},{"@type":"ImageObject","inLanguage":"et","@id":"https:\/\/www.transtoyou.com\/et\/product\/testavan\/#primaryimage","url":"https:\/\/www.transtoyou.com\/et\/wp-content\/uploads\/sites\/7\/2026\/01\/tty-no-product-image-58.webp","contentUrl":"https:\/\/www.transtoyou.com\/et\/wp-content\/uploads\/sites\/7\/2026\/01\/tty-no-product-image-58.webp","width":1000,"height":1000,"caption":"Vaikimisi toote pilt"},{"@type":"WebSite","@id":"https:\/\/www.transtoyou.com\/et\/#website","url":"https:\/\/www.transtoyou.com\/et\/","name":"Transtoyou - ET","description":"","publisher":{"@id":"https:\/\/www.transtoyou.com\/et\/#organization"},"potentialAction":[{"@type":"SearchAction","target":{"@type":"EntryPoint","urlTemplate":"https:\/\/www.transtoyou.com\/et\/?s={search_term_string}"},"query-input":{"@type":"PropertyValueSpecification","valueRequired":true,"valueName":"search_term_string"}}],"inLanguage":"et"},{"@type":"Organization","@id":"https:\/\/www.transtoyou.com\/et\/#organization","name":"Transtoyou - ET","url":"https:\/\/www.transtoyou.com\/et\/","logo":{"@type":"ImageObject","inLanguage":"et","@id":"https:\/\/www.transtoyou.com\/et\/#\/schema\/logo\/image\/","url":"https:\/\/www.transtoyou.com\/et\/wp-content\/uploads\/sites\/7\/2026\/01\/logo-tty-menu-bar-300x87-1.webp","contentUrl":"https:\/\/www.transtoyou.com\/et\/wp-content\/uploads\/sites\/7\/2026\/01\/logo-tty-menu-bar-300x87-1.webp","width":300,"height":87,"caption":"Transtoyou - ET"},"image":{"@id":"https:\/\/www.transtoyou.com\/et\/#\/schema\/logo\/image\/"}}]}},"_links":{"self":[{"href":"https:\/\/www.transtoyou.com\/et\/wp-json\/wp\/v2\/product\/897","targetHints":{"allow":["GET"]}}],"collection":[{"href":"https:\/\/www.transtoyou.com\/et\/wp-json\/wp\/v2\/product"}],"about":[{"href":"https:\/\/www.transtoyou.com\/et\/wp-json\/wp\/v2\/types\/product"}],"replies":[{"embeddable":true,"href":"https:\/\/www.transtoyou.com\/et\/wp-json\/wp\/v2\/comments?post=897"}],"wp:featuredmedia":[{"embeddable":true,"href":"https:\/\/www.transtoyou.com\/et\/wp-json\/wp\/v2\/media\/900"}],"wp:attachment":[{"href":"https:\/\/www.transtoyou.com\/et\/wp-json\/wp\/v2\/media?parent=897"}],"wp:term":[{"taxonomy":"product_brand","embeddable":true,"href":"https:\/\/www.transtoyou.com\/et\/wp-json\/wp\/v2\/product_brand?post=897"},{"taxonomy":"product_cat","embeddable":true,"href":"https:\/\/www.transtoyou.com\/et\/wp-json\/wp\/v2\/product_cat?post=897"},{"taxonomy":"product_tag","embeddable":true,"href":"https:\/\/www.transtoyou.com\/et\/wp-json\/wp\/v2\/product_tag?post=897"},{"taxonomy":"expert","embeddable":true,"href":"https:\/\/www.transtoyou.com\/et\/wp-json\/wp\/v2\/expert?post=897"}],"curies":[{"name":"wp","href":"https:\/\/api.w.org\/{rel}","templated":true}]}}