{"id":907,"date":"2026-01-24T01:23:03","date_gmt":"2026-01-23T23:23:03","guid":{"rendered":"https:\/\/www.transtoyou.com\/et\/product\/tamiflu\/"},"modified":"2026-03-06T12:42:43","modified_gmt":"2026-03-06T10:42:43","slug":"tamiflu","status":"publish","type":"product","link":"https:\/\/www.transtoyou.com\/et\/product\/tamiflu\/","title":{"rendered":"Tamiflu"},"content":{"rendered":"<p>Tamiflu, mille aktiivne koostisosa on oseltamiviir, on viirusevastane ravim, mida kasutatakse gripi raviks ja ennetamiseks, mida tuntakse tavaliselt kui gripp. See ei ole tavaline k\u00fclmetusravim, vaid sihitud ravi, mis toimib A- ja B-t\u00fc\u00fcpi gripiviiruste vastu, mis on vastutavad hooajaliste gripiepideemiate eest.<\/p>\n<p>Tamiflu toimib, inhibeerides neuraminidaasi ens\u00fc\u00fcmi, ainet, mida gripiviirus vajab, et levida nakatunud rakkudest tervetesse rakkudesse kehas. Selle ens\u00fc\u00fcmi blokeerimisega aitab Tamiflu piirata viiruse levikut, mis v\u00f5ib v\u00e4hendada s\u00fcmptomite, nagu palavik, k\u00fclmav\u00e4rinad, kurguvalu, lihasvalud ja v\u00e4simus, t\u00f5sidust ja kestust.<\/p>\n<p>Ravim on k\u00f5ige t\u00f5husam, kui seda alustatakse 48 tunni jooksul p\u00e4rast s\u00fcmptomite ilmnemist, kuigi see v\u00f5ib siiski pakkuda teatud kasu, kui seda v\u00f5tta hiljem. Seda m\u00e4\u00e4ratakse sageli inimestele, kellel on suurem risk gripi t\u00fcsistuste tekkeks, n\u00e4iteks vanematele t\u00e4iskasvanutele, inimestele, kellel on aluseks olevad terviseprobleemid, v\u00f5i neile, kelle immuuns\u00fcsteem on n\u00f5rgenenud. M\u00f5nel juhul kasutatakse Tamiflu ka post-exposure prof\u00fclaktikana inimestele, kes on olnud gripiga kokku puutunud, kuid kellel ei ole veel s\u00fcmptomeid.<\/p>\n<p>Tamiflu v\u00f5etakse tavaliselt viiep\u00e4evase ravikuurina, kus kapsel v\u00f5etakse kaks korda p\u00e4evas. Ennetamiseks on tavaline v\u00f5tta \u00fcks kord p\u00e4evas annus k\u00fcmne p\u00e4eva jooksul p\u00e4rast l\u00e4hedast kontakti kellegagi, kellel on gripp.<\/p>\n<p>Enamik inimesi talub Tamiflu h\u00e4sti. M\u00f5ned v\u00f5ivad kogeda k\u00f5rvaltoimeid, nagu iiveldus, oksendamine, peavalu v\u00f5i k\u00f5huvalu, eriti ravi alguses. Ravimi v\u00f5tmine toiduga v\u00f5ib aidata v\u00e4hendada mao seotud k\u00f5rvaltoimeid.<\/p>\n","protected":false},"excerpt":{"rendered":"<ul>\n<li>Alustab t\u00f6\u00f6d tundide jooksul, et l\u00fchendada gripi vaevusi<\/li>\n<li>75 mg kapsel v\u00f5i laste suspensiooni valikud<\/li>\n<li>T\u00f5estatud, et v\u00e4hendab t\u00fcsistusi k\u00f5rge riskiga r\u00fchmades<\/li>\n<\/ul>\n","protected":false},"featured_media":909,"comment_status":"open","ping_status":"closed","template":"","meta":[],"product_brand":[],"product_cat":[140],"product_tag":[],"expert":[21],"class_list":{"0":"post-907","1":"product","2":"type-product","3":"status-publish","4":"has-post-thumbnail","6":"product_cat-gripi-koha-ja-kulmetuse-ravimid","7":"expert-dr-m-sharoyko","9":"first","10":"instock","11":"shipping-taxable","12":"product-type-variable"},"yoast_head":"<!-- This site is optimized with the Yoast SEO plugin v27.0 - https:\/\/yoast.com\/product\/yoast-seo-wordpress\/ -->\n<title>Tamiflu | Sihtotstarbeline gripi leevendamine ja ennetamine - Transtoyou<\/title>\n<meta name=\"description\" content=\"Tamiflu, viirusevastane ravim gripi t\u00fc\u00fcpide A ja B jaoks, leevendab s\u00fcmptomeid. Osta n\u00fc\u00fcd Transtoyou&#039;s efektiivne gripikaitse.\" \/>\n<meta name=\"robots\" content=\"noindex, follow, max-snippet:-1, max-image-preview:large, max-video-preview:-1\" \/>\n<meta property=\"og:locale\" content=\"et_EE\" \/>\n<meta property=\"og:type\" content=\"article\" \/>\n<meta property=\"og:title\" content=\"Tamiflu | Sihtotstarbeline gripi leevendamine ja ennetamine - Transtoyou\" \/>\n<meta property=\"og:description\" content=\"Tamiflu, viirusevastane ravim gripi t\u00fc\u00fcpide A ja B jaoks, leevendab s\u00fcmptomeid. Osta n\u00fc\u00fcd Transtoyou&#039;s efektiivne gripikaitse.\" \/>\n<meta property=\"og:url\" content=\"https:\/\/www.transtoyou.com\/et\/product\/tamiflu\/\" \/>\n<meta property=\"og:site_name\" content=\"Transtoyou - ET\" \/>\n<meta property=\"article:modified_time\" content=\"2026-03-06T10:42:43+00:00\" \/>\n<meta name=\"twitter:card\" content=\"summary_large_image\" \/>\n<meta name=\"twitter:label1\" content=\"Est. reading time\" \/>\n\t<meta name=\"twitter:data1\" content=\"1 minut\" \/>\n<script type=\"application\/ld+json\" class=\"yoast-schema-graph\">{\"@context\":\"https:\/\/schema.org\",\"@graph\":[{\"@type\":\"WebPage\",\"@id\":\"https:\/\/www.transtoyou.com\/et\/product\/tamiflu\/\",\"url\":\"https:\/\/www.transtoyou.com\/et\/product\/tamiflu\/\",\"name\":\"Tamiflu | Sihtotstarbeline gripi leevendamine ja ennetamine - Transtoyou\",\"isPartOf\":{\"@id\":\"https:\/\/www.transtoyou.com\/et\/#website\"},\"primaryImageOfPage\":{\"@id\":\"https:\/\/www.transtoyou.com\/et\/product\/tamiflu\/#primaryimage\"},\"image\":{\"@id\":\"https:\/\/www.transtoyou.com\/et\/product\/tamiflu\/#primaryimage\"},\"thumbnailUrl\":\"https:\/\/www.transtoyou.com\/et\/wp-content\/uploads\/sites\/7\/2026\/01\/tty-no-product-image-61.webp\",\"datePublished\":\"2026-01-23T23:23:03+00:00\",\"dateModified\":\"2026-03-06T10:42:43+00:00\",\"description\":\"Tamiflu, viirusevastane ravim gripi t\u00fc\u00fcpide A ja B jaoks, leevendab s\u00fcmptomeid. Osta n\u00fc\u00fcd Transtoyou's efektiivne gripikaitse.\",\"breadcrumb\":{\"@id\":\"https:\/\/www.transtoyou.com\/et\/product\/tamiflu\/#breadcrumb\"},\"inLanguage\":\"et\",\"potentialAction\":[{\"@type\":\"ReadAction\",\"target\":[\"https:\/\/www.transtoyou.com\/et\/product\/tamiflu\/\"]}]},{\"@type\":\"ImageObject\",\"inLanguage\":\"et\",\"@id\":\"https:\/\/www.transtoyou.com\/et\/product\/tamiflu\/#primaryimage\",\"url\":\"https:\/\/www.transtoyou.com\/et\/wp-content\/uploads\/sites\/7\/2026\/01\/tty-no-product-image-61.webp\",\"contentUrl\":\"https:\/\/www.transtoyou.com\/et\/wp-content\/uploads\/sites\/7\/2026\/01\/tty-no-product-image-61.webp\",\"width\":1000,\"height\":1000,\"caption\":\"Vaikimisi toote pilt\"},{\"@type\":\"WebSite\",\"@id\":\"https:\/\/www.transtoyou.com\/et\/#website\",\"url\":\"https:\/\/www.transtoyou.com\/et\/\",\"name\":\"Transtoyou - ET\",\"description\":\"\",\"publisher\":{\"@id\":\"https:\/\/www.transtoyou.com\/et\/#organization\"},\"potentialAction\":[{\"@type\":\"SearchAction\",\"target\":{\"@type\":\"EntryPoint\",\"urlTemplate\":\"https:\/\/www.transtoyou.com\/et\/?s={search_term_string}\"},\"query-input\":{\"@type\":\"PropertyValueSpecification\",\"valueRequired\":true,\"valueName\":\"search_term_string\"}}],\"inLanguage\":\"et\"},{\"@type\":\"Organization\",\"@id\":\"https:\/\/www.transtoyou.com\/et\/#organization\",\"name\":\"Transtoyou - ET\",\"url\":\"https:\/\/www.transtoyou.com\/et\/\",\"logo\":{\"@type\":\"ImageObject\",\"inLanguage\":\"et\",\"@id\":\"https:\/\/www.transtoyou.com\/et\/#\/schema\/logo\/image\/\",\"url\":\"https:\/\/www.transtoyou.com\/et\/wp-content\/uploads\/sites\/7\/2026\/01\/logo-tty-menu-bar-300x87-1.webp\",\"contentUrl\":\"https:\/\/www.transtoyou.com\/et\/wp-content\/uploads\/sites\/7\/2026\/01\/logo-tty-menu-bar-300x87-1.webp\",\"width\":300,\"height\":87,\"caption\":\"Transtoyou - ET\"},\"image\":{\"@id\":\"https:\/\/www.transtoyou.com\/et\/#\/schema\/logo\/image\/\"}}]}<\/script>\n<!-- \/ Yoast SEO plugin. -->","yoast_head_json":{"title":"Tamiflu | Sihtotstarbeline gripi leevendamine ja ennetamine - Transtoyou","description":"Tamiflu, viirusevastane ravim gripi t\u00fc\u00fcpide A ja B jaoks, leevendab s\u00fcmptomeid. Osta n\u00fc\u00fcd Transtoyou's efektiivne gripikaitse.","robots":{"index":"noindex","follow":"follow","max-snippet":"max-snippet:-1","max-image-preview":"max-image-preview:large","max-video-preview":"max-video-preview:-1"},"og_locale":"et_EE","og_type":"article","og_title":"Tamiflu | Sihtotstarbeline gripi leevendamine ja ennetamine - Transtoyou","og_description":"Tamiflu, viirusevastane ravim gripi t\u00fc\u00fcpide A ja B jaoks, leevendab s\u00fcmptomeid. Osta n\u00fc\u00fcd Transtoyou's efektiivne gripikaitse.","og_url":"https:\/\/www.transtoyou.com\/et\/product\/tamiflu\/","og_site_name":"Transtoyou - ET","article_modified_time":"2026-03-06T10:42:43+00:00","twitter_card":"summary_large_image","twitter_misc":{"Est. reading time":"1 minut"},"schema":{"@context":"https:\/\/schema.org","@graph":[{"@type":"WebPage","@id":"https:\/\/www.transtoyou.com\/et\/product\/tamiflu\/","url":"https:\/\/www.transtoyou.com\/et\/product\/tamiflu\/","name":"Tamiflu | Sihtotstarbeline gripi leevendamine ja ennetamine - Transtoyou","isPartOf":{"@id":"https:\/\/www.transtoyou.com\/et\/#website"},"primaryImageOfPage":{"@id":"https:\/\/www.transtoyou.com\/et\/product\/tamiflu\/#primaryimage"},"image":{"@id":"https:\/\/www.transtoyou.com\/et\/product\/tamiflu\/#primaryimage"},"thumbnailUrl":"https:\/\/www.transtoyou.com\/et\/wp-content\/uploads\/sites\/7\/2026\/01\/tty-no-product-image-61.webp","datePublished":"2026-01-23T23:23:03+00:00","dateModified":"2026-03-06T10:42:43+00:00","description":"Tamiflu, viirusevastane ravim gripi t\u00fc\u00fcpide A ja B jaoks, leevendab s\u00fcmptomeid. Osta n\u00fc\u00fcd Transtoyou's efektiivne gripikaitse.","breadcrumb":{"@id":"https:\/\/www.transtoyou.com\/et\/product\/tamiflu\/#breadcrumb"},"inLanguage":"et","potentialAction":[{"@type":"ReadAction","target":["https:\/\/www.transtoyou.com\/et\/product\/tamiflu\/"]}]},{"@type":"ImageObject","inLanguage":"et","@id":"https:\/\/www.transtoyou.com\/et\/product\/tamiflu\/#primaryimage","url":"https:\/\/www.transtoyou.com\/et\/wp-content\/uploads\/sites\/7\/2026\/01\/tty-no-product-image-61.webp","contentUrl":"https:\/\/www.transtoyou.com\/et\/wp-content\/uploads\/sites\/7\/2026\/01\/tty-no-product-image-61.webp","width":1000,"height":1000,"caption":"Vaikimisi toote pilt"},{"@type":"WebSite","@id":"https:\/\/www.transtoyou.com\/et\/#website","url":"https:\/\/www.transtoyou.com\/et\/","name":"Transtoyou - ET","description":"","publisher":{"@id":"https:\/\/www.transtoyou.com\/et\/#organization"},"potentialAction":[{"@type":"SearchAction","target":{"@type":"EntryPoint","urlTemplate":"https:\/\/www.transtoyou.com\/et\/?s={search_term_string}"},"query-input":{"@type":"PropertyValueSpecification","valueRequired":true,"valueName":"search_term_string"}}],"inLanguage":"et"},{"@type":"Organization","@id":"https:\/\/www.transtoyou.com\/et\/#organization","name":"Transtoyou - ET","url":"https:\/\/www.transtoyou.com\/et\/","logo":{"@type":"ImageObject","inLanguage":"et","@id":"https:\/\/www.transtoyou.com\/et\/#\/schema\/logo\/image\/","url":"https:\/\/www.transtoyou.com\/et\/wp-content\/uploads\/sites\/7\/2026\/01\/logo-tty-menu-bar-300x87-1.webp","contentUrl":"https:\/\/www.transtoyou.com\/et\/wp-content\/uploads\/sites\/7\/2026\/01\/logo-tty-menu-bar-300x87-1.webp","width":300,"height":87,"caption":"Transtoyou - ET"},"image":{"@id":"https:\/\/www.transtoyou.com\/et\/#\/schema\/logo\/image\/"}}]}},"_links":{"self":[{"href":"https:\/\/www.transtoyou.com\/et\/wp-json\/wp\/v2\/product\/907","targetHints":{"allow":["GET"]}}],"collection":[{"href":"https:\/\/www.transtoyou.com\/et\/wp-json\/wp\/v2\/product"}],"about":[{"href":"https:\/\/www.transtoyou.com\/et\/wp-json\/wp\/v2\/types\/product"}],"replies":[{"embeddable":true,"href":"https:\/\/www.transtoyou.com\/et\/wp-json\/wp\/v2\/comments?post=907"}],"wp:featuredmedia":[{"embeddable":true,"href":"https:\/\/www.transtoyou.com\/et\/wp-json\/wp\/v2\/media\/909"}],"wp:attachment":[{"href":"https:\/\/www.transtoyou.com\/et\/wp-json\/wp\/v2\/media?parent=907"}],"wp:term":[{"taxonomy":"product_brand","embeddable":true,"href":"https:\/\/www.transtoyou.com\/et\/wp-json\/wp\/v2\/product_brand?post=907"},{"taxonomy":"product_cat","embeddable":true,"href":"https:\/\/www.transtoyou.com\/et\/wp-json\/wp\/v2\/product_cat?post=907"},{"taxonomy":"product_tag","embeddable":true,"href":"https:\/\/www.transtoyou.com\/et\/wp-json\/wp\/v2\/product_tag?post=907"},{"taxonomy":"expert","embeddable":true,"href":"https:\/\/www.transtoyou.com\/et\/wp-json\/wp\/v2\/expert?post=907"}],"curies":[{"name":"wp","href":"https:\/\/api.w.org\/{rel}","templated":true}]}}