{"id":912,"date":"2026-01-24T01:54:53","date_gmt":"2026-01-23T23:54:53","guid":{"rendered":"https:\/\/www.transtoyou.com\/et\/product\/amitriptyline\/"},"modified":"2026-02-13T13:01:01","modified_gmt":"2026-02-13T11:01:01","slug":"amitriptyliin","status":"publish","type":"product","link":"https:\/\/www.transtoyou.com\/et\/product\/amitriptyliin\/","title":{"rendered":"Amitript\u00fcliin"},"content":{"rendered":"<p>Amitript\u00fcliin kasutatakse madalates annustes krooniliste valude, sealhulgas fibrom\u00fcalgia, juhtimiseks. Fibrom\u00fcalgia on keeruline seisund, millele on iseloomulik laialdane lihas-skeleti valu, v\u00e4simus, uneh\u00e4ired ja suurenenud tundlikkus survele. Amitript\u00fcliini ei kasutata depressiooni raviks, vaid f\u00fc\u00fcsiliste s\u00fcmptomite leevendamiseks ja elukvaliteedi parandamiseks.<\/p>\n<p>Amitript\u00fcliini toimemehhanism fibrom\u00fcalgia korral on seotud selle v\u00f5imega moduleerida valu signaale n\u00e4rvis\u00fcsteemis. See m\u00f5jutab teatud neurotransmitterite, sealhulgas serotoniini ja norepinefriini, taset, mis m\u00e4ngivad rolli selles, kuidas aju valu tajub. See aitab v\u00e4hendada valu intensiivsust, parandada une mustreid ja v\u00f5ib v\u00e4hendada v\u00e4simust v\u00f5i meeleoluh\u00e4ireid, mis sageli kaasnevad fibrom\u00fcalgiaga.<\/p>\n<p>Ravimit v\u00f5etakse tavaliselt madalates annustes, sageli \u00fcks kord p\u00e4evas \u00f5htul v\u00f5i enne magamaminekut. See ajakava toetab selle rahustavaid toimeid, mis v\u00f5ivad aidata fibrom\u00fcalgiaga inimesi, kellel on raskusi uinumise v\u00f5i une s\u00e4ilitamisega. Valu ja une paranemine v\u00f5ib v\u00f5tta mitu p\u00e4eva kuni paar n\u00e4dalat, et muutuda m\u00e4rgatavaks, ja annust v\u00f5ib kohandada vastavalt reaktsioonile ja taluvusele.<\/p>\n<p>Tavalised k\u00f5rvaltoimed v\u00f5ivad h\u00f5lmata suukuivust, uimasust, kehakaalu t\u00f5usu v\u00f5i k\u00f5hukinnisust. Need k\u00f5rvaltoimed on tavaliselt kerged ja v\u00f5ivad aja jooksul paraneda, kui keha harjub. Kuna ravimil on rahustavad omadused, on ettevaatlikkus soovitatav tegevuste tegemisel, mis n\u00f5uavad t\u00e4helepanelikkust, eriti ravimi alustamisel.<\/p>\n","protected":false},"excerpt":{"rendered":"<ul>\n<li>Madala annusega une tablett valu, une ja meeleolu jaoks<\/li>\n<li>Parandab n\u00e4rvivalu taluvust paaris n\u00e4dalaga<\/li>\n<li>Taskukohane, aastak\u00fcmnete pikkune ohutuse rekord<\/li>\n<\/ul>\n","protected":false},"featured_media":914,"comment_status":"open","ping_status":"closed","template":"","meta":[],"product_brand":[],"product_cat":[139],"product_tag":[],"expert":[21],"class_list":{"0":"post-912","1":"product","2":"type-product","3":"status-publish","4":"has-post-thumbnail","6":"product_cat-fibromualgia","7":"expert-dr-m-sharoyko","9":"first","10":"instock","11":"shipping-taxable","12":"product-type-variable"},"yoast_head":"<!-- This site is optimized with the Yoast SEO plugin v27.0 - https:\/\/yoast.com\/product\/yoast-seo-wordpress\/ -->\n<title>Amitriptyliin | Leevenda fibrom\u00fcalgia valu - Transtoyou<\/title>\n<meta name=\"description\" content=\"Amitript\u00fcliin aitab hallata fibrom\u00fcalgia valu, parandades und ja elukvaliteeti. Saadaval Transtoyou&#039;s mugavalt juba t\u00e4na.\" \/>\n<meta name=\"robots\" content=\"noindex, follow, max-snippet:-1, max-image-preview:large, max-video-preview:-1\" \/>\n<meta property=\"og:locale\" content=\"et_EE\" \/>\n<meta property=\"og:type\" content=\"article\" \/>\n<meta property=\"og:title\" content=\"Amitriptyliin | Leevenda fibrom\u00fcalgia valu - Transtoyou\" \/>\n<meta property=\"og:description\" content=\"Amitript\u00fcliin aitab hallata fibrom\u00fcalgia valu, parandades und ja elukvaliteeti. Saadaval Transtoyou&#039;s mugavalt juba t\u00e4na.\" \/>\n<meta property=\"og:url\" content=\"https:\/\/www.transtoyou.com\/et\/product\/amitriptyline\/\" \/>\n<meta property=\"og:site_name\" content=\"Transtoyou - ET\" \/>\n<meta property=\"article:modified_time\" content=\"2026-02-13T11:01:01+00:00\" \/>\n<meta name=\"twitter:card\" content=\"summary_large_image\" \/>\n<meta name=\"twitter:label1\" content=\"Est. reading time\" \/>\n\t<meta name=\"twitter:data1\" content=\"1 minut\" \/>\n<script type=\"application\/ld+json\" class=\"yoast-schema-graph\">{\"@context\":\"https:\/\/schema.org\",\"@graph\":[{\"@type\":\"WebPage\",\"@id\":\"https:\/\/www.transtoyou.com\/et\/product\/amitriptyline\/\",\"url\":\"https:\/\/www.transtoyou.com\/et\/product\/amitriptyline\/\",\"name\":\"Amitriptyliin | Leevenda fibrom\u00fcalgia valu - Transtoyou\",\"isPartOf\":{\"@id\":\"https:\/\/www.transtoyou.com\/et\/#website\"},\"primaryImageOfPage\":{\"@id\":\"https:\/\/www.transtoyou.com\/et\/product\/amitriptyline\/#primaryimage\"},\"image\":{\"@id\":\"https:\/\/www.transtoyou.com\/et\/product\/amitriptyline\/#primaryimage\"},\"thumbnailUrl\":\"https:\/\/www.transtoyou.com\/et\/wp-content\/uploads\/sites\/7\/2026\/01\/tty-no-product-image-63.webp\",\"datePublished\":\"2026-01-23T23:54:53+00:00\",\"dateModified\":\"2026-02-13T11:01:01+00:00\",\"description\":\"Amitript\u00fcliin aitab hallata fibrom\u00fcalgia valu, parandades und ja elukvaliteeti. Saadaval Transtoyou's mugavalt juba t\u00e4na.\",\"breadcrumb\":{\"@id\":\"https:\/\/www.transtoyou.com\/et\/product\/amitriptyline\/#breadcrumb\"},\"inLanguage\":\"et\",\"potentialAction\":[{\"@type\":\"ReadAction\",\"target\":[\"https:\/\/www.transtoyou.com\/et\/product\/amitriptyline\/\"]}]},{\"@type\":\"ImageObject\",\"inLanguage\":\"et\",\"@id\":\"https:\/\/www.transtoyou.com\/et\/product\/amitriptyline\/#primaryimage\",\"url\":\"https:\/\/www.transtoyou.com\/et\/wp-content\/uploads\/sites\/7\/2026\/01\/tty-no-product-image-63.webp\",\"contentUrl\":\"https:\/\/www.transtoyou.com\/et\/wp-content\/uploads\/sites\/7\/2026\/01\/tty-no-product-image-63.webp\",\"width\":1000,\"height\":1000,\"caption\":\"Vaikimisi toote pilt\"},{\"@type\":\"WebSite\",\"@id\":\"https:\/\/www.transtoyou.com\/et\/#website\",\"url\":\"https:\/\/www.transtoyou.com\/et\/\",\"name\":\"Transtoyou - ET\",\"description\":\"\",\"publisher\":{\"@id\":\"https:\/\/www.transtoyou.com\/et\/#organization\"},\"potentialAction\":[{\"@type\":\"SearchAction\",\"target\":{\"@type\":\"EntryPoint\",\"urlTemplate\":\"https:\/\/www.transtoyou.com\/et\/?s={search_term_string}\"},\"query-input\":{\"@type\":\"PropertyValueSpecification\",\"valueRequired\":true,\"valueName\":\"search_term_string\"}}],\"inLanguage\":\"et\"},{\"@type\":\"Organization\",\"@id\":\"https:\/\/www.transtoyou.com\/et\/#organization\",\"name\":\"Transtoyou - ET\",\"url\":\"https:\/\/www.transtoyou.com\/et\/\",\"logo\":{\"@type\":\"ImageObject\",\"inLanguage\":\"et\",\"@id\":\"https:\/\/www.transtoyou.com\/et\/#\/schema\/logo\/image\/\",\"url\":\"https:\/\/www.transtoyou.com\/et\/wp-content\/uploads\/sites\/7\/2026\/01\/logo-tty-menu-bar-300x87-1.webp\",\"contentUrl\":\"https:\/\/www.transtoyou.com\/et\/wp-content\/uploads\/sites\/7\/2026\/01\/logo-tty-menu-bar-300x87-1.webp\",\"width\":300,\"height\":87,\"caption\":\"Transtoyou - ET\"},\"image\":{\"@id\":\"https:\/\/www.transtoyou.com\/et\/#\/schema\/logo\/image\/\"}}]}<\/script>\n<!-- \/ Yoast SEO plugin. -->","yoast_head_json":{"title":"Amitriptyliin | Leevenda fibrom\u00fcalgia valu - Transtoyou","description":"Amitript\u00fcliin aitab hallata fibrom\u00fcalgia valu, parandades und ja elukvaliteeti. Saadaval Transtoyou's mugavalt juba t\u00e4na.","robots":{"index":"noindex","follow":"follow","max-snippet":"max-snippet:-1","max-image-preview":"max-image-preview:large","max-video-preview":"max-video-preview:-1"},"og_locale":"et_EE","og_type":"article","og_title":"Amitriptyliin | Leevenda fibrom\u00fcalgia valu - Transtoyou","og_description":"Amitript\u00fcliin aitab hallata fibrom\u00fcalgia valu, parandades und ja elukvaliteeti. Saadaval Transtoyou's mugavalt juba t\u00e4na.","og_url":"https:\/\/www.transtoyou.com\/et\/product\/amitriptyline\/","og_site_name":"Transtoyou - ET","article_modified_time":"2026-02-13T11:01:01+00:00","twitter_card":"summary_large_image","twitter_misc":{"Est. reading time":"1 minut"},"schema":{"@context":"https:\/\/schema.org","@graph":[{"@type":"WebPage","@id":"https:\/\/www.transtoyou.com\/et\/product\/amitriptyline\/","url":"https:\/\/www.transtoyou.com\/et\/product\/amitriptyline\/","name":"Amitriptyliin | Leevenda fibrom\u00fcalgia valu - Transtoyou","isPartOf":{"@id":"https:\/\/www.transtoyou.com\/et\/#website"},"primaryImageOfPage":{"@id":"https:\/\/www.transtoyou.com\/et\/product\/amitriptyline\/#primaryimage"},"image":{"@id":"https:\/\/www.transtoyou.com\/et\/product\/amitriptyline\/#primaryimage"},"thumbnailUrl":"https:\/\/www.transtoyou.com\/et\/wp-content\/uploads\/sites\/7\/2026\/01\/tty-no-product-image-63.webp","datePublished":"2026-01-23T23:54:53+00:00","dateModified":"2026-02-13T11:01:01+00:00","description":"Amitript\u00fcliin aitab hallata fibrom\u00fcalgia valu, parandades und ja elukvaliteeti. Saadaval Transtoyou's mugavalt juba t\u00e4na.","breadcrumb":{"@id":"https:\/\/www.transtoyou.com\/et\/product\/amitriptyline\/#breadcrumb"},"inLanguage":"et","potentialAction":[{"@type":"ReadAction","target":["https:\/\/www.transtoyou.com\/et\/product\/amitriptyline\/"]}]},{"@type":"ImageObject","inLanguage":"et","@id":"https:\/\/www.transtoyou.com\/et\/product\/amitriptyline\/#primaryimage","url":"https:\/\/www.transtoyou.com\/et\/wp-content\/uploads\/sites\/7\/2026\/01\/tty-no-product-image-63.webp","contentUrl":"https:\/\/www.transtoyou.com\/et\/wp-content\/uploads\/sites\/7\/2026\/01\/tty-no-product-image-63.webp","width":1000,"height":1000,"caption":"Vaikimisi toote pilt"},{"@type":"WebSite","@id":"https:\/\/www.transtoyou.com\/et\/#website","url":"https:\/\/www.transtoyou.com\/et\/","name":"Transtoyou - ET","description":"","publisher":{"@id":"https:\/\/www.transtoyou.com\/et\/#organization"},"potentialAction":[{"@type":"SearchAction","target":{"@type":"EntryPoint","urlTemplate":"https:\/\/www.transtoyou.com\/et\/?s={search_term_string}"},"query-input":{"@type":"PropertyValueSpecification","valueRequired":true,"valueName":"search_term_string"}}],"inLanguage":"et"},{"@type":"Organization","@id":"https:\/\/www.transtoyou.com\/et\/#organization","name":"Transtoyou - ET","url":"https:\/\/www.transtoyou.com\/et\/","logo":{"@type":"ImageObject","inLanguage":"et","@id":"https:\/\/www.transtoyou.com\/et\/#\/schema\/logo\/image\/","url":"https:\/\/www.transtoyou.com\/et\/wp-content\/uploads\/sites\/7\/2026\/01\/logo-tty-menu-bar-300x87-1.webp","contentUrl":"https:\/\/www.transtoyou.com\/et\/wp-content\/uploads\/sites\/7\/2026\/01\/logo-tty-menu-bar-300x87-1.webp","width":300,"height":87,"caption":"Transtoyou - ET"},"image":{"@id":"https:\/\/www.transtoyou.com\/et\/#\/schema\/logo\/image\/"}}]}},"_links":{"self":[{"href":"https:\/\/www.transtoyou.com\/et\/wp-json\/wp\/v2\/product\/912","targetHints":{"allow":["GET"]}}],"collection":[{"href":"https:\/\/www.transtoyou.com\/et\/wp-json\/wp\/v2\/product"}],"about":[{"href":"https:\/\/www.transtoyou.com\/et\/wp-json\/wp\/v2\/types\/product"}],"replies":[{"embeddable":true,"href":"https:\/\/www.transtoyou.com\/et\/wp-json\/wp\/v2\/comments?post=912"}],"wp:featuredmedia":[{"embeddable":true,"href":"https:\/\/www.transtoyou.com\/et\/wp-json\/wp\/v2\/media\/914"}],"wp:attachment":[{"href":"https:\/\/www.transtoyou.com\/et\/wp-json\/wp\/v2\/media?parent=912"}],"wp:term":[{"taxonomy":"product_brand","embeddable":true,"href":"https:\/\/www.transtoyou.com\/et\/wp-json\/wp\/v2\/product_brand?post=912"},{"taxonomy":"product_cat","embeddable":true,"href":"https:\/\/www.transtoyou.com\/et\/wp-json\/wp\/v2\/product_cat?post=912"},{"taxonomy":"product_tag","embeddable":true,"href":"https:\/\/www.transtoyou.com\/et\/wp-json\/wp\/v2\/product_tag?post=912"},{"taxonomy":"expert","embeddable":true,"href":"https:\/\/www.transtoyou.com\/et\/wp-json\/wp\/v2\/expert?post=912"}],"curies":[{"name":"wp","href":"https:\/\/api.w.org\/{rel}","templated":true}]}}