{"id":917,"date":"2026-01-24T02:27:17","date_gmt":"2026-01-24T00:27:17","guid":{"rendered":"https:\/\/www.transtoyou.com\/et\/product\/noriday\/"},"modified":"2026-01-24T02:28:07","modified_gmt":"2026-01-24T00:28:07","slug":"noripaev","status":"publish","type":"product","link":"https:\/\/www.transtoyou.com\/et\/product\/noripaev\/","title":{"rendered":"Noriday"},"content":{"rendered":"<p>Noriday on progestogeeni sisaldav rasestumisvastane tablett, mida tuntakse ka kui mini tablett. See sisaldab norethisterooni, s\u00fcnteetilist versiooni hormoonist progesteroon, ja seda kasutatakse raseduse ennetamiseks. Noriday on \u00f6strogeeni vaba valik, mist\u00f5ttu sobib see inimestele, kes ei saa v\u00f5i ei soovi v\u00f5tta \u00f6strogeeni sisaldavaid rasestumisvastaseid vahendeid.<\/p>\n<p>See tablett toimib peamiselt emakakaela lima paksendamise kaudu, mis aitab v\u00e4hendada sperma j\u00f5udmise t\u00f5en\u00e4osust munarakuni. See m\u00f5jutab ka emaka limaskesta, et v\u00e4hendada implantatsiooni t\u00f5en\u00e4osust. M\u00f5nel inimesel v\u00f5ib see samuti ovulatsiooni p\u00e4rssida, kuid see ei ole selle peamine toimemehhanism. Noriday&#8217;t tuleb v\u00f5tta iga p\u00e4ev samal ajal, ilma pausideta pakendite vahel.<\/p>\n<p>Noriday v\u00f5ib olla sobiv valik naistele, kes imetavad, on \u00fcle 35-aastased v\u00f5i kellel on terviseriskid, mis muudavad kombineeritud tabletid sobimatuks. Seda v\u00f5ivad valida ka inimesed, kes otsivad madala annusega, hormoonip\u00f5hist rasestumisvastast vahendit. Nagu paljude mini tablettide puhul, kogevad m\u00f5ned kasutajad muutusi oma menstruatsiooni veritsuse mustris, n\u00e4iteks plekid, ebaregulaarsed ts\u00fcklid v\u00f5i menstruatsiooni t\u00e4ielik puudumine.<\/p>\n<p>Selle efektiivsuse s\u00e4ilitamiseks tuleb Noriday&#8217;t v\u00f5tta iga p\u00e4ev kolme tunni jooksul. Kui seda v\u00f5etakse hiljem kui see, v\u00f5ib rasestumisvastane kaitse v\u00e4heneda ning j\u00e4rgmise kahe p\u00e4eva jooksul soovitatakse kasutada t\u00e4iendavat rasestumisvastast kaitset. Noriday pakub diskreetset ja usaldusv\u00e4\u00e4rset valikut neile, kes otsivad hormoonip\u00f5hist rasestumisvastast vahendit ilma \u00f6strogeenita, kui seda kasutatakse \u00f5igesti.<\/p>\n","protected":false},"excerpt":{"rendered":"<ul>\n<li>\u00d6strogeeni vaba igap\u00e4evane tablett<\/li>\n<li>Paksendab emakakaela lima ja muudab emaka limaskesta<\/li>\n<li>Soovitatav \u00f6strogeeni talumatusega inimestele<\/li>\n<\/ul>\n","protected":false},"featured_media":919,"comment_status":"open","ping_status":"closed","template":"","meta":[],"product_brand":[],"product_cat":[169],"product_tag":[],"expert":[19],"class_list":{"0":"post-917","1":"product","2":"type-product","3":"status-publish","4":"has-post-thumbnail","6":"product_cat-mini-tablett","7":"expert-dr-j-vazquez","9":"first","10":"instock","11":"shipping-taxable","12":"product-type-variable"},"yoast_head":"<!-- This site is optimized with the Yoast SEO plugin v27.0 - https:\/\/yoast.com\/product\/yoast-seo-wordpress\/ -->\n<title>Noriday | Estrogeeni Vaba Rasestumisvastane Pill - Transtoyou<\/title>\n<meta name=\"description\" content=\"Noriday mini pill, \u00f6strogeeni-vaba rasestumisvastane vahend, paksendab emakakaela limaskesta raseduse v\u00e4ltimiseks. Osta Noriday t\u00e4na tasakaalustatud valik!\" \/>\n<meta name=\"robots\" content=\"noindex, follow, max-snippet:-1, max-image-preview:large, max-video-preview:-1\" \/>\n<meta property=\"og:locale\" content=\"et_EE\" \/>\n<meta property=\"og:type\" content=\"article\" \/>\n<meta property=\"og:title\" content=\"Noriday | Estrogeeni Vaba Rasestumisvastane Pill - Transtoyou\" \/>\n<meta property=\"og:description\" content=\"Noriday mini pill, \u00f6strogeeni-vaba rasestumisvastane vahend, paksendab emakakaela limaskesta raseduse v\u00e4ltimiseks. Osta Noriday t\u00e4na tasakaalustatud valik!\" \/>\n<meta property=\"og:url\" content=\"https:\/\/www.transtoyou.com\/et\/product\/noriday\/\" \/>\n<meta property=\"og:site_name\" content=\"Transtoyou - ET\" \/>\n<meta property=\"article:modified_time\" content=\"2026-01-24T00:28:07+00:00\" \/>\n<meta name=\"twitter:card\" content=\"summary_large_image\" \/>\n<meta name=\"twitter:label1\" content=\"Est. reading time\" \/>\n\t<meta name=\"twitter:data1\" content=\"1 minut\" \/>\n<script type=\"application\/ld+json\" class=\"yoast-schema-graph\">{\"@context\":\"https:\/\/schema.org\",\"@graph\":[{\"@type\":\"WebPage\",\"@id\":\"https:\/\/www.transtoyou.com\/et\/product\/noriday\/\",\"url\":\"https:\/\/www.transtoyou.com\/et\/product\/noriday\/\",\"name\":\"Noriday | Estrogeeni Vaba Rasestumisvastane Pill - Transtoyou\",\"isPartOf\":{\"@id\":\"https:\/\/www.transtoyou.com\/et\/#website\"},\"primaryImageOfPage\":{\"@id\":\"https:\/\/www.transtoyou.com\/et\/product\/noriday\/#primaryimage\"},\"image\":{\"@id\":\"https:\/\/www.transtoyou.com\/et\/product\/noriday\/#primaryimage\"},\"thumbnailUrl\":\"https:\/\/www.transtoyou.com\/et\/wp-content\/uploads\/sites\/7\/2026\/01\/tty-no-product-image-65.webp\",\"datePublished\":\"2026-01-24T00:27:17+00:00\",\"dateModified\":\"2026-01-24T00:28:07+00:00\",\"description\":\"Noriday mini pill, \u00f6strogeeni-vaba rasestumisvastane vahend, paksendab emakakaela limaskesta raseduse v\u00e4ltimiseks. Osta Noriday t\u00e4na tasakaalustatud valik!\",\"breadcrumb\":{\"@id\":\"https:\/\/www.transtoyou.com\/et\/product\/noriday\/#breadcrumb\"},\"inLanguage\":\"et\",\"potentialAction\":[{\"@type\":\"ReadAction\",\"target\":[\"https:\/\/www.transtoyou.com\/et\/product\/noriday\/\"]}]},{\"@type\":\"ImageObject\",\"inLanguage\":\"et\",\"@id\":\"https:\/\/www.transtoyou.com\/et\/product\/noriday\/#primaryimage\",\"url\":\"https:\/\/www.transtoyou.com\/et\/wp-content\/uploads\/sites\/7\/2026\/01\/tty-no-product-image-65.webp\",\"contentUrl\":\"https:\/\/www.transtoyou.com\/et\/wp-content\/uploads\/sites\/7\/2026\/01\/tty-no-product-image-65.webp\",\"width\":1000,\"height\":1000,\"caption\":\"Vaikimisi toote pilt\"},{\"@type\":\"WebSite\",\"@id\":\"https:\/\/www.transtoyou.com\/et\/#website\",\"url\":\"https:\/\/www.transtoyou.com\/et\/\",\"name\":\"Transtoyou - ET\",\"description\":\"\",\"publisher\":{\"@id\":\"https:\/\/www.transtoyou.com\/et\/#organization\"},\"potentialAction\":[{\"@type\":\"SearchAction\",\"target\":{\"@type\":\"EntryPoint\",\"urlTemplate\":\"https:\/\/www.transtoyou.com\/et\/?s={search_term_string}\"},\"query-input\":{\"@type\":\"PropertyValueSpecification\",\"valueRequired\":true,\"valueName\":\"search_term_string\"}}],\"inLanguage\":\"et\"},{\"@type\":\"Organization\",\"@id\":\"https:\/\/www.transtoyou.com\/et\/#organization\",\"name\":\"Transtoyou - ET\",\"url\":\"https:\/\/www.transtoyou.com\/et\/\",\"logo\":{\"@type\":\"ImageObject\",\"inLanguage\":\"et\",\"@id\":\"https:\/\/www.transtoyou.com\/et\/#\/schema\/logo\/image\/\",\"url\":\"https:\/\/www.transtoyou.com\/et\/wp-content\/uploads\/sites\/7\/2026\/01\/logo-tty-menu-bar-300x87-1.webp\",\"contentUrl\":\"https:\/\/www.transtoyou.com\/et\/wp-content\/uploads\/sites\/7\/2026\/01\/logo-tty-menu-bar-300x87-1.webp\",\"width\":300,\"height\":87,\"caption\":\"Transtoyou - ET\"},\"image\":{\"@id\":\"https:\/\/www.transtoyou.com\/et\/#\/schema\/logo\/image\/\"}}]}<\/script>\n<!-- \/ Yoast SEO plugin. -->","yoast_head_json":{"title":"Noriday | Estrogeeni Vaba Rasestumisvastane Pill - Transtoyou","description":"Noriday mini pill, \u00f6strogeeni-vaba rasestumisvastane vahend, paksendab emakakaela limaskesta raseduse v\u00e4ltimiseks. Osta Noriday t\u00e4na tasakaalustatud valik!","robots":{"index":"noindex","follow":"follow","max-snippet":"max-snippet:-1","max-image-preview":"max-image-preview:large","max-video-preview":"max-video-preview:-1"},"og_locale":"et_EE","og_type":"article","og_title":"Noriday | Estrogeeni Vaba Rasestumisvastane Pill - Transtoyou","og_description":"Noriday mini pill, \u00f6strogeeni-vaba rasestumisvastane vahend, paksendab emakakaela limaskesta raseduse v\u00e4ltimiseks. Osta Noriday t\u00e4na tasakaalustatud valik!","og_url":"https:\/\/www.transtoyou.com\/et\/product\/noriday\/","og_site_name":"Transtoyou - ET","article_modified_time":"2026-01-24T00:28:07+00:00","twitter_card":"summary_large_image","twitter_misc":{"Est. reading time":"1 minut"},"schema":{"@context":"https:\/\/schema.org","@graph":[{"@type":"WebPage","@id":"https:\/\/www.transtoyou.com\/et\/product\/noriday\/","url":"https:\/\/www.transtoyou.com\/et\/product\/noriday\/","name":"Noriday | Estrogeeni Vaba Rasestumisvastane Pill - Transtoyou","isPartOf":{"@id":"https:\/\/www.transtoyou.com\/et\/#website"},"primaryImageOfPage":{"@id":"https:\/\/www.transtoyou.com\/et\/product\/noriday\/#primaryimage"},"image":{"@id":"https:\/\/www.transtoyou.com\/et\/product\/noriday\/#primaryimage"},"thumbnailUrl":"https:\/\/www.transtoyou.com\/et\/wp-content\/uploads\/sites\/7\/2026\/01\/tty-no-product-image-65.webp","datePublished":"2026-01-24T00:27:17+00:00","dateModified":"2026-01-24T00:28:07+00:00","description":"Noriday mini pill, \u00f6strogeeni-vaba rasestumisvastane vahend, paksendab emakakaela limaskesta raseduse v\u00e4ltimiseks. Osta Noriday t\u00e4na tasakaalustatud valik!","breadcrumb":{"@id":"https:\/\/www.transtoyou.com\/et\/product\/noriday\/#breadcrumb"},"inLanguage":"et","potentialAction":[{"@type":"ReadAction","target":["https:\/\/www.transtoyou.com\/et\/product\/noriday\/"]}]},{"@type":"ImageObject","inLanguage":"et","@id":"https:\/\/www.transtoyou.com\/et\/product\/noriday\/#primaryimage","url":"https:\/\/www.transtoyou.com\/et\/wp-content\/uploads\/sites\/7\/2026\/01\/tty-no-product-image-65.webp","contentUrl":"https:\/\/www.transtoyou.com\/et\/wp-content\/uploads\/sites\/7\/2026\/01\/tty-no-product-image-65.webp","width":1000,"height":1000,"caption":"Vaikimisi toote pilt"},{"@type":"WebSite","@id":"https:\/\/www.transtoyou.com\/et\/#website","url":"https:\/\/www.transtoyou.com\/et\/","name":"Transtoyou - ET","description":"","publisher":{"@id":"https:\/\/www.transtoyou.com\/et\/#organization"},"potentialAction":[{"@type":"SearchAction","target":{"@type":"EntryPoint","urlTemplate":"https:\/\/www.transtoyou.com\/et\/?s={search_term_string}"},"query-input":{"@type":"PropertyValueSpecification","valueRequired":true,"valueName":"search_term_string"}}],"inLanguage":"et"},{"@type":"Organization","@id":"https:\/\/www.transtoyou.com\/et\/#organization","name":"Transtoyou - ET","url":"https:\/\/www.transtoyou.com\/et\/","logo":{"@type":"ImageObject","inLanguage":"et","@id":"https:\/\/www.transtoyou.com\/et\/#\/schema\/logo\/image\/","url":"https:\/\/www.transtoyou.com\/et\/wp-content\/uploads\/sites\/7\/2026\/01\/logo-tty-menu-bar-300x87-1.webp","contentUrl":"https:\/\/www.transtoyou.com\/et\/wp-content\/uploads\/sites\/7\/2026\/01\/logo-tty-menu-bar-300x87-1.webp","width":300,"height":87,"caption":"Transtoyou - ET"},"image":{"@id":"https:\/\/www.transtoyou.com\/et\/#\/schema\/logo\/image\/"}}]}},"_links":{"self":[{"href":"https:\/\/www.transtoyou.com\/et\/wp-json\/wp\/v2\/product\/917","targetHints":{"allow":["GET"]}}],"collection":[{"href":"https:\/\/www.transtoyou.com\/et\/wp-json\/wp\/v2\/product"}],"about":[{"href":"https:\/\/www.transtoyou.com\/et\/wp-json\/wp\/v2\/types\/product"}],"replies":[{"embeddable":true,"href":"https:\/\/www.transtoyou.com\/et\/wp-json\/wp\/v2\/comments?post=917"}],"wp:featuredmedia":[{"embeddable":true,"href":"https:\/\/www.transtoyou.com\/et\/wp-json\/wp\/v2\/media\/919"}],"wp:attachment":[{"href":"https:\/\/www.transtoyou.com\/et\/wp-json\/wp\/v2\/media?parent=917"}],"wp:term":[{"taxonomy":"product_brand","embeddable":true,"href":"https:\/\/www.transtoyou.com\/et\/wp-json\/wp\/v2\/product_brand?post=917"},{"taxonomy":"product_cat","embeddable":true,"href":"https:\/\/www.transtoyou.com\/et\/wp-json\/wp\/v2\/product_cat?post=917"},{"taxonomy":"product_tag","embeddable":true,"href":"https:\/\/www.transtoyou.com\/et\/wp-json\/wp\/v2\/product_tag?post=917"},{"taxonomy":"expert","embeddable":true,"href":"https:\/\/www.transtoyou.com\/et\/wp-json\/wp\/v2\/expert?post=917"}],"curies":[{"name":"wp","href":"https:\/\/api.w.org\/{rel}","templated":true}]}}