{"id":923,"date":"2026-01-24T02:54:49","date_gmt":"2026-01-24T00:54:49","guid":{"rendered":"https:\/\/www.transtoyou.com\/et\/product\/lyrica\/"},"modified":"2026-02-25T09:15:03","modified_gmt":"2026-02-25T07:15:03","slug":"lyrica","status":"publish","type":"product","link":"https:\/\/www.transtoyou.com\/et\/product\/lyrica\/","title":{"rendered":"Lyrica"},"content":{"rendered":"<p>Lyrica, tuntud ka oma geneerilise nime pregabaliinina, on retseptiravim, mida kasutatakse n\u00e4rvivalu ja fibrom\u00fcalgia raviks. See on samuti heaks kiidetud \u00fcldise \u00e4revush\u00e4ire raviks ja osaliste krampide abiravina. Lyrica toimib, rahustades \u00fcleaktiivseid n\u00e4rvi signaale ajus ja seljaajus, mis p\u00f5hjustavad kroonilist valu, tundlikkust v\u00f5i ebanormaalseid aistinguid.<\/p>\n<p>Seda m\u00e4\u00e4ratakse sageli diabeedi, v\u00f6\u00f6tohatise (postherpeetiline neuralgia) v\u00f5i seljaaju vigastusega seotud n\u00e4rvivalu korral. Fibrom\u00fcalgia korral v\u00f5ib see aidata leevendada laialdast valu, lihashellust ja v\u00e4simust. Erinevalt opioididest ei m\u00f5ju Lyrica otse valu retseptoritele, vaid moduleerib kaltsiumikanaleid n\u00e4rvis\u00fcsteemis, et v\u00e4hendada liigset n\u00e4rviaktiivsust.<\/p>\n<p>Lyricat v\u00f5etakse suu kaudu, tavaliselt kaks korda p\u00e4evas, ja annuseid kohandatakse j\u00e4rk-j\u00e4rgult, et tasakaalustada efektiivsust ja talutavust. Enamik kasutajaid hakkab esimesel n\u00e4dalal tundma mingit leevendust, kuigi t\u00e4ieliku kasu saavutamiseks v\u00f5ib kuluda mitu n\u00e4dalat. M\u00f5ned levinud k\u00f5rvaltoimed h\u00f5lmavad uimasust, unisust, turset v\u00f5i suukuivust. Need efektid paranevad sageli, kui keha harjub ravimiga.<\/p>\n","protected":false},"excerpt":{"rendered":"<ul>\n<li>Sihtotstarbeline leevendus n\u00e4rvipainete ja fibrom\u00fcalgia jaoks<\/li>\n<li>Moduleerib n\u00e4rvi signaale ebamugavuse v\u00e4hendamiseks<\/li>\n<li>Mittopioidne, suukaudne ravi, mida v\u00f5etakse regulaarselt<\/li>\n<\/ul>\n","protected":false},"featured_media":925,"comment_status":"open","ping_status":"closed","template":"","meta":[],"product_brand":[],"product_cat":[139,170],"product_tag":[],"expert":[19],"class_list":{"0":"post-923","1":"product","2":"type-product","3":"status-publish","4":"has-post-thumbnail","6":"product_cat-fibromualgia","7":"product_cat-narvipain","8":"expert-dr-j-vazquez","10":"first","11":"instock","12":"shipping-taxable","13":"product-type-variable"},"yoast_head":"<!-- This site is optimized with the Yoast SEO plugin v27.0 - https:\/\/yoast.com\/product\/yoast-seo-wordpress\/ -->\n<title>Lyrica | N\u00e4rvipainete leevendus ja fibrom\u00fcalgia ravi - Transtoyou<\/title>\n<meta name=\"description\" content=\"Lyrica leevendab n\u00e4rvipainet, fibrom\u00fcalgiat ja \u00e4revust. Uuri selle eeliseid juba t\u00e4na Transtoyou&#039;s, kus eksperthooldus kohtub mugavusega.\" \/>\n<meta name=\"robots\" content=\"noindex, follow, max-snippet:-1, max-image-preview:large, max-video-preview:-1\" \/>\n<meta property=\"og:locale\" content=\"et_EE\" \/>\n<meta property=\"og:type\" content=\"article\" \/>\n<meta property=\"og:title\" content=\"Lyrica | N\u00e4rvipainete leevendus ja fibrom\u00fcalgia ravi - Transtoyou\" \/>\n<meta property=\"og:description\" content=\"Lyrica leevendab n\u00e4rvipainet, fibrom\u00fcalgiat ja \u00e4revust. Uuri selle eeliseid juba t\u00e4na Transtoyou&#039;s, kus eksperthooldus kohtub mugavusega.\" \/>\n<meta property=\"og:url\" content=\"https:\/\/www.transtoyou.com\/et\/product\/lyrica\/\" \/>\n<meta property=\"og:site_name\" content=\"Transtoyou - ET\" \/>\n<meta property=\"article:modified_time\" content=\"2026-02-25T07:15:03+00:00\" \/>\n<meta name=\"twitter:card\" content=\"summary_large_image\" \/>\n<meta name=\"twitter:label1\" content=\"Est. reading time\" \/>\n\t<meta name=\"twitter:data1\" content=\"1 minut\" \/>\n<script type=\"application\/ld+json\" class=\"yoast-schema-graph\">{\"@context\":\"https:\/\/schema.org\",\"@graph\":[{\"@type\":\"WebPage\",\"@id\":\"https:\/\/www.transtoyou.com\/et\/product\/lyrica\/\",\"url\":\"https:\/\/www.transtoyou.com\/et\/product\/lyrica\/\",\"name\":\"Lyrica | N\u00e4rvipainete leevendus ja fibrom\u00fcalgia ravi - Transtoyou\",\"isPartOf\":{\"@id\":\"https:\/\/www.transtoyou.com\/et\/#website\"},\"primaryImageOfPage\":{\"@id\":\"https:\/\/www.transtoyou.com\/et\/product\/lyrica\/#primaryimage\"},\"image\":{\"@id\":\"https:\/\/www.transtoyou.com\/et\/product\/lyrica\/#primaryimage\"},\"thumbnailUrl\":\"https:\/\/www.transtoyou.com\/et\/wp-content\/uploads\/sites\/7\/2026\/01\/tty-no-product-image-67.webp\",\"datePublished\":\"2026-01-24T00:54:49+00:00\",\"dateModified\":\"2026-02-25T07:15:03+00:00\",\"description\":\"Lyrica leevendab n\u00e4rvipainet, fibrom\u00fcalgiat ja \u00e4revust. Uuri selle eeliseid juba t\u00e4na Transtoyou's, kus eksperthooldus kohtub mugavusega.\",\"breadcrumb\":{\"@id\":\"https:\/\/www.transtoyou.com\/et\/product\/lyrica\/#breadcrumb\"},\"inLanguage\":\"et\",\"potentialAction\":[{\"@type\":\"ReadAction\",\"target\":[\"https:\/\/www.transtoyou.com\/et\/product\/lyrica\/\"]}]},{\"@type\":\"ImageObject\",\"inLanguage\":\"et\",\"@id\":\"https:\/\/www.transtoyou.com\/et\/product\/lyrica\/#primaryimage\",\"url\":\"https:\/\/www.transtoyou.com\/et\/wp-content\/uploads\/sites\/7\/2026\/01\/tty-no-product-image-67.webp\",\"contentUrl\":\"https:\/\/www.transtoyou.com\/et\/wp-content\/uploads\/sites\/7\/2026\/01\/tty-no-product-image-67.webp\",\"width\":1000,\"height\":1000,\"caption\":\"Vaikimisi toote pilt\"},{\"@type\":\"WebSite\",\"@id\":\"https:\/\/www.transtoyou.com\/et\/#website\",\"url\":\"https:\/\/www.transtoyou.com\/et\/\",\"name\":\"Transtoyou - ET\",\"description\":\"\",\"publisher\":{\"@id\":\"https:\/\/www.transtoyou.com\/et\/#organization\"},\"potentialAction\":[{\"@type\":\"SearchAction\",\"target\":{\"@type\":\"EntryPoint\",\"urlTemplate\":\"https:\/\/www.transtoyou.com\/et\/?s={search_term_string}\"},\"query-input\":{\"@type\":\"PropertyValueSpecification\",\"valueRequired\":true,\"valueName\":\"search_term_string\"}}],\"inLanguage\":\"et\"},{\"@type\":\"Organization\",\"@id\":\"https:\/\/www.transtoyou.com\/et\/#organization\",\"name\":\"Transtoyou - ET\",\"url\":\"https:\/\/www.transtoyou.com\/et\/\",\"logo\":{\"@type\":\"ImageObject\",\"inLanguage\":\"et\",\"@id\":\"https:\/\/www.transtoyou.com\/et\/#\/schema\/logo\/image\/\",\"url\":\"https:\/\/www.transtoyou.com\/et\/wp-content\/uploads\/sites\/7\/2026\/01\/logo-tty-menu-bar-300x87-1.webp\",\"contentUrl\":\"https:\/\/www.transtoyou.com\/et\/wp-content\/uploads\/sites\/7\/2026\/01\/logo-tty-menu-bar-300x87-1.webp\",\"width\":300,\"height\":87,\"caption\":\"Transtoyou - ET\"},\"image\":{\"@id\":\"https:\/\/www.transtoyou.com\/et\/#\/schema\/logo\/image\/\"}}]}<\/script>\n<!-- \/ Yoast SEO plugin. -->","yoast_head_json":{"title":"Lyrica | N\u00e4rvipainete leevendus ja fibrom\u00fcalgia ravi - Transtoyou","description":"Lyrica leevendab n\u00e4rvipainet, fibrom\u00fcalgiat ja \u00e4revust. Uuri selle eeliseid juba t\u00e4na Transtoyou's, kus eksperthooldus kohtub mugavusega.","robots":{"index":"noindex","follow":"follow","max-snippet":"max-snippet:-1","max-image-preview":"max-image-preview:large","max-video-preview":"max-video-preview:-1"},"og_locale":"et_EE","og_type":"article","og_title":"Lyrica | N\u00e4rvipainete leevendus ja fibrom\u00fcalgia ravi - Transtoyou","og_description":"Lyrica leevendab n\u00e4rvipainet, fibrom\u00fcalgiat ja \u00e4revust. Uuri selle eeliseid juba t\u00e4na Transtoyou's, kus eksperthooldus kohtub mugavusega.","og_url":"https:\/\/www.transtoyou.com\/et\/product\/lyrica\/","og_site_name":"Transtoyou - ET","article_modified_time":"2026-02-25T07:15:03+00:00","twitter_card":"summary_large_image","twitter_misc":{"Est. reading time":"1 minut"},"schema":{"@context":"https:\/\/schema.org","@graph":[{"@type":"WebPage","@id":"https:\/\/www.transtoyou.com\/et\/product\/lyrica\/","url":"https:\/\/www.transtoyou.com\/et\/product\/lyrica\/","name":"Lyrica | N\u00e4rvipainete leevendus ja fibrom\u00fcalgia ravi - Transtoyou","isPartOf":{"@id":"https:\/\/www.transtoyou.com\/et\/#website"},"primaryImageOfPage":{"@id":"https:\/\/www.transtoyou.com\/et\/product\/lyrica\/#primaryimage"},"image":{"@id":"https:\/\/www.transtoyou.com\/et\/product\/lyrica\/#primaryimage"},"thumbnailUrl":"https:\/\/www.transtoyou.com\/et\/wp-content\/uploads\/sites\/7\/2026\/01\/tty-no-product-image-67.webp","datePublished":"2026-01-24T00:54:49+00:00","dateModified":"2026-02-25T07:15:03+00:00","description":"Lyrica leevendab n\u00e4rvipainet, fibrom\u00fcalgiat ja \u00e4revust. Uuri selle eeliseid juba t\u00e4na Transtoyou's, kus eksperthooldus kohtub mugavusega.","breadcrumb":{"@id":"https:\/\/www.transtoyou.com\/et\/product\/lyrica\/#breadcrumb"},"inLanguage":"et","potentialAction":[{"@type":"ReadAction","target":["https:\/\/www.transtoyou.com\/et\/product\/lyrica\/"]}]},{"@type":"ImageObject","inLanguage":"et","@id":"https:\/\/www.transtoyou.com\/et\/product\/lyrica\/#primaryimage","url":"https:\/\/www.transtoyou.com\/et\/wp-content\/uploads\/sites\/7\/2026\/01\/tty-no-product-image-67.webp","contentUrl":"https:\/\/www.transtoyou.com\/et\/wp-content\/uploads\/sites\/7\/2026\/01\/tty-no-product-image-67.webp","width":1000,"height":1000,"caption":"Vaikimisi toote pilt"},{"@type":"WebSite","@id":"https:\/\/www.transtoyou.com\/et\/#website","url":"https:\/\/www.transtoyou.com\/et\/","name":"Transtoyou - ET","description":"","publisher":{"@id":"https:\/\/www.transtoyou.com\/et\/#organization"},"potentialAction":[{"@type":"SearchAction","target":{"@type":"EntryPoint","urlTemplate":"https:\/\/www.transtoyou.com\/et\/?s={search_term_string}"},"query-input":{"@type":"PropertyValueSpecification","valueRequired":true,"valueName":"search_term_string"}}],"inLanguage":"et"},{"@type":"Organization","@id":"https:\/\/www.transtoyou.com\/et\/#organization","name":"Transtoyou - ET","url":"https:\/\/www.transtoyou.com\/et\/","logo":{"@type":"ImageObject","inLanguage":"et","@id":"https:\/\/www.transtoyou.com\/et\/#\/schema\/logo\/image\/","url":"https:\/\/www.transtoyou.com\/et\/wp-content\/uploads\/sites\/7\/2026\/01\/logo-tty-menu-bar-300x87-1.webp","contentUrl":"https:\/\/www.transtoyou.com\/et\/wp-content\/uploads\/sites\/7\/2026\/01\/logo-tty-menu-bar-300x87-1.webp","width":300,"height":87,"caption":"Transtoyou - ET"},"image":{"@id":"https:\/\/www.transtoyou.com\/et\/#\/schema\/logo\/image\/"}}]}},"_links":{"self":[{"href":"https:\/\/www.transtoyou.com\/et\/wp-json\/wp\/v2\/product\/923","targetHints":{"allow":["GET"]}}],"collection":[{"href":"https:\/\/www.transtoyou.com\/et\/wp-json\/wp\/v2\/product"}],"about":[{"href":"https:\/\/www.transtoyou.com\/et\/wp-json\/wp\/v2\/types\/product"}],"replies":[{"embeddable":true,"href":"https:\/\/www.transtoyou.com\/et\/wp-json\/wp\/v2\/comments?post=923"}],"wp:featuredmedia":[{"embeddable":true,"href":"https:\/\/www.transtoyou.com\/et\/wp-json\/wp\/v2\/media\/925"}],"wp:attachment":[{"href":"https:\/\/www.transtoyou.com\/et\/wp-json\/wp\/v2\/media?parent=923"}],"wp:term":[{"taxonomy":"product_brand","embeddable":true,"href":"https:\/\/www.transtoyou.com\/et\/wp-json\/wp\/v2\/product_brand?post=923"},{"taxonomy":"product_cat","embeddable":true,"href":"https:\/\/www.transtoyou.com\/et\/wp-json\/wp\/v2\/product_cat?post=923"},{"taxonomy":"product_tag","embeddable":true,"href":"https:\/\/www.transtoyou.com\/et\/wp-json\/wp\/v2\/product_tag?post=923"},{"taxonomy":"expert","embeddable":true,"href":"https:\/\/www.transtoyou.com\/et\/wp-json\/wp\/v2\/expert?post=923"}],"curies":[{"name":"wp","href":"https:\/\/api.w.org\/{rel}","templated":true}]}}