{"id":926,"date":"2026-01-24T03:08:33","date_gmt":"2026-01-24T01:08:33","guid":{"rendered":"https:\/\/www.transtoyou.com\/et\/product\/alendronic-acid\/"},"modified":"2026-02-05T13:53:52","modified_gmt":"2026-02-05T11:53:52","slug":"alendronhappe","status":"publish","type":"product","link":"https:\/\/www.transtoyou.com\/et\/product\/alendronhappe\/","title":{"rendered":"Alendroonhape"},"content":{"rendered":"<p>Alendroonhape on ravim, mida kasutatakse osteoporoosi ennetamiseks ja raviks, seisund, kus luud muutuvad n\u00f5rgaks ja hapraks. See kuulub bisfosfonaatide klassi, mis toimivad, aeglustades luude lagunemise m\u00e4\u00e4ra kehas. See aitab s\u00e4ilitada luutihedust ja v\u00e4hendada luumurdude riski, eriti selgroos, puusades ja randmetes.<\/p>\n<p>Alendroonhapet m\u00e4\u00e4ratakse k\u00f5ige sagedamini postmenopausis naistele ja inimestele, kellel on suurenenud luukaotuse risk vanuse, pikaajalise steroidide kasutamise v\u00f5i aluseks olevate terviseprobleemide t\u00f5ttu. Aeglustades luude vahetust, tugevdab see luid ja toetab pikaajalist skeletitervist.<\/p>\n<p>Tavaliselt v\u00f5etakse seda \u00fcks kord n\u00e4dalas tableti kujul. Imendumise maksimeerimiseks ja s\u00f6\u00f6gitoru \u00e4rrituse v\u00e4ltimiseks tuleks tablett alla neelata tervelt koos t\u00e4is klaasi veega t\u00fchja k\u00f5huga. Kasutajad peavad p\u00e4rast annuse v\u00f5tmist p\u00fcsima p\u00fcsti v\u00e4hemalt 30 minutit ning peaksid selle aja jooksul v\u00e4ltima s\u00f6\u00f6mist ja joomist (v\u00e4lja arvatud vesi) v\u00f5i teiste ravimite v\u00f5tmist.<\/p>\n","protected":false},"excerpt":{"rendered":"<ul>\n<li>N\u00e4dalane tablett luude tugevdamiseks<\/li>\n<li>V\u00e4hendab luumurdude riski<\/li>\n<li>Aeglustab luude kadu osteoporoosi korral<\/li>\n<\/ul>\n","protected":false},"featured_media":928,"comment_status":"open","ping_status":"closed","template":"","meta":[],"product_brand":[],"product_cat":[171],"product_tag":[],"expert":[21],"class_list":{"0":"post-926","1":"product","2":"type-product","3":"status-publish","4":"has-post-thumbnail","6":"product_cat-osteoporoos","7":"expert-dr-m-sharoyko","9":"first","10":"instock","11":"shipping-taxable","12":"product-type-variable"},"yoast_head":"<!-- This site is optimized with the Yoast SEO plugin v27.0 - https:\/\/yoast.com\/product\/yoast-seo-wordpress\/ -->\n<title>Alendroonhape | Tugevdab luid, v\u00e4hendab luumurde - Transtoyou<\/title>\n<meta name=\"description\" content=\"Alendroonhape, n\u00fc\u00fcd saadaval Transtoyou&#039;s, toetab luude tervist ja v\u00e4hendab osteoporoosi riske. Osta t\u00e4na tugevamate luude nimel!\" \/>\n<meta name=\"robots\" content=\"noindex, follow, max-snippet:-1, max-image-preview:large, max-video-preview:-1\" \/>\n<meta property=\"og:locale\" content=\"et_EE\" \/>\n<meta property=\"og:type\" content=\"article\" \/>\n<meta property=\"og:title\" content=\"Alendroonhape | Tugevdab luid, v\u00e4hendab luumurde - Transtoyou\" \/>\n<meta property=\"og:description\" content=\"Alendroonhape, n\u00fc\u00fcd saadaval Transtoyou&#039;s, toetab luude tervist ja v\u00e4hendab osteoporoosi riske. Osta t\u00e4na tugevamate luude nimel!\" \/>\n<meta property=\"og:url\" content=\"https:\/\/www.transtoyou.com\/et\/product\/alendronic-acid\/\" \/>\n<meta property=\"og:site_name\" content=\"Transtoyou - ET\" \/>\n<meta property=\"article:modified_time\" content=\"2026-02-05T11:53:52+00:00\" \/>\n<meta name=\"twitter:card\" content=\"summary_large_image\" \/>\n<meta name=\"twitter:label1\" content=\"Est. reading time\" \/>\n\t<meta name=\"twitter:data1\" content=\"1 minut\" \/>\n<script type=\"application\/ld+json\" class=\"yoast-schema-graph\">{\"@context\":\"https:\/\/schema.org\",\"@graph\":[{\"@type\":\"WebPage\",\"@id\":\"https:\/\/www.transtoyou.com\/et\/product\/alendronic-acid\/\",\"url\":\"https:\/\/www.transtoyou.com\/et\/product\/alendronic-acid\/\",\"name\":\"Alendroonhape | Tugevdab luid, v\u00e4hendab luumurde - Transtoyou\",\"isPartOf\":{\"@id\":\"https:\/\/www.transtoyou.com\/et\/#website\"},\"primaryImageOfPage\":{\"@id\":\"https:\/\/www.transtoyou.com\/et\/product\/alendronic-acid\/#primaryimage\"},\"image\":{\"@id\":\"https:\/\/www.transtoyou.com\/et\/product\/alendronic-acid\/#primaryimage\"},\"thumbnailUrl\":\"https:\/\/www.transtoyou.com\/et\/wp-content\/uploads\/sites\/7\/2026\/01\/tty-no-product-image-68.webp\",\"datePublished\":\"2026-01-24T01:08:33+00:00\",\"dateModified\":\"2026-02-05T11:53:52+00:00\",\"description\":\"Alendroonhape, n\u00fc\u00fcd saadaval Transtoyou's, toetab luude tervist ja v\u00e4hendab osteoporoosi riske. Osta t\u00e4na tugevamate luude nimel!\",\"breadcrumb\":{\"@id\":\"https:\/\/www.transtoyou.com\/et\/product\/alendronic-acid\/#breadcrumb\"},\"inLanguage\":\"et\",\"potentialAction\":[{\"@type\":\"ReadAction\",\"target\":[\"https:\/\/www.transtoyou.com\/et\/product\/alendronic-acid\/\"]}]},{\"@type\":\"ImageObject\",\"inLanguage\":\"et\",\"@id\":\"https:\/\/www.transtoyou.com\/et\/product\/alendronic-acid\/#primaryimage\",\"url\":\"https:\/\/www.transtoyou.com\/et\/wp-content\/uploads\/sites\/7\/2026\/01\/tty-no-product-image-68.webp\",\"contentUrl\":\"https:\/\/www.transtoyou.com\/et\/wp-content\/uploads\/sites\/7\/2026\/01\/tty-no-product-image-68.webp\",\"width\":1000,\"height\":1000,\"caption\":\"Vaikimisi toote pilt\"},{\"@type\":\"WebSite\",\"@id\":\"https:\/\/www.transtoyou.com\/et\/#website\",\"url\":\"https:\/\/www.transtoyou.com\/et\/\",\"name\":\"Transtoyou - ET\",\"description\":\"\",\"publisher\":{\"@id\":\"https:\/\/www.transtoyou.com\/et\/#organization\"},\"potentialAction\":[{\"@type\":\"SearchAction\",\"target\":{\"@type\":\"EntryPoint\",\"urlTemplate\":\"https:\/\/www.transtoyou.com\/et\/?s={search_term_string}\"},\"query-input\":{\"@type\":\"PropertyValueSpecification\",\"valueRequired\":true,\"valueName\":\"search_term_string\"}}],\"inLanguage\":\"et\"},{\"@type\":\"Organization\",\"@id\":\"https:\/\/www.transtoyou.com\/et\/#organization\",\"name\":\"Transtoyou - ET\",\"url\":\"https:\/\/www.transtoyou.com\/et\/\",\"logo\":{\"@type\":\"ImageObject\",\"inLanguage\":\"et\",\"@id\":\"https:\/\/www.transtoyou.com\/et\/#\/schema\/logo\/image\/\",\"url\":\"https:\/\/www.transtoyou.com\/et\/wp-content\/uploads\/sites\/7\/2026\/01\/logo-tty-menu-bar-300x87-1.webp\",\"contentUrl\":\"https:\/\/www.transtoyou.com\/et\/wp-content\/uploads\/sites\/7\/2026\/01\/logo-tty-menu-bar-300x87-1.webp\",\"width\":300,\"height\":87,\"caption\":\"Transtoyou - ET\"},\"image\":{\"@id\":\"https:\/\/www.transtoyou.com\/et\/#\/schema\/logo\/image\/\"}}]}<\/script>\n<!-- \/ Yoast SEO plugin. -->","yoast_head_json":{"title":"Alendroonhape | Tugevdab luid, v\u00e4hendab luumurde - Transtoyou","description":"Alendroonhape, n\u00fc\u00fcd saadaval Transtoyou's, toetab luude tervist ja v\u00e4hendab osteoporoosi riske. Osta t\u00e4na tugevamate luude nimel!","robots":{"index":"noindex","follow":"follow","max-snippet":"max-snippet:-1","max-image-preview":"max-image-preview:large","max-video-preview":"max-video-preview:-1"},"og_locale":"et_EE","og_type":"article","og_title":"Alendroonhape | Tugevdab luid, v\u00e4hendab luumurde - Transtoyou","og_description":"Alendroonhape, n\u00fc\u00fcd saadaval Transtoyou's, toetab luude tervist ja v\u00e4hendab osteoporoosi riske. Osta t\u00e4na tugevamate luude nimel!","og_url":"https:\/\/www.transtoyou.com\/et\/product\/alendronic-acid\/","og_site_name":"Transtoyou - ET","article_modified_time":"2026-02-05T11:53:52+00:00","twitter_card":"summary_large_image","twitter_misc":{"Est. reading time":"1 minut"},"schema":{"@context":"https:\/\/schema.org","@graph":[{"@type":"WebPage","@id":"https:\/\/www.transtoyou.com\/et\/product\/alendronic-acid\/","url":"https:\/\/www.transtoyou.com\/et\/product\/alendronic-acid\/","name":"Alendroonhape | Tugevdab luid, v\u00e4hendab luumurde - Transtoyou","isPartOf":{"@id":"https:\/\/www.transtoyou.com\/et\/#website"},"primaryImageOfPage":{"@id":"https:\/\/www.transtoyou.com\/et\/product\/alendronic-acid\/#primaryimage"},"image":{"@id":"https:\/\/www.transtoyou.com\/et\/product\/alendronic-acid\/#primaryimage"},"thumbnailUrl":"https:\/\/www.transtoyou.com\/et\/wp-content\/uploads\/sites\/7\/2026\/01\/tty-no-product-image-68.webp","datePublished":"2026-01-24T01:08:33+00:00","dateModified":"2026-02-05T11:53:52+00:00","description":"Alendroonhape, n\u00fc\u00fcd saadaval Transtoyou's, toetab luude tervist ja v\u00e4hendab osteoporoosi riske. Osta t\u00e4na tugevamate luude nimel!","breadcrumb":{"@id":"https:\/\/www.transtoyou.com\/et\/product\/alendronic-acid\/#breadcrumb"},"inLanguage":"et","potentialAction":[{"@type":"ReadAction","target":["https:\/\/www.transtoyou.com\/et\/product\/alendronic-acid\/"]}]},{"@type":"ImageObject","inLanguage":"et","@id":"https:\/\/www.transtoyou.com\/et\/product\/alendronic-acid\/#primaryimage","url":"https:\/\/www.transtoyou.com\/et\/wp-content\/uploads\/sites\/7\/2026\/01\/tty-no-product-image-68.webp","contentUrl":"https:\/\/www.transtoyou.com\/et\/wp-content\/uploads\/sites\/7\/2026\/01\/tty-no-product-image-68.webp","width":1000,"height":1000,"caption":"Vaikimisi toote pilt"},{"@type":"WebSite","@id":"https:\/\/www.transtoyou.com\/et\/#website","url":"https:\/\/www.transtoyou.com\/et\/","name":"Transtoyou - ET","description":"","publisher":{"@id":"https:\/\/www.transtoyou.com\/et\/#organization"},"potentialAction":[{"@type":"SearchAction","target":{"@type":"EntryPoint","urlTemplate":"https:\/\/www.transtoyou.com\/et\/?s={search_term_string}"},"query-input":{"@type":"PropertyValueSpecification","valueRequired":true,"valueName":"search_term_string"}}],"inLanguage":"et"},{"@type":"Organization","@id":"https:\/\/www.transtoyou.com\/et\/#organization","name":"Transtoyou - ET","url":"https:\/\/www.transtoyou.com\/et\/","logo":{"@type":"ImageObject","inLanguage":"et","@id":"https:\/\/www.transtoyou.com\/et\/#\/schema\/logo\/image\/","url":"https:\/\/www.transtoyou.com\/et\/wp-content\/uploads\/sites\/7\/2026\/01\/logo-tty-menu-bar-300x87-1.webp","contentUrl":"https:\/\/www.transtoyou.com\/et\/wp-content\/uploads\/sites\/7\/2026\/01\/logo-tty-menu-bar-300x87-1.webp","width":300,"height":87,"caption":"Transtoyou - ET"},"image":{"@id":"https:\/\/www.transtoyou.com\/et\/#\/schema\/logo\/image\/"}}]}},"_links":{"self":[{"href":"https:\/\/www.transtoyou.com\/et\/wp-json\/wp\/v2\/product\/926","targetHints":{"allow":["GET"]}}],"collection":[{"href":"https:\/\/www.transtoyou.com\/et\/wp-json\/wp\/v2\/product"}],"about":[{"href":"https:\/\/www.transtoyou.com\/et\/wp-json\/wp\/v2\/types\/product"}],"replies":[{"embeddable":true,"href":"https:\/\/www.transtoyou.com\/et\/wp-json\/wp\/v2\/comments?post=926"}],"wp:featuredmedia":[{"embeddable":true,"href":"https:\/\/www.transtoyou.com\/et\/wp-json\/wp\/v2\/media\/928"}],"wp:attachment":[{"href":"https:\/\/www.transtoyou.com\/et\/wp-json\/wp\/v2\/media?parent=926"}],"wp:term":[{"taxonomy":"product_brand","embeddable":true,"href":"https:\/\/www.transtoyou.com\/et\/wp-json\/wp\/v2\/product_brand?post=926"},{"taxonomy":"product_cat","embeddable":true,"href":"https:\/\/www.transtoyou.com\/et\/wp-json\/wp\/v2\/product_cat?post=926"},{"taxonomy":"product_tag","embeddable":true,"href":"https:\/\/www.transtoyou.com\/et\/wp-json\/wp\/v2\/product_tag?post=926"},{"taxonomy":"expert","embeddable":true,"href":"https:\/\/www.transtoyou.com\/et\/wp-json\/wp\/v2\/expert?post=926"}],"curies":[{"name":"wp","href":"https:\/\/api.w.org\/{rel}","templated":true}]}}