{"id":944,"date":"2026-01-24T04:33:22","date_gmt":"2026-01-24T02:33:22","guid":{"rendered":"https:\/\/www.transtoyou.com\/et\/product\/loceryl\/"},"modified":"2026-01-24T04:34:23","modified_gmt":"2026-01-24T02:34:23","slug":"loceryl","status":"publish","type":"product","link":"https:\/\/www.transtoyou.com\/et\/product\/loceryl\/","title":{"rendered":"Loceryl"},"content":{"rendered":"<p>Loceryl on kohaliku toimega seenevastane ravi, mis on spetsiaalselt loodud sihtima varbak\u00fc\u00fcnte ja k\u00e4ek\u00fc\u00fcnte seeneinfektsioone. See sisaldab toimeainet amorolfiini, mis h\u00e4irib seente rakumembraanide struktuuri. See takistab seente kasvu ja viib l\u00f5puks nende surmani.<\/p>\n<p>Loceryl&#8217;i kasutatakse k\u00f5ige sagedamini on\u00fchhom\u00fckoosi raviks, mis on p\u00fcsiv seeneinfektsioon k\u00fc\u00fcntes, mis p\u00f5hjustab paksenenud, v\u00e4rvimuutunud v\u00f5i hapraid k\u00fc\u00fcsi. Seda kasutatakse m\u00f5nikord ka seene nahainfektsioonide, nagu jalaseene, raviks, kui need m\u00f5jutavad k\u00fc\u00fcnte \u00fcmbritsevat ala. Erinevalt suukaudsetest seenevastastest ravimitest kantakse Loceryl otse m\u00f5jutatud k\u00fc\u00fcnele ja \u00fcmbritsevale nahale, v\u00f5imaldades lokaalset ravi ilma s\u00fcsteemsete k\u00f5rvaltoimeteta.<\/p>\n<p>Lakki kantakse tavaliselt \u00fcks v\u00f5i kaks korda n\u00e4dalas, s\u00f5ltuvalt nakkuse t\u00f5sidusest ja raviplaanist. P\u00e4rast pealekandmist kuivab see kaitsekile moodustamiseks, v\u00f5imaldades toimeainel aja jooksul k\u00fc\u00fcne sisse tungida. See aeglane vabanemise efekt v\u00f5imaldab ravimil j\u00e4\u00e4da aktiivseks mitu p\u00e4eva iga kasutamise korral.<\/p>\n<p>N\u00e4htav paranemine v\u00f5ib v\u00f5tta mitu n\u00e4dalat ja t\u00e4ielik ravi v\u00f5ib kesta 6 kuni 12 kuud, kuna nakatunud k\u00fc\u00fcne kasvamiseks ja tervete kudede asendamiseks on vajalik aega.<\/p>\n<p>K\u00f5rvaltoimed on haruldased, kuid v\u00f5ivad h\u00f5lmata kerget \u00e4rritust, p\u00f5letustunnet v\u00f5i punetust k\u00fc\u00fcne \u00fcmber. Loceryl on \u00fcldiselt h\u00e4sti talutav ja peetakse pikaajaliseks kasutamiseks ohutuks.<\/p>\n","protected":false},"excerpt":{"rendered":"<ul>\n<li>Paikne seenevastane k\u00fc\u00fcnte ravi<\/li>\n<li>Sihtm\u00e4rgiks seeninfektsioonid k\u00fc\u00fcntes<\/li>\n<li>Pika toimeajaga laki koostis<\/li>\n<\/ul>\n","protected":false},"featured_media":945,"comment_status":"open","ping_status":"closed","template":"","meta":[],"product_brand":[],"product_cat":[188],"product_tag":[],"expert":[18],"class_list":{"0":"post-944","1":"product","2":"type-product","3":"status-publish","4":"has-post-thumbnail","6":"product_cat-kuunte-ja-sportlase-jala-seen","7":"expert-dr-g-varbanov","9":"first","10":"instock","11":"shipping-taxable","12":"product-type-simple"},"yoast_head":"<!-- This site is optimized with the Yoast SEO plugin v27.0 - https:\/\/yoast.com\/product\/yoast-seo-wordpress\/ -->\n<title>Loceryl | T\u00f5hus seenevastane lahendus - Transtoyou<\/title>\n<meta name=\"description\" content=\"Loceryli seenevastane laki sihtr\u00fchm on k\u00fc\u00fcnte infektsioonid amorolfiiniga. Saadaval siit, pakub see lokaalset ravi ilma s\u00fcsteemsete m\u00f5judeta.\" \/>\n<meta name=\"robots\" content=\"noindex, follow, max-snippet:-1, max-image-preview:large, max-video-preview:-1\" \/>\n<meta property=\"og:locale\" content=\"et_EE\" \/>\n<meta property=\"og:type\" content=\"article\" \/>\n<meta property=\"og:title\" content=\"Loceryl | T\u00f5hus seenevastane lahendus - Transtoyou\" \/>\n<meta property=\"og:description\" content=\"Loceryli seenevastane laki sihtr\u00fchm on k\u00fc\u00fcnte infektsioonid amorolfiiniga. Saadaval siit, pakub see lokaalset ravi ilma s\u00fcsteemsete m\u00f5judeta.\" \/>\n<meta property=\"og:url\" content=\"https:\/\/www.transtoyou.com\/et\/product\/loceryl\/\" \/>\n<meta property=\"og:site_name\" content=\"Transtoyou - ET\" \/>\n<meta property=\"article:modified_time\" content=\"2026-01-24T02:34:23+00:00\" \/>\n<meta name=\"twitter:card\" content=\"summary_large_image\" \/>\n<meta name=\"twitter:label1\" content=\"Est. reading time\" \/>\n\t<meta name=\"twitter:data1\" content=\"1 minut\" \/>\n<script type=\"application\/ld+json\" class=\"yoast-schema-graph\">{\"@context\":\"https:\/\/schema.org\",\"@graph\":[{\"@type\":\"WebPage\",\"@id\":\"https:\/\/www.transtoyou.com\/et\/product\/loceryl\/\",\"url\":\"https:\/\/www.transtoyou.com\/et\/product\/loceryl\/\",\"name\":\"Loceryl | T\u00f5hus seenevastane lahendus - Transtoyou\",\"isPartOf\":{\"@id\":\"https:\/\/www.transtoyou.com\/et\/#website\"},\"primaryImageOfPage\":{\"@id\":\"https:\/\/www.transtoyou.com\/et\/product\/loceryl\/#primaryimage\"},\"image\":{\"@id\":\"https:\/\/www.transtoyou.com\/et\/product\/loceryl\/#primaryimage\"},\"thumbnailUrl\":\"https:\/\/www.transtoyou.com\/et\/wp-content\/uploads\/sites\/7\/2026\/01\/tty-no-product-image-74.webp\",\"datePublished\":\"2026-01-24T02:33:22+00:00\",\"dateModified\":\"2026-01-24T02:34:23+00:00\",\"description\":\"Loceryli seenevastane laki sihtr\u00fchm on k\u00fc\u00fcnte infektsioonid amorolfiiniga. Saadaval siit, pakub see lokaalset ravi ilma s\u00fcsteemsete m\u00f5judeta.\",\"breadcrumb\":{\"@id\":\"https:\/\/www.transtoyou.com\/et\/product\/loceryl\/#breadcrumb\"},\"inLanguage\":\"et\",\"potentialAction\":[{\"@type\":\"ReadAction\",\"target\":[\"https:\/\/www.transtoyou.com\/et\/product\/loceryl\/\"]}]},{\"@type\":\"ImageObject\",\"inLanguage\":\"et\",\"@id\":\"https:\/\/www.transtoyou.com\/et\/product\/loceryl\/#primaryimage\",\"url\":\"https:\/\/www.transtoyou.com\/et\/wp-content\/uploads\/sites\/7\/2026\/01\/tty-no-product-image-74.webp\",\"contentUrl\":\"https:\/\/www.transtoyou.com\/et\/wp-content\/uploads\/sites\/7\/2026\/01\/tty-no-product-image-74.webp\",\"width\":1000,\"height\":1000,\"caption\":\"Vaikimisi toote pilt\"},{\"@type\":\"WebSite\",\"@id\":\"https:\/\/www.transtoyou.com\/et\/#website\",\"url\":\"https:\/\/www.transtoyou.com\/et\/\",\"name\":\"Transtoyou - ET\",\"description\":\"\",\"publisher\":{\"@id\":\"https:\/\/www.transtoyou.com\/et\/#organization\"},\"potentialAction\":[{\"@type\":\"SearchAction\",\"target\":{\"@type\":\"EntryPoint\",\"urlTemplate\":\"https:\/\/www.transtoyou.com\/et\/?s={search_term_string}\"},\"query-input\":{\"@type\":\"PropertyValueSpecification\",\"valueRequired\":true,\"valueName\":\"search_term_string\"}}],\"inLanguage\":\"et\"},{\"@type\":\"Organization\",\"@id\":\"https:\/\/www.transtoyou.com\/et\/#organization\",\"name\":\"Transtoyou - ET\",\"url\":\"https:\/\/www.transtoyou.com\/et\/\",\"logo\":{\"@type\":\"ImageObject\",\"inLanguage\":\"et\",\"@id\":\"https:\/\/www.transtoyou.com\/et\/#\/schema\/logo\/image\/\",\"url\":\"https:\/\/www.transtoyou.com\/et\/wp-content\/uploads\/sites\/7\/2026\/01\/logo-tty-menu-bar-300x87-1.webp\",\"contentUrl\":\"https:\/\/www.transtoyou.com\/et\/wp-content\/uploads\/sites\/7\/2026\/01\/logo-tty-menu-bar-300x87-1.webp\",\"width\":300,\"height\":87,\"caption\":\"Transtoyou - ET\"},\"image\":{\"@id\":\"https:\/\/www.transtoyou.com\/et\/#\/schema\/logo\/image\/\"}}]}<\/script>\n<!-- \/ Yoast SEO plugin. -->","yoast_head_json":{"title":"Loceryl | T\u00f5hus seenevastane lahendus - Transtoyou","description":"Loceryli seenevastane laki sihtr\u00fchm on k\u00fc\u00fcnte infektsioonid amorolfiiniga. Saadaval siit, pakub see lokaalset ravi ilma s\u00fcsteemsete m\u00f5judeta.","robots":{"index":"noindex","follow":"follow","max-snippet":"max-snippet:-1","max-image-preview":"max-image-preview:large","max-video-preview":"max-video-preview:-1"},"og_locale":"et_EE","og_type":"article","og_title":"Loceryl | T\u00f5hus seenevastane lahendus - Transtoyou","og_description":"Loceryli seenevastane laki sihtr\u00fchm on k\u00fc\u00fcnte infektsioonid amorolfiiniga. Saadaval siit, pakub see lokaalset ravi ilma s\u00fcsteemsete m\u00f5judeta.","og_url":"https:\/\/www.transtoyou.com\/et\/product\/loceryl\/","og_site_name":"Transtoyou - ET","article_modified_time":"2026-01-24T02:34:23+00:00","twitter_card":"summary_large_image","twitter_misc":{"Est. reading time":"1 minut"},"schema":{"@context":"https:\/\/schema.org","@graph":[{"@type":"WebPage","@id":"https:\/\/www.transtoyou.com\/et\/product\/loceryl\/","url":"https:\/\/www.transtoyou.com\/et\/product\/loceryl\/","name":"Loceryl | T\u00f5hus seenevastane lahendus - Transtoyou","isPartOf":{"@id":"https:\/\/www.transtoyou.com\/et\/#website"},"primaryImageOfPage":{"@id":"https:\/\/www.transtoyou.com\/et\/product\/loceryl\/#primaryimage"},"image":{"@id":"https:\/\/www.transtoyou.com\/et\/product\/loceryl\/#primaryimage"},"thumbnailUrl":"https:\/\/www.transtoyou.com\/et\/wp-content\/uploads\/sites\/7\/2026\/01\/tty-no-product-image-74.webp","datePublished":"2026-01-24T02:33:22+00:00","dateModified":"2026-01-24T02:34:23+00:00","description":"Loceryli seenevastane laki sihtr\u00fchm on k\u00fc\u00fcnte infektsioonid amorolfiiniga. Saadaval siit, pakub see lokaalset ravi ilma s\u00fcsteemsete m\u00f5judeta.","breadcrumb":{"@id":"https:\/\/www.transtoyou.com\/et\/product\/loceryl\/#breadcrumb"},"inLanguage":"et","potentialAction":[{"@type":"ReadAction","target":["https:\/\/www.transtoyou.com\/et\/product\/loceryl\/"]}]},{"@type":"ImageObject","inLanguage":"et","@id":"https:\/\/www.transtoyou.com\/et\/product\/loceryl\/#primaryimage","url":"https:\/\/www.transtoyou.com\/et\/wp-content\/uploads\/sites\/7\/2026\/01\/tty-no-product-image-74.webp","contentUrl":"https:\/\/www.transtoyou.com\/et\/wp-content\/uploads\/sites\/7\/2026\/01\/tty-no-product-image-74.webp","width":1000,"height":1000,"caption":"Vaikimisi toote pilt"},{"@type":"WebSite","@id":"https:\/\/www.transtoyou.com\/et\/#website","url":"https:\/\/www.transtoyou.com\/et\/","name":"Transtoyou - ET","description":"","publisher":{"@id":"https:\/\/www.transtoyou.com\/et\/#organization"},"potentialAction":[{"@type":"SearchAction","target":{"@type":"EntryPoint","urlTemplate":"https:\/\/www.transtoyou.com\/et\/?s={search_term_string}"},"query-input":{"@type":"PropertyValueSpecification","valueRequired":true,"valueName":"search_term_string"}}],"inLanguage":"et"},{"@type":"Organization","@id":"https:\/\/www.transtoyou.com\/et\/#organization","name":"Transtoyou - ET","url":"https:\/\/www.transtoyou.com\/et\/","logo":{"@type":"ImageObject","inLanguage":"et","@id":"https:\/\/www.transtoyou.com\/et\/#\/schema\/logo\/image\/","url":"https:\/\/www.transtoyou.com\/et\/wp-content\/uploads\/sites\/7\/2026\/01\/logo-tty-menu-bar-300x87-1.webp","contentUrl":"https:\/\/www.transtoyou.com\/et\/wp-content\/uploads\/sites\/7\/2026\/01\/logo-tty-menu-bar-300x87-1.webp","width":300,"height":87,"caption":"Transtoyou - ET"},"image":{"@id":"https:\/\/www.transtoyou.com\/et\/#\/schema\/logo\/image\/"}}]}},"_links":{"self":[{"href":"https:\/\/www.transtoyou.com\/et\/wp-json\/wp\/v2\/product\/944","targetHints":{"allow":["GET"]}}],"collection":[{"href":"https:\/\/www.transtoyou.com\/et\/wp-json\/wp\/v2\/product"}],"about":[{"href":"https:\/\/www.transtoyou.com\/et\/wp-json\/wp\/v2\/types\/product"}],"replies":[{"embeddable":true,"href":"https:\/\/www.transtoyou.com\/et\/wp-json\/wp\/v2\/comments?post=944"}],"wp:featuredmedia":[{"embeddable":true,"href":"https:\/\/www.transtoyou.com\/et\/wp-json\/wp\/v2\/media\/945"}],"wp:attachment":[{"href":"https:\/\/www.transtoyou.com\/et\/wp-json\/wp\/v2\/media?parent=944"}],"wp:term":[{"taxonomy":"product_brand","embeddable":true,"href":"https:\/\/www.transtoyou.com\/et\/wp-json\/wp\/v2\/product_brand?post=944"},{"taxonomy":"product_cat","embeddable":true,"href":"https:\/\/www.transtoyou.com\/et\/wp-json\/wp\/v2\/product_cat?post=944"},{"taxonomy":"product_tag","embeddable":true,"href":"https:\/\/www.transtoyou.com\/et\/wp-json\/wp\/v2\/product_tag?post=944"},{"taxonomy":"expert","embeddable":true,"href":"https:\/\/www.transtoyou.com\/et\/wp-json\/wp\/v2\/expert?post=944"}],"curies":[{"name":"wp","href":"https:\/\/api.w.org\/{rel}","templated":true}]}}