{"id":946,"date":"2026-01-24T04:47:50","date_gmt":"2026-01-24T02:47:50","guid":{"rendered":"https:\/\/www.transtoyou.com\/et\/product\/arilin-rapid\/"},"modified":"2026-01-24T04:48:48","modified_gmt":"2026-01-24T02:48:48","slug":"arilin-kiire","status":"publish","type":"product","link":"https:\/\/www.transtoyou.com\/et\/product\/arilin-kiire\/","title":{"rendered":"Arilin Rapid"},"content":{"rendered":"<p>Arilin Rapid on antibiootikum, mida kasutatakse trihhomoniaasi raviks, mis on parasiidi Trichomonas vaginalis p\u00f5hjustatud sugulisel teel leviv nakkus. See sisaldab toimeainet metronidasool, mis on efektiivne anaeroobsete organismide, sealhulgas protozoade ja teatud bakterite vastu. Ravim toimib, segades mikroorganismi DNA-d, peatades selle kasvu ja eemaldades nakkuse kehast.<\/p>\n<p>Trihhomoniaas on tavaline, kuid sageli t\u00e4helepanuta j\u00e4etud nakkus, mis v\u00f5ib m\u00f5jutada nii mehi kui naisi. Naiste s\u00fcmptomiteks v\u00f5ivad olla ebatavaline tupev\u00e4ljavool, s\u00fcgelus, ebamugavustunne urineerimise v\u00f5i seksi ajal ning \u00e4rritus. Meestel v\u00f5ib see p\u00f5hjustada ureetra v\u00e4ljavoolu v\u00f5i \u00e4rritust, kuigi paljud inimesed v\u00f5ivad olla as\u00fcmptomaatilised. Nakkuse \u00f5igeaegne ravimine aitab leevendada s\u00fcmptomeid ja v\u00e4ltida t\u00fcsistusi ning edasikandumist seksuaalpartneritele.<\/p>\n<p>Arilin Rapid manustatakse tavaliselt \u00fche v\u00f5i kahe k\u00f5rge annusega tupekuulina, mis teeb selle mugavaks valikuks patsientidele. Siiski v\u00f5ib m\u00f5nel juhul v\u00e4lja kirjutada l\u00fchikese kursuse madalamaid p\u00e4evaseid suukaudseid annuseid metronidasooliga. Kiiretoimeline koostis on saadaval ainult tupekuulina ja tagab toimeaine k\u00f5rged kontsentratsioonid, et t\u00f5husalt sihtida nakkust.<\/p>\n<p>Patsientidele soovitatakse tavaliselt ravimise ajal ja v\u00e4hemalt 48 tundi p\u00e4rast seda alkoholi v\u00e4ltida, kuna on oht t\u00f5sise interaktsiooni, mida tuntakse disulfiraamitaolise reaktsioonina. K\u00f5rvaltoimed v\u00f5ivad h\u00f5lmata metallilist maitset, iiveldust, peap\u00f6\u00f6ritust v\u00f5i k\u00f5hu ebamugavust, mis on tavaliselt kerged ja ajutised.<\/p>\n<p>Uuesti nakatumise v\u00e4ltimiseks on oluline, et seksuaalpartnerid saaksid ravi samal ajal, isegi kui neil pole s\u00fcmptomeid. Soovitatav on hoiduda seksist, kuni nakkus on t\u00e4ielikult k\u00f5rvaldatud.<\/p>\n","protected":false},"excerpt":{"rendered":"<ul>\n<li>Kohalik \u00fche- v\u00f5i kahekordne annus trihhomoniaasi raviks<\/li>\n<li>Kiire parasiitide eemaldamine<\/li>\n<li>T\u00f5hus protozoaalsete nakkuste vastu<\/li>\n<\/ul>\n","protected":false},"featured_media":947,"comment_status":"open","ping_status":"closed","template":"","meta":[],"product_brand":[],"product_cat":[189],"product_tag":[],"expert":[18],"class_list":{"0":"post-946","1":"product","2":"type-product","3":"status-publish","4":"has-post-thumbnail","6":"product_cat-trihhomonoos","7":"expert-dr-g-varbanov","9":"first","10":"outofstock","11":"shipping-taxable","12":"product-type-simple"},"yoast_head":"<!-- This site is optimized with the Yoast SEO plugin v27.0 - https:\/\/yoast.com\/product\/yoast-seo-wordpress\/ -->\n<title>Arilin Rapid | T\u00f5hus antibiootikum trihhomoniaasi raviks - Transtoyou<\/title>\n<meta name=\"description\" content=\"Arilin Rapid, saadaval Transtoyou&#039;s, ravib t\u00f5husalt trihhomoniaasi metronidasooliga, peatades nakkuse kasvu kiireks leevenduseks.\" \/>\n<meta name=\"robots\" content=\"noindex, follow, max-snippet:-1, max-image-preview:large, max-video-preview:-1\" \/>\n<meta property=\"og:locale\" content=\"et_EE\" \/>\n<meta property=\"og:type\" content=\"article\" \/>\n<meta property=\"og:title\" content=\"Arilin Rapid | T\u00f5hus antibiootikum trihhomoniaasi raviks - Transtoyou\" \/>\n<meta property=\"og:description\" content=\"Arilin Rapid, saadaval Transtoyou&#039;s, ravib t\u00f5husalt trihhomoniaasi metronidasooliga, peatades nakkuse kasvu kiireks leevenduseks.\" \/>\n<meta property=\"og:url\" content=\"https:\/\/www.transtoyou.com\/et\/product\/arilin-rapid\/\" \/>\n<meta property=\"og:site_name\" content=\"Transtoyou - ET\" \/>\n<meta property=\"article:modified_time\" content=\"2026-01-24T02:48:48+00:00\" \/>\n<meta name=\"twitter:card\" content=\"summary_large_image\" \/>\n<meta name=\"twitter:label1\" content=\"Est. reading time\" \/>\n\t<meta name=\"twitter:data1\" content=\"1 minut\" \/>\n<script type=\"application\/ld+json\" class=\"yoast-schema-graph\">{\"@context\":\"https:\/\/schema.org\",\"@graph\":[{\"@type\":\"WebPage\",\"@id\":\"https:\/\/www.transtoyou.com\/et\/product\/arilin-rapid\/\",\"url\":\"https:\/\/www.transtoyou.com\/et\/product\/arilin-rapid\/\",\"name\":\"Arilin Rapid | T\u00f5hus antibiootikum trihhomoniaasi raviks - Transtoyou\",\"isPartOf\":{\"@id\":\"https:\/\/www.transtoyou.com\/et\/#website\"},\"primaryImageOfPage\":{\"@id\":\"https:\/\/www.transtoyou.com\/et\/product\/arilin-rapid\/#primaryimage\"},\"image\":{\"@id\":\"https:\/\/www.transtoyou.com\/et\/product\/arilin-rapid\/#primaryimage\"},\"thumbnailUrl\":\"https:\/\/www.transtoyou.com\/et\/wp-content\/uploads\/sites\/7\/2026\/01\/tty-no-product-image-75.webp\",\"datePublished\":\"2026-01-24T02:47:50+00:00\",\"dateModified\":\"2026-01-24T02:48:48+00:00\",\"description\":\"Arilin Rapid, saadaval Transtoyou's, ravib t\u00f5husalt trihhomoniaasi metronidasooliga, peatades nakkuse kasvu kiireks leevenduseks.\",\"breadcrumb\":{\"@id\":\"https:\/\/www.transtoyou.com\/et\/product\/arilin-rapid\/#breadcrumb\"},\"inLanguage\":\"et\",\"potentialAction\":[{\"@type\":\"ReadAction\",\"target\":[\"https:\/\/www.transtoyou.com\/et\/product\/arilin-rapid\/\"]}]},{\"@type\":\"ImageObject\",\"inLanguage\":\"et\",\"@id\":\"https:\/\/www.transtoyou.com\/et\/product\/arilin-rapid\/#primaryimage\",\"url\":\"https:\/\/www.transtoyou.com\/et\/wp-content\/uploads\/sites\/7\/2026\/01\/tty-no-product-image-75.webp\",\"contentUrl\":\"https:\/\/www.transtoyou.com\/et\/wp-content\/uploads\/sites\/7\/2026\/01\/tty-no-product-image-75.webp\",\"width\":1000,\"height\":1000,\"caption\":\"Vaikimisi toote pilt\"},{\"@type\":\"WebSite\",\"@id\":\"https:\/\/www.transtoyou.com\/et\/#website\",\"url\":\"https:\/\/www.transtoyou.com\/et\/\",\"name\":\"Transtoyou - ET\",\"description\":\"\",\"publisher\":{\"@id\":\"https:\/\/www.transtoyou.com\/et\/#organization\"},\"potentialAction\":[{\"@type\":\"SearchAction\",\"target\":{\"@type\":\"EntryPoint\",\"urlTemplate\":\"https:\/\/www.transtoyou.com\/et\/?s={search_term_string}\"},\"query-input\":{\"@type\":\"PropertyValueSpecification\",\"valueRequired\":true,\"valueName\":\"search_term_string\"}}],\"inLanguage\":\"et\"},{\"@type\":\"Organization\",\"@id\":\"https:\/\/www.transtoyou.com\/et\/#organization\",\"name\":\"Transtoyou - ET\",\"url\":\"https:\/\/www.transtoyou.com\/et\/\",\"logo\":{\"@type\":\"ImageObject\",\"inLanguage\":\"et\",\"@id\":\"https:\/\/www.transtoyou.com\/et\/#\/schema\/logo\/image\/\",\"url\":\"https:\/\/www.transtoyou.com\/et\/wp-content\/uploads\/sites\/7\/2026\/01\/logo-tty-menu-bar-300x87-1.webp\",\"contentUrl\":\"https:\/\/www.transtoyou.com\/et\/wp-content\/uploads\/sites\/7\/2026\/01\/logo-tty-menu-bar-300x87-1.webp\",\"width\":300,\"height\":87,\"caption\":\"Transtoyou - ET\"},\"image\":{\"@id\":\"https:\/\/www.transtoyou.com\/et\/#\/schema\/logo\/image\/\"}}]}<\/script>\n<!-- \/ Yoast SEO plugin. -->","yoast_head_json":{"title":"Arilin Rapid | T\u00f5hus antibiootikum trihhomoniaasi raviks - Transtoyou","description":"Arilin Rapid, saadaval Transtoyou's, ravib t\u00f5husalt trihhomoniaasi metronidasooliga, peatades nakkuse kasvu kiireks leevenduseks.","robots":{"index":"noindex","follow":"follow","max-snippet":"max-snippet:-1","max-image-preview":"max-image-preview:large","max-video-preview":"max-video-preview:-1"},"og_locale":"et_EE","og_type":"article","og_title":"Arilin Rapid | T\u00f5hus antibiootikum trihhomoniaasi raviks - Transtoyou","og_description":"Arilin Rapid, saadaval Transtoyou's, ravib t\u00f5husalt trihhomoniaasi metronidasooliga, peatades nakkuse kasvu kiireks leevenduseks.","og_url":"https:\/\/www.transtoyou.com\/et\/product\/arilin-rapid\/","og_site_name":"Transtoyou - ET","article_modified_time":"2026-01-24T02:48:48+00:00","twitter_card":"summary_large_image","twitter_misc":{"Est. reading time":"1 minut"},"schema":{"@context":"https:\/\/schema.org","@graph":[{"@type":"WebPage","@id":"https:\/\/www.transtoyou.com\/et\/product\/arilin-rapid\/","url":"https:\/\/www.transtoyou.com\/et\/product\/arilin-rapid\/","name":"Arilin Rapid | T\u00f5hus antibiootikum trihhomoniaasi raviks - Transtoyou","isPartOf":{"@id":"https:\/\/www.transtoyou.com\/et\/#website"},"primaryImageOfPage":{"@id":"https:\/\/www.transtoyou.com\/et\/product\/arilin-rapid\/#primaryimage"},"image":{"@id":"https:\/\/www.transtoyou.com\/et\/product\/arilin-rapid\/#primaryimage"},"thumbnailUrl":"https:\/\/www.transtoyou.com\/et\/wp-content\/uploads\/sites\/7\/2026\/01\/tty-no-product-image-75.webp","datePublished":"2026-01-24T02:47:50+00:00","dateModified":"2026-01-24T02:48:48+00:00","description":"Arilin Rapid, saadaval Transtoyou's, ravib t\u00f5husalt trihhomoniaasi metronidasooliga, peatades nakkuse kasvu kiireks leevenduseks.","breadcrumb":{"@id":"https:\/\/www.transtoyou.com\/et\/product\/arilin-rapid\/#breadcrumb"},"inLanguage":"et","potentialAction":[{"@type":"ReadAction","target":["https:\/\/www.transtoyou.com\/et\/product\/arilin-rapid\/"]}]},{"@type":"ImageObject","inLanguage":"et","@id":"https:\/\/www.transtoyou.com\/et\/product\/arilin-rapid\/#primaryimage","url":"https:\/\/www.transtoyou.com\/et\/wp-content\/uploads\/sites\/7\/2026\/01\/tty-no-product-image-75.webp","contentUrl":"https:\/\/www.transtoyou.com\/et\/wp-content\/uploads\/sites\/7\/2026\/01\/tty-no-product-image-75.webp","width":1000,"height":1000,"caption":"Vaikimisi toote pilt"},{"@type":"WebSite","@id":"https:\/\/www.transtoyou.com\/et\/#website","url":"https:\/\/www.transtoyou.com\/et\/","name":"Transtoyou - ET","description":"","publisher":{"@id":"https:\/\/www.transtoyou.com\/et\/#organization"},"potentialAction":[{"@type":"SearchAction","target":{"@type":"EntryPoint","urlTemplate":"https:\/\/www.transtoyou.com\/et\/?s={search_term_string}"},"query-input":{"@type":"PropertyValueSpecification","valueRequired":true,"valueName":"search_term_string"}}],"inLanguage":"et"},{"@type":"Organization","@id":"https:\/\/www.transtoyou.com\/et\/#organization","name":"Transtoyou - ET","url":"https:\/\/www.transtoyou.com\/et\/","logo":{"@type":"ImageObject","inLanguage":"et","@id":"https:\/\/www.transtoyou.com\/et\/#\/schema\/logo\/image\/","url":"https:\/\/www.transtoyou.com\/et\/wp-content\/uploads\/sites\/7\/2026\/01\/logo-tty-menu-bar-300x87-1.webp","contentUrl":"https:\/\/www.transtoyou.com\/et\/wp-content\/uploads\/sites\/7\/2026\/01\/logo-tty-menu-bar-300x87-1.webp","width":300,"height":87,"caption":"Transtoyou - ET"},"image":{"@id":"https:\/\/www.transtoyou.com\/et\/#\/schema\/logo\/image\/"}}]}},"_links":{"self":[{"href":"https:\/\/www.transtoyou.com\/et\/wp-json\/wp\/v2\/product\/946","targetHints":{"allow":["GET"]}}],"collection":[{"href":"https:\/\/www.transtoyou.com\/et\/wp-json\/wp\/v2\/product"}],"about":[{"href":"https:\/\/www.transtoyou.com\/et\/wp-json\/wp\/v2\/types\/product"}],"replies":[{"embeddable":true,"href":"https:\/\/www.transtoyou.com\/et\/wp-json\/wp\/v2\/comments?post=946"}],"wp:featuredmedia":[{"embeddable":true,"href":"https:\/\/www.transtoyou.com\/et\/wp-json\/wp\/v2\/media\/947"}],"wp:attachment":[{"href":"https:\/\/www.transtoyou.com\/et\/wp-json\/wp\/v2\/media?parent=946"}],"wp:term":[{"taxonomy":"product_brand","embeddable":true,"href":"https:\/\/www.transtoyou.com\/et\/wp-json\/wp\/v2\/product_brand?post=946"},{"taxonomy":"product_cat","embeddable":true,"href":"https:\/\/www.transtoyou.com\/et\/wp-json\/wp\/v2\/product_cat?post=946"},{"taxonomy":"product_tag","embeddable":true,"href":"https:\/\/www.transtoyou.com\/et\/wp-json\/wp\/v2\/product_tag?post=946"},{"taxonomy":"expert","embeddable":true,"href":"https:\/\/www.transtoyou.com\/et\/wp-json\/wp\/v2\/expert?post=946"}],"curies":[{"name":"wp","href":"https:\/\/api.w.org\/{rel}","templated":true}]}}