{"id":948,"date":"2026-01-24T05:02:48","date_gmt":"2026-01-24T03:02:48","guid":{"rendered":"https:\/\/www.transtoyou.com\/et\/product\/betmiga\/"},"modified":"2026-01-24T05:03:52","modified_gmt":"2026-01-24T03:03:52","slug":"betmiga","status":"publish","type":"product","link":"https:\/\/www.transtoyou.com\/et\/product\/betmiga\/","title":{"rendered":"Betmiga"},"content":{"rendered":"<p>Betmiga on retseptiravim, mida kasutatakse \u00fcliaktiivse p\u00f5ie (OAB) s\u00fcmptomite, sealhulgas urineerimisj\u00e4rgse \u00e4revuse, sageduse ja \u00e4kilise kusepidamatuse raviks. See sisaldab toimeainet mirabegron, mis kuulub beet-3 adrenergiliste agonistide klassi. Erinevalt traditsioonilistest antikolinergilistest ravimitest toimib Betmiga, l\u00f5dvestades p\u00f5iemuskuli ladustamisfaasis, v\u00f5imaldades p\u00f5iel hoida rohkem uriini ja v\u00e4hendades sagedase urineerimise vajadust.<\/p>\n<p>\u00dcliaktiivne p\u00f5is v\u00f5ib oluliselt m\u00f5jutada igap\u00e4evaelu, p\u00f5hjustades sageli segadust t\u00f6\u00f6s, unedes ja sotsiaalsetes tegevustes. Betmiga aitab taastada p\u00f5ie kontrolli ja leevendab ebamugavust ja ebamugavustunne tahtmatute lekkide v\u00f5i pideva urineerimissoovi t\u00f5ttu.<\/p>\n<p>Betmiga v\u00f5etakse \u00fcks kord p\u00e4evas, koos toiduga v\u00f5i ilma. Selle toime koguneb j\u00e4rk-j\u00e4rgult ja t\u00e4ieliku paranemise kogemiseks v\u00f5ib kuluda mitu n\u00e4dalat. Paljudele patsientidele hakkavad s\u00fcmptomid leevenema esimese kahe kuni nelja n\u00e4dala jooksul pideva kasutamise korral.<\/p>\n<p>\u00dcks Betmiga eeliseid on selle erinev toimeviis v\u00f5rreldes vanemate OAB ravimitega, muutes selle sobivaks alternatiiviks patsientidele, kes kogevad antikolinergiliste ravimite k\u00f5rvaltoimeid, nagu suukuivus v\u00f5i k\u00f5hukinnisus.<\/p>\n<p>Tavaliseks k\u00f5rvaltoimeks on verer\u00f5hu t\u00f5us, kuseteede infektsioonid v\u00f5i peavalud. Betmiga ei sobi inimestele, kellel on raske, kontrollimata k\u00f5rge verer\u00f5hk v\u00f5i teatud s\u00fcdameprobleemid. Regulaarne j\u00e4lgimine v\u00f5ib olla soovitatav, eriti inimestele, kellel on eelnevad kardiovaskulaarsed riskid.<\/p>\n","protected":false},"excerpt":{"rendered":"<ul>\n<li>Kord p\u00e4evas p\u00f5ie kontroll<\/li>\n<li>Kergendab tungi ja sagedust<\/li>\n<li>Toetab \u00fcliaktiivse p\u00f5ie leevendust<\/li>\n<\/ul>\n","protected":false},"featured_media":950,"comment_status":"open","ping_status":"closed","template":"","meta":[],"product_brand":[],"product_cat":[190],"product_tag":[],"expert":[18],"class_list":{"0":"post-948","1":"product","2":"type-product","3":"status-publish","4":"has-post-thumbnail","6":"product_cat-uriinipidamatus","7":"expert-dr-g-varbanov","9":"first","10":"instock","11":"shipping-taxable","12":"product-type-variable"},"yoast_head":"<!-- This site is optimized with the Yoast SEO plugin v27.0 - https:\/\/yoast.com\/product\/yoast-seo-wordpress\/ -->\n<title>Betmiga | OAB s\u00fcmptomite t\u00f5hus kontroll - Transtoyou<\/title>\n<meta name=\"description\" content=\"Betmiga on saadaval Transtoyou&#039;s, ravib \u00fcliaktiivse p\u00f5ie s\u00fcmptomeid mirabegroniga. Paranda p\u00f5ie kontrolli t\u00e4na kliiniliselt hinnatud retseptidega.\" \/>\n<meta name=\"robots\" content=\"noindex, follow, max-snippet:-1, max-image-preview:large, max-video-preview:-1\" \/>\n<meta property=\"og:locale\" content=\"et_EE\" \/>\n<meta property=\"og:type\" content=\"article\" \/>\n<meta property=\"og:title\" content=\"Betmiga | OAB s\u00fcmptomite t\u00f5hus kontroll - Transtoyou\" \/>\n<meta property=\"og:description\" content=\"Betmiga on saadaval Transtoyou&#039;s, ravib \u00fcliaktiivse p\u00f5ie s\u00fcmptomeid mirabegroniga. Paranda p\u00f5ie kontrolli t\u00e4na kliiniliselt hinnatud retseptidega.\" \/>\n<meta property=\"og:url\" content=\"https:\/\/www.transtoyou.com\/et\/product\/betmiga\/\" \/>\n<meta property=\"og:site_name\" content=\"Transtoyou - ET\" \/>\n<meta property=\"article:modified_time\" content=\"2026-01-24T03:03:52+00:00\" \/>\n<meta name=\"twitter:card\" content=\"summary_large_image\" \/>\n<meta name=\"twitter:label1\" content=\"Est. reading time\" \/>\n\t<meta name=\"twitter:data1\" content=\"1 minut\" \/>\n<script type=\"application\/ld+json\" class=\"yoast-schema-graph\">{\"@context\":\"https:\/\/schema.org\",\"@graph\":[{\"@type\":\"WebPage\",\"@id\":\"https:\/\/www.transtoyou.com\/et\/product\/betmiga\/\",\"url\":\"https:\/\/www.transtoyou.com\/et\/product\/betmiga\/\",\"name\":\"Betmiga | OAB s\u00fcmptomite t\u00f5hus kontroll - Transtoyou\",\"isPartOf\":{\"@id\":\"https:\/\/www.transtoyou.com\/et\/#website\"},\"primaryImageOfPage\":{\"@id\":\"https:\/\/www.transtoyou.com\/et\/product\/betmiga\/#primaryimage\"},\"image\":{\"@id\":\"https:\/\/www.transtoyou.com\/et\/product\/betmiga\/#primaryimage\"},\"thumbnailUrl\":\"https:\/\/www.transtoyou.com\/et\/wp-content\/uploads\/sites\/7\/2026\/01\/tty-no-product-image-76.webp\",\"datePublished\":\"2026-01-24T03:02:48+00:00\",\"dateModified\":\"2026-01-24T03:03:52+00:00\",\"description\":\"Betmiga on saadaval Transtoyou's, ravib \u00fcliaktiivse p\u00f5ie s\u00fcmptomeid mirabegroniga. Paranda p\u00f5ie kontrolli t\u00e4na kliiniliselt hinnatud retseptidega.\",\"breadcrumb\":{\"@id\":\"https:\/\/www.transtoyou.com\/et\/product\/betmiga\/#breadcrumb\"},\"inLanguage\":\"et\",\"potentialAction\":[{\"@type\":\"ReadAction\",\"target\":[\"https:\/\/www.transtoyou.com\/et\/product\/betmiga\/\"]}]},{\"@type\":\"ImageObject\",\"inLanguage\":\"et\",\"@id\":\"https:\/\/www.transtoyou.com\/et\/product\/betmiga\/#primaryimage\",\"url\":\"https:\/\/www.transtoyou.com\/et\/wp-content\/uploads\/sites\/7\/2026\/01\/tty-no-product-image-76.webp\",\"contentUrl\":\"https:\/\/www.transtoyou.com\/et\/wp-content\/uploads\/sites\/7\/2026\/01\/tty-no-product-image-76.webp\",\"width\":1000,\"height\":1000,\"caption\":\"Vaikimisi toote pilt\"},{\"@type\":\"WebSite\",\"@id\":\"https:\/\/www.transtoyou.com\/et\/#website\",\"url\":\"https:\/\/www.transtoyou.com\/et\/\",\"name\":\"Transtoyou - ET\",\"description\":\"\",\"publisher\":{\"@id\":\"https:\/\/www.transtoyou.com\/et\/#organization\"},\"potentialAction\":[{\"@type\":\"SearchAction\",\"target\":{\"@type\":\"EntryPoint\",\"urlTemplate\":\"https:\/\/www.transtoyou.com\/et\/?s={search_term_string}\"},\"query-input\":{\"@type\":\"PropertyValueSpecification\",\"valueRequired\":true,\"valueName\":\"search_term_string\"}}],\"inLanguage\":\"et\"},{\"@type\":\"Organization\",\"@id\":\"https:\/\/www.transtoyou.com\/et\/#organization\",\"name\":\"Transtoyou - ET\",\"url\":\"https:\/\/www.transtoyou.com\/et\/\",\"logo\":{\"@type\":\"ImageObject\",\"inLanguage\":\"et\",\"@id\":\"https:\/\/www.transtoyou.com\/et\/#\/schema\/logo\/image\/\",\"url\":\"https:\/\/www.transtoyou.com\/et\/wp-content\/uploads\/sites\/7\/2026\/01\/logo-tty-menu-bar-300x87-1.webp\",\"contentUrl\":\"https:\/\/www.transtoyou.com\/et\/wp-content\/uploads\/sites\/7\/2026\/01\/logo-tty-menu-bar-300x87-1.webp\",\"width\":300,\"height\":87,\"caption\":\"Transtoyou - ET\"},\"image\":{\"@id\":\"https:\/\/www.transtoyou.com\/et\/#\/schema\/logo\/image\/\"}}]}<\/script>\n<!-- \/ Yoast SEO plugin. -->","yoast_head_json":{"title":"Betmiga | OAB s\u00fcmptomite t\u00f5hus kontroll - Transtoyou","description":"Betmiga on saadaval Transtoyou's, ravib \u00fcliaktiivse p\u00f5ie s\u00fcmptomeid mirabegroniga. Paranda p\u00f5ie kontrolli t\u00e4na kliiniliselt hinnatud retseptidega.","robots":{"index":"noindex","follow":"follow","max-snippet":"max-snippet:-1","max-image-preview":"max-image-preview:large","max-video-preview":"max-video-preview:-1"},"og_locale":"et_EE","og_type":"article","og_title":"Betmiga | OAB s\u00fcmptomite t\u00f5hus kontroll - Transtoyou","og_description":"Betmiga on saadaval Transtoyou's, ravib \u00fcliaktiivse p\u00f5ie s\u00fcmptomeid mirabegroniga. Paranda p\u00f5ie kontrolli t\u00e4na kliiniliselt hinnatud retseptidega.","og_url":"https:\/\/www.transtoyou.com\/et\/product\/betmiga\/","og_site_name":"Transtoyou - ET","article_modified_time":"2026-01-24T03:03:52+00:00","twitter_card":"summary_large_image","twitter_misc":{"Est. reading time":"1 minut"},"schema":{"@context":"https:\/\/schema.org","@graph":[{"@type":"WebPage","@id":"https:\/\/www.transtoyou.com\/et\/product\/betmiga\/","url":"https:\/\/www.transtoyou.com\/et\/product\/betmiga\/","name":"Betmiga | OAB s\u00fcmptomite t\u00f5hus kontroll - Transtoyou","isPartOf":{"@id":"https:\/\/www.transtoyou.com\/et\/#website"},"primaryImageOfPage":{"@id":"https:\/\/www.transtoyou.com\/et\/product\/betmiga\/#primaryimage"},"image":{"@id":"https:\/\/www.transtoyou.com\/et\/product\/betmiga\/#primaryimage"},"thumbnailUrl":"https:\/\/www.transtoyou.com\/et\/wp-content\/uploads\/sites\/7\/2026\/01\/tty-no-product-image-76.webp","datePublished":"2026-01-24T03:02:48+00:00","dateModified":"2026-01-24T03:03:52+00:00","description":"Betmiga on saadaval Transtoyou's, ravib \u00fcliaktiivse p\u00f5ie s\u00fcmptomeid mirabegroniga. Paranda p\u00f5ie kontrolli t\u00e4na kliiniliselt hinnatud retseptidega.","breadcrumb":{"@id":"https:\/\/www.transtoyou.com\/et\/product\/betmiga\/#breadcrumb"},"inLanguage":"et","potentialAction":[{"@type":"ReadAction","target":["https:\/\/www.transtoyou.com\/et\/product\/betmiga\/"]}]},{"@type":"ImageObject","inLanguage":"et","@id":"https:\/\/www.transtoyou.com\/et\/product\/betmiga\/#primaryimage","url":"https:\/\/www.transtoyou.com\/et\/wp-content\/uploads\/sites\/7\/2026\/01\/tty-no-product-image-76.webp","contentUrl":"https:\/\/www.transtoyou.com\/et\/wp-content\/uploads\/sites\/7\/2026\/01\/tty-no-product-image-76.webp","width":1000,"height":1000,"caption":"Vaikimisi toote pilt"},{"@type":"WebSite","@id":"https:\/\/www.transtoyou.com\/et\/#website","url":"https:\/\/www.transtoyou.com\/et\/","name":"Transtoyou - ET","description":"","publisher":{"@id":"https:\/\/www.transtoyou.com\/et\/#organization"},"potentialAction":[{"@type":"SearchAction","target":{"@type":"EntryPoint","urlTemplate":"https:\/\/www.transtoyou.com\/et\/?s={search_term_string}"},"query-input":{"@type":"PropertyValueSpecification","valueRequired":true,"valueName":"search_term_string"}}],"inLanguage":"et"},{"@type":"Organization","@id":"https:\/\/www.transtoyou.com\/et\/#organization","name":"Transtoyou - ET","url":"https:\/\/www.transtoyou.com\/et\/","logo":{"@type":"ImageObject","inLanguage":"et","@id":"https:\/\/www.transtoyou.com\/et\/#\/schema\/logo\/image\/","url":"https:\/\/www.transtoyou.com\/et\/wp-content\/uploads\/sites\/7\/2026\/01\/logo-tty-menu-bar-300x87-1.webp","contentUrl":"https:\/\/www.transtoyou.com\/et\/wp-content\/uploads\/sites\/7\/2026\/01\/logo-tty-menu-bar-300x87-1.webp","width":300,"height":87,"caption":"Transtoyou - ET"},"image":{"@id":"https:\/\/www.transtoyou.com\/et\/#\/schema\/logo\/image\/"}}]}},"_links":{"self":[{"href":"https:\/\/www.transtoyou.com\/et\/wp-json\/wp\/v2\/product\/948","targetHints":{"allow":["GET"]}}],"collection":[{"href":"https:\/\/www.transtoyou.com\/et\/wp-json\/wp\/v2\/product"}],"about":[{"href":"https:\/\/www.transtoyou.com\/et\/wp-json\/wp\/v2\/types\/product"}],"replies":[{"embeddable":true,"href":"https:\/\/www.transtoyou.com\/et\/wp-json\/wp\/v2\/comments?post=948"}],"wp:featuredmedia":[{"embeddable":true,"href":"https:\/\/www.transtoyou.com\/et\/wp-json\/wp\/v2\/media\/950"}],"wp:attachment":[{"href":"https:\/\/www.transtoyou.com\/et\/wp-json\/wp\/v2\/media?parent=948"}],"wp:term":[{"taxonomy":"product_brand","embeddable":true,"href":"https:\/\/www.transtoyou.com\/et\/wp-json\/wp\/v2\/product_brand?post=948"},{"taxonomy":"product_cat","embeddable":true,"href":"https:\/\/www.transtoyou.com\/et\/wp-json\/wp\/v2\/product_cat?post=948"},{"taxonomy":"product_tag","embeddable":true,"href":"https:\/\/www.transtoyou.com\/et\/wp-json\/wp\/v2\/product_tag?post=948"},{"taxonomy":"expert","embeddable":true,"href":"https:\/\/www.transtoyou.com\/et\/wp-json\/wp\/v2\/expert?post=948"}],"curies":[{"name":"wp","href":"https:\/\/api.w.org\/{rel}","templated":true}]}}