{"id":954,"date":"2026-01-24T05:34:23","date_gmt":"2026-01-24T03:34:23","guid":{"rendered":"https:\/\/www.transtoyou.com\/et\/product\/sumatriptan\/"},"modified":"2026-03-05T16:28:48","modified_gmt":"2026-03-05T14:28:48","slug":"sumatriptan","status":"publish","type":"product","link":"https:\/\/www.transtoyou.com\/et\/product\/sumatriptan\/","title":{"rendered":"Sumatriptaan"},"content":{"rendered":"<p>Sumatriptaan on ravim, mida kasutatakse \u00e4gedate migreenihoogude ja klastripeavalude raviks. See kuulub ravimite r\u00fchma, mida tuntakse triptaanide nime all, mis on spetsiaalselt loodud migreeni s\u00fcmptomite leevendamiseks, kui need algavad. Sumatriptaani ei kasutata migreeni ennetamiseks, vaid pigem r\u00fcnnaku katkestamiseks p\u00e4rast selle algust.<\/p>\n<p>Migreeni s\u00fcmptomiteks v\u00f5ivad olla pulbitsev peavalu, iiveldus, valguse v\u00f5i heli suhtes tundlikkus ja n\u00e4gemish\u00e4ired. Sumatriptaan aitab, kitsendades laienenud veresooni ajus ja blokeerides teatud kemikaalide vabanemise, mis arvatakse k\u00e4ivitavat migreeni s\u00fcmptomeid. See toime aitab v\u00e4hendada valu ja sellega seotud s\u00fcmptomeid suhteliselt l\u00fchikese aja jooksul.<\/p>\n<p>Suukaudsete tablettide tavaline annus on 50 mg v\u00f5i 100 mg, mida v\u00f5etakse migreeni alguses. Kui s\u00fcmptomid naasevad, v\u00f5ib teise annuse v\u00f5tta p\u00e4rast v\u00e4hemalt kahte tundi, kuid 24 tunni jooksul ei tohi v\u00f5tta rohkem kui kahte annust.<\/p>\n<p>Sumatriptaan toimib k\u00f5ige paremini, kui seda v\u00f5tta varakult migreenihoo alguses, enne kui peavalu muutub t\u00f5sisemaks. Paljud inimesed tunnevad olulist leevendust 30 kuni 60 minuti jooksul p\u00e4rast ravimi v\u00f5tmist.<\/p>\n<p>Tavalised k\u00f5rvaltoimed v\u00f5ivad h\u00f5lmata kipitustunnet, n\u00e4o punetust, v\u00e4simust v\u00f5i survetunnet rinnus v\u00f5i kurgus. Need efektid on tavaliselt l\u00fchiajalised. Sumatriptaan ei pruugi sobida teatud s\u00fcdame-veresoonkonna haigustega inimestele, kuna see m\u00f5jutab veresooni.<\/p>\n","protected":false},"excerpt":{"rendered":"<ul>\n<li>Kiire leevendus migreeni s\u00fcmptomite jaoks<\/li>\n<li>Sihtib peavalu veresoonte p\u00f5hjust<\/li>\n<li>Samuti ravib klastripeavalu t\u00f5husalt<\/li>\n<\/ul>\n","protected":false},"featured_media":956,"comment_status":"open","ping_status":"closed","template":"","meta":[],"product_brand":[],"product_cat":[146],"product_tag":[],"expert":[16],"class_list":{"0":"post-954","1":"product","2":"type-product","3":"status-publish","4":"has-post-thumbnail","6":"product_cat-peavalu-ja-migreenid","7":"expert-dr-c-alexandru","9":"first","10":"instock","11":"shipping-taxable","12":"product-type-variable"},"yoast_head":"<!-- This site is optimized with the Yoast SEO plugin v27.0 - https:\/\/yoast.com\/product\/yoast-seo-wordpress\/ -->\n<title>Sumatriptaan | Leevenda migreeni kiiresti - Transtoyou<\/title>\n<meta name=\"description\" content=\"Sumatriptaan on saadaval Transtoyou&#039;s, et kiiresti leevendada \u00e4gedaid migreene. Kontrolli s\u00fcmptomeid t\u00f5husalt ja usaldusv\u00e4\u00e4rselt.\" \/>\n<meta name=\"robots\" content=\"noindex, follow, max-snippet:-1, max-image-preview:large, max-video-preview:-1\" \/>\n<meta property=\"og:locale\" content=\"et_EE\" \/>\n<meta property=\"og:type\" content=\"article\" \/>\n<meta property=\"og:title\" content=\"Sumatriptaan | Leevenda migreeni kiiresti - Transtoyou\" \/>\n<meta property=\"og:description\" content=\"Sumatriptaan on saadaval Transtoyou&#039;s, et kiiresti leevendada \u00e4gedaid migreene. Kontrolli s\u00fcmptomeid t\u00f5husalt ja usaldusv\u00e4\u00e4rselt.\" \/>\n<meta property=\"og:url\" content=\"https:\/\/www.transtoyou.com\/et\/product\/sumatriptan\/\" \/>\n<meta property=\"og:site_name\" content=\"Transtoyou - ET\" \/>\n<meta property=\"article:modified_time\" content=\"2026-03-05T14:28:48+00:00\" \/>\n<meta name=\"twitter:card\" content=\"summary_large_image\" \/>\n<meta name=\"twitter:label1\" content=\"Est. reading time\" \/>\n\t<meta name=\"twitter:data1\" content=\"1 minut\" \/>\n<script type=\"application\/ld+json\" class=\"yoast-schema-graph\">{\"@context\":\"https:\/\/schema.org\",\"@graph\":[{\"@type\":\"WebPage\",\"@id\":\"https:\/\/www.transtoyou.com\/et\/product\/sumatriptan\/\",\"url\":\"https:\/\/www.transtoyou.com\/et\/product\/sumatriptan\/\",\"name\":\"Sumatriptaan | Leevenda migreeni kiiresti - Transtoyou\",\"isPartOf\":{\"@id\":\"https:\/\/www.transtoyou.com\/et\/#website\"},\"primaryImageOfPage\":{\"@id\":\"https:\/\/www.transtoyou.com\/et\/product\/sumatriptan\/#primaryimage\"},\"image\":{\"@id\":\"https:\/\/www.transtoyou.com\/et\/product\/sumatriptan\/#primaryimage\"},\"thumbnailUrl\":\"https:\/\/www.transtoyou.com\/et\/wp-content\/uploads\/sites\/7\/2026\/01\/tty-no-product-image-78.webp\",\"datePublished\":\"2026-01-24T03:34:23+00:00\",\"dateModified\":\"2026-03-05T14:28:48+00:00\",\"description\":\"Sumatriptaan on saadaval Transtoyou's, et kiiresti leevendada \u00e4gedaid migreene. Kontrolli s\u00fcmptomeid t\u00f5husalt ja usaldusv\u00e4\u00e4rselt.\",\"breadcrumb\":{\"@id\":\"https:\/\/www.transtoyou.com\/et\/product\/sumatriptan\/#breadcrumb\"},\"inLanguage\":\"et\",\"potentialAction\":[{\"@type\":\"ReadAction\",\"target\":[\"https:\/\/www.transtoyou.com\/et\/product\/sumatriptan\/\"]}]},{\"@type\":\"ImageObject\",\"inLanguage\":\"et\",\"@id\":\"https:\/\/www.transtoyou.com\/et\/product\/sumatriptan\/#primaryimage\",\"url\":\"https:\/\/www.transtoyou.com\/et\/wp-content\/uploads\/sites\/7\/2026\/01\/tty-no-product-image-78.webp\",\"contentUrl\":\"https:\/\/www.transtoyou.com\/et\/wp-content\/uploads\/sites\/7\/2026\/01\/tty-no-product-image-78.webp\",\"width\":1000,\"height\":1000,\"caption\":\"Vaikimisi toote pilt\"},{\"@type\":\"WebSite\",\"@id\":\"https:\/\/www.transtoyou.com\/et\/#website\",\"url\":\"https:\/\/www.transtoyou.com\/et\/\",\"name\":\"Transtoyou - ET\",\"description\":\"\",\"publisher\":{\"@id\":\"https:\/\/www.transtoyou.com\/et\/#organization\"},\"potentialAction\":[{\"@type\":\"SearchAction\",\"target\":{\"@type\":\"EntryPoint\",\"urlTemplate\":\"https:\/\/www.transtoyou.com\/et\/?s={search_term_string}\"},\"query-input\":{\"@type\":\"PropertyValueSpecification\",\"valueRequired\":true,\"valueName\":\"search_term_string\"}}],\"inLanguage\":\"et\"},{\"@type\":\"Organization\",\"@id\":\"https:\/\/www.transtoyou.com\/et\/#organization\",\"name\":\"Transtoyou - ET\",\"url\":\"https:\/\/www.transtoyou.com\/et\/\",\"logo\":{\"@type\":\"ImageObject\",\"inLanguage\":\"et\",\"@id\":\"https:\/\/www.transtoyou.com\/et\/#\/schema\/logo\/image\/\",\"url\":\"https:\/\/www.transtoyou.com\/et\/wp-content\/uploads\/sites\/7\/2026\/01\/logo-tty-menu-bar-300x87-1.webp\",\"contentUrl\":\"https:\/\/www.transtoyou.com\/et\/wp-content\/uploads\/sites\/7\/2026\/01\/logo-tty-menu-bar-300x87-1.webp\",\"width\":300,\"height\":87,\"caption\":\"Transtoyou - ET\"},\"image\":{\"@id\":\"https:\/\/www.transtoyou.com\/et\/#\/schema\/logo\/image\/\"}}]}<\/script>\n<!-- \/ Yoast SEO plugin. -->","yoast_head_json":{"title":"Sumatriptaan | Leevenda migreeni kiiresti - Transtoyou","description":"Sumatriptaan on saadaval Transtoyou's, et kiiresti leevendada \u00e4gedaid migreene. Kontrolli s\u00fcmptomeid t\u00f5husalt ja usaldusv\u00e4\u00e4rselt.","robots":{"index":"noindex","follow":"follow","max-snippet":"max-snippet:-1","max-image-preview":"max-image-preview:large","max-video-preview":"max-video-preview:-1"},"og_locale":"et_EE","og_type":"article","og_title":"Sumatriptaan | Leevenda migreeni kiiresti - Transtoyou","og_description":"Sumatriptaan on saadaval Transtoyou's, et kiiresti leevendada \u00e4gedaid migreene. Kontrolli s\u00fcmptomeid t\u00f5husalt ja usaldusv\u00e4\u00e4rselt.","og_url":"https:\/\/www.transtoyou.com\/et\/product\/sumatriptan\/","og_site_name":"Transtoyou - ET","article_modified_time":"2026-03-05T14:28:48+00:00","twitter_card":"summary_large_image","twitter_misc":{"Est. reading time":"1 minut"},"schema":{"@context":"https:\/\/schema.org","@graph":[{"@type":"WebPage","@id":"https:\/\/www.transtoyou.com\/et\/product\/sumatriptan\/","url":"https:\/\/www.transtoyou.com\/et\/product\/sumatriptan\/","name":"Sumatriptaan | Leevenda migreeni kiiresti - Transtoyou","isPartOf":{"@id":"https:\/\/www.transtoyou.com\/et\/#website"},"primaryImageOfPage":{"@id":"https:\/\/www.transtoyou.com\/et\/product\/sumatriptan\/#primaryimage"},"image":{"@id":"https:\/\/www.transtoyou.com\/et\/product\/sumatriptan\/#primaryimage"},"thumbnailUrl":"https:\/\/www.transtoyou.com\/et\/wp-content\/uploads\/sites\/7\/2026\/01\/tty-no-product-image-78.webp","datePublished":"2026-01-24T03:34:23+00:00","dateModified":"2026-03-05T14:28:48+00:00","description":"Sumatriptaan on saadaval Transtoyou's, et kiiresti leevendada \u00e4gedaid migreene. Kontrolli s\u00fcmptomeid t\u00f5husalt ja usaldusv\u00e4\u00e4rselt.","breadcrumb":{"@id":"https:\/\/www.transtoyou.com\/et\/product\/sumatriptan\/#breadcrumb"},"inLanguage":"et","potentialAction":[{"@type":"ReadAction","target":["https:\/\/www.transtoyou.com\/et\/product\/sumatriptan\/"]}]},{"@type":"ImageObject","inLanguage":"et","@id":"https:\/\/www.transtoyou.com\/et\/product\/sumatriptan\/#primaryimage","url":"https:\/\/www.transtoyou.com\/et\/wp-content\/uploads\/sites\/7\/2026\/01\/tty-no-product-image-78.webp","contentUrl":"https:\/\/www.transtoyou.com\/et\/wp-content\/uploads\/sites\/7\/2026\/01\/tty-no-product-image-78.webp","width":1000,"height":1000,"caption":"Vaikimisi toote pilt"},{"@type":"WebSite","@id":"https:\/\/www.transtoyou.com\/et\/#website","url":"https:\/\/www.transtoyou.com\/et\/","name":"Transtoyou - ET","description":"","publisher":{"@id":"https:\/\/www.transtoyou.com\/et\/#organization"},"potentialAction":[{"@type":"SearchAction","target":{"@type":"EntryPoint","urlTemplate":"https:\/\/www.transtoyou.com\/et\/?s={search_term_string}"},"query-input":{"@type":"PropertyValueSpecification","valueRequired":true,"valueName":"search_term_string"}}],"inLanguage":"et"},{"@type":"Organization","@id":"https:\/\/www.transtoyou.com\/et\/#organization","name":"Transtoyou - ET","url":"https:\/\/www.transtoyou.com\/et\/","logo":{"@type":"ImageObject","inLanguage":"et","@id":"https:\/\/www.transtoyou.com\/et\/#\/schema\/logo\/image\/","url":"https:\/\/www.transtoyou.com\/et\/wp-content\/uploads\/sites\/7\/2026\/01\/logo-tty-menu-bar-300x87-1.webp","contentUrl":"https:\/\/www.transtoyou.com\/et\/wp-content\/uploads\/sites\/7\/2026\/01\/logo-tty-menu-bar-300x87-1.webp","width":300,"height":87,"caption":"Transtoyou - ET"},"image":{"@id":"https:\/\/www.transtoyou.com\/et\/#\/schema\/logo\/image\/"}}]}},"_links":{"self":[{"href":"https:\/\/www.transtoyou.com\/et\/wp-json\/wp\/v2\/product\/954","targetHints":{"allow":["GET"]}}],"collection":[{"href":"https:\/\/www.transtoyou.com\/et\/wp-json\/wp\/v2\/product"}],"about":[{"href":"https:\/\/www.transtoyou.com\/et\/wp-json\/wp\/v2\/types\/product"}],"replies":[{"embeddable":true,"href":"https:\/\/www.transtoyou.com\/et\/wp-json\/wp\/v2\/comments?post=954"}],"wp:featuredmedia":[{"embeddable":true,"href":"https:\/\/www.transtoyou.com\/et\/wp-json\/wp\/v2\/media\/956"}],"wp:attachment":[{"href":"https:\/\/www.transtoyou.com\/et\/wp-json\/wp\/v2\/media?parent=954"}],"wp:term":[{"taxonomy":"product_brand","embeddable":true,"href":"https:\/\/www.transtoyou.com\/et\/wp-json\/wp\/v2\/product_brand?post=954"},{"taxonomy":"product_cat","embeddable":true,"href":"https:\/\/www.transtoyou.com\/et\/wp-json\/wp\/v2\/product_cat?post=954"},{"taxonomy":"product_tag","embeddable":true,"href":"https:\/\/www.transtoyou.com\/et\/wp-json\/wp\/v2\/product_tag?post=954"},{"taxonomy":"expert","embeddable":true,"href":"https:\/\/www.transtoyou.com\/et\/wp-json\/wp\/v2\/expert?post=954"}],"curies":[{"name":"wp","href":"https:\/\/api.w.org\/{rel}","templated":true}]}}