{"id":957,"date":"2026-01-24T05:52:34","date_gmt":"2026-01-24T03:52:34","guid":{"rendered":"https:\/\/www.transtoyou.com\/et\/product\/rizatriptan\/"},"modified":"2026-03-02T17:49:12","modified_gmt":"2026-03-02T15:49:12","slug":"rizatriptan","status":"publish","type":"product","link":"https:\/\/www.transtoyou.com\/et\/product\/rizatriptan\/","title":{"rendered":"Rizatriptan"},"content":{"rendered":"<p>Rizatriptan on retseptiravim, mis kuulub selektiivsete serotoniini retseptori agonistide klassi, tuntud ka kui Triptan. Seda kasutatakse peamiselt migreenihoogude \u00e4gedaks raviks, kas koos v\u00f5i ilma aurata. Rizatriptan toimib stimuleerides serotoniini (5-HT1B ja 5-HT1D) retseptoreid ajus, mis viib laienenud veresoonte ahenemisele. See veresoonte ahenemine aitab leevendada valu, iiveldust ning valguse ja heli suhtes tundlikkust, mis on tavaliselt seotud migreenidega.<\/p>\n<p>See ravim ei enneta migreene, kuid ravib t\u00f5husalt migreenihooge, kui need algavad. Rizatriptan on k\u00f5ige t\u00f5husam, kui seda v\u00f5tta migreeni s\u00fcmptomite esimeste m\u00e4rkide ilmnemisel. See ei ravi muid peavalu t\u00fc\u00fcpe, nagu pinget\u00fc\u00fcpi peavalu v\u00f5i klastripeavalu.<\/p>\n<p>Rizatriptani toime aitab v\u00e4hendada p\u00f5letikku aju veresoonte \u00fcmber, pakkudes sihitud leevendust, m\u00f5jutamata teisi kehas\u00fcsteeme. See hakkab tavaliselt toimima 30 kuni 60 minuti jooksul p\u00e4rast manustamist ja v\u00f5ib pakkuda leevendust mitmeks tunniks. \u00dcks Rizatriptani eeliseid on selle kiire toime algus ja efektiivsus isegi siis, kui migreeni s\u00fcmptomiteks on iiveldus v\u00f5i oksendamine.<\/p>\n<p>Patsiendid kogevad sageli v\u00e4hem k\u00f5rvaltoimeid v\u00f5rreldes teiste migreeni ravimeetoditega, ja suukaudne lahustuv tablett pakub mugavust ja kiiret imendumist, eriti kui seda v\u00f5tta ilma veeta.<\/p>\n","protected":false},"excerpt":{"rendered":"<ul>\n<li>Kiire migreeni leevendus<\/li>\n<li>Toimib 30 minuti jooksul<\/li>\n<li>Mugav suukaudne tablett<\/li>\n<\/ul>\n","protected":false},"featured_media":959,"comment_status":"open","ping_status":"closed","template":"","meta":[],"product_brand":[],"product_cat":[146],"product_tag":[],"expert":[16],"class_list":{"0":"post-957","1":"product","2":"type-product","3":"status-publish","4":"has-post-thumbnail","6":"product_cat-peavalu-ja-migreenid","7":"expert-dr-c-alexandru","9":"first","10":"instock","11":"shipping-taxable","12":"product-type-variable"},"yoast_head":"<!-- This site is optimized with the Yoast SEO plugin v27.0 - https:\/\/yoast.com\/product\/yoast-seo-wordpress\/ -->\n<title>Rizatriptan | Kiire migreeni leevendus - Transtoyou<\/title>\n<meta name=\"description\" content=\"Rizatriptan: T\u00f5hus migreeni leevendus Transtoyou&#039;s. Saavuta professionaalne abi, turvalised retseptid ja sihitud peavalu leevendus.\" \/>\n<meta name=\"robots\" content=\"noindex, follow, max-snippet:-1, max-image-preview:large, max-video-preview:-1\" \/>\n<meta property=\"og:locale\" content=\"et_EE\" \/>\n<meta property=\"og:type\" content=\"article\" \/>\n<meta property=\"og:title\" content=\"Rizatriptan | Kiire migreeni leevendus - Transtoyou\" \/>\n<meta property=\"og:description\" content=\"Rizatriptan: T\u00f5hus migreeni leevendus Transtoyou&#039;s. Saavuta professionaalne abi, turvalised retseptid ja sihitud peavalu leevendus.\" \/>\n<meta property=\"og:url\" content=\"https:\/\/www.transtoyou.com\/et\/product\/rizatriptan\/\" \/>\n<meta property=\"og:site_name\" content=\"Transtoyou - ET\" \/>\n<meta property=\"article:modified_time\" content=\"2026-03-02T15:49:12+00:00\" \/>\n<meta name=\"twitter:card\" content=\"summary_large_image\" \/>\n<meta name=\"twitter:label1\" content=\"Est. reading time\" \/>\n\t<meta name=\"twitter:data1\" content=\"1 minut\" \/>\n<script type=\"application\/ld+json\" class=\"yoast-schema-graph\">{\"@context\":\"https:\/\/schema.org\",\"@graph\":[{\"@type\":\"WebPage\",\"@id\":\"https:\/\/www.transtoyou.com\/et\/product\/rizatriptan\/\",\"url\":\"https:\/\/www.transtoyou.com\/et\/product\/rizatriptan\/\",\"name\":\"Rizatriptan | Kiire migreeni leevendus - Transtoyou\",\"isPartOf\":{\"@id\":\"https:\/\/www.transtoyou.com\/et\/#website\"},\"primaryImageOfPage\":{\"@id\":\"https:\/\/www.transtoyou.com\/et\/product\/rizatriptan\/#primaryimage\"},\"image\":{\"@id\":\"https:\/\/www.transtoyou.com\/et\/product\/rizatriptan\/#primaryimage\"},\"thumbnailUrl\":\"https:\/\/www.transtoyou.com\/et\/wp-content\/uploads\/sites\/7\/2026\/01\/tty-no-product-image-79.webp\",\"datePublished\":\"2026-01-24T03:52:34+00:00\",\"dateModified\":\"2026-03-02T15:49:12+00:00\",\"description\":\"Rizatriptan: T\u00f5hus migreeni leevendus Transtoyou's. Saavuta professionaalne abi, turvalised retseptid ja sihitud peavalu leevendus.\",\"breadcrumb\":{\"@id\":\"https:\/\/www.transtoyou.com\/et\/product\/rizatriptan\/#breadcrumb\"},\"inLanguage\":\"et\",\"potentialAction\":[{\"@type\":\"ReadAction\",\"target\":[\"https:\/\/www.transtoyou.com\/et\/product\/rizatriptan\/\"]}]},{\"@type\":\"ImageObject\",\"inLanguage\":\"et\",\"@id\":\"https:\/\/www.transtoyou.com\/et\/product\/rizatriptan\/#primaryimage\",\"url\":\"https:\/\/www.transtoyou.com\/et\/wp-content\/uploads\/sites\/7\/2026\/01\/tty-no-product-image-79.webp\",\"contentUrl\":\"https:\/\/www.transtoyou.com\/et\/wp-content\/uploads\/sites\/7\/2026\/01\/tty-no-product-image-79.webp\",\"width\":1000,\"height\":1000,\"caption\":\"Vaikimisi toote pilt\"},{\"@type\":\"WebSite\",\"@id\":\"https:\/\/www.transtoyou.com\/et\/#website\",\"url\":\"https:\/\/www.transtoyou.com\/et\/\",\"name\":\"Transtoyou - ET\",\"description\":\"\",\"publisher\":{\"@id\":\"https:\/\/www.transtoyou.com\/et\/#organization\"},\"potentialAction\":[{\"@type\":\"SearchAction\",\"target\":{\"@type\":\"EntryPoint\",\"urlTemplate\":\"https:\/\/www.transtoyou.com\/et\/?s={search_term_string}\"},\"query-input\":{\"@type\":\"PropertyValueSpecification\",\"valueRequired\":true,\"valueName\":\"search_term_string\"}}],\"inLanguage\":\"et\"},{\"@type\":\"Organization\",\"@id\":\"https:\/\/www.transtoyou.com\/et\/#organization\",\"name\":\"Transtoyou - ET\",\"url\":\"https:\/\/www.transtoyou.com\/et\/\",\"logo\":{\"@type\":\"ImageObject\",\"inLanguage\":\"et\",\"@id\":\"https:\/\/www.transtoyou.com\/et\/#\/schema\/logo\/image\/\",\"url\":\"https:\/\/www.transtoyou.com\/et\/wp-content\/uploads\/sites\/7\/2026\/01\/logo-tty-menu-bar-300x87-1.webp\",\"contentUrl\":\"https:\/\/www.transtoyou.com\/et\/wp-content\/uploads\/sites\/7\/2026\/01\/logo-tty-menu-bar-300x87-1.webp\",\"width\":300,\"height\":87,\"caption\":\"Transtoyou - ET\"},\"image\":{\"@id\":\"https:\/\/www.transtoyou.com\/et\/#\/schema\/logo\/image\/\"}}]}<\/script>\n<!-- \/ Yoast SEO plugin. -->","yoast_head_json":{"title":"Rizatriptan | Kiire migreeni leevendus - Transtoyou","description":"Rizatriptan: T\u00f5hus migreeni leevendus Transtoyou's. Saavuta professionaalne abi, turvalised retseptid ja sihitud peavalu leevendus.","robots":{"index":"noindex","follow":"follow","max-snippet":"max-snippet:-1","max-image-preview":"max-image-preview:large","max-video-preview":"max-video-preview:-1"},"og_locale":"et_EE","og_type":"article","og_title":"Rizatriptan | Kiire migreeni leevendus - Transtoyou","og_description":"Rizatriptan: T\u00f5hus migreeni leevendus Transtoyou's. Saavuta professionaalne abi, turvalised retseptid ja sihitud peavalu leevendus.","og_url":"https:\/\/www.transtoyou.com\/et\/product\/rizatriptan\/","og_site_name":"Transtoyou - ET","article_modified_time":"2026-03-02T15:49:12+00:00","twitter_card":"summary_large_image","twitter_misc":{"Est. reading time":"1 minut"},"schema":{"@context":"https:\/\/schema.org","@graph":[{"@type":"WebPage","@id":"https:\/\/www.transtoyou.com\/et\/product\/rizatriptan\/","url":"https:\/\/www.transtoyou.com\/et\/product\/rizatriptan\/","name":"Rizatriptan | Kiire migreeni leevendus - Transtoyou","isPartOf":{"@id":"https:\/\/www.transtoyou.com\/et\/#website"},"primaryImageOfPage":{"@id":"https:\/\/www.transtoyou.com\/et\/product\/rizatriptan\/#primaryimage"},"image":{"@id":"https:\/\/www.transtoyou.com\/et\/product\/rizatriptan\/#primaryimage"},"thumbnailUrl":"https:\/\/www.transtoyou.com\/et\/wp-content\/uploads\/sites\/7\/2026\/01\/tty-no-product-image-79.webp","datePublished":"2026-01-24T03:52:34+00:00","dateModified":"2026-03-02T15:49:12+00:00","description":"Rizatriptan: T\u00f5hus migreeni leevendus Transtoyou's. Saavuta professionaalne abi, turvalised retseptid ja sihitud peavalu leevendus.","breadcrumb":{"@id":"https:\/\/www.transtoyou.com\/et\/product\/rizatriptan\/#breadcrumb"},"inLanguage":"et","potentialAction":[{"@type":"ReadAction","target":["https:\/\/www.transtoyou.com\/et\/product\/rizatriptan\/"]}]},{"@type":"ImageObject","inLanguage":"et","@id":"https:\/\/www.transtoyou.com\/et\/product\/rizatriptan\/#primaryimage","url":"https:\/\/www.transtoyou.com\/et\/wp-content\/uploads\/sites\/7\/2026\/01\/tty-no-product-image-79.webp","contentUrl":"https:\/\/www.transtoyou.com\/et\/wp-content\/uploads\/sites\/7\/2026\/01\/tty-no-product-image-79.webp","width":1000,"height":1000,"caption":"Vaikimisi toote pilt"},{"@type":"WebSite","@id":"https:\/\/www.transtoyou.com\/et\/#website","url":"https:\/\/www.transtoyou.com\/et\/","name":"Transtoyou - ET","description":"","publisher":{"@id":"https:\/\/www.transtoyou.com\/et\/#organization"},"potentialAction":[{"@type":"SearchAction","target":{"@type":"EntryPoint","urlTemplate":"https:\/\/www.transtoyou.com\/et\/?s={search_term_string}"},"query-input":{"@type":"PropertyValueSpecification","valueRequired":true,"valueName":"search_term_string"}}],"inLanguage":"et"},{"@type":"Organization","@id":"https:\/\/www.transtoyou.com\/et\/#organization","name":"Transtoyou - ET","url":"https:\/\/www.transtoyou.com\/et\/","logo":{"@type":"ImageObject","inLanguage":"et","@id":"https:\/\/www.transtoyou.com\/et\/#\/schema\/logo\/image\/","url":"https:\/\/www.transtoyou.com\/et\/wp-content\/uploads\/sites\/7\/2026\/01\/logo-tty-menu-bar-300x87-1.webp","contentUrl":"https:\/\/www.transtoyou.com\/et\/wp-content\/uploads\/sites\/7\/2026\/01\/logo-tty-menu-bar-300x87-1.webp","width":300,"height":87,"caption":"Transtoyou - ET"},"image":{"@id":"https:\/\/www.transtoyou.com\/et\/#\/schema\/logo\/image\/"}}]}},"_links":{"self":[{"href":"https:\/\/www.transtoyou.com\/et\/wp-json\/wp\/v2\/product\/957","targetHints":{"allow":["GET"]}}],"collection":[{"href":"https:\/\/www.transtoyou.com\/et\/wp-json\/wp\/v2\/product"}],"about":[{"href":"https:\/\/www.transtoyou.com\/et\/wp-json\/wp\/v2\/types\/product"}],"replies":[{"embeddable":true,"href":"https:\/\/www.transtoyou.com\/et\/wp-json\/wp\/v2\/comments?post=957"}],"wp:featuredmedia":[{"embeddable":true,"href":"https:\/\/www.transtoyou.com\/et\/wp-json\/wp\/v2\/media\/959"}],"wp:attachment":[{"href":"https:\/\/www.transtoyou.com\/et\/wp-json\/wp\/v2\/media?parent=957"}],"wp:term":[{"taxonomy":"product_brand","embeddable":true,"href":"https:\/\/www.transtoyou.com\/et\/wp-json\/wp\/v2\/product_brand?post=957"},{"taxonomy":"product_cat","embeddable":true,"href":"https:\/\/www.transtoyou.com\/et\/wp-json\/wp\/v2\/product_cat?post=957"},{"taxonomy":"product_tag","embeddable":true,"href":"https:\/\/www.transtoyou.com\/et\/wp-json\/wp\/v2\/product_tag?post=957"},{"taxonomy":"expert","embeddable":true,"href":"https:\/\/www.transtoyou.com\/et\/wp-json\/wp\/v2\/expert?post=957"}],"curies":[{"name":"wp","href":"https:\/\/api.w.org\/{rel}","templated":true}]}}