{"id":971,"date":"2026-01-24T07:07:45","date_gmt":"2026-01-24T05:07:45","guid":{"rendered":"https:\/\/www.transtoyou.com\/et\/product\/vaniqa\/"},"modified":"2026-03-06T17:00:39","modified_gmt":"2026-03-06T15:00:39","slug":"vaniqa","status":"publish","type":"product","link":"https:\/\/www.transtoyou.com\/et\/product\/vaniqa\/","title":{"rendered":"Vaniqa"},"content":{"rendered":"<p>Vaniqa on kohalik kreem, mida kasutatakse soovimatute n\u00e4oharjaste kasvu v\u00e4hendamiseks, eriti naistel, kellel on diagnoositud n\u00e4o hirsutism. See sisaldab eflornitiinh\u00fcdrokloriidi, ainet, mis toimib, aeglustades karvakasvu kiirus folliikulite tasandil. Erinevalt karvade eemaldamise meetoditest, nagu raseerimine v\u00f5i vahatamine, toimib Vaniqa karvafolliikuli tasandil, et aeglustada kasvu ja seda kasutatakse pikaajalise lahendusena.<\/p>\n<p>Kreemi kantakse otse n\u00e4o m\u00f5jutatud piirkondadele, nagu \u00fclahuule, l\u00f5ug v\u00f5i l\u00f5ualuu, kaks korda p\u00e4evas, v\u00e4hemalt kaheksa tundi rakenduste vahel. See ei ole karvade eemaldamise toode, vaid on m\u00f5eldud kasvu kiirus ja paksuse v\u00e4hendamiseks aja jooksul. N\u00e4htav paranemine v\u00f5ib v\u00f5tta neli kuni kaheksa n\u00e4dalat, ja tulemuste s\u00e4ilitamiseks on vajalik j\u00e4tkuv kasutamine. Kui kreemi kasutamine l\u00f5petatakse, naaseb karvakasv tavaliselt oma varasemasse mustrisse.<\/p>\n<p>Vaniqat kasutatakse sageli koos kosmeetiliste karvade eemaldamise meetoditega. Aja jooksul v\u00f5ivad m\u00f5ned inimesed kogeda karvade eemaldamise protseduuride sageduse v\u00e4henemist, ja uue kasvu v\u00e4limus v\u00f5ib muutuda peenemaks ja heledamaks. Seda v\u00f5ib kasutada pikaajaliselt arsti j\u00e4relevalve all, kuigi efektid varieeruvad indiviidide vahel.<\/p>\n<p>Tavalised k\u00f5rvaltoimed on tavaliselt kerged ja v\u00f5ivad h\u00f5lmata punetust, kipitust, torkimist v\u00f5i kerget naha\u00e4rritust rakenduskohas. Need s\u00fcmptomid v\u00e4henevad sageli, kui nahk harjub kreemiga. Vaniqat tuleks kanda ainult puhtale, kuivale nahale, ja enne meigi v\u00f5i p\u00e4ikesekaitsekreemi pealekandmist on soovitatav l\u00fchike ooteaeg.<\/p>\n","protected":false},"excerpt":{"rendered":"<ul>\n<li>Aeglustab n\u00e4o karvade kasvu<\/li>\n<li>Mittahormonaalne paikne ravi<\/li>\n<li>Sileda naha v\u00e4limust<\/li>\n<\/ul>\n","protected":false},"featured_media":973,"comment_status":"open","ping_status":"closed","template":"","meta":[],"product_brand":[],"product_cat":[154,136],"product_tag":[],"expert":[19],"class_list":{"0":"post-971","1":"product","2":"type-product","3":"status-publish","4":"has-post-thumbnail","6":"product_cat-hirsutism-ja-naokarvad","7":"product_cat-naokarvade-vahendamine","8":"expert-dr-j-vazquez","10":"first","11":"instock","12":"shipping-taxable","13":"product-type-variable"},"yoast_head":"<!-- This site is optimized with the Yoast SEO plugin v27.0 - https:\/\/yoast.com\/product\/yoast-seo-wordpress\/ -->\n<title>Vaniqa | Efektiivne n\u00e4okarvade kasvu v\u00e4hendamine - Transtoyou<\/title>\n<meta name=\"description\" content=\"Vaniqa kreem v\u00e4hendab soovimatut n\u00e4okarvade kasvu, sihates juurp\u00f5hjuseid sujuvama naha nimel. Alusta oma teekonda enesekindluse poole juba t\u00e4na.\" \/>\n<meta name=\"robots\" content=\"noindex, follow, max-snippet:-1, max-image-preview:large, max-video-preview:-1\" \/>\n<meta property=\"og:locale\" content=\"et_EE\" \/>\n<meta property=\"og:type\" content=\"article\" \/>\n<meta property=\"og:title\" content=\"Vaniqa | Efektiivne n\u00e4okarvade kasvu v\u00e4hendamine - Transtoyou\" \/>\n<meta property=\"og:description\" content=\"Vaniqa kreem v\u00e4hendab soovimatut n\u00e4okarvade kasvu, sihates juurp\u00f5hjuseid sujuvama naha nimel. Alusta oma teekonda enesekindluse poole juba t\u00e4na.\" \/>\n<meta property=\"og:url\" content=\"https:\/\/www.transtoyou.com\/et\/product\/vaniqa\/\" \/>\n<meta property=\"og:site_name\" content=\"Transtoyou - ET\" \/>\n<meta property=\"article:modified_time\" content=\"2026-03-06T15:00:39+00:00\" \/>\n<meta name=\"twitter:card\" content=\"summary_large_image\" \/>\n<meta name=\"twitter:label1\" content=\"Est. reading time\" \/>\n\t<meta name=\"twitter:data1\" content=\"1 minut\" \/>\n<script type=\"application\/ld+json\" class=\"yoast-schema-graph\">{\"@context\":\"https:\/\/schema.org\",\"@graph\":[{\"@type\":\"WebPage\",\"@id\":\"https:\/\/www.transtoyou.com\/et\/product\/vaniqa\/\",\"url\":\"https:\/\/www.transtoyou.com\/et\/product\/vaniqa\/\",\"name\":\"Vaniqa | Efektiivne n\u00e4okarvade kasvu v\u00e4hendamine - Transtoyou\",\"isPartOf\":{\"@id\":\"https:\/\/www.transtoyou.com\/et\/#website\"},\"primaryImageOfPage\":{\"@id\":\"https:\/\/www.transtoyou.com\/et\/product\/vaniqa\/#primaryimage\"},\"image\":{\"@id\":\"https:\/\/www.transtoyou.com\/et\/product\/vaniqa\/#primaryimage\"},\"thumbnailUrl\":\"https:\/\/www.transtoyou.com\/et\/wp-content\/uploads\/sites\/7\/2026\/01\/tty-no-product-image-84.webp\",\"datePublished\":\"2026-01-24T05:07:45+00:00\",\"dateModified\":\"2026-03-06T15:00:39+00:00\",\"description\":\"Vaniqa kreem v\u00e4hendab soovimatut n\u00e4okarvade kasvu, sihates juurp\u00f5hjuseid sujuvama naha nimel. Alusta oma teekonda enesekindluse poole juba t\u00e4na.\",\"breadcrumb\":{\"@id\":\"https:\/\/www.transtoyou.com\/et\/product\/vaniqa\/#breadcrumb\"},\"inLanguage\":\"et\",\"potentialAction\":[{\"@type\":\"ReadAction\",\"target\":[\"https:\/\/www.transtoyou.com\/et\/product\/vaniqa\/\"]}]},{\"@type\":\"ImageObject\",\"inLanguage\":\"et\",\"@id\":\"https:\/\/www.transtoyou.com\/et\/product\/vaniqa\/#primaryimage\",\"url\":\"https:\/\/www.transtoyou.com\/et\/wp-content\/uploads\/sites\/7\/2026\/01\/tty-no-product-image-84.webp\",\"contentUrl\":\"https:\/\/www.transtoyou.com\/et\/wp-content\/uploads\/sites\/7\/2026\/01\/tty-no-product-image-84.webp\",\"width\":1000,\"height\":1000,\"caption\":\"Vaikimisi toote pilt\"},{\"@type\":\"WebSite\",\"@id\":\"https:\/\/www.transtoyou.com\/et\/#website\",\"url\":\"https:\/\/www.transtoyou.com\/et\/\",\"name\":\"Transtoyou - ET\",\"description\":\"\",\"publisher\":{\"@id\":\"https:\/\/www.transtoyou.com\/et\/#organization\"},\"potentialAction\":[{\"@type\":\"SearchAction\",\"target\":{\"@type\":\"EntryPoint\",\"urlTemplate\":\"https:\/\/www.transtoyou.com\/et\/?s={search_term_string}\"},\"query-input\":{\"@type\":\"PropertyValueSpecification\",\"valueRequired\":true,\"valueName\":\"search_term_string\"}}],\"inLanguage\":\"et\"},{\"@type\":\"Organization\",\"@id\":\"https:\/\/www.transtoyou.com\/et\/#organization\",\"name\":\"Transtoyou - ET\",\"url\":\"https:\/\/www.transtoyou.com\/et\/\",\"logo\":{\"@type\":\"ImageObject\",\"inLanguage\":\"et\",\"@id\":\"https:\/\/www.transtoyou.com\/et\/#\/schema\/logo\/image\/\",\"url\":\"https:\/\/www.transtoyou.com\/et\/wp-content\/uploads\/sites\/7\/2026\/01\/logo-tty-menu-bar-300x87-1.webp\",\"contentUrl\":\"https:\/\/www.transtoyou.com\/et\/wp-content\/uploads\/sites\/7\/2026\/01\/logo-tty-menu-bar-300x87-1.webp\",\"width\":300,\"height\":87,\"caption\":\"Transtoyou - ET\"},\"image\":{\"@id\":\"https:\/\/www.transtoyou.com\/et\/#\/schema\/logo\/image\/\"}}]}<\/script>\n<!-- \/ Yoast SEO plugin. -->","yoast_head_json":{"title":"Vaniqa | Efektiivne n\u00e4okarvade kasvu v\u00e4hendamine - Transtoyou","description":"Vaniqa kreem v\u00e4hendab soovimatut n\u00e4okarvade kasvu, sihates juurp\u00f5hjuseid sujuvama naha nimel. Alusta oma teekonda enesekindluse poole juba t\u00e4na.","robots":{"index":"noindex","follow":"follow","max-snippet":"max-snippet:-1","max-image-preview":"max-image-preview:large","max-video-preview":"max-video-preview:-1"},"og_locale":"et_EE","og_type":"article","og_title":"Vaniqa | Efektiivne n\u00e4okarvade kasvu v\u00e4hendamine - Transtoyou","og_description":"Vaniqa kreem v\u00e4hendab soovimatut n\u00e4okarvade kasvu, sihates juurp\u00f5hjuseid sujuvama naha nimel. Alusta oma teekonda enesekindluse poole juba t\u00e4na.","og_url":"https:\/\/www.transtoyou.com\/et\/product\/vaniqa\/","og_site_name":"Transtoyou - ET","article_modified_time":"2026-03-06T15:00:39+00:00","twitter_card":"summary_large_image","twitter_misc":{"Est. reading time":"1 minut"},"schema":{"@context":"https:\/\/schema.org","@graph":[{"@type":"WebPage","@id":"https:\/\/www.transtoyou.com\/et\/product\/vaniqa\/","url":"https:\/\/www.transtoyou.com\/et\/product\/vaniqa\/","name":"Vaniqa | Efektiivne n\u00e4okarvade kasvu v\u00e4hendamine - Transtoyou","isPartOf":{"@id":"https:\/\/www.transtoyou.com\/et\/#website"},"primaryImageOfPage":{"@id":"https:\/\/www.transtoyou.com\/et\/product\/vaniqa\/#primaryimage"},"image":{"@id":"https:\/\/www.transtoyou.com\/et\/product\/vaniqa\/#primaryimage"},"thumbnailUrl":"https:\/\/www.transtoyou.com\/et\/wp-content\/uploads\/sites\/7\/2026\/01\/tty-no-product-image-84.webp","datePublished":"2026-01-24T05:07:45+00:00","dateModified":"2026-03-06T15:00:39+00:00","description":"Vaniqa kreem v\u00e4hendab soovimatut n\u00e4okarvade kasvu, sihates juurp\u00f5hjuseid sujuvama naha nimel. Alusta oma teekonda enesekindluse poole juba t\u00e4na.","breadcrumb":{"@id":"https:\/\/www.transtoyou.com\/et\/product\/vaniqa\/#breadcrumb"},"inLanguage":"et","potentialAction":[{"@type":"ReadAction","target":["https:\/\/www.transtoyou.com\/et\/product\/vaniqa\/"]}]},{"@type":"ImageObject","inLanguage":"et","@id":"https:\/\/www.transtoyou.com\/et\/product\/vaniqa\/#primaryimage","url":"https:\/\/www.transtoyou.com\/et\/wp-content\/uploads\/sites\/7\/2026\/01\/tty-no-product-image-84.webp","contentUrl":"https:\/\/www.transtoyou.com\/et\/wp-content\/uploads\/sites\/7\/2026\/01\/tty-no-product-image-84.webp","width":1000,"height":1000,"caption":"Vaikimisi toote pilt"},{"@type":"WebSite","@id":"https:\/\/www.transtoyou.com\/et\/#website","url":"https:\/\/www.transtoyou.com\/et\/","name":"Transtoyou - ET","description":"","publisher":{"@id":"https:\/\/www.transtoyou.com\/et\/#organization"},"potentialAction":[{"@type":"SearchAction","target":{"@type":"EntryPoint","urlTemplate":"https:\/\/www.transtoyou.com\/et\/?s={search_term_string}"},"query-input":{"@type":"PropertyValueSpecification","valueRequired":true,"valueName":"search_term_string"}}],"inLanguage":"et"},{"@type":"Organization","@id":"https:\/\/www.transtoyou.com\/et\/#organization","name":"Transtoyou - ET","url":"https:\/\/www.transtoyou.com\/et\/","logo":{"@type":"ImageObject","inLanguage":"et","@id":"https:\/\/www.transtoyou.com\/et\/#\/schema\/logo\/image\/","url":"https:\/\/www.transtoyou.com\/et\/wp-content\/uploads\/sites\/7\/2026\/01\/logo-tty-menu-bar-300x87-1.webp","contentUrl":"https:\/\/www.transtoyou.com\/et\/wp-content\/uploads\/sites\/7\/2026\/01\/logo-tty-menu-bar-300x87-1.webp","width":300,"height":87,"caption":"Transtoyou - ET"},"image":{"@id":"https:\/\/www.transtoyou.com\/et\/#\/schema\/logo\/image\/"}}]}},"_links":{"self":[{"href":"https:\/\/www.transtoyou.com\/et\/wp-json\/wp\/v2\/product\/971","targetHints":{"allow":["GET"]}}],"collection":[{"href":"https:\/\/www.transtoyou.com\/et\/wp-json\/wp\/v2\/product"}],"about":[{"href":"https:\/\/www.transtoyou.com\/et\/wp-json\/wp\/v2\/types\/product"}],"replies":[{"embeddable":true,"href":"https:\/\/www.transtoyou.com\/et\/wp-json\/wp\/v2\/comments?post=971"}],"wp:featuredmedia":[{"embeddable":true,"href":"https:\/\/www.transtoyou.com\/et\/wp-json\/wp\/v2\/media\/973"}],"wp:attachment":[{"href":"https:\/\/www.transtoyou.com\/et\/wp-json\/wp\/v2\/media?parent=971"}],"wp:term":[{"taxonomy":"product_brand","embeddable":true,"href":"https:\/\/www.transtoyou.com\/et\/wp-json\/wp\/v2\/product_brand?post=971"},{"taxonomy":"product_cat","embeddable":true,"href":"https:\/\/www.transtoyou.com\/et\/wp-json\/wp\/v2\/product_cat?post=971"},{"taxonomy":"product_tag","embeddable":true,"href":"https:\/\/www.transtoyou.com\/et\/wp-json\/wp\/v2\/product_tag?post=971"},{"taxonomy":"expert","embeddable":true,"href":"https:\/\/www.transtoyou.com\/et\/wp-json\/wp\/v2\/expert?post=971"}],"curies":[{"name":"wp","href":"https:\/\/api.w.org\/{rel}","templated":true}]}}