{"id":984,"date":"2026-01-24T08:34:11","date_gmt":"2026-01-24T06:34:11","guid":{"rendered":"https:\/\/www.transtoyou.com\/et\/product\/viridal\/"},"modified":"2026-03-07T16:51:57","modified_gmt":"2026-03-07T14:51:57","slug":"viridal","status":"publish","type":"product","link":"https:\/\/www.transtoyou.com\/et\/product\/viridal\/","title":{"rendered":"Viridal"},"content":{"rendered":"<p>Viridal on ravi, mida kasutatakse erektsioonih\u00e4irete raviks, eriti juhtudel, kui suukaudsed ravimid ei pruugi olla t\u00f5husad v\u00f5i sobivad. See sisaldab alprostad\u00fc\u00fcli, s\u00fcnteetilist versiooni looduslikult esinevast ainest, mis aitab suurendada verevoolu peenisesse. Kohalike veresoonte laienemise kaudu toetab see f\u00fc\u00fcsilist protsessi, mis viib erektsioonini.<\/p>\n<p>Viridal manustatakse s\u00fcstimise teel corpus cavernosum&#8217;i. See meetod v\u00f5imaldab ravimil toimida otse seal, kus seda on vaja. Enamasti algab toime 5 kuni 15 minuti jooksul ja saadud erektsioon kestab tavaliselt umbes 30 kuni 60 minutit, kuigi see v\u00f5ib inimestel erineda.<\/p>\n<p>Ravim on pulbri kujul, mis segatakse enne kasutamist steriilse lahusega. S\u00fcstimiseks kasutatakse peent n\u00f5ela ning on oluline vahetada s\u00fcstekohta iga kord, et v\u00e4hendada kudede kahjustamise riski. Annust kohandatakse tavaliselt vastavalt individuaalsele reageerimisele ja talutavusele.<\/p>\n<p>Viridalit v\u00f5ivad kasutada inimesed, kellel on erinevad erektsioonih\u00e4irete aluseks olevad p\u00f5hjused, sealhulgas vaskulaarsed, neuroloogilised v\u00f5i p\u00e4rast operatsiooni tekkinud seisundid. Levinud k\u00f5rvaltoimed v\u00f5ivad h\u00f5lmata kerget ebamugavust s\u00fcstekohtades v\u00f5i survetunde peenises. M\u00f5nel juhul v\u00f5ivad kasutajad kogeda pikaajalisi erektsioone v\u00f5i lokaalseid fibroose v\u00f5i peenise s\u00f5lme, mida tuleks hinnata, kui need p\u00fcsivad.<\/p>\n","protected":false},"excerpt":{"rendered":"<ul>\n<li>Kiire ja usaldusv\u00e4\u00e4rne erektsioon 5-15 minuti jooksul<\/li>\n<li>\u00dcletab seedes\u00fcsteemi &#8211; toimib isegi siis, kui tabletid eba\u00f5nnestuvad<\/li>\n<li>Reguleeritav annustamine automaatsegamise kahekambri s\u00fcstlaga<\/li>\n<\/ul>\n","protected":false},"featured_media":986,"comment_status":"open","ping_status":"closed","template":"","meta":[],"product_brand":[],"product_cat":[132],"product_tag":[],"expert":[21],"class_list":{"0":"post-984","1":"product","2":"type-product","3":"status-publish","4":"has-post-thumbnail","6":"product_cat-erektsioonihairete-ravimid","7":"expert-dr-m-sharoyko","9":"first","10":"instock","11":"shipping-taxable","12":"product-type-variable"},"yoast_head":"<!-- This site is optimized with the Yoast SEO plugin v27.0 - https:\/\/yoast.com\/product\/yoast-seo-wordpress\/ -->\n<title>Viridal | Kiiretoimeline ED lahendus - Transtoyou<\/title>\n<meta name=\"description\" content=\"Avasta Viridal, ainulaadne lahendus erektsioonih\u00e4irete jaoks. T\u00f5hus alprostad\u00fc\u00fcl on saadaval siin Transtoyou.\" \/>\n<meta name=\"robots\" content=\"noindex, follow, max-snippet:-1, max-image-preview:large, max-video-preview:-1\" \/>\n<meta property=\"og:locale\" content=\"et_EE\" \/>\n<meta property=\"og:type\" content=\"article\" \/>\n<meta property=\"og:title\" content=\"Viridal | Kiiretoimeline ED lahendus - Transtoyou\" \/>\n<meta property=\"og:description\" content=\"Avasta Viridal, ainulaadne lahendus erektsioonih\u00e4irete jaoks. T\u00f5hus alprostad\u00fc\u00fcl on saadaval siin Transtoyou.\" \/>\n<meta property=\"og:url\" content=\"https:\/\/www.transtoyou.com\/et\/product\/viridal\/\" \/>\n<meta property=\"og:site_name\" content=\"Transtoyou - ET\" \/>\n<meta property=\"article:modified_time\" content=\"2026-03-07T14:51:57+00:00\" \/>\n<meta name=\"twitter:card\" content=\"summary_large_image\" \/>\n<meta name=\"twitter:label1\" content=\"Est. reading time\" \/>\n\t<meta name=\"twitter:data1\" content=\"1 minut\" \/>\n<script type=\"application\/ld+json\" class=\"yoast-schema-graph\">{\"@context\":\"https:\/\/schema.org\",\"@graph\":[{\"@type\":\"WebPage\",\"@id\":\"https:\/\/www.transtoyou.com\/et\/product\/viridal\/\",\"url\":\"https:\/\/www.transtoyou.com\/et\/product\/viridal\/\",\"name\":\"Viridal | Kiiretoimeline ED lahendus - Transtoyou\",\"isPartOf\":{\"@id\":\"https:\/\/www.transtoyou.com\/et\/#website\"},\"primaryImageOfPage\":{\"@id\":\"https:\/\/www.transtoyou.com\/et\/product\/viridal\/#primaryimage\"},\"image\":{\"@id\":\"https:\/\/www.transtoyou.com\/et\/product\/viridal\/#primaryimage\"},\"thumbnailUrl\":\"https:\/\/www.transtoyou.com\/et\/wp-content\/uploads\/sites\/7\/2026\/01\/tty-no-product-image-89.webp\",\"datePublished\":\"2026-01-24T06:34:11+00:00\",\"dateModified\":\"2026-03-07T14:51:57+00:00\",\"description\":\"Avasta Viridal, ainulaadne lahendus erektsioonih\u00e4irete jaoks. T\u00f5hus alprostad\u00fc\u00fcl on saadaval siin Transtoyou.\",\"breadcrumb\":{\"@id\":\"https:\/\/www.transtoyou.com\/et\/product\/viridal\/#breadcrumb\"},\"inLanguage\":\"et\",\"potentialAction\":[{\"@type\":\"ReadAction\",\"target\":[\"https:\/\/www.transtoyou.com\/et\/product\/viridal\/\"]}]},{\"@type\":\"ImageObject\",\"inLanguage\":\"et\",\"@id\":\"https:\/\/www.transtoyou.com\/et\/product\/viridal\/#primaryimage\",\"url\":\"https:\/\/www.transtoyou.com\/et\/wp-content\/uploads\/sites\/7\/2026\/01\/tty-no-product-image-89.webp\",\"contentUrl\":\"https:\/\/www.transtoyou.com\/et\/wp-content\/uploads\/sites\/7\/2026\/01\/tty-no-product-image-89.webp\",\"width\":1000,\"height\":1000,\"caption\":\"Vaikimisi toote pilt\"},{\"@type\":\"WebSite\",\"@id\":\"https:\/\/www.transtoyou.com\/et\/#website\",\"url\":\"https:\/\/www.transtoyou.com\/et\/\",\"name\":\"Transtoyou - ET\",\"description\":\"\",\"publisher\":{\"@id\":\"https:\/\/www.transtoyou.com\/et\/#organization\"},\"potentialAction\":[{\"@type\":\"SearchAction\",\"target\":{\"@type\":\"EntryPoint\",\"urlTemplate\":\"https:\/\/www.transtoyou.com\/et\/?s={search_term_string}\"},\"query-input\":{\"@type\":\"PropertyValueSpecification\",\"valueRequired\":true,\"valueName\":\"search_term_string\"}}],\"inLanguage\":\"et\"},{\"@type\":\"Organization\",\"@id\":\"https:\/\/www.transtoyou.com\/et\/#organization\",\"name\":\"Transtoyou - ET\",\"url\":\"https:\/\/www.transtoyou.com\/et\/\",\"logo\":{\"@type\":\"ImageObject\",\"inLanguage\":\"et\",\"@id\":\"https:\/\/www.transtoyou.com\/et\/#\/schema\/logo\/image\/\",\"url\":\"https:\/\/www.transtoyou.com\/et\/wp-content\/uploads\/sites\/7\/2026\/01\/logo-tty-menu-bar-300x87-1.webp\",\"contentUrl\":\"https:\/\/www.transtoyou.com\/et\/wp-content\/uploads\/sites\/7\/2026\/01\/logo-tty-menu-bar-300x87-1.webp\",\"width\":300,\"height\":87,\"caption\":\"Transtoyou - ET\"},\"image\":{\"@id\":\"https:\/\/www.transtoyou.com\/et\/#\/schema\/logo\/image\/\"}}]}<\/script>\n<!-- \/ Yoast SEO plugin. -->","yoast_head_json":{"title":"Viridal | Kiiretoimeline ED lahendus - Transtoyou","description":"Avasta Viridal, ainulaadne lahendus erektsioonih\u00e4irete jaoks. T\u00f5hus alprostad\u00fc\u00fcl on saadaval siin Transtoyou.","robots":{"index":"noindex","follow":"follow","max-snippet":"max-snippet:-1","max-image-preview":"max-image-preview:large","max-video-preview":"max-video-preview:-1"},"og_locale":"et_EE","og_type":"article","og_title":"Viridal | Kiiretoimeline ED lahendus - Transtoyou","og_description":"Avasta Viridal, ainulaadne lahendus erektsioonih\u00e4irete jaoks. T\u00f5hus alprostad\u00fc\u00fcl on saadaval siin Transtoyou.","og_url":"https:\/\/www.transtoyou.com\/et\/product\/viridal\/","og_site_name":"Transtoyou - ET","article_modified_time":"2026-03-07T14:51:57+00:00","twitter_card":"summary_large_image","twitter_misc":{"Est. reading time":"1 minut"},"schema":{"@context":"https:\/\/schema.org","@graph":[{"@type":"WebPage","@id":"https:\/\/www.transtoyou.com\/et\/product\/viridal\/","url":"https:\/\/www.transtoyou.com\/et\/product\/viridal\/","name":"Viridal | Kiiretoimeline ED lahendus - Transtoyou","isPartOf":{"@id":"https:\/\/www.transtoyou.com\/et\/#website"},"primaryImageOfPage":{"@id":"https:\/\/www.transtoyou.com\/et\/product\/viridal\/#primaryimage"},"image":{"@id":"https:\/\/www.transtoyou.com\/et\/product\/viridal\/#primaryimage"},"thumbnailUrl":"https:\/\/www.transtoyou.com\/et\/wp-content\/uploads\/sites\/7\/2026\/01\/tty-no-product-image-89.webp","datePublished":"2026-01-24T06:34:11+00:00","dateModified":"2026-03-07T14:51:57+00:00","description":"Avasta Viridal, ainulaadne lahendus erektsioonih\u00e4irete jaoks. T\u00f5hus alprostad\u00fc\u00fcl on saadaval siin Transtoyou.","breadcrumb":{"@id":"https:\/\/www.transtoyou.com\/et\/product\/viridal\/#breadcrumb"},"inLanguage":"et","potentialAction":[{"@type":"ReadAction","target":["https:\/\/www.transtoyou.com\/et\/product\/viridal\/"]}]},{"@type":"ImageObject","inLanguage":"et","@id":"https:\/\/www.transtoyou.com\/et\/product\/viridal\/#primaryimage","url":"https:\/\/www.transtoyou.com\/et\/wp-content\/uploads\/sites\/7\/2026\/01\/tty-no-product-image-89.webp","contentUrl":"https:\/\/www.transtoyou.com\/et\/wp-content\/uploads\/sites\/7\/2026\/01\/tty-no-product-image-89.webp","width":1000,"height":1000,"caption":"Vaikimisi toote pilt"},{"@type":"WebSite","@id":"https:\/\/www.transtoyou.com\/et\/#website","url":"https:\/\/www.transtoyou.com\/et\/","name":"Transtoyou - ET","description":"","publisher":{"@id":"https:\/\/www.transtoyou.com\/et\/#organization"},"potentialAction":[{"@type":"SearchAction","target":{"@type":"EntryPoint","urlTemplate":"https:\/\/www.transtoyou.com\/et\/?s={search_term_string}"},"query-input":{"@type":"PropertyValueSpecification","valueRequired":true,"valueName":"search_term_string"}}],"inLanguage":"et"},{"@type":"Organization","@id":"https:\/\/www.transtoyou.com\/et\/#organization","name":"Transtoyou - ET","url":"https:\/\/www.transtoyou.com\/et\/","logo":{"@type":"ImageObject","inLanguage":"et","@id":"https:\/\/www.transtoyou.com\/et\/#\/schema\/logo\/image\/","url":"https:\/\/www.transtoyou.com\/et\/wp-content\/uploads\/sites\/7\/2026\/01\/logo-tty-menu-bar-300x87-1.webp","contentUrl":"https:\/\/www.transtoyou.com\/et\/wp-content\/uploads\/sites\/7\/2026\/01\/logo-tty-menu-bar-300x87-1.webp","width":300,"height":87,"caption":"Transtoyou - ET"},"image":{"@id":"https:\/\/www.transtoyou.com\/et\/#\/schema\/logo\/image\/"}}]}},"_links":{"self":[{"href":"https:\/\/www.transtoyou.com\/et\/wp-json\/wp\/v2\/product\/984","targetHints":{"allow":["GET"]}}],"collection":[{"href":"https:\/\/www.transtoyou.com\/et\/wp-json\/wp\/v2\/product"}],"about":[{"href":"https:\/\/www.transtoyou.com\/et\/wp-json\/wp\/v2\/types\/product"}],"replies":[{"embeddable":true,"href":"https:\/\/www.transtoyou.com\/et\/wp-json\/wp\/v2\/comments?post=984"}],"wp:featuredmedia":[{"embeddable":true,"href":"https:\/\/www.transtoyou.com\/et\/wp-json\/wp\/v2\/media\/986"}],"wp:attachment":[{"href":"https:\/\/www.transtoyou.com\/et\/wp-json\/wp\/v2\/media?parent=984"}],"wp:term":[{"taxonomy":"product_brand","embeddable":true,"href":"https:\/\/www.transtoyou.com\/et\/wp-json\/wp\/v2\/product_brand?post=984"},{"taxonomy":"product_cat","embeddable":true,"href":"https:\/\/www.transtoyou.com\/et\/wp-json\/wp\/v2\/product_cat?post=984"},{"taxonomy":"product_tag","embeddable":true,"href":"https:\/\/www.transtoyou.com\/et\/wp-json\/wp\/v2\/product_tag?post=984"},{"taxonomy":"expert","embeddable":true,"href":"https:\/\/www.transtoyou.com\/et\/wp-json\/wp\/v2\/expert?post=984"}],"curies":[{"name":"wp","href":"https:\/\/api.w.org\/{rel}","templated":true}]}}