{"id":987,"date":"2026-01-24T08:50:13","date_gmt":"2026-01-24T06:50:13","guid":{"rendered":"https:\/\/www.transtoyou.com\/et\/product\/viagra\/"},"modified":"2026-03-18T16:19:26","modified_gmt":"2026-03-18T14:19:26","slug":"viagra","status":"publish","type":"product","link":"https:\/\/www.transtoyou.com\/et\/product\/viagra\/","title":{"rendered":"Viagra"},"content":{"rendered":"<p>Viagra on ravimeetod erektsioonih\u00e4irete jaoks, aidates meestel saavutada ja s\u00e4ilitada erektsiooni, mis sobib seksuaalseks tegevuseks. Selle toimeaine, sildenafiiltsitraat, toimib, suurendades verevoolu peenisesse, kui mees on seksuaalselt erutatud. See parandab keha loomulikku v\u00f5imet intiimsusele reageerida, toetades tugevamaid ja usaldusv\u00e4\u00e4rsemaid erektsioone.<\/p>\n<p>Viagra kuulub ravimite klassi, mida nimetatakse PDE5 inhibiitoriteks, mis l\u00f5dvestavad peenise veresooni, v\u00f5imaldades rohkem verd siseneda stimulatsiooni ajal. See ei p\u00f5hjusta erektsiooni iseenesest, seksuaalne erutus on endiselt vajalik, et ravim oleks efektiivne. Kui Viagra on kehas aktiivne, hakkab see tavaliselt toimima 30 kuni 60 minuti jooksul, ja selle toime v\u00f5ib kesta umbes neli kuni viis tundi.<\/p>\n<p>Standardsed algannused on 50 mg, mida v\u00f5etakse umbes tund enne seksuaalset tegevust, kuigi seda saab kohandada s\u00f5ltuvalt individuaalsest vastusest ja taluvusest. M\u00f5ned mehed v\u00f5ivad kasu saada madalamast annusest (25 mg), samas kui teised v\u00f5ivad vajada kuni 100 mg. Seda v\u00f5etakse suu kaudu ja seda saab kasutada koos toiduga v\u00f5i ilma, kuigi k\u00f5rge rasvasisaldusega toidud v\u00f5ivad veidi viivitada toime algust.<\/p>\n<p>Viagra on \u00fcldiselt h\u00e4sti talutav. M\u00f5ned kasutajad v\u00f5ivad kogeda k\u00f5rvaltoimeid, nagu peavalud, n\u00e4o punetus, ninakinnisus, k\u00f5huvalu v\u00f5i ajutised n\u00e4gemise muutused (n\u00e4iteks sinine varjund). Need m\u00f5jud on tavaliselt kerged ja l\u00fchiajalised. Seda ei tohiks kasutada koos nitraatide v\u00f5i ravimitega, mis alandavad verer\u00f5hku oluliselt.<\/p>\n","protected":false},"excerpt":{"rendered":"<ul>\n<li>Toetab loomulikku seksuaalset vastust<\/li>\n<li>Parandab erektsioonifunktsiooni<\/li>\n<li>Usaldusv\u00e4\u00e4rne \u00fcle kogu maailma ED juhtimiseks<\/li>\n<\/ul>\n","protected":false},"featured_media":989,"comment_status":"open","ping_status":"closed","template":"","meta":[],"product_brand":[],"product_cat":[132],"product_tag":[],"expert":[16],"class_list":{"0":"post-987","1":"product","2":"type-product","3":"status-publish","4":"has-post-thumbnail","6":"product_cat-erektsioonihairete-ravimid","7":"expert-dr-c-alexandru","9":"first","10":"instock","11":"shipping-taxable","12":"purchasable","13":"product-type-variable"},"yoast_head":"<!-- This site is optimized with the Yoast SEO plugin v27.0 - https:\/\/yoast.com\/product\/yoast-seo-wordpress\/ -->\n<title>Viagra | Paranda oma tulemuslikkust ja enesekindlust - Transtoyou<\/title>\n<meta name=\"description\" content=\"Avasta Viagra Transtoyou&#039;s, mis ohutult parandab erektsiooni. Kliiniliselt t\u00f5estatud sildenafiliga. Telli kohe!\" \/>\n<meta name=\"robots\" content=\"noindex, follow, max-snippet:-1, max-image-preview:large, max-video-preview:-1\" \/>\n<meta property=\"og:locale\" content=\"et_EE\" \/>\n<meta property=\"og:type\" content=\"article\" \/>\n<meta property=\"og:title\" content=\"Viagra | Paranda oma tulemuslikkust ja enesekindlust - Transtoyou\" \/>\n<meta property=\"og:description\" content=\"Avasta Viagra Transtoyou&#039;s, mis ohutult parandab erektsiooni. Kliiniliselt t\u00f5estatud sildenafiliga. Telli kohe!\" \/>\n<meta property=\"og:url\" content=\"https:\/\/www.transtoyou.com\/et\/product\/viagra\/\" \/>\n<meta property=\"og:site_name\" content=\"Transtoyou - ET\" \/>\n<meta property=\"article:modified_time\" content=\"2026-03-18T14:19:26+00:00\" \/>\n<meta name=\"twitter:card\" content=\"summary_large_image\" \/>\n<meta name=\"twitter:label1\" content=\"Est. reading time\" \/>\n\t<meta name=\"twitter:data1\" content=\"1 minut\" \/>\n<script type=\"application\/ld+json\" class=\"yoast-schema-graph\">{\"@context\":\"https:\/\/schema.org\",\"@graph\":[{\"@type\":\"WebPage\",\"@id\":\"https:\/\/www.transtoyou.com\/et\/product\/viagra\/\",\"url\":\"https:\/\/www.transtoyou.com\/et\/product\/viagra\/\",\"name\":\"Viagra | Paranda oma tulemuslikkust ja enesekindlust - Transtoyou\",\"isPartOf\":{\"@id\":\"https:\/\/www.transtoyou.com\/et\/#website\"},\"primaryImageOfPage\":{\"@id\":\"https:\/\/www.transtoyou.com\/et\/product\/viagra\/#primaryimage\"},\"image\":{\"@id\":\"https:\/\/www.transtoyou.com\/et\/product\/viagra\/#primaryimage\"},\"thumbnailUrl\":\"https:\/\/www.transtoyou.com\/et\/wp-content\/uploads\/sites\/7\/2026\/01\/tty-no-product-image-90.webp\",\"datePublished\":\"2026-01-24T06:50:13+00:00\",\"dateModified\":\"2026-03-18T14:19:26+00:00\",\"description\":\"Avasta Viagra Transtoyou's, mis ohutult parandab erektsiooni. Kliiniliselt t\u00f5estatud sildenafiliga. Telli kohe!\",\"breadcrumb\":{\"@id\":\"https:\/\/www.transtoyou.com\/et\/product\/viagra\/#breadcrumb\"},\"inLanguage\":\"et\",\"potentialAction\":[{\"@type\":\"ReadAction\",\"target\":[\"https:\/\/www.transtoyou.com\/et\/product\/viagra\/\"]}]},{\"@type\":\"ImageObject\",\"inLanguage\":\"et\",\"@id\":\"https:\/\/www.transtoyou.com\/et\/product\/viagra\/#primaryimage\",\"url\":\"https:\/\/www.transtoyou.com\/et\/wp-content\/uploads\/sites\/7\/2026\/01\/tty-no-product-image-90.webp\",\"contentUrl\":\"https:\/\/www.transtoyou.com\/et\/wp-content\/uploads\/sites\/7\/2026\/01\/tty-no-product-image-90.webp\",\"width\":1000,\"height\":1000,\"caption\":\"Vaikimisi toote pilt\"},{\"@type\":\"WebSite\",\"@id\":\"https:\/\/www.transtoyou.com\/et\/#website\",\"url\":\"https:\/\/www.transtoyou.com\/et\/\",\"name\":\"Transtoyou - ET\",\"description\":\"\",\"publisher\":{\"@id\":\"https:\/\/www.transtoyou.com\/et\/#organization\"},\"potentialAction\":[{\"@type\":\"SearchAction\",\"target\":{\"@type\":\"EntryPoint\",\"urlTemplate\":\"https:\/\/www.transtoyou.com\/et\/?s={search_term_string}\"},\"query-input\":{\"@type\":\"PropertyValueSpecification\",\"valueRequired\":true,\"valueName\":\"search_term_string\"}}],\"inLanguage\":\"et\"},{\"@type\":\"Organization\",\"@id\":\"https:\/\/www.transtoyou.com\/et\/#organization\",\"name\":\"Transtoyou - ET\",\"url\":\"https:\/\/www.transtoyou.com\/et\/\",\"logo\":{\"@type\":\"ImageObject\",\"inLanguage\":\"et\",\"@id\":\"https:\/\/www.transtoyou.com\/et\/#\/schema\/logo\/image\/\",\"url\":\"https:\/\/www.transtoyou.com\/et\/wp-content\/uploads\/sites\/7\/2026\/01\/logo-tty-menu-bar-300x87-1.webp\",\"contentUrl\":\"https:\/\/www.transtoyou.com\/et\/wp-content\/uploads\/sites\/7\/2026\/01\/logo-tty-menu-bar-300x87-1.webp\",\"width\":300,\"height\":87,\"caption\":\"Transtoyou - ET\"},\"image\":{\"@id\":\"https:\/\/www.transtoyou.com\/et\/#\/schema\/logo\/image\/\"}}]}<\/script>\n<!-- \/ Yoast SEO plugin. -->","yoast_head_json":{"title":"Viagra | Paranda oma tulemuslikkust ja enesekindlust - Transtoyou","description":"Avasta Viagra Transtoyou's, mis ohutult parandab erektsiooni. Kliiniliselt t\u00f5estatud sildenafiliga. Telli kohe!","robots":{"index":"noindex","follow":"follow","max-snippet":"max-snippet:-1","max-image-preview":"max-image-preview:large","max-video-preview":"max-video-preview:-1"},"og_locale":"et_EE","og_type":"article","og_title":"Viagra | Paranda oma tulemuslikkust ja enesekindlust - Transtoyou","og_description":"Avasta Viagra Transtoyou's, mis ohutult parandab erektsiooni. Kliiniliselt t\u00f5estatud sildenafiliga. Telli kohe!","og_url":"https:\/\/www.transtoyou.com\/et\/product\/viagra\/","og_site_name":"Transtoyou - ET","article_modified_time":"2026-03-18T14:19:26+00:00","twitter_card":"summary_large_image","twitter_misc":{"Est. reading time":"1 minut"},"schema":{"@context":"https:\/\/schema.org","@graph":[{"@type":"WebPage","@id":"https:\/\/www.transtoyou.com\/et\/product\/viagra\/","url":"https:\/\/www.transtoyou.com\/et\/product\/viagra\/","name":"Viagra | Paranda oma tulemuslikkust ja enesekindlust - Transtoyou","isPartOf":{"@id":"https:\/\/www.transtoyou.com\/et\/#website"},"primaryImageOfPage":{"@id":"https:\/\/www.transtoyou.com\/et\/product\/viagra\/#primaryimage"},"image":{"@id":"https:\/\/www.transtoyou.com\/et\/product\/viagra\/#primaryimage"},"thumbnailUrl":"https:\/\/www.transtoyou.com\/et\/wp-content\/uploads\/sites\/7\/2026\/01\/tty-no-product-image-90.webp","datePublished":"2026-01-24T06:50:13+00:00","dateModified":"2026-03-18T14:19:26+00:00","description":"Avasta Viagra Transtoyou's, mis ohutult parandab erektsiooni. Kliiniliselt t\u00f5estatud sildenafiliga. Telli kohe!","breadcrumb":{"@id":"https:\/\/www.transtoyou.com\/et\/product\/viagra\/#breadcrumb"},"inLanguage":"et","potentialAction":[{"@type":"ReadAction","target":["https:\/\/www.transtoyou.com\/et\/product\/viagra\/"]}]},{"@type":"ImageObject","inLanguage":"et","@id":"https:\/\/www.transtoyou.com\/et\/product\/viagra\/#primaryimage","url":"https:\/\/www.transtoyou.com\/et\/wp-content\/uploads\/sites\/7\/2026\/01\/tty-no-product-image-90.webp","contentUrl":"https:\/\/www.transtoyou.com\/et\/wp-content\/uploads\/sites\/7\/2026\/01\/tty-no-product-image-90.webp","width":1000,"height":1000,"caption":"Vaikimisi toote pilt"},{"@type":"WebSite","@id":"https:\/\/www.transtoyou.com\/et\/#website","url":"https:\/\/www.transtoyou.com\/et\/","name":"Transtoyou - ET","description":"","publisher":{"@id":"https:\/\/www.transtoyou.com\/et\/#organization"},"potentialAction":[{"@type":"SearchAction","target":{"@type":"EntryPoint","urlTemplate":"https:\/\/www.transtoyou.com\/et\/?s={search_term_string}"},"query-input":{"@type":"PropertyValueSpecification","valueRequired":true,"valueName":"search_term_string"}}],"inLanguage":"et"},{"@type":"Organization","@id":"https:\/\/www.transtoyou.com\/et\/#organization","name":"Transtoyou - ET","url":"https:\/\/www.transtoyou.com\/et\/","logo":{"@type":"ImageObject","inLanguage":"et","@id":"https:\/\/www.transtoyou.com\/et\/#\/schema\/logo\/image\/","url":"https:\/\/www.transtoyou.com\/et\/wp-content\/uploads\/sites\/7\/2026\/01\/logo-tty-menu-bar-300x87-1.webp","contentUrl":"https:\/\/www.transtoyou.com\/et\/wp-content\/uploads\/sites\/7\/2026\/01\/logo-tty-menu-bar-300x87-1.webp","width":300,"height":87,"caption":"Transtoyou - ET"},"image":{"@id":"https:\/\/www.transtoyou.com\/et\/#\/schema\/logo\/image\/"}}]}},"_links":{"self":[{"href":"https:\/\/www.transtoyou.com\/et\/wp-json\/wp\/v2\/product\/987","targetHints":{"allow":["GET"]}}],"collection":[{"href":"https:\/\/www.transtoyou.com\/et\/wp-json\/wp\/v2\/product"}],"about":[{"href":"https:\/\/www.transtoyou.com\/et\/wp-json\/wp\/v2\/types\/product"}],"replies":[{"embeddable":true,"href":"https:\/\/www.transtoyou.com\/et\/wp-json\/wp\/v2\/comments?post=987"}],"wp:featuredmedia":[{"embeddable":true,"href":"https:\/\/www.transtoyou.com\/et\/wp-json\/wp\/v2\/media\/989"}],"wp:attachment":[{"href":"https:\/\/www.transtoyou.com\/et\/wp-json\/wp\/v2\/media?parent=987"}],"wp:term":[{"taxonomy":"product_brand","embeddable":true,"href":"https:\/\/www.transtoyou.com\/et\/wp-json\/wp\/v2\/product_brand?post=987"},{"taxonomy":"product_cat","embeddable":true,"href":"https:\/\/www.transtoyou.com\/et\/wp-json\/wp\/v2\/product_cat?post=987"},{"taxonomy":"product_tag","embeddable":true,"href":"https:\/\/www.transtoyou.com\/et\/wp-json\/wp\/v2\/product_tag?post=987"},{"taxonomy":"expert","embeddable":true,"href":"https:\/\/www.transtoyou.com\/et\/wp-json\/wp\/v2\/expert?post=987"}],"curies":[{"name":"wp","href":"https:\/\/api.w.org\/{rel}","templated":true}]}}