{"id":990,"date":"2026-01-24T09:07:00","date_gmt":"2026-01-24T07:07:00","guid":{"rendered":"https:\/\/www.transtoyou.com\/et\/product\/tadalafil\/"},"modified":"2026-03-05T17:30:35","modified_gmt":"2026-03-05T15:30:35","slug":"tadalafil","status":"publish","type":"product","link":"https:\/\/www.transtoyou.com\/et\/product\/tadalafil\/","title":{"rendered":"Tadalafil"},"content":{"rendered":"<p>Tadalafil on ravim erektsioonih\u00e4irete raviks, et toetada mehi erektsiooni saavutamisel ja s\u00e4ilitamisel, mis on piisav seksuaalseks aktiivsuseks. See kuulub PDE5 inhibiitorite klassi, mis parandavad vereringet peenises, l\u00f5dvestades veresoonte seinte silelihaseid.<\/p>\n<p>Mis eristab Tadalafili teistest erektsioonih\u00e4irete ravimitest, on selle pikaajaline toime. P\u00e4rast \u00fche annuse v\u00f5tmist v\u00f5ivad efektid kesta kuni 36 tundi, pakkudes paindlikumat ja loomulikumat intiimsuse kogemust. See pikendatud aeg on andnud Tadalafile maine &#8220;n\u00e4dalavahetuse pillina&#8221;, v\u00f5imaldades meestel ja nende partneritel tegeleda seksuaalse aktiivsusega ilma t\u00e4psete ajakava surveta.<\/p>\n<p>Tadalafili v\u00f5ib v\u00f5tta kahel viisil.<\/p>\n<ol>\n<li>Esimene on n\u00f5udmisel, tavaliselt 10 mg v\u00f5i 20 mg annuses, umbes 30 minutit enne planeeritud seksuaalset aktiivsust.<\/li>\n<li>Teine on \u00fcks kord p\u00e4evas, palju madalama annusega (2,5 mg v\u00f5i 5 mg), mis hoiab kehas pideva ravimi taseme. See igap\u00e4evane l\u00e4henemine on ideaalne meestele, kes eelistavad olla valmis igal ajal, ilma et peaks ette planeerima.<\/li>\n<\/ol>\n<p>Ravimit v\u00f5etakse suu kaudu ja seda v\u00f5ib kasutada koos toiduga v\u00f5i ilma. Selle toime algusaeg on tavaliselt 30 kuni 60 minutit. Enamik kasutajaid talub seda h\u00e4sti, kuigi m\u00f5ned v\u00f5ivad kogeda kergeid k\u00f5rvaltoimeid, nagu peavalu, lihasvalud, seedeh\u00e4ired v\u00f5i ninakinnisus. Tadalafili ei tohi v\u00f5tta koos nitraatide v\u00f5i teatud verer\u00f5huravimitega, kuna see v\u00f5ib p\u00f5hjustada t\u00f5siseid verer\u00f5hu langusi.<\/p>\n","protected":false},"excerpt":{"rendered":"<ul>\n<li>Pikaajaline erektsioonih\u00e4irete ravi: kuni 36 tundi efektiivsust<\/li>\n<li>Toetab ka BPH-ga seotud urineerimiss\u00fcmptomeid<\/li>\n<li>Valik igap\u00e4evaseks v\u00f5i vajadusp\u00f5hiseks annustamiseks<\/li>\n<\/ul>\n","protected":false},"featured_media":992,"comment_status":"open","ping_status":"closed","template":"","meta":[],"product_brand":[],"product_cat":[132],"product_tag":[],"expert":[16],"class_list":{"0":"post-990","1":"product","2":"type-product","3":"status-publish","4":"has-post-thumbnail","6":"product_cat-erektsioonihairete-ravimid","7":"expert-dr-c-alexandru","9":"first","10":"instock","11":"shipping-taxable","12":"product-type-variable"},"yoast_head":"<!-- This site is optimized with the Yoast SEO plugin v27.0 - https:\/\/yoast.com\/product\/yoast-seo-wordpress\/ -->\n<title>Tadalafil | Pikaajaline ED Lahendus - Transtoyou<\/title>\n<meta name=\"description\" content=\"Tadalafil, pikaajaline erektsioonih\u00e4irete ravi, parandab vereringet kuni 36 tundi. Avasta paindlikkus ja parem intiimsus. Uuri rohkem!\" \/>\n<meta name=\"robots\" content=\"noindex, follow, max-snippet:-1, max-image-preview:large, max-video-preview:-1\" \/>\n<meta property=\"og:locale\" content=\"et_EE\" \/>\n<meta property=\"og:type\" content=\"article\" \/>\n<meta property=\"og:title\" content=\"Tadalafil | Pikaajaline ED Lahendus - Transtoyou\" \/>\n<meta property=\"og:description\" content=\"Tadalafil, pikaajaline erektsioonih\u00e4irete ravi, parandab vereringet kuni 36 tundi. Avasta paindlikkus ja parem intiimsus. Uuri rohkem!\" \/>\n<meta property=\"og:url\" content=\"https:\/\/www.transtoyou.com\/et\/product\/tadalafil\/\" \/>\n<meta property=\"og:site_name\" content=\"Transtoyou - ET\" \/>\n<meta property=\"article:modified_time\" content=\"2026-03-05T15:30:35+00:00\" \/>\n<meta name=\"twitter:card\" content=\"summary_large_image\" \/>\n<meta name=\"twitter:label1\" content=\"Est. reading time\" \/>\n\t<meta name=\"twitter:data1\" content=\"1 minut\" \/>\n<script type=\"application\/ld+json\" class=\"yoast-schema-graph\">{\"@context\":\"https:\/\/schema.org\",\"@graph\":[{\"@type\":\"WebPage\",\"@id\":\"https:\/\/www.transtoyou.com\/et\/product\/tadalafil\/\",\"url\":\"https:\/\/www.transtoyou.com\/et\/product\/tadalafil\/\",\"name\":\"Tadalafil | Pikaajaline ED Lahendus - Transtoyou\",\"isPartOf\":{\"@id\":\"https:\/\/www.transtoyou.com\/et\/#website\"},\"primaryImageOfPage\":{\"@id\":\"https:\/\/www.transtoyou.com\/et\/product\/tadalafil\/#primaryimage\"},\"image\":{\"@id\":\"https:\/\/www.transtoyou.com\/et\/product\/tadalafil\/#primaryimage\"},\"thumbnailUrl\":\"https:\/\/www.transtoyou.com\/et\/wp-content\/uploads\/sites\/7\/2026\/01\/tty-no-product-image-91.webp\",\"datePublished\":\"2026-01-24T07:07:00+00:00\",\"dateModified\":\"2026-03-05T15:30:35+00:00\",\"description\":\"Tadalafil, pikaajaline erektsioonih\u00e4irete ravi, parandab vereringet kuni 36 tundi. Avasta paindlikkus ja parem intiimsus. Uuri rohkem!\",\"breadcrumb\":{\"@id\":\"https:\/\/www.transtoyou.com\/et\/product\/tadalafil\/#breadcrumb\"},\"inLanguage\":\"et\",\"potentialAction\":[{\"@type\":\"ReadAction\",\"target\":[\"https:\/\/www.transtoyou.com\/et\/product\/tadalafil\/\"]}]},{\"@type\":\"ImageObject\",\"inLanguage\":\"et\",\"@id\":\"https:\/\/www.transtoyou.com\/et\/product\/tadalafil\/#primaryimage\",\"url\":\"https:\/\/www.transtoyou.com\/et\/wp-content\/uploads\/sites\/7\/2026\/01\/tty-no-product-image-91.webp\",\"contentUrl\":\"https:\/\/www.transtoyou.com\/et\/wp-content\/uploads\/sites\/7\/2026\/01\/tty-no-product-image-91.webp\",\"width\":1000,\"height\":1000,\"caption\":\"Vaikimisi toote pilt\"},{\"@type\":\"WebSite\",\"@id\":\"https:\/\/www.transtoyou.com\/et\/#website\",\"url\":\"https:\/\/www.transtoyou.com\/et\/\",\"name\":\"Transtoyou - ET\",\"description\":\"\",\"publisher\":{\"@id\":\"https:\/\/www.transtoyou.com\/et\/#organization\"},\"potentialAction\":[{\"@type\":\"SearchAction\",\"target\":{\"@type\":\"EntryPoint\",\"urlTemplate\":\"https:\/\/www.transtoyou.com\/et\/?s={search_term_string}\"},\"query-input\":{\"@type\":\"PropertyValueSpecification\",\"valueRequired\":true,\"valueName\":\"search_term_string\"}}],\"inLanguage\":\"et\"},{\"@type\":\"Organization\",\"@id\":\"https:\/\/www.transtoyou.com\/et\/#organization\",\"name\":\"Transtoyou - ET\",\"url\":\"https:\/\/www.transtoyou.com\/et\/\",\"logo\":{\"@type\":\"ImageObject\",\"inLanguage\":\"et\",\"@id\":\"https:\/\/www.transtoyou.com\/et\/#\/schema\/logo\/image\/\",\"url\":\"https:\/\/www.transtoyou.com\/et\/wp-content\/uploads\/sites\/7\/2026\/01\/logo-tty-menu-bar-300x87-1.webp\",\"contentUrl\":\"https:\/\/www.transtoyou.com\/et\/wp-content\/uploads\/sites\/7\/2026\/01\/logo-tty-menu-bar-300x87-1.webp\",\"width\":300,\"height\":87,\"caption\":\"Transtoyou - ET\"},\"image\":{\"@id\":\"https:\/\/www.transtoyou.com\/et\/#\/schema\/logo\/image\/\"}}]}<\/script>\n<!-- \/ Yoast SEO plugin. -->","yoast_head_json":{"title":"Tadalafil | Pikaajaline ED Lahendus - Transtoyou","description":"Tadalafil, pikaajaline erektsioonih\u00e4irete ravi, parandab vereringet kuni 36 tundi. Avasta paindlikkus ja parem intiimsus. Uuri rohkem!","robots":{"index":"noindex","follow":"follow","max-snippet":"max-snippet:-1","max-image-preview":"max-image-preview:large","max-video-preview":"max-video-preview:-1"},"og_locale":"et_EE","og_type":"article","og_title":"Tadalafil | Pikaajaline ED Lahendus - Transtoyou","og_description":"Tadalafil, pikaajaline erektsioonih\u00e4irete ravi, parandab vereringet kuni 36 tundi. Avasta paindlikkus ja parem intiimsus. Uuri rohkem!","og_url":"https:\/\/www.transtoyou.com\/et\/product\/tadalafil\/","og_site_name":"Transtoyou - ET","article_modified_time":"2026-03-05T15:30:35+00:00","twitter_card":"summary_large_image","twitter_misc":{"Est. reading time":"1 minut"},"schema":{"@context":"https:\/\/schema.org","@graph":[{"@type":"WebPage","@id":"https:\/\/www.transtoyou.com\/et\/product\/tadalafil\/","url":"https:\/\/www.transtoyou.com\/et\/product\/tadalafil\/","name":"Tadalafil | Pikaajaline ED Lahendus - Transtoyou","isPartOf":{"@id":"https:\/\/www.transtoyou.com\/et\/#website"},"primaryImageOfPage":{"@id":"https:\/\/www.transtoyou.com\/et\/product\/tadalafil\/#primaryimage"},"image":{"@id":"https:\/\/www.transtoyou.com\/et\/product\/tadalafil\/#primaryimage"},"thumbnailUrl":"https:\/\/www.transtoyou.com\/et\/wp-content\/uploads\/sites\/7\/2026\/01\/tty-no-product-image-91.webp","datePublished":"2026-01-24T07:07:00+00:00","dateModified":"2026-03-05T15:30:35+00:00","description":"Tadalafil, pikaajaline erektsioonih\u00e4irete ravi, parandab vereringet kuni 36 tundi. Avasta paindlikkus ja parem intiimsus. Uuri rohkem!","breadcrumb":{"@id":"https:\/\/www.transtoyou.com\/et\/product\/tadalafil\/#breadcrumb"},"inLanguage":"et","potentialAction":[{"@type":"ReadAction","target":["https:\/\/www.transtoyou.com\/et\/product\/tadalafil\/"]}]},{"@type":"ImageObject","inLanguage":"et","@id":"https:\/\/www.transtoyou.com\/et\/product\/tadalafil\/#primaryimage","url":"https:\/\/www.transtoyou.com\/et\/wp-content\/uploads\/sites\/7\/2026\/01\/tty-no-product-image-91.webp","contentUrl":"https:\/\/www.transtoyou.com\/et\/wp-content\/uploads\/sites\/7\/2026\/01\/tty-no-product-image-91.webp","width":1000,"height":1000,"caption":"Vaikimisi toote pilt"},{"@type":"WebSite","@id":"https:\/\/www.transtoyou.com\/et\/#website","url":"https:\/\/www.transtoyou.com\/et\/","name":"Transtoyou - ET","description":"","publisher":{"@id":"https:\/\/www.transtoyou.com\/et\/#organization"},"potentialAction":[{"@type":"SearchAction","target":{"@type":"EntryPoint","urlTemplate":"https:\/\/www.transtoyou.com\/et\/?s={search_term_string}"},"query-input":{"@type":"PropertyValueSpecification","valueRequired":true,"valueName":"search_term_string"}}],"inLanguage":"et"},{"@type":"Organization","@id":"https:\/\/www.transtoyou.com\/et\/#organization","name":"Transtoyou - ET","url":"https:\/\/www.transtoyou.com\/et\/","logo":{"@type":"ImageObject","inLanguage":"et","@id":"https:\/\/www.transtoyou.com\/et\/#\/schema\/logo\/image\/","url":"https:\/\/www.transtoyou.com\/et\/wp-content\/uploads\/sites\/7\/2026\/01\/logo-tty-menu-bar-300x87-1.webp","contentUrl":"https:\/\/www.transtoyou.com\/et\/wp-content\/uploads\/sites\/7\/2026\/01\/logo-tty-menu-bar-300x87-1.webp","width":300,"height":87,"caption":"Transtoyou - ET"},"image":{"@id":"https:\/\/www.transtoyou.com\/et\/#\/schema\/logo\/image\/"}}]}},"_links":{"self":[{"href":"https:\/\/www.transtoyou.com\/et\/wp-json\/wp\/v2\/product\/990","targetHints":{"allow":["GET"]}}],"collection":[{"href":"https:\/\/www.transtoyou.com\/et\/wp-json\/wp\/v2\/product"}],"about":[{"href":"https:\/\/www.transtoyou.com\/et\/wp-json\/wp\/v2\/types\/product"}],"replies":[{"embeddable":true,"href":"https:\/\/www.transtoyou.com\/et\/wp-json\/wp\/v2\/comments?post=990"}],"wp:featuredmedia":[{"embeddable":true,"href":"https:\/\/www.transtoyou.com\/et\/wp-json\/wp\/v2\/media\/992"}],"wp:attachment":[{"href":"https:\/\/www.transtoyou.com\/et\/wp-json\/wp\/v2\/media?parent=990"}],"wp:term":[{"taxonomy":"product_brand","embeddable":true,"href":"https:\/\/www.transtoyou.com\/et\/wp-json\/wp\/v2\/product_brand?post=990"},{"taxonomy":"product_cat","embeddable":true,"href":"https:\/\/www.transtoyou.com\/et\/wp-json\/wp\/v2\/product_cat?post=990"},{"taxonomy":"product_tag","embeddable":true,"href":"https:\/\/www.transtoyou.com\/et\/wp-json\/wp\/v2\/product_tag?post=990"},{"taxonomy":"expert","embeddable":true,"href":"https:\/\/www.transtoyou.com\/et\/wp-json\/wp\/v2\/expert?post=990"}],"curies":[{"name":"wp","href":"https:\/\/api.w.org\/{rel}","templated":true}]}}