{"id":993,"date":"2026-01-24T09:22:29","date_gmt":"2026-01-24T07:22:29","guid":{"rendered":"https:\/\/www.transtoyou.com\/et\/product\/vardenafil\/"},"modified":"2026-03-07T14:57:13","modified_gmt":"2026-03-07T12:57:13","slug":"vardenafiil","status":"publish","type":"product","link":"https:\/\/www.transtoyou.com\/et\/product\/vardenafiil\/","title":{"rendered":"Vardenafiil"},"content":{"rendered":"<p>Vardenafiil on ravim, mida kasutatakse erektsioonih\u00e4irete raviks, aidates meestel taastada enesekindlust ja seksuaalset aktiivsust. See kuulub PDE5 inhibiitorite klassi, mis toimivad, suurendades verevoolu peenises seksuaalse stimuleerimise ajal. See toob kaasa tugevama ja usaldusv\u00e4\u00e4rsema erektsiooni, muutes intiimsuse saavutamise ja s\u00e4ilitamise lihtsamaks.<\/p>\n<p>Vardenafiil toimib, l\u00f5dvestades peenise veresoonte silelihaseid. Kui mees on seksuaalselt erutatud, v\u00f5imaldab see l\u00f5dvestamine rohkem verd siseneda erektsioonikudedesse, mis viib loomuliku tundega erektsioonini. Ravim ei p\u00f5hjusta erektsiooni iseenesest, seega on seksuaalne stimuleerimine endiselt vajalik, et see toimiks.<\/p>\n<p>Seda ravimit v\u00f5etakse tavaliselt tableti kujul, umbes 25 kuni 60 minutit enne seksuaalset aktiivsust. Selle toime kestab umbes neli kuni viis tundi, pakkudes mugavat ajavahemikku spontaansete intiimsuste jaoks. M\u00f5nel juhul v\u00f5ivad mehed leida, et see hakkab toimima juba 15 minuti p\u00e4rast, kuigi see varieerub inimeseti. Vardenafiili m\u00e4\u00e4ratakse sageli algannusena 10 mg, mida v\u00f5ib kohandada vastuse ja talutavuse p\u00f5hjal.<\/p>\n<p>Vardenafiili v\u00f5ib v\u00f5tta koos toiduga v\u00f5i ilma, kuigi raske v\u00f5i rasvane eine v\u00f5ib selle toime algust veidi edasi l\u00fckata. Levinud k\u00f5rvaltoimed h\u00f5lmavad kerget peavalu, n\u00e4o punetust, ninakinnisust v\u00f5i seedeh\u00e4ireid. Need efektid on tavaliselt ajutised ja kaovad, kui ravim enam ei toimi. Seda ei tohi kasutada koos nitraatravimite v\u00f5i teiste ainetega, mis alandavad verer\u00f5hku.<\/p>\n","protected":false},"excerpt":{"rendered":"<ul>\n<li>Kiiretoimeline lahendus erektsioonih\u00e4irete jaoks<\/li>\n<li>Parandab verevoolu loodusliku erektsioonivastuse jaoks<\/li>\n<li>Aitab taastada enesekindlust ja intiimsust<\/li>\n<\/ul>\n","protected":false},"featured_media":995,"comment_status":"open","ping_status":"closed","template":"","meta":[],"product_brand":[],"product_cat":[132],"product_tag":[],"expert":[16],"class_list":{"0":"post-993","1":"product","2":"type-product","3":"status-publish","4":"has-post-thumbnail","6":"product_cat-erektsioonihairete-ravimid","7":"expert-dr-c-alexandru","9":"first","10":"instock","11":"shipping-taxable","12":"product-type-variable"},"yoast_head":"<!-- This site is optimized with the Yoast SEO plugin v27.0 - https:\/\/yoast.com\/product\/yoast-seo-wordpress\/ -->\n<title>Vardenafiil | Parandab sooritust ja enesekindlust - Transtoyou<\/title>\n<meta name=\"description\" content=\"Vardenafil, saadaval Transtoyou&#039;s, suurendab intiimsust ja toetab tugevamat erektsiooni. Osta n\u00fc\u00fcd t\u00f5husat abi.\" \/>\n<meta name=\"robots\" content=\"noindex, follow, max-snippet:-1, max-image-preview:large, max-video-preview:-1\" \/>\n<meta property=\"og:locale\" content=\"et_EE\" \/>\n<meta property=\"og:type\" content=\"article\" \/>\n<meta property=\"og:title\" content=\"Vardenafiil | Parandab sooritust ja enesekindlust - Transtoyou\" \/>\n<meta property=\"og:description\" content=\"Vardenafil, saadaval Transtoyou&#039;s, suurendab intiimsust ja toetab tugevamat erektsiooni. Osta n\u00fc\u00fcd t\u00f5husat abi.\" \/>\n<meta property=\"og:url\" content=\"https:\/\/www.transtoyou.com\/et\/product\/vardenafil\/\" \/>\n<meta property=\"og:site_name\" content=\"Transtoyou - ET\" \/>\n<meta property=\"article:modified_time\" content=\"2026-03-07T12:57:13+00:00\" \/>\n<meta name=\"twitter:card\" content=\"summary_large_image\" \/>\n<meta name=\"twitter:label1\" content=\"Est. reading time\" \/>\n\t<meta name=\"twitter:data1\" content=\"1 minut\" \/>\n<script type=\"application\/ld+json\" class=\"yoast-schema-graph\">{\"@context\":\"https:\/\/schema.org\",\"@graph\":[{\"@type\":\"WebPage\",\"@id\":\"https:\/\/www.transtoyou.com\/et\/product\/vardenafil\/\",\"url\":\"https:\/\/www.transtoyou.com\/et\/product\/vardenafil\/\",\"name\":\"Vardenafiil | Parandab sooritust ja enesekindlust - Transtoyou\",\"isPartOf\":{\"@id\":\"https:\/\/www.transtoyou.com\/et\/#website\"},\"primaryImageOfPage\":{\"@id\":\"https:\/\/www.transtoyou.com\/et\/product\/vardenafil\/#primaryimage\"},\"image\":{\"@id\":\"https:\/\/www.transtoyou.com\/et\/product\/vardenafil\/#primaryimage\"},\"thumbnailUrl\":\"https:\/\/www.transtoyou.com\/et\/wp-content\/uploads\/sites\/7\/2026\/01\/tty-no-product-image-92.webp\",\"datePublished\":\"2026-01-24T07:22:29+00:00\",\"dateModified\":\"2026-03-07T12:57:13+00:00\",\"description\":\"Vardenafil, saadaval Transtoyou's, suurendab intiimsust ja toetab tugevamat erektsiooni. Osta n\u00fc\u00fcd t\u00f5husat abi.\",\"breadcrumb\":{\"@id\":\"https:\/\/www.transtoyou.com\/et\/product\/vardenafil\/#breadcrumb\"},\"inLanguage\":\"et\",\"potentialAction\":[{\"@type\":\"ReadAction\",\"target\":[\"https:\/\/www.transtoyou.com\/et\/product\/vardenafil\/\"]}]},{\"@type\":\"ImageObject\",\"inLanguage\":\"et\",\"@id\":\"https:\/\/www.transtoyou.com\/et\/product\/vardenafil\/#primaryimage\",\"url\":\"https:\/\/www.transtoyou.com\/et\/wp-content\/uploads\/sites\/7\/2026\/01\/tty-no-product-image-92.webp\",\"contentUrl\":\"https:\/\/www.transtoyou.com\/et\/wp-content\/uploads\/sites\/7\/2026\/01\/tty-no-product-image-92.webp\",\"width\":1000,\"height\":1000,\"caption\":\"Vaikimisi toote pilt\"},{\"@type\":\"WebSite\",\"@id\":\"https:\/\/www.transtoyou.com\/et\/#website\",\"url\":\"https:\/\/www.transtoyou.com\/et\/\",\"name\":\"Transtoyou - ET\",\"description\":\"\",\"publisher\":{\"@id\":\"https:\/\/www.transtoyou.com\/et\/#organization\"},\"potentialAction\":[{\"@type\":\"SearchAction\",\"target\":{\"@type\":\"EntryPoint\",\"urlTemplate\":\"https:\/\/www.transtoyou.com\/et\/?s={search_term_string}\"},\"query-input\":{\"@type\":\"PropertyValueSpecification\",\"valueRequired\":true,\"valueName\":\"search_term_string\"}}],\"inLanguage\":\"et\"},{\"@type\":\"Organization\",\"@id\":\"https:\/\/www.transtoyou.com\/et\/#organization\",\"name\":\"Transtoyou - ET\",\"url\":\"https:\/\/www.transtoyou.com\/et\/\",\"logo\":{\"@type\":\"ImageObject\",\"inLanguage\":\"et\",\"@id\":\"https:\/\/www.transtoyou.com\/et\/#\/schema\/logo\/image\/\",\"url\":\"https:\/\/www.transtoyou.com\/et\/wp-content\/uploads\/sites\/7\/2026\/01\/logo-tty-menu-bar-300x87-1.webp\",\"contentUrl\":\"https:\/\/www.transtoyou.com\/et\/wp-content\/uploads\/sites\/7\/2026\/01\/logo-tty-menu-bar-300x87-1.webp\",\"width\":300,\"height\":87,\"caption\":\"Transtoyou - ET\"},\"image\":{\"@id\":\"https:\/\/www.transtoyou.com\/et\/#\/schema\/logo\/image\/\"}}]}<\/script>\n<!-- \/ Yoast SEO plugin. -->","yoast_head_json":{"title":"Vardenafiil | Parandab sooritust ja enesekindlust - Transtoyou","description":"Vardenafil, saadaval Transtoyou's, suurendab intiimsust ja toetab tugevamat erektsiooni. Osta n\u00fc\u00fcd t\u00f5husat abi.","robots":{"index":"noindex","follow":"follow","max-snippet":"max-snippet:-1","max-image-preview":"max-image-preview:large","max-video-preview":"max-video-preview:-1"},"og_locale":"et_EE","og_type":"article","og_title":"Vardenafiil | Parandab sooritust ja enesekindlust - Transtoyou","og_description":"Vardenafil, saadaval Transtoyou's, suurendab intiimsust ja toetab tugevamat erektsiooni. Osta n\u00fc\u00fcd t\u00f5husat abi.","og_url":"https:\/\/www.transtoyou.com\/et\/product\/vardenafil\/","og_site_name":"Transtoyou - ET","article_modified_time":"2026-03-07T12:57:13+00:00","twitter_card":"summary_large_image","twitter_misc":{"Est. reading time":"1 minut"},"schema":{"@context":"https:\/\/schema.org","@graph":[{"@type":"WebPage","@id":"https:\/\/www.transtoyou.com\/et\/product\/vardenafil\/","url":"https:\/\/www.transtoyou.com\/et\/product\/vardenafil\/","name":"Vardenafiil | Parandab sooritust ja enesekindlust - Transtoyou","isPartOf":{"@id":"https:\/\/www.transtoyou.com\/et\/#website"},"primaryImageOfPage":{"@id":"https:\/\/www.transtoyou.com\/et\/product\/vardenafil\/#primaryimage"},"image":{"@id":"https:\/\/www.transtoyou.com\/et\/product\/vardenafil\/#primaryimage"},"thumbnailUrl":"https:\/\/www.transtoyou.com\/et\/wp-content\/uploads\/sites\/7\/2026\/01\/tty-no-product-image-92.webp","datePublished":"2026-01-24T07:22:29+00:00","dateModified":"2026-03-07T12:57:13+00:00","description":"Vardenafil, saadaval Transtoyou's, suurendab intiimsust ja toetab tugevamat erektsiooni. Osta n\u00fc\u00fcd t\u00f5husat abi.","breadcrumb":{"@id":"https:\/\/www.transtoyou.com\/et\/product\/vardenafil\/#breadcrumb"},"inLanguage":"et","potentialAction":[{"@type":"ReadAction","target":["https:\/\/www.transtoyou.com\/et\/product\/vardenafil\/"]}]},{"@type":"ImageObject","inLanguage":"et","@id":"https:\/\/www.transtoyou.com\/et\/product\/vardenafil\/#primaryimage","url":"https:\/\/www.transtoyou.com\/et\/wp-content\/uploads\/sites\/7\/2026\/01\/tty-no-product-image-92.webp","contentUrl":"https:\/\/www.transtoyou.com\/et\/wp-content\/uploads\/sites\/7\/2026\/01\/tty-no-product-image-92.webp","width":1000,"height":1000,"caption":"Vaikimisi toote pilt"},{"@type":"WebSite","@id":"https:\/\/www.transtoyou.com\/et\/#website","url":"https:\/\/www.transtoyou.com\/et\/","name":"Transtoyou - ET","description":"","publisher":{"@id":"https:\/\/www.transtoyou.com\/et\/#organization"},"potentialAction":[{"@type":"SearchAction","target":{"@type":"EntryPoint","urlTemplate":"https:\/\/www.transtoyou.com\/et\/?s={search_term_string}"},"query-input":{"@type":"PropertyValueSpecification","valueRequired":true,"valueName":"search_term_string"}}],"inLanguage":"et"},{"@type":"Organization","@id":"https:\/\/www.transtoyou.com\/et\/#organization","name":"Transtoyou - ET","url":"https:\/\/www.transtoyou.com\/et\/","logo":{"@type":"ImageObject","inLanguage":"et","@id":"https:\/\/www.transtoyou.com\/et\/#\/schema\/logo\/image\/","url":"https:\/\/www.transtoyou.com\/et\/wp-content\/uploads\/sites\/7\/2026\/01\/logo-tty-menu-bar-300x87-1.webp","contentUrl":"https:\/\/www.transtoyou.com\/et\/wp-content\/uploads\/sites\/7\/2026\/01\/logo-tty-menu-bar-300x87-1.webp","width":300,"height":87,"caption":"Transtoyou - ET"},"image":{"@id":"https:\/\/www.transtoyou.com\/et\/#\/schema\/logo\/image\/"}}]}},"_links":{"self":[{"href":"https:\/\/www.transtoyou.com\/et\/wp-json\/wp\/v2\/product\/993","targetHints":{"allow":["GET"]}}],"collection":[{"href":"https:\/\/www.transtoyou.com\/et\/wp-json\/wp\/v2\/product"}],"about":[{"href":"https:\/\/www.transtoyou.com\/et\/wp-json\/wp\/v2\/types\/product"}],"replies":[{"embeddable":true,"href":"https:\/\/www.transtoyou.com\/et\/wp-json\/wp\/v2\/comments?post=993"}],"wp:featuredmedia":[{"embeddable":true,"href":"https:\/\/www.transtoyou.com\/et\/wp-json\/wp\/v2\/media\/995"}],"wp:attachment":[{"href":"https:\/\/www.transtoyou.com\/et\/wp-json\/wp\/v2\/media?parent=993"}],"wp:term":[{"taxonomy":"product_brand","embeddable":true,"href":"https:\/\/www.transtoyou.com\/et\/wp-json\/wp\/v2\/product_brand?post=993"},{"taxonomy":"product_cat","embeddable":true,"href":"https:\/\/www.transtoyou.com\/et\/wp-json\/wp\/v2\/product_cat?post=993"},{"taxonomy":"product_tag","embeddable":true,"href":"https:\/\/www.transtoyou.com\/et\/wp-json\/wp\/v2\/product_tag?post=993"},{"taxonomy":"expert","embeddable":true,"href":"https:\/\/www.transtoyou.com\/et\/wp-json\/wp\/v2\/expert?post=993"}],"curies":[{"name":"wp","href":"https:\/\/api.w.org\/{rel}","templated":true}]}}