{"id":996,"date":"2026-01-24T09:38:31","date_gmt":"2026-01-24T07:38:31","guid":{"rendered":"https:\/\/www.transtoyou.com\/et\/product\/viagra-connect\/"},"modified":"2026-03-07T16:31:09","modified_gmt":"2026-03-07T14:31:09","slug":"viagra-uhendus","status":"publish","type":"product","link":"https:\/\/www.transtoyou.com\/et\/product\/viagra-uhendus\/","title":{"rendered":"Viagra Connect"},"content":{"rendered":"<p>Viagra Connect on k\u00e4sim\u00fc\u00fcgiravim, mida kasutatakse erektsioonih\u00e4ire (ED) raviks t\u00e4iskasvanud meestel. See sisaldab 50 mg sildenafiiltsitraati, mis kuulub fosfodiesteraasi t\u00fc\u00fcpi 5 (PDE5) inhibiitorite klassi.<\/p>\n<p>Ravim toimib, suurendades verevoolu peenisesse seksuaalse erutuse ajal. See saavutatakse PDE5 ens\u00fc\u00fcmi inhibeerimisega, mis lagundab ts\u00fcklilist guanosiinmonofosfaati (cGMP). See on kemikaal, mis vastutab silelihaste l\u00f5dvestamise ja verevoolu suurendamise eest erektsioonikudedes. Seksuaalse stimuleerimise korral aitab see protsess saavutada ja hoida erektsiooni.<\/p>\n<p>Viagra Connect on n\u00e4idustatud erektsioonih\u00e4ire raviks, seisundis, kus mehel on raskusi erektsiooni saavutamise v\u00f5i s\u00e4ilitamisega, mis sobib seksuaalseks tegevuseks. See ei ole m\u00f5eldud kasutamiseks isikutele, kellel ei ole ED-d, ega ka meelelahutuslikuks tugevdamiseks.<\/p>\n<p>Toime algab tavaliselt 30 kuni 60 minuti jooksul p\u00e4rast tableti v\u00f5tmist ning kasu v\u00f5ib kesta kuni 4 tundi, s\u00f5ltuvalt individuaalsest reaktsioonist ja v\u00e4listest teguritest, nagu toidu tarbimine.<\/p>\n<p>Viagra Connecti eelisteks on kiire toime, lihtne juurdep\u00e4\u00e4s ilma retseptita ja h\u00e4sti v\u00e4ljakujunenud ohutusprofiil. See pakub usaldusv\u00e4\u00e4rset ja mugavat lahendust meestele, kellel on kerge kuni m\u00f5\u00f5dukas ED, eriti kui seda kasutatakse sobiva meditsiinilise juhendamise all.<\/p>\n<p>Palun pange t\u00e4hele, et kuigi ravim ei p\u00f5hjusta erektsiooni iseenesest, toetab see loomulikke f\u00fcsioloogilisi reaktsioone seksuaalsele erutusele.<\/p>\n","protected":false},"excerpt":{"rendered":"<ul>\n<li>Kiiretoimeline erektsioonih\u00e4irete ravi<\/li>\n<li>T\u00f5hus kuni 4 tundi<\/li>\n<li>Saadaval ilma retseptita<\/li>\n<\/ul>\n","protected":false},"featured_media":998,"comment_status":"open","ping_status":"closed","template":"","meta":[],"product_brand":[],"product_cat":[132],"product_tag":[],"expert":[19],"class_list":{"0":"post-996","1":"product","2":"type-product","3":"status-publish","4":"has-post-thumbnail","6":"product_cat-erektsioonihairete-ravimid","7":"expert-dr-j-vazquez","9":"first","10":"instock","11":"shipping-taxable","12":"product-type-variable"},"yoast_head":"<!-- This site is optimized with the Yoast SEO plugin v27.0 - https:\/\/yoast.com\/product\/yoast-seo-wordpress\/ -->\n<title>Viagra Connect | Paranda Vereringet Loomulikult - Transtoyou<\/title>\n<meta name=\"description\" content=\"Viagra Connect, saadaval siin, aitab ravida erektsioonih\u00e4ireid, parandades vereringet. Osta n\u00fc\u00fcd efektiivset, k\u00e4sim\u00fc\u00fcgis ED leevendust.\" \/>\n<meta name=\"robots\" content=\"noindex, follow, max-snippet:-1, max-image-preview:large, max-video-preview:-1\" \/>\n<meta property=\"og:locale\" content=\"et_EE\" \/>\n<meta property=\"og:type\" content=\"article\" \/>\n<meta property=\"og:title\" content=\"Viagra Connect | Paranda Vereringet Loomulikult - Transtoyou\" \/>\n<meta property=\"og:description\" content=\"Viagra Connect, saadaval siin, aitab ravida erektsioonih\u00e4ireid, parandades vereringet. Osta n\u00fc\u00fcd efektiivset, k\u00e4sim\u00fc\u00fcgis ED leevendust.\" \/>\n<meta property=\"og:url\" content=\"https:\/\/www.transtoyou.com\/et\/product\/viagra-connect\/\" \/>\n<meta property=\"og:site_name\" content=\"Transtoyou - ET\" \/>\n<meta property=\"article:modified_time\" content=\"2026-03-07T14:31:09+00:00\" \/>\n<meta name=\"twitter:card\" content=\"summary_large_image\" \/>\n<meta name=\"twitter:label1\" content=\"Est. reading time\" \/>\n\t<meta name=\"twitter:data1\" content=\"1 minut\" \/>\n<script type=\"application\/ld+json\" class=\"yoast-schema-graph\">{\"@context\":\"https:\/\/schema.org\",\"@graph\":[{\"@type\":\"WebPage\",\"@id\":\"https:\/\/www.transtoyou.com\/et\/product\/viagra-connect\/\",\"url\":\"https:\/\/www.transtoyou.com\/et\/product\/viagra-connect\/\",\"name\":\"Viagra Connect | Paranda Vereringet Loomulikult - Transtoyou\",\"isPartOf\":{\"@id\":\"https:\/\/www.transtoyou.com\/et\/#website\"},\"primaryImageOfPage\":{\"@id\":\"https:\/\/www.transtoyou.com\/et\/product\/viagra-connect\/#primaryimage\"},\"image\":{\"@id\":\"https:\/\/www.transtoyou.com\/et\/product\/viagra-connect\/#primaryimage\"},\"thumbnailUrl\":\"https:\/\/www.transtoyou.com\/et\/wp-content\/uploads\/sites\/7\/2026\/01\/tty-no-product-image-93.webp\",\"datePublished\":\"2026-01-24T07:38:31+00:00\",\"dateModified\":\"2026-03-07T14:31:09+00:00\",\"description\":\"Viagra Connect, saadaval siin, aitab ravida erektsioonih\u00e4ireid, parandades vereringet. Osta n\u00fc\u00fcd efektiivset, k\u00e4sim\u00fc\u00fcgis ED leevendust.\",\"breadcrumb\":{\"@id\":\"https:\/\/www.transtoyou.com\/et\/product\/viagra-connect\/#breadcrumb\"},\"inLanguage\":\"et\",\"potentialAction\":[{\"@type\":\"ReadAction\",\"target\":[\"https:\/\/www.transtoyou.com\/et\/product\/viagra-connect\/\"]}]},{\"@type\":\"ImageObject\",\"inLanguage\":\"et\",\"@id\":\"https:\/\/www.transtoyou.com\/et\/product\/viagra-connect\/#primaryimage\",\"url\":\"https:\/\/www.transtoyou.com\/et\/wp-content\/uploads\/sites\/7\/2026\/01\/tty-no-product-image-93.webp\",\"contentUrl\":\"https:\/\/www.transtoyou.com\/et\/wp-content\/uploads\/sites\/7\/2026\/01\/tty-no-product-image-93.webp\",\"width\":1000,\"height\":1000,\"caption\":\"Vaikimisi toote pilt\"},{\"@type\":\"WebSite\",\"@id\":\"https:\/\/www.transtoyou.com\/et\/#website\",\"url\":\"https:\/\/www.transtoyou.com\/et\/\",\"name\":\"Transtoyou - ET\",\"description\":\"\",\"publisher\":{\"@id\":\"https:\/\/www.transtoyou.com\/et\/#organization\"},\"potentialAction\":[{\"@type\":\"SearchAction\",\"target\":{\"@type\":\"EntryPoint\",\"urlTemplate\":\"https:\/\/www.transtoyou.com\/et\/?s={search_term_string}\"},\"query-input\":{\"@type\":\"PropertyValueSpecification\",\"valueRequired\":true,\"valueName\":\"search_term_string\"}}],\"inLanguage\":\"et\"},{\"@type\":\"Organization\",\"@id\":\"https:\/\/www.transtoyou.com\/et\/#organization\",\"name\":\"Transtoyou - ET\",\"url\":\"https:\/\/www.transtoyou.com\/et\/\",\"logo\":{\"@type\":\"ImageObject\",\"inLanguage\":\"et\",\"@id\":\"https:\/\/www.transtoyou.com\/et\/#\/schema\/logo\/image\/\",\"url\":\"https:\/\/www.transtoyou.com\/et\/wp-content\/uploads\/sites\/7\/2026\/01\/logo-tty-menu-bar-300x87-1.webp\",\"contentUrl\":\"https:\/\/www.transtoyou.com\/et\/wp-content\/uploads\/sites\/7\/2026\/01\/logo-tty-menu-bar-300x87-1.webp\",\"width\":300,\"height\":87,\"caption\":\"Transtoyou - ET\"},\"image\":{\"@id\":\"https:\/\/www.transtoyou.com\/et\/#\/schema\/logo\/image\/\"}}]}<\/script>\n<!-- \/ Yoast SEO plugin. -->","yoast_head_json":{"title":"Viagra Connect | Paranda Vereringet Loomulikult - Transtoyou","description":"Viagra Connect, saadaval siin, aitab ravida erektsioonih\u00e4ireid, parandades vereringet. Osta n\u00fc\u00fcd efektiivset, k\u00e4sim\u00fc\u00fcgis ED leevendust.","robots":{"index":"noindex","follow":"follow","max-snippet":"max-snippet:-1","max-image-preview":"max-image-preview:large","max-video-preview":"max-video-preview:-1"},"og_locale":"et_EE","og_type":"article","og_title":"Viagra Connect | Paranda Vereringet Loomulikult - Transtoyou","og_description":"Viagra Connect, saadaval siin, aitab ravida erektsioonih\u00e4ireid, parandades vereringet. Osta n\u00fc\u00fcd efektiivset, k\u00e4sim\u00fc\u00fcgis ED leevendust.","og_url":"https:\/\/www.transtoyou.com\/et\/product\/viagra-connect\/","og_site_name":"Transtoyou - ET","article_modified_time":"2026-03-07T14:31:09+00:00","twitter_card":"summary_large_image","twitter_misc":{"Est. reading time":"1 minut"},"schema":{"@context":"https:\/\/schema.org","@graph":[{"@type":"WebPage","@id":"https:\/\/www.transtoyou.com\/et\/product\/viagra-connect\/","url":"https:\/\/www.transtoyou.com\/et\/product\/viagra-connect\/","name":"Viagra Connect | Paranda Vereringet Loomulikult - Transtoyou","isPartOf":{"@id":"https:\/\/www.transtoyou.com\/et\/#website"},"primaryImageOfPage":{"@id":"https:\/\/www.transtoyou.com\/et\/product\/viagra-connect\/#primaryimage"},"image":{"@id":"https:\/\/www.transtoyou.com\/et\/product\/viagra-connect\/#primaryimage"},"thumbnailUrl":"https:\/\/www.transtoyou.com\/et\/wp-content\/uploads\/sites\/7\/2026\/01\/tty-no-product-image-93.webp","datePublished":"2026-01-24T07:38:31+00:00","dateModified":"2026-03-07T14:31:09+00:00","description":"Viagra Connect, saadaval siin, aitab ravida erektsioonih\u00e4ireid, parandades vereringet. Osta n\u00fc\u00fcd efektiivset, k\u00e4sim\u00fc\u00fcgis ED leevendust.","breadcrumb":{"@id":"https:\/\/www.transtoyou.com\/et\/product\/viagra-connect\/#breadcrumb"},"inLanguage":"et","potentialAction":[{"@type":"ReadAction","target":["https:\/\/www.transtoyou.com\/et\/product\/viagra-connect\/"]}]},{"@type":"ImageObject","inLanguage":"et","@id":"https:\/\/www.transtoyou.com\/et\/product\/viagra-connect\/#primaryimage","url":"https:\/\/www.transtoyou.com\/et\/wp-content\/uploads\/sites\/7\/2026\/01\/tty-no-product-image-93.webp","contentUrl":"https:\/\/www.transtoyou.com\/et\/wp-content\/uploads\/sites\/7\/2026\/01\/tty-no-product-image-93.webp","width":1000,"height":1000,"caption":"Vaikimisi toote pilt"},{"@type":"WebSite","@id":"https:\/\/www.transtoyou.com\/et\/#website","url":"https:\/\/www.transtoyou.com\/et\/","name":"Transtoyou - ET","description":"","publisher":{"@id":"https:\/\/www.transtoyou.com\/et\/#organization"},"potentialAction":[{"@type":"SearchAction","target":{"@type":"EntryPoint","urlTemplate":"https:\/\/www.transtoyou.com\/et\/?s={search_term_string}"},"query-input":{"@type":"PropertyValueSpecification","valueRequired":true,"valueName":"search_term_string"}}],"inLanguage":"et"},{"@type":"Organization","@id":"https:\/\/www.transtoyou.com\/et\/#organization","name":"Transtoyou - ET","url":"https:\/\/www.transtoyou.com\/et\/","logo":{"@type":"ImageObject","inLanguage":"et","@id":"https:\/\/www.transtoyou.com\/et\/#\/schema\/logo\/image\/","url":"https:\/\/www.transtoyou.com\/et\/wp-content\/uploads\/sites\/7\/2026\/01\/logo-tty-menu-bar-300x87-1.webp","contentUrl":"https:\/\/www.transtoyou.com\/et\/wp-content\/uploads\/sites\/7\/2026\/01\/logo-tty-menu-bar-300x87-1.webp","width":300,"height":87,"caption":"Transtoyou - ET"},"image":{"@id":"https:\/\/www.transtoyou.com\/et\/#\/schema\/logo\/image\/"}}]}},"_links":{"self":[{"href":"https:\/\/www.transtoyou.com\/et\/wp-json\/wp\/v2\/product\/996","targetHints":{"allow":["GET"]}}],"collection":[{"href":"https:\/\/www.transtoyou.com\/et\/wp-json\/wp\/v2\/product"}],"about":[{"href":"https:\/\/www.transtoyou.com\/et\/wp-json\/wp\/v2\/types\/product"}],"replies":[{"embeddable":true,"href":"https:\/\/www.transtoyou.com\/et\/wp-json\/wp\/v2\/comments?post=996"}],"wp:featuredmedia":[{"embeddable":true,"href":"https:\/\/www.transtoyou.com\/et\/wp-json\/wp\/v2\/media\/998"}],"wp:attachment":[{"href":"https:\/\/www.transtoyou.com\/et\/wp-json\/wp\/v2\/media?parent=996"}],"wp:term":[{"taxonomy":"product_brand","embeddable":true,"href":"https:\/\/www.transtoyou.com\/et\/wp-json\/wp\/v2\/product_brand?post=996"},{"taxonomy":"product_cat","embeddable":true,"href":"https:\/\/www.transtoyou.com\/et\/wp-json\/wp\/v2\/product_cat?post=996"},{"taxonomy":"product_tag","embeddable":true,"href":"https:\/\/www.transtoyou.com\/et\/wp-json\/wp\/v2\/product_tag?post=996"},{"taxonomy":"expert","embeddable":true,"href":"https:\/\/www.transtoyou.com\/et\/wp-json\/wp\/v2\/expert?post=996"}],"curies":[{"name":"wp","href":"https:\/\/api.w.org\/{rel}","templated":true}]}}