{"id":1034,"date":"2026-01-26T07:21:45","date_gmt":"2026-01-26T07:21:45","guid":{"rendered":"https:\/\/www.transtoyou.com\/fi\/?page_id=1034"},"modified":"2026-01-26T07:21:45","modified_gmt":"2026-01-26T07:21:45","slug":"tty-ehealth","status":"publish","type":"page","link":"https:\/\/www.transtoyou.com\/fi\/tty-ehealth\/","title":{"rendered":"Luo eHealth-profiili"},"content":{"rendered":"","protected":false},"excerpt":{"rendered":"","protected":false},"author":13,"featured_media":0,"parent":0,"menu_order":0,"comment_status":"closed","ping_status":"closed","template":"","meta":{"footnotes":""},"class_list":["post-1034","page","type-page","status-publish","hentry"],"yoast_head":"<!-- This site is optimized with the Yoast SEO plugin v27.0 - https:\/\/yoast.com\/product\/yoast-seo-wordpress\/ -->\n<title>Luo eHealth-profiili turvallista verkkohuoltoa varten - Transtoyou<\/title>\n<meta name=\"description\" content=\"Luo eHealth-profiili terveysinformaation j\u00e4rjest\u00e4miseksi, konsultoi l\u00e4\u00e4k\u00e4reit\u00e4 verkossa, hallinnoi reseptikatsauksia ja p\u00e4\u00e4se k\u00e4siksi ilman resepti\u00e4 saataviin hyvinvointituotteisiin.\" \/>\n<meta name=\"robots\" content=\"noindex, follow, max-snippet:-1, max-image-preview:large, max-video-preview:-1\" \/>\n<meta property=\"og:locale\" content=\"fi_FI\" \/>\n<meta property=\"og:type\" content=\"article\" \/>\n<meta property=\"og:title\" content=\"Luo eHealth-profiili turvallista verkkohuoltoa varten - Transtoyou\" \/>\n<meta property=\"og:description\" content=\"Luo eHealth-profiili terveysinformaation j\u00e4rjest\u00e4miseksi, konsultoi l\u00e4\u00e4k\u00e4reit\u00e4 verkossa, hallinnoi reseptikatsauksia ja p\u00e4\u00e4se k\u00e4siksi ilman resepti\u00e4 saataviin hyvinvointituotteisiin.\" \/>\n<meta property=\"og:url\" content=\"https:\/\/www.transtoyou.com\/fi\/tty-ehealth\/\" \/>\n<meta property=\"og:site_name\" content=\"Transtoyou - FI\" \/>\n<meta name=\"twitter:card\" content=\"summary_large_image\" \/>\n<script type=\"application\/ld+json\" class=\"yoast-schema-graph\">{\"@context\":\"https:\/\/schema.org\",\"@graph\":[{\"@type\":\"WebPage\",\"@id\":\"https:\/\/www.transtoyou.com\/fi\/tty-ehealth\/\",\"url\":\"https:\/\/www.transtoyou.com\/fi\/tty-ehealth\/\",\"name\":\"Luo eHealth-profiili turvallista verkkohuoltoa varten - Transtoyou\",\"isPartOf\":{\"@id\":\"https:\/\/www.transtoyou.com\/fi\/#website\"},\"datePublished\":\"2026-01-26T07:21:45+00:00\",\"description\":\"Luo eHealth-profiili terveysinformaation j\u00e4rjest\u00e4miseksi, konsultoi l\u00e4\u00e4k\u00e4reit\u00e4 verkossa, hallinnoi reseptikatsauksia ja p\u00e4\u00e4se k\u00e4siksi ilman resepti\u00e4 saataviin hyvinvointituotteisiin.\",\"breadcrumb\":{\"@id\":\"https:\/\/www.transtoyou.com\/fi\/tty-ehealth\/#breadcrumb\"},\"inLanguage\":\"fi\",\"potentialAction\":[{\"@type\":\"ReadAction\",\"target\":[\"https:\/\/www.transtoyou.com\/fi\/tty-ehealth\/\"]}]},{\"@type\":\"WebSite\",\"@id\":\"https:\/\/www.transtoyou.com\/fi\/#website\",\"url\":\"https:\/\/www.transtoyou.com\/fi\/\",\"name\":\"Transtoyou - FI\",\"description\":\"\",\"publisher\":{\"@id\":\"https:\/\/www.transtoyou.com\/fi\/#organization\"},\"potentialAction\":[{\"@type\":\"SearchAction\",\"target\":{\"@type\":\"EntryPoint\",\"urlTemplate\":\"https:\/\/www.transtoyou.com\/fi\/?s={search_term_string}\"},\"query-input\":{\"@type\":\"PropertyValueSpecification\",\"valueRequired\":true,\"valueName\":\"search_term_string\"}}],\"inLanguage\":\"fi\"},{\"@type\":\"Organization\",\"@id\":\"https:\/\/www.transtoyou.com\/fi\/#organization\",\"name\":\"Transtoyou - FI\",\"url\":\"https:\/\/www.transtoyou.com\/fi\/\",\"logo\":{\"@type\":\"ImageObject\",\"inLanguage\":\"fi\",\"@id\":\"https:\/\/www.transtoyou.com\/fi\/#\/schema\/logo\/image\/\",\"url\":\"https:\/\/www.transtoyou.com\/fi\/wp-content\/uploads\/sites\/16\/2026\/01\/logo-tty-menu-bar-300x87-1.webp\",\"contentUrl\":\"https:\/\/www.transtoyou.com\/fi\/wp-content\/uploads\/sites\/16\/2026\/01\/logo-tty-menu-bar-300x87-1.webp\",\"width\":300,\"height\":87,\"caption\":\"Transtoyou - FI\"},\"image\":{\"@id\":\"https:\/\/www.transtoyou.com\/fi\/#\/schema\/logo\/image\/\"}}]}<\/script>\n<!-- \/ Yoast SEO plugin. -->","yoast_head_json":{"title":"Luo eHealth-profiili turvallista verkkohuoltoa varten - Transtoyou","description":"Luo eHealth-profiili terveysinformaation j\u00e4rjest\u00e4miseksi, konsultoi l\u00e4\u00e4k\u00e4reit\u00e4 verkossa, hallinnoi reseptikatsauksia ja p\u00e4\u00e4se k\u00e4siksi ilman resepti\u00e4 saataviin hyvinvointituotteisiin.","robots":{"index":"noindex","follow":"follow","max-snippet":"max-snippet:-1","max-image-preview":"max-image-preview:large","max-video-preview":"max-video-preview:-1"},"og_locale":"fi_FI","og_type":"article","og_title":"Luo eHealth-profiili turvallista verkkohuoltoa varten - Transtoyou","og_description":"Luo eHealth-profiili terveysinformaation j\u00e4rjest\u00e4miseksi, konsultoi l\u00e4\u00e4k\u00e4reit\u00e4 verkossa, hallinnoi reseptikatsauksia ja p\u00e4\u00e4se k\u00e4siksi ilman resepti\u00e4 saataviin hyvinvointituotteisiin.","og_url":"https:\/\/www.transtoyou.com\/fi\/tty-ehealth\/","og_site_name":"Transtoyou - FI","twitter_card":"summary_large_image","schema":{"@context":"https:\/\/schema.org","@graph":[{"@type":"WebPage","@id":"https:\/\/www.transtoyou.com\/fi\/tty-ehealth\/","url":"https:\/\/www.transtoyou.com\/fi\/tty-ehealth\/","name":"Luo eHealth-profiili turvallista verkkohuoltoa varten - Transtoyou","isPartOf":{"@id":"https:\/\/www.transtoyou.com\/fi\/#website"},"datePublished":"2026-01-26T07:21:45+00:00","description":"Luo eHealth-profiili terveysinformaation j\u00e4rjest\u00e4miseksi, konsultoi l\u00e4\u00e4k\u00e4reit\u00e4 verkossa, hallinnoi reseptikatsauksia ja p\u00e4\u00e4se k\u00e4siksi ilman resepti\u00e4 saataviin hyvinvointituotteisiin.","breadcrumb":{"@id":"https:\/\/www.transtoyou.com\/fi\/tty-ehealth\/#breadcrumb"},"inLanguage":"fi","potentialAction":[{"@type":"ReadAction","target":["https:\/\/www.transtoyou.com\/fi\/tty-ehealth\/"]}]},{"@type":"WebSite","@id":"https:\/\/www.transtoyou.com\/fi\/#website","url":"https:\/\/www.transtoyou.com\/fi\/","name":"Transtoyou - FI","description":"","publisher":{"@id":"https:\/\/www.transtoyou.com\/fi\/#organization"},"potentialAction":[{"@type":"SearchAction","target":{"@type":"EntryPoint","urlTemplate":"https:\/\/www.transtoyou.com\/fi\/?s={search_term_string}"},"query-input":{"@type":"PropertyValueSpecification","valueRequired":true,"valueName":"search_term_string"}}],"inLanguage":"fi"},{"@type":"Organization","@id":"https:\/\/www.transtoyou.com\/fi\/#organization","name":"Transtoyou - FI","url":"https:\/\/www.transtoyou.com\/fi\/","logo":{"@type":"ImageObject","inLanguage":"fi","@id":"https:\/\/www.transtoyou.com\/fi\/#\/schema\/logo\/image\/","url":"https:\/\/www.transtoyou.com\/fi\/wp-content\/uploads\/sites\/16\/2026\/01\/logo-tty-menu-bar-300x87-1.webp","contentUrl":"https:\/\/www.transtoyou.com\/fi\/wp-content\/uploads\/sites\/16\/2026\/01\/logo-tty-menu-bar-300x87-1.webp","width":300,"height":87,"caption":"Transtoyou - FI"},"image":{"@id":"https:\/\/www.transtoyou.com\/fi\/#\/schema\/logo\/image\/"}}]}},"_links":{"self":[{"href":"https:\/\/www.transtoyou.com\/fi\/wp-json\/wp\/v2\/pages\/1034","targetHints":{"allow":["GET"]}}],"collection":[{"href":"https:\/\/www.transtoyou.com\/fi\/wp-json\/wp\/v2\/pages"}],"about":[{"href":"https:\/\/www.transtoyou.com\/fi\/wp-json\/wp\/v2\/types\/page"}],"author":[{"embeddable":true,"href":"https:\/\/www.transtoyou.com\/fi\/wp-json\/wp\/v2\/users\/13"}],"replies":[{"embeddable":true,"href":"https:\/\/www.transtoyou.com\/fi\/wp-json\/wp\/v2\/comments?post=1034"}],"version-history":[{"count":1,"href":"https:\/\/www.transtoyou.com\/fi\/wp-json\/wp\/v2\/pages\/1034\/revisions"}],"predecessor-version":[{"id":1035,"href":"https:\/\/www.transtoyou.com\/fi\/wp-json\/wp\/v2\/pages\/1034\/revisions\/1035"}],"wp:attachment":[{"href":"https:\/\/www.transtoyou.com\/fi\/wp-json\/wp\/v2\/media?parent=1034"}],"curies":[{"name":"wp","href":"https:\/\/api.w.org\/{rel}","templated":true}]}}