{"id":1038,"date":"2026-01-26T07:40:04","date_gmt":"2026-01-26T07:40:04","guid":{"rendered":"https:\/\/www.transtoyou.com\/fi\/?page_id=1038"},"modified":"2026-01-26T07:40:04","modified_gmt":"2026-01-26T07:40:04","slug":"tty-turvallisuus","status":"publish","type":"page","link":"https:\/\/www.transtoyou.com\/fi\/tty-turvallisuus\/","title":{"rendered":"Turvallisuusasetukset &#038; 2FA-kirjautuminen"},"content":{"rendered":"","protected":false},"excerpt":{"rendered":"","protected":false},"author":13,"featured_media":0,"parent":0,"menu_order":0,"comment_status":"closed","ping_status":"closed","template":"","meta":{"footnotes":""},"class_list":["post-1038","page","type-page","status-publish","hentry"],"yoast_head":"<!-- This site is optimized with the Yoast SEO plugin v27.0 - https:\/\/yoast.com\/product\/yoast-seo-wordpress\/ -->\n<title>Turvallisuusasetukset ja 2FA-kirjautumisopas - Transtoyou<\/title>\n<meta name=\"description\" content=\"Hallinnoi turvallisuusasetuksia, ota k\u00e4ytt\u00f6\u00f6n 2FA-kirjautuminen, suojaa Transtoyou-tilisi ja varmista p\u00e4\u00e4sy terveydenhuoltotietoihisi ja -palveluihisi.\" \/>\n<meta name=\"robots\" content=\"noindex, follow, max-snippet:-1, max-image-preview:large, max-video-preview:-1\" \/>\n<meta property=\"og:locale\" content=\"fi_FI\" \/>\n<meta property=\"og:type\" content=\"article\" \/>\n<meta property=\"og:title\" content=\"Turvallisuusasetukset ja 2FA-kirjautumisopas - Transtoyou\" \/>\n<meta property=\"og:description\" content=\"Hallinnoi turvallisuusasetuksia, ota k\u00e4ytt\u00f6\u00f6n 2FA-kirjautuminen, suojaa Transtoyou-tilisi ja varmista p\u00e4\u00e4sy terveydenhuoltotietoihisi ja -palveluihisi.\" \/>\n<meta property=\"og:url\" content=\"https:\/\/www.transtoyou.com\/fi\/tty-turvallisuus\/\" \/>\n<meta property=\"og:site_name\" content=\"Transtoyou - FI\" \/>\n<meta name=\"twitter:card\" content=\"summary_large_image\" \/>\n<script type=\"application\/ld+json\" class=\"yoast-schema-graph\">{\"@context\":\"https:\/\/schema.org\",\"@graph\":[{\"@type\":\"WebPage\",\"@id\":\"https:\/\/www.transtoyou.com\/fi\/tty-turvallisuus\/\",\"url\":\"https:\/\/www.transtoyou.com\/fi\/tty-turvallisuus\/\",\"name\":\"Turvallisuusasetukset ja 2FA-kirjautumisopas - Transtoyou\",\"isPartOf\":{\"@id\":\"https:\/\/www.transtoyou.com\/fi\/#website\"},\"datePublished\":\"2026-01-26T07:40:04+00:00\",\"description\":\"Hallinnoi turvallisuusasetuksia, ota k\u00e4ytt\u00f6\u00f6n 2FA-kirjautuminen, suojaa Transtoyou-tilisi ja varmista p\u00e4\u00e4sy terveydenhuoltotietoihisi ja -palveluihisi.\",\"breadcrumb\":{\"@id\":\"https:\/\/www.transtoyou.com\/fi\/tty-turvallisuus\/#breadcrumb\"},\"inLanguage\":\"fi\",\"potentialAction\":[{\"@type\":\"ReadAction\",\"target\":[\"https:\/\/www.transtoyou.com\/fi\/tty-turvallisuus\/\"]}]},{\"@type\":\"WebSite\",\"@id\":\"https:\/\/www.transtoyou.com\/fi\/#website\",\"url\":\"https:\/\/www.transtoyou.com\/fi\/\",\"name\":\"Transtoyou - FI\",\"description\":\"\",\"publisher\":{\"@id\":\"https:\/\/www.transtoyou.com\/fi\/#organization\"},\"potentialAction\":[{\"@type\":\"SearchAction\",\"target\":{\"@type\":\"EntryPoint\",\"urlTemplate\":\"https:\/\/www.transtoyou.com\/fi\/?s={search_term_string}\"},\"query-input\":{\"@type\":\"PropertyValueSpecification\",\"valueRequired\":true,\"valueName\":\"search_term_string\"}}],\"inLanguage\":\"fi\"},{\"@type\":\"Organization\",\"@id\":\"https:\/\/www.transtoyou.com\/fi\/#organization\",\"name\":\"Transtoyou - FI\",\"url\":\"https:\/\/www.transtoyou.com\/fi\/\",\"logo\":{\"@type\":\"ImageObject\",\"inLanguage\":\"fi\",\"@id\":\"https:\/\/www.transtoyou.com\/fi\/#\/schema\/logo\/image\/\",\"url\":\"https:\/\/www.transtoyou.com\/fi\/wp-content\/uploads\/sites\/16\/2026\/01\/logo-tty-menu-bar-300x87-1.webp\",\"contentUrl\":\"https:\/\/www.transtoyou.com\/fi\/wp-content\/uploads\/sites\/16\/2026\/01\/logo-tty-menu-bar-300x87-1.webp\",\"width\":300,\"height\":87,\"caption\":\"Transtoyou - FI\"},\"image\":{\"@id\":\"https:\/\/www.transtoyou.com\/fi\/#\/schema\/logo\/image\/\"}}]}<\/script>\n<!-- \/ Yoast SEO plugin. -->","yoast_head_json":{"title":"Turvallisuusasetukset ja 2FA-kirjautumisopas - Transtoyou","description":"Hallinnoi turvallisuusasetuksia, ota k\u00e4ytt\u00f6\u00f6n 2FA-kirjautuminen, suojaa Transtoyou-tilisi ja varmista p\u00e4\u00e4sy terveydenhuoltotietoihisi ja -palveluihisi.","robots":{"index":"noindex","follow":"follow","max-snippet":"max-snippet:-1","max-image-preview":"max-image-preview:large","max-video-preview":"max-video-preview:-1"},"og_locale":"fi_FI","og_type":"article","og_title":"Turvallisuusasetukset ja 2FA-kirjautumisopas - Transtoyou","og_description":"Hallinnoi turvallisuusasetuksia, ota k\u00e4ytt\u00f6\u00f6n 2FA-kirjautuminen, suojaa Transtoyou-tilisi ja varmista p\u00e4\u00e4sy terveydenhuoltotietoihisi ja -palveluihisi.","og_url":"https:\/\/www.transtoyou.com\/fi\/tty-turvallisuus\/","og_site_name":"Transtoyou - FI","twitter_card":"summary_large_image","schema":{"@context":"https:\/\/schema.org","@graph":[{"@type":"WebPage","@id":"https:\/\/www.transtoyou.com\/fi\/tty-turvallisuus\/","url":"https:\/\/www.transtoyou.com\/fi\/tty-turvallisuus\/","name":"Turvallisuusasetukset ja 2FA-kirjautumisopas - Transtoyou","isPartOf":{"@id":"https:\/\/www.transtoyou.com\/fi\/#website"},"datePublished":"2026-01-26T07:40:04+00:00","description":"Hallinnoi turvallisuusasetuksia, ota k\u00e4ytt\u00f6\u00f6n 2FA-kirjautuminen, suojaa Transtoyou-tilisi ja varmista p\u00e4\u00e4sy terveydenhuoltotietoihisi ja -palveluihisi.","breadcrumb":{"@id":"https:\/\/www.transtoyou.com\/fi\/tty-turvallisuus\/#breadcrumb"},"inLanguage":"fi","potentialAction":[{"@type":"ReadAction","target":["https:\/\/www.transtoyou.com\/fi\/tty-turvallisuus\/"]}]},{"@type":"WebSite","@id":"https:\/\/www.transtoyou.com\/fi\/#website","url":"https:\/\/www.transtoyou.com\/fi\/","name":"Transtoyou - FI","description":"","publisher":{"@id":"https:\/\/www.transtoyou.com\/fi\/#organization"},"potentialAction":[{"@type":"SearchAction","target":{"@type":"EntryPoint","urlTemplate":"https:\/\/www.transtoyou.com\/fi\/?s={search_term_string}"},"query-input":{"@type":"PropertyValueSpecification","valueRequired":true,"valueName":"search_term_string"}}],"inLanguage":"fi"},{"@type":"Organization","@id":"https:\/\/www.transtoyou.com\/fi\/#organization","name":"Transtoyou - FI","url":"https:\/\/www.transtoyou.com\/fi\/","logo":{"@type":"ImageObject","inLanguage":"fi","@id":"https:\/\/www.transtoyou.com\/fi\/#\/schema\/logo\/image\/","url":"https:\/\/www.transtoyou.com\/fi\/wp-content\/uploads\/sites\/16\/2026\/01\/logo-tty-menu-bar-300x87-1.webp","contentUrl":"https:\/\/www.transtoyou.com\/fi\/wp-content\/uploads\/sites\/16\/2026\/01\/logo-tty-menu-bar-300x87-1.webp","width":300,"height":87,"caption":"Transtoyou - FI"},"image":{"@id":"https:\/\/www.transtoyou.com\/fi\/#\/schema\/logo\/image\/"}}]}},"_links":{"self":[{"href":"https:\/\/www.transtoyou.com\/fi\/wp-json\/wp\/v2\/pages\/1038","targetHints":{"allow":["GET"]}}],"collection":[{"href":"https:\/\/www.transtoyou.com\/fi\/wp-json\/wp\/v2\/pages"}],"about":[{"href":"https:\/\/www.transtoyou.com\/fi\/wp-json\/wp\/v2\/types\/page"}],"author":[{"embeddable":true,"href":"https:\/\/www.transtoyou.com\/fi\/wp-json\/wp\/v2\/users\/13"}],"replies":[{"embeddable":true,"href":"https:\/\/www.transtoyou.com\/fi\/wp-json\/wp\/v2\/comments?post=1038"}],"version-history":[{"count":1,"href":"https:\/\/www.transtoyou.com\/fi\/wp-json\/wp\/v2\/pages\/1038\/revisions"}],"predecessor-version":[{"id":1039,"href":"https:\/\/www.transtoyou.com\/fi\/wp-json\/wp\/v2\/pages\/1038\/revisions\/1039"}],"wp:attachment":[{"href":"https:\/\/www.transtoyou.com\/fi\/wp-json\/wp\/v2\/media?parent=1038"}],"curies":[{"name":"wp","href":"https:\/\/api.w.org\/{rel}","templated":true}]}}